{"id":20831,"date":"2018-12-10T13:44:15","date_gmt":"2018-12-10T13:44:15","guid":{"rendered":"https:\/\/www2.rampanel.com\/products\/"},"modified":"2019-06-11T10:44:46","modified_gmt":"2019-06-11T10:44:46","slug":"products","status":"publish","type":"page","link":"https:\/\/www2.rampanel.com\/de\/products\/","title":{"rendered":"Produkte"},"content":{"rendered":"<div class=\"wpb-content-wrapper\"><p>[vc_row bg_type=&#8220;bg_color&#8220; bg_override=&#8220;ex-full&#8220; type=&#8220;vc_default&#8220; margin_top=&#8220;-50&#8243; anchor=&#8220;about&#8220; css=&#8220;.vc_custom_1543821597147{padding-top: 50px !important;padding-bottom: 50px !important;}&#8220; el_id=&#8220;products&#8220; bg_color_value=&#8220;#f8f8f9&#8243;][vc_column]<div id=\"ultimate-heading-661169df4b5b90047\" class=\"uvc-heading ult-adjust-bottom-margin ultimate-heading-661169df4b5b90047 uvc-2143 \" data-hspacer=\"no_spacer\"  data-halign=\"center\" style=\"text-align:center\"><div class=\"uvc-heading-spacer no_spacer\" style=\"top\"><\/div><div class=\"uvc-main-heading ult-responsive\"  data-ultimate-target='.uvc-heading.ultimate-heading-661169df4b5b90047 h2'  data-responsive-json-new='{\"font-size\":\"desktop:56px;mobile_landscape:40px;\",\"line-height\":\"desktop:66px;mobile_landscape:50px;\"}' ><h2 style=\"--font-weight:theme;margin-bottom:5px;\">PRODUCTS &amp;amp; SERVICES<\/h2><\/div><div class=\"uvc-sub-heading ult-responsive\"  data-ultimate-target='.uvc-heading.ultimate-heading-661169df4b5b90047 .uvc-sub-heading '  data-responsive-json-new='{\"font-size\":\"desktop:26px;mobile_landscape:20px;\",\"line-height\":\"desktop:36px;mobile_landscape:30px;\"}'  style=\"font-weight:normal;color:#adb0b6;margin-bottom:5px;\"><span style=\"font-weight: 400\">Wir haben alle Werkzeuge, die Sie brauchen, um Ihr Gesch\u00e4ft zu verstehen und zu f\u00f6rdern<\/span><\/div><\/div>[\/vc_column][\/vc_row][vc_row bg_type=&#8220;bg_color&#8220; seperator_enable=&#8220;seperator_enable_value&#8220; seperator_type=&#8220;triangle_svg_seperator&#8220; seperator_svg_height=&#8220;30&#8243; seperator_shape_background=&#8220;#f8f8f9&#8243; type=&#8220;vc_default&#8220; margin_top=&#8220;-50&#8243; anchor=&#8220;about&#8220; css=&#8220;.vc_custom_1543822001973{padding-top: 50px !important;padding-bottom: 0px !important;}&#8220; bg_color_value=&#8220;#ffffff&#8220;][vc_column width=&#8220;1\/3&#8243; css=&#8220;.vc_custom_1543585134761{padding-top: 0px !important;padding-right: 0px !important;padding-bottom: 0px !important;padding-left: 0px !important;background-image: url(https:\/\/www2.rampanel.com\/wp-content\/uploads\/2018\/10\/news.jpg?id=15791) !important;}&#8220;]<div class=\"flip-box-wrap\" style=\"margin:0px;padding:0px;\"><div class=\"flip-box ifb-custom-height accent-icon-color horizontal_flip_right flip-box-custom-height flip-ifb-custom-height\" data-animation=\"\" data-animation-delay=\"03\" style=\"\"  data-min-height='320px'><div class=\"ifb-flip-box\" id=\"flip-box-wrap-8822\"><div class=\"ifb-face ifb-front \" style=\"color:#ffffff;background:rgba(0,0,0,0.6);  border-color:#A4A4A4; \">\n\t\t\t\t\t\t\t<div class=\"ifb-flip-box-section ifb-flip-box-section-vertical-middle\">\n\t\t\t\t\t\t\t<div class=\"flip-box-icon\"><div class=\"ult-just-icon-wrapper  \"><div class=\"align-icon\" style=\"text-align:center;\">\n<div class=\"aio-icon none \"  style=\"color:#ffffff;font-size:64px;display:inline-block;\">\n\t<i class=\"none\"><\/i>\n<\/div><\/div><\/div><\/div><h3 class=\"ult-responsive flipbox_heading\"  data-ultimate-target='#flip-box-wrap-8822 .ult-responsive.flipbox_heading'  data-responsive-json-new='{\"font-size\":\"desktop:28px;\",\"line-height\":\"desktop:36px;\"}'  style=\"color:#ffffff; \">Erkenntnisse zu Redaktion und Inhalt<\/h3><div class=\"ifb-flip-box-section-content ult-responsive\"  data-ultimate-target='#flip-box-wrap-8822 .ifb-flip-box-section-content.ult-responsive'  data-responsive-json-new='{\"font-size\":\"desktop:14px;\",\"line-height\":\"desktop:24px;\"}'  style=\"color:#ffffff;\"><p>Lesen Sie mehr<\/p><\/div><\/div><\/div><!-- END .front -->\n\t\t\t\t\t\t<div class=\"ifb-face ifb-back\" style=\"color:#ffffff;background:#23262d;  border-color:#A4A4A4; \">\n\t\t\t\t\t\t\t<div class=\"ifb-flip-box-section ifb-flip-box-section-vertical-middle\"><div class=\"ifb-desc-back\"><div class=\"ifb-flip-box-section-content ult-responsive\"  data-ultimate-target='#flip-box-wrap-8822 .ifb-flip-box-section-content.ult-responsive'  data-responsive-json-new='{\"font-size\":\"desktop:14px;\",\"line-height\":\"desktop:24px;\"}'  style=\"color:#ffffff;\"><p>Eine Reihe von Produkten wie zum Beispiel die redaktionelle Qualit\u00e4t, Content Marketing, Seitenbeachtung, Seitenkontakt und Studien zur Bindung helfen Ihnen, Ihre Produkte unabh\u00e4ngig vom Medienkanal zu verstehen und zu verbessen. Testen Sie die Inhalte Mobil, Online, in der Zeitung, im Magazin oder wo immer Sie die richtige Qualit\u00e4t und Standards sicherstellen wollen. Alle Ergebnisse k\u00f6nnen mit mehr als 40 soziodemografischen Variablen kombiniert werden.<\/p><\/div><\/div><div class=\"flip_link\"><a href=\"\/editorial-and-content-insights\/\"  style=\"background:#333333; color:#ffffff;\">Lesen Sie mehr zur Produktseite<\/a><\/div><\/div><\/div><!-- END .back --><\/div> <!-- ifb-flip-box --><\/div> <!-- flip-box --><\/div><!-- End icon block -->[\/vc_column][vc_column width=&#8220;1\/3&#8243; css=&#8220;.vc_custom_1548338660921{padding-top: 0px !important;padding-right: 0px !important;padding-bottom: 0px !important;padding-left: 0px !important;background-image: url(https:\/\/www2.rampanel.com\/wp-content\/uploads\/2019\/01\/branding500-1.jpg?id=16581) !important;background-position: center !important;background-repeat: no-repeat !important;background-size: cover !important;}&#8220;]<div class=\"flip-box-wrap\" style=\"margin:0px;padding:0px;\"><div class=\"flip-box ifb-custom-height accent-icon-color horizontal_flip_right flip-box-custom-height flip-ifb-custom-height\" data-animation=\"\" data-animation-delay=\"03\" style=\"\"  data-min-height='320px'><div class=\"ifb-flip-box\" id=\"flip-box-wrap-1516\"><div class=\"ifb-face ifb-front \" style=\"color:#ffffff;background:rgba(0,0,0,0.6);  border-color:#A4A4A4; \">\n\t\t\t\t\t\t\t<div class=\"ifb-flip-box-section ifb-flip-box-section-vertical-middle\">\n\t\t\t\t\t\t\t<div class=\"flip-box-icon\"><div class=\"ult-just-icon-wrapper  \"><div class=\"align-icon\" style=\"text-align:center;\">\n<div class=\"aio-icon none \"  style=\"color:#ffffff;font-size:64px;display:inline-block;\">\n\t<i class=\"none\"><\/i>\n<\/div><\/div><\/div><\/div><h3 class=\"ult-responsive flipbox_heading\"  data-ultimate-target='#flip-box-wrap-1516 .ult-responsive.flipbox_heading'  data-responsive-json-new='{\"font-size\":\"desktop:28px;\",\"line-height\":\"desktop:36px;\"}'  style=\"color:#ffffff; \">Markenbekanntheit und Markenentwicklung \u2013 Offline und Online<\/h3><div class=\"ifb-flip-box-section-content ult-responsive\"  data-ultimate-target='#flip-box-wrap-1516 .ifb-flip-box-section-content.ult-responsive'  data-responsive-json-new='{\"font-size\":\"desktop:14px;\",\"line-height\":\"desktop:24px;\"}'  style=\"color:#ffffff;\"><p>Lesen Sie mehr<\/p><\/div><\/div><\/div><!-- END .front -->\n\t\t\t\t\t\t<div class=\"ifb-face ifb-back\" style=\"color:#ffffff;background:#23262d;  border-color:#A4A4A4; \">\n\t\t\t\t\t\t\t<div class=\"ifb-flip-box-section ifb-flip-box-section-vertical-middle\"><div class=\"ifb-desc-back\"><div class=\"ifb-flip-box-section-content ult-responsive\"  data-ultimate-target='#flip-box-wrap-1516 .ifb-flip-box-section-content.ult-responsive'  data-responsive-json-new='{\"font-size\":\"desktop:14px;\",\"line-height\":\"desktop:24px;\"}'  style=\"color:#ffffff;\"><p>Markenbekanntheit und Markenentwicklung sind eine kombinierte Studie, um f\u00fcr spezielle Gesch\u00e4ftsfelder die Marktposition, das Wissen und die Wahrnehmung durch die Konsumenten vor und nach einer Anzeigenkampagne zu bestimmen.<\/p><\/div><\/div><div class=\"flip_link\"><a href=\"https:\/\/www2.rampanel.com\/brand-performance-and-brand-lift-offline-and-online\/\"  style=\"background:#333333; color:#ffffff;\">Lesen Sie mehr zur Produktseite<\/a><\/div><\/div><\/div><!-- END .back --><\/div> <!-- ifb-flip-box --><\/div> <!-- flip-box --><\/div><!-- End icon block -->[\/vc_column][vc_column width=&#8220;1\/3&#8243; css=&#8220;.vc_custom_1543585178005{padding-top: 0px !important;padding-right: 0px !important;padding-bottom: 0px !important;padding-left: 0px !important;background-image: url(https:\/\/www2.rampanel.com\/wp-content\/uploads\/revslider\/classicslider\/touchit.jpg?id=16403) !important;background-position: center !important;background-repeat: no-repeat !important;background-size: cover !important;}&#8220;]<div class=\"flip-box-wrap\" style=\"margin:0px;padding:0px;\"><div class=\"flip-box ifb-custom-height accent-icon-color horizontal_flip_right flip-box-custom-height flip-ifb-custom-height\" data-animation=\"\" data-animation-delay=\"03\" style=\"\"  data-min-height='320px'><div class=\"ifb-flip-box\" id=\"flip-box-wrap-1038\"><div class=\"ifb-face ifb-front \" style=\"color:#ffffff;background:rgba(0,0,0,0.6);  border-color:#A4A4A4; \">\n\t\t\t\t\t\t\t<div class=\"ifb-flip-box-section ifb-flip-box-section-vertical-middle\">\n\t\t\t\t\t\t\t<div class=\"flip-box-icon\"><div class=\"ult-just-icon-wrapper  \"><div class=\"align-icon\" style=\"text-align:center;\">\n<div class=\"aio-icon none \"  style=\"color:#ffffff;font-size:64px;display:inline-block;\">\n\t<i class=\"none\"><\/i>\n<\/div><\/div><\/div><\/div><h3 class=\"ult-responsive flipbox_heading\"  data-ultimate-target='#flip-box-wrap-1038 .ult-responsive.flipbox_heading'  data-responsive-json-new='{\"font-size\":\"desktop:28px;\",\"line-height\":\"desktop:36px;\"}'  style=\"color:#ffffff; \">Erkenntnisse zur Werbung und Erl\u00f6sen<\/h3><div class=\"ifb-flip-box-section-content ult-responsive\"  data-ultimate-target='#flip-box-wrap-1038 .ifb-flip-box-section-content.ult-responsive'  data-responsive-json-new='{\"font-size\":\"desktop:14px;\",\"line-height\":\"desktop:24px;\"}'  style=\"color:#ffffff;\"><p>Lesen Sie mehr<\/p><\/div><\/div><\/div><!-- END .front -->\n\t\t\t\t\t\t<div class=\"ifb-face ifb-back\" style=\"color:#ffffff;background:#23262d;  border-color:#A4A4A4; \">\n\t\t\t\t\t\t\t<div class=\"ifb-flip-box-section ifb-flip-box-section-vertical-middle\"><div class=\"ifb-desc-back\"><div class=\"ifb-flip-box-section-content ult-responsive\"  data-ultimate-target='#flip-box-wrap-1038 .ifb-flip-box-section-content.ult-responsive'  data-responsive-json-new='{\"font-size\":\"desktop:14px;\",\"line-height\":\"desktop:24px;\"}'  style=\"color:#ffffff;\"><p>Erkennen Sie die wirkliche Qualit\u00e4t und Effekte von ihren Anzeigen. Wie viele und welche Zielgruppen haben wirklich ihre Botschaft gesehen? Ist die Marke so bekannt wie sie sein sollte? Hat die Zielgruppe ihre Kommunikation verstanden und gesch\u00e4tzt? Und am wichtigsten: Hat sie reagiert? Nutzen Sie die Fallstudien f\u00fcr ihre Verk\u00e4ufer, damit sie besser mit ihren Kunden sprechen k\u00f6nnen und mehr Gesch\u00e4ft bekommen.<\/p><\/div><\/div><div class=\"flip_link\"><a href=\"https:\/\/www2.rampanel.com\/products\/advertising-insights-and-receipts\/\"  style=\"background:#333333; color:#ffffff;\">Lesen Sie mehr zur Produktseite<\/a><\/div><\/div><\/div><!-- END .back --><\/div> <!-- ifb-flip-box --><\/div> <!-- flip-box --><\/div><!-- End icon block -->[\/vc_column][\/vc_row][vc_row type=&#8220;vc_default&#8220; margin_top=&#8220;-50&#8243; anchor=&#8220;about&#8220; css=&#8220;.vc_custom_1543585291195{padding-bottom: 100px !important;}&#8220;][vc_column width=&#8220;1\/3&#8243; css=&#8220;.vc_custom_1548411613733{padding-top: 0px !important;padding-right: 0px !important;padding-bottom: 0px !important;padding-left: 0px !important;background-image: url(https:\/\/www2.rampanel.com\/wp-content\/uploads\/2018\/12\/apple_monitorwrametrics.jpg?id=16562) !important;background-position: center !important;background-repeat: no-repeat !important;background-size: cover !important;}&#8220;]<div class=\"flip-box-wrap\" style=\"margin:0px;padding:0px;\"><div class=\"flip-box ifb-custom-height accent-icon-color horizontal_flip_right flip-box-custom-height flip-ifb-custom-height\" data-animation=\"\" data-animation-delay=\"03\" style=\"\"  data-min-height='320px'><div class=\"ifb-flip-box\" id=\"flip-box-wrap-6954\"><div class=\"ifb-face ifb-front \" style=\"color:#ffffff;background:rgba(0,0,0,0.6);  border-color:#A4A4A4; \">\n\t\t\t\t\t\t\t<div class=\"ifb-flip-box-section ifb-flip-box-section-vertical-middle\">\n\t\t\t\t\t\t\t<div class=\"flip-box-icon\"><div class=\"ult-just-icon-wrapper  \"><div class=\"align-icon\" style=\"text-align:center;\">\n<div class=\"aio-icon none \"  style=\"color:#ffffff;font-size:64px;display:inline-block;\">\n\t<i class=\"none\"><\/i>\n<\/div><\/div><\/div><\/div><h3 class=\"ult-responsive flipbox_heading\"  data-ultimate-target='#flip-box-wrap-6954 .ult-responsive.flipbox_heading'  data-responsive-json-new='{\"font-size\":\"desktop:28px;\",\"line-height\":\"desktop:36px;\"}'  style=\"color:#ffffff; \">RAMetrics<\/h3><div class=\"ifb-flip-box-section-content ult-responsive\"  data-ultimate-target='#flip-box-wrap-6954 .ifb-flip-box-section-content.ult-responsive'  data-responsive-json-new='{\"font-size\":\"desktop:14px;\",\"line-height\":\"desktop:24px;\"}'  style=\"color:#ffffff;\"><p>Lesen Sie mehr<\/p><\/div><\/div><\/div><!-- END .front -->\n\t\t\t\t\t\t<div class=\"ifb-face ifb-back\" style=\"color:#ffffff;background:#23262d;  border-color:#A4A4A4; \">\n\t\t\t\t\t\t\t<div class=\"ifb-flip-box-section ifb-flip-box-section-vertical-middle\"><div class=\"ifb-desc-back\"><div class=\"ifb-flip-box-section-content ult-responsive\"  data-ultimate-target='#flip-box-wrap-6954 .ifb-flip-box-section-content.ult-responsive'  data-responsive-json-new='{\"font-size\":\"desktop:14px;\",\"line-height\":\"desktop:24px;\"}'  style=\"color:#ffffff;\"><p>RAMetrics ist ihr Werkzeug f\u00fcr Erkenntnisse zu Marktanalysen und zeigt wie ihre Kommunikation funktioniert. Wenn Sie f\u00fcr einen Verlag arbeiten, werden Sie Ihre einzigartigen Verkaufspunkte (USP's) wie Kommunikation funktioniert innerhalb Ihrer Marke oder einer Kombination von Marken finden. Alle Erkenntnisse sind von jeder einzelnen Umfrage, die Sie im RAM-System gemacht haben, gesammelt.<\/p><\/div><\/div><div class=\"flip_link\"><a href=\"https:\/\/www2.rampanel.com\/rametrics\/\"  style=\"background:#333333; color:#ffffff;\">Lesen Sie mehr zur Produktseite<\/a><\/div><\/div><\/div><!-- END .back --><\/div> <!-- ifb-flip-box --><\/div> <!-- flip-box --><\/div><!-- End icon block -->[\/vc_column][vc_column width=&#8220;1\/3&#8243; css=&#8220;.vc_custom_1543585279900{padding-top: 0px !important;padding-right: 0px !important;padding-bottom: 0px !important;padding-left: 0px !important;background-image: url(https:\/\/www2.rampanel.com\/wp-content\/uploads\/2018\/11\/sliderimage1.jpg?id=16307) !important;background-position: center !important;background-repeat: no-repeat !important;background-size: cover !important;}&#8220;]<div class=\"flip-box-wrap\" style=\"margin:0px;padding:0px;\"><div class=\"flip-box ifb-custom-height accent-icon-color horizontal_flip_right flip-box-custom-height flip-ifb-custom-height\" data-animation=\"\" data-animation-delay=\"03\" style=\"\"  data-min-height='320px'><div class=\"ifb-flip-box\" id=\"flip-box-wrap-3203\"><div class=\"ifb-face ifb-front \" style=\"color:#ffffff;background:rgba(0,0,0,0.6);  border-color:#A4A4A4; \">\n\t\t\t\t\t\t\t<div class=\"ifb-flip-box-section ifb-flip-box-section-vertical-middle\">\n\t\t\t\t\t\t\t<div class=\"flip-box-icon\"><div class=\"ult-just-icon-wrapper  \"><div class=\"align-icon\" style=\"text-align:center;\">\n<div class=\"aio-icon none \"  style=\"color:#ffffff;font-size:64px;display:inline-block;\">\n\t<i class=\"none\"><\/i>\n<\/div><\/div><\/div><\/div><h3 class=\"ult-responsive flipbox_heading\"  data-ultimate-target='#flip-box-wrap-3203 .ult-responsive.flipbox_heading'  data-responsive-json-new='{\"font-size\":\"desktop:28px;\",\"line-height\":\"desktop:36px;\"}'  style=\"color:#ffffff; \">Digitales Tracking, Effekte und Umwandlung<\/h3><div class=\"ifb-flip-box-section-content ult-responsive\"  data-ultimate-target='#flip-box-wrap-3203 .ifb-flip-box-section-content.ult-responsive'  data-responsive-json-new='{\"font-size\":\"desktop:14px;\",\"line-height\":\"desktop:24px;\"}'  style=\"color:#ffffff;\"><p>Lesen Sie mehr<\/p><\/div><\/div><\/div><!-- END .front -->\n\t\t\t\t\t\t<div class=\"ifb-face ifb-back\" style=\"color:#ffffff;background:#23262d;  border-color:#A4A4A4; \">\n\t\t\t\t\t\t\t<div class=\"ifb-flip-box-section ifb-flip-box-section-vertical-middle\"><div class=\"ifb-desc-back\"><div class=\"ifb-flip-box-section-content ult-responsive\"  data-ultimate-target='#flip-box-wrap-3203 .ifb-flip-box-section-content.ult-responsive'  data-responsive-json-new='{\"font-size\":\"desktop:14px;\",\"line-height\":\"desktop:24px;\"}'  style=\"color:#ffffff;\"><p>RAM's digitale Tracking L\u00f6sung ist aktuell in f\u00fcnf M\u00e4rkten verf\u00fcgbar, aber RAM hat Zugang zu Panelteilnehmern in \u00fcber 80 M\u00e4rkten, um online Befragungen, Umfragen und digitale Medienanalysen zu machen. Mit den RAM Nutzer-Befragungen werden Sie Reichweite, Frequenz und Deomgrafie der Individuen verstehen, die die Website Ihrer Marke, Sektionen und Unterseiten besucht haben, ebenso wie h\u00e4ufig sie diese Seiten besucht haben.<\/p><\/div><\/div><div class=\"flip_link\"><a href=\"https:\/\/www2.rampanel.com\/digital-tracking-effect-and-conversions\/\"  style=\"background:#333333; color:#ffffff;\">Lesen Sie mehr zur Produktseite<\/a><\/div><\/div><\/div><!-- END .back --><\/div> <!-- ifb-flip-box --><\/div> <!-- flip-box --><\/div><!-- End icon block -->[\/vc_column][vc_column width=&#8220;1\/3&#8243; css=&#8220;.vc_custom_1548337883484{padding-top: 0px !important;padding-right: 0px !important;padding-bottom: 0px !important;padding-left: 0px !important;background-image: url(https:\/\/www2.rampanel.com\/wp-content\/uploads\/2019\/01\/key500.jpg?id=16577) !important;background-position: center !important;background-repeat: no-repeat !important;background-size: cover !important;}&#8220;]<div class=\"flip-box-wrap\" style=\"margin:0px;padding:0px;\"><div class=\"flip-box ifb-custom-height accent-icon-color horizontal_flip_right flip-box-custom-height flip-ifb-custom-height\" data-animation=\"\" data-animation-delay=\"03\" style=\"\"  data-min-height='320px'><div class=\"ifb-flip-box\" id=\"flip-box-wrap-6287\"><div class=\"ifb-face ifb-front \" style=\"color:#ffffff;background:rgba(0,0,0,0.6);  border-color:#A4A4A4; \">\n\t\t\t\t\t\t\t<div class=\"ifb-flip-box-section ifb-flip-box-section-vertical-middle\">\n\t\t\t\t\t\t\t<div class=\"flip-box-icon\"><div class=\"ult-just-icon-wrapper  \"><div class=\"align-icon\" style=\"text-align:center;\">\n<div class=\"aio-icon none \"  style=\"color:#ffffff;font-size:64px;display:inline-block;\">\n\t<i class=\"none\"><\/i>\n<\/div><\/div><\/div><\/div><h3 class=\"ult-responsive flipbox_heading\"  data-ultimate-target='#flip-box-wrap-6287 .ult-responsive.flipbox_heading'  data-responsive-json-new='{\"font-size\":\"desktop:28px;\",\"line-height\":\"desktop:36px;\"}'  style=\"color:#ffffff; \">Training, Weiterbildung und Beratung<\/h3><div class=\"ifb-flip-box-section-content ult-responsive\"  data-ultimate-target='#flip-box-wrap-6287 .ifb-flip-box-section-content.ult-responsive'  data-responsive-json-new='{\"font-size\":\"desktop:14px;\",\"line-height\":\"desktop:24px;\"}'  style=\"color:#ffffff;\"><p>Lesen Sie mehr<\/p><\/div><\/div><\/div><!-- END .front -->\n\t\t\t\t\t\t<div class=\"ifb-face ifb-back\" style=\"color:#ffffff;background:#23262d;  border-color:#A4A4A4; \">\n\t\t\t\t\t\t\t<div class=\"ifb-flip-box-section ifb-flip-box-section-vertical-middle\"><div class=\"ifb-desc-back\"><div class=\"ifb-flip-box-section-content ult-responsive\"  data-ultimate-target='#flip-box-wrap-6287 .ifb-flip-box-section-content.ult-responsive'  data-responsive-json-new='{\"font-size\":\"desktop:14px;\",\"line-height\":\"desktop:24px;\"}'  style=\"color:#ffffff;\"><p>RAM f\u00fchrt laufend eine Reihe von verschiedenen Kursen und Trainings f\u00fcr einzelne Zielgruppen durch. RAM bietet sowohl kleinere wie auch gr\u00f6\u00dfere Beratungsprojekte an. RAM f\u00fchrt alle Beratungsauftr\u00e4ge durch, die in unsere Kernkompetenz fallen und sich im Rahmen des breiten Wissens bewegen, das wir in RAMterics, RAM\u2019s zusammengefasster Datenbank mit mehr als 230.000 Umfragen, gesammelt haben.<\/p><\/div><\/div><div class=\"flip_link\"><a href=\"https:\/\/www2.rampanel.com\/training-and-consultancy\/\"  style=\"background:#333333; color:#ffffff;\">Lesen Sie mehr zur Produktseite<\/a><\/div><\/div><\/div><!-- END .back --><\/div> <!-- ifb-flip-box --><\/div> <!-- flip-box --><\/div><!-- End icon block -->[\/vc_column][\/vc_row][vc_row type=&#8220;vc_default&#8220; margin_top=&#8220;-50&#8243; anchor=&#8220;about&#8220; css=&#8220;.vc_custom_1543585566486{padding-top: 0px !important;padding-bottom: 100px !important;}&#8220;][vc_column][vc_btn title=&#8220;KONTAKTIEREN SIE UNS&#8220; color=&#8220;danger&#8220; align=&#8220;center&#8220; i_icon_fontawesome=&#8220;fa fa-envelope-o&#8220; css_animation=&#8220;bounceInLeft&#8220; add_icon=&#8220;true&#8220; smooth_scroll=&#8220;true&#8220; link=&#8220;url:https%3A%2F%2Fwww2.rampanel.com%2Fde%2Fcontact%2F|&#8220; css=&#8220;.vc_custom_1553845606167{padding-top: 50px !important;}&#8220;][\/vc_column][\/vc_row]<\/p>\n<\/div>","protected":false},"excerpt":{"rendered":"<p>[vc_row bg_type=&#8220;bg_color&#8220; bg_override=&#8220;ex-full&#8220; type=&#8220;vc_default&#8220; margin_top=&#8220;-50&#8243; anchor=&#8220;about&#8220; css=&#8220;.vc_custom_1543821597147{padding-top: 50px !important;padding-bottom: 50px !important;}&#8220; el_id=&#8220;products&#8220; bg_color_value=&#8220;#f8f8f9&#8243;][vc_column][\/vc_column][\/vc_row][vc_row bg_type=&#8220;bg_color&#8220; seperator_enable=&#8220;seperator_enable_value&#8220; seperator_type=&#8220;triangle_svg_seperator&#8220; seperator_svg_height=&#8220;30&#8243; seperator_shape_background=&#8220;#f8f8f9&#8243; type=&#8220;vc_default&#8220; margin_top=&#8220;-50&#8243; anchor=&#8220;about&#8220; css=&#8220;.vc_custom_1543822001973{padding-top: 50px !important;padding-bottom: 0px !important;}&#8220; bg_color_value=&#8220;#ffffff&#8220;][vc_column width=&#8220;1\/3&#8243; css=&#8220;.vc_custom_1543585134761{padding-top: 0px !important;padding-right: 0px !important;padding-bottom: 0px !important;padding-left: 0px !important;background-image: url(https:\/\/www2.rampanel.com\/wp-content\/uploads\/2018\/10\/news.jpg?id=15791) !important;}&#8220;][\/vc_column][vc_column width=&#8220;1\/3&#8243; css=&#8220;.vc_custom_1548338660921{padding-top: 0px !important;padding-right: 0px !important;padding-bottom: 0px !important;padding-left: 0px !important;background-image: url(https:\/\/www2.rampanel.com\/wp-content\/uploads\/2019\/01\/branding500-1.jpg?id=16581) !important;background-position: center !important;background-repeat: no-repeat !important;background-size:&hellip;<\/p>\n","protected":false},"author":1,"featured_media":0,"parent":0,"menu_order":1,"comment_status":"closed","ping_status":"closed","template":"","meta":{"footnotes":""},"class_list":["post-20831","page","type-page","status-publish","hentry","description-off"],"_links":{"self":[{"href":"https:\/\/www2.rampanel.com\/de\/wp-json\/wp\/v2\/pages\/20831","targetHints":{"allow":["GET"]}}],"collection":[{"href":"https:\/\/www2.rampanel.com\/de\/wp-json\/wp\/v2\/pages"}],"about":[{"href":"https:\/\/www2.rampanel.com\/de\/wp-json\/wp\/v2\/types\/page"}],"author":[{"embeddable":true,"href":"https:\/\/www2.rampanel.com\/de\/wp-json\/wp\/v2\/users\/1"}],"replies":[{"embeddable":true,"href":"https:\/\/www2.rampanel.com\/de\/wp-json\/wp\/v2\/comments?post=20831"}],"version-history":[{"count":32,"href":"https:\/\/www2.rampanel.com\/de\/wp-json\/wp\/v2\/pages\/20831\/revisions"}],"predecessor-version":[{"id":22287,"href":"https:\/\/www2.rampanel.com\/de\/wp-json\/wp\/v2\/pages\/20831\/revisions\/22287"}],"wp:attachment":[{"href":"https:\/\/www2.rampanel.com\/de\/wp-json\/wp\/v2\/media?parent=20831"}],"curies":[{"name":"wp","href":"https:\/\/api.w.org\/{rel}","templated":true}]}}