{"id":20882,"date":"2019-02-01T08:44:10","date_gmt":"2019-02-01T08:44:10","guid":{"rendered":"https:\/\/www2.rampanel.com\/products\/training-and-consultancy\/"},"modified":"2022-03-17T18:30:25","modified_gmt":"2022-03-17T18:30:25","slug":"training-and-consultancy","status":"publish","type":"page","link":"https:\/\/www2.rampanel.com\/de\/products\/training-and-consultancy\/","title":{"rendered":"Training, Weiterbildung und Beratung"},"content":{"rendered":"<div class=\"wpb-content-wrapper\"><p>[vc_row][vc_column][vc_column_text]<\/p>\n<h2>Training, Weiterbildung und Beratung<\/h2>\n<p><span style=\"font-weight: 400;\">RAM veranstaltet regelm\u00e4\u00dfig eine Reihe von verschiedenen Kursen und Trainings. F\u00fcr neue Kunden gibt es immer eine Einf\u00fchrung in das RAM-System, die speziell f\u00fcr die Personen gedacht ist, die mit dem RAM-System intern arbeiten. Analysten und Forscher haben eine andere Aufgabe zu erf\u00fcllen und haben deshalb zus\u00e4tzlich Anforderungen an RAM. Wir informieren diese Gruppe st\u00e4ndig \u00fcber Fallstudien, neue Umfrage-Tools und Markteinf\u00fchrungen.<\/span><\/p>\n<p><span style=\"font-weight: 400;\">RAM wird oft angefordert, um Medienverk\u00e4ufer, Verkaufsmanager sowie Media- und Werbeagenturen weiter zu bilden. <\/span>Es kann sich dabei um eine spezifische Anfrage zu verschiedenen Medienkan\u00e4len handeln, Beispiele von guter und verl\u00e4sslicher Kommunikation oder man k\u00f6nnte sich die Effekte von crossmedialen Medienkampagnen anschauen \u2013 die Bandbreite der m\u00f6glichen Trainingseinheiten ist nahezu unbegrenzt.<\/p>\n<p>RAM f\u00fchrt sowohl kleine wie auch gr\u00f6\u00dfere Beratungsprojekte durch. Der Fokus kann auf verschiedenen Ebenen liegen wie zum Beispiel die Effekte von Anzeigenbl\u00e4ttern, den Wert von Kreativit\u00e4t, den Unterschieden zwischen klassischen Anzeigen und Content Marketing oder den Effekten von Cross Media.<\/p>\n<p>RAM nutzt bei allen Auftr\u00e4gen, die in unseren Aufgabenbereich fallen, den Rahmen des breiten Wissens, das in RAMterics zusammengefasst ist; RAM&#8217;s kumulierter Datenbank mit mehr als 230.000 Umfragen.<\/p>\n<p><span style=\"font-weight: 400;\"><span style=\"font-weight: 400;\">.<\/span><\/span>[\/vc_column_text][\/vc_column][\/vc_row]<\/p>\n<\/div>","protected":false},"excerpt":{"rendered":"<p>[vc_row][vc_column][vc_column_text] Training, Weiterbildung und Beratung RAM veranstaltet regelm\u00e4\u00dfig eine Reihe von verschiedenen Kursen und Trainings. F\u00fcr neue Kunden gibt es immer eine Einf\u00fchrung in das RAM-System, die speziell f\u00fcr die Personen gedacht ist, die mit dem RAM-System intern arbeiten. Analysten und Forscher haben eine andere Aufgabe zu erf\u00fcllen und haben deshalb zus\u00e4tzlich Anforderungen an RAM.&hellip;<\/p>\n","protected":false},"author":1,"featured_media":0,"parent":20831,"menu_order":0,"comment_status":"closed","ping_status":"closed","template":"","meta":{"footnotes":""},"class_list":["post-20882","page","type-page","status-publish","hentry","description-off"],"_links":{"self":[{"href":"https:\/\/www2.rampanel.com\/de\/wp-json\/wp\/v2\/pages\/20882","targetHints":{"allow":["GET"]}}],"collection":[{"href":"https:\/\/www2.rampanel.com\/de\/wp-json\/wp\/v2\/pages"}],"about":[{"href":"https:\/\/www2.rampanel.com\/de\/wp-json\/wp\/v2\/types\/page"}],"author":[{"embeddable":true,"href":"https:\/\/www2.rampanel.com\/de\/wp-json\/wp\/v2\/users\/1"}],"replies":[{"embeddable":true,"href":"https:\/\/www2.rampanel.com\/de\/wp-json\/wp\/v2\/comments?post=20882"}],"version-history":[{"count":6,"href":"https:\/\/www2.rampanel.com\/de\/wp-json\/wp\/v2\/pages\/20882\/revisions"}],"predecessor-version":[{"id":23713,"href":"https:\/\/www2.rampanel.com\/de\/wp-json\/wp\/v2\/pages\/20882\/revisions\/23713"}],"up":[{"embeddable":true,"href":"https:\/\/www2.rampanel.com\/de\/wp-json\/wp\/v2\/pages\/20831"}],"wp:attachment":[{"href":"https:\/\/www2.rampanel.com\/de\/wp-json\/wp\/v2\/media?parent=20882"}],"curies":[{"name":"wp","href":"https:\/\/api.w.org\/{rel}","templated":true}]}}