{"id":20927,"date":"2018-12-10T13:50:36","date_gmt":"2018-12-10T13:50:36","guid":{"rendered":"https:\/\/www2.rampanel.com\/products\/advertising-insights-and-receipts\/"},"modified":"2019-05-07T11:25:46","modified_gmt":"2019-05-07T11:25:46","slug":"advertising-insights-and-receipts","status":"publish","type":"page","link":"https:\/\/www2.rampanel.com\/de\/products\/advertising-insights-and-receipts\/","title":{"rendered":"Erkenntnisse zur Werbung und Erl\u00f6sen"},"content":{"rendered":"<h2><b>Erkenntnisse zur Werbung und Erl\u00f6sen<\/b><\/h2>\n<p><span style=\"font-weight: 400\">Es ist wichtig die reale Qualit\u00e4t und Effektivit\u00e4t ihrer Anzeigen zu wissen. Wie viele und welche Zielgruppen haben tats\u00e4chlich ihre Botschaft gesehen und erinnern sich? Ist die Marke so bekannt wie sie sein sollte? Hat die Zielgruppe ihre Kommunikation verstanden und\u00a0 wahrgenommen? Und am wichtigsten: Haben sie reagiert? Nutzen sie die besten Fallstudien und versetzen sie den Verkauf in die Lage, diese Informationen zu pr\u00e4sentieren und Hilfe anzubieten, damit auch weitere Gesch\u00e4fte gesichert werden. <\/span><\/p>\n<p><span style=\"color: #111111;line-height: 115%;font-family: 'Helvetica','sans-serif';font-size: 10.5pt\">Fallstudien und Wissen \u00fcber die Wahrnehmung von werblicher Kommunikation und ihre Funktionsweise sind unsch\u00e4tzbar, wenn es darum geht, neues und bestehendes Gesch\u00e4ft zu wiederholen und sind auch hilfreich bei der Terminierung von Meetings. Informationen, Wissen und der Wert von guten Fallstudien sind eine harte W\u00e4hrung in einer Medienwelt im Wettbewerb.<\/span><\/p>\n<p>&nbsp;<\/p>\n<p><span style=\"color: #111111;line-height: 115%;font-family: 'Helvetica','sans-serif';font-size: 10.5pt\">Das RAM Analyse-Tool RAMetrics enth\u00e4lt die zusammengefassten Ergebnisse von allen fr\u00fcheren Messungen. Sie k\u00f6nnen sie auflisten, anschauen oder mit verschiedenen Wegen und Grafiken klassifizieren. Nutzen und lernen sie von den tollen M\u00f6glichkeiten, die in der riesigen Datenbank von RAMetrics enthalten sind.<\/span><\/p>\n<p>&nbsp;<\/p>\n","protected":false},"excerpt":{"rendered":"<p>Erkenntnisse zur Werbung und Erl\u00f6sen Es ist wichtig die reale Qualit\u00e4t und Effektivit\u00e4t ihrer Anzeigen zu wissen. Wie viele und welche Zielgruppen haben tats\u00e4chlich ihre Botschaft gesehen und erinnern sich? Ist die Marke so bekannt wie sie sein sollte? Hat die Zielgruppe ihre Kommunikation verstanden und\u00a0 wahrgenommen? Und am wichtigsten: Haben sie reagiert? Nutzen sie&hellip;<\/p>\n","protected":false},"author":1,"featured_media":0,"parent":20831,"menu_order":0,"comment_status":"closed","ping_status":"closed","template":"","meta":{"footnotes":""},"class_list":["post-20927","page","type-page","status-publish","hentry","description-off"],"_links":{"self":[{"href":"https:\/\/www2.rampanel.com\/de\/wp-json\/wp\/v2\/pages\/20927","targetHints":{"allow":["GET"]}}],"collection":[{"href":"https:\/\/www2.rampanel.com\/de\/wp-json\/wp\/v2\/pages"}],"about":[{"href":"https:\/\/www2.rampanel.com\/de\/wp-json\/wp\/v2\/types\/page"}],"author":[{"embeddable":true,"href":"https:\/\/www2.rampanel.com\/de\/wp-json\/wp\/v2\/users\/1"}],"replies":[{"embeddable":true,"href":"https:\/\/www2.rampanel.com\/de\/wp-json\/wp\/v2\/comments?post=20927"}],"version-history":[{"count":3,"href":"https:\/\/www2.rampanel.com\/de\/wp-json\/wp\/v2\/pages\/20927\/revisions"}],"predecessor-version":[{"id":21483,"href":"https:\/\/www2.rampanel.com\/de\/wp-json\/wp\/v2\/pages\/20927\/revisions\/21483"}],"up":[{"embeddable":true,"href":"https:\/\/www2.rampanel.com\/de\/wp-json\/wp\/v2\/pages\/20831"}],"wp:attachment":[{"href":"https:\/\/www2.rampanel.com\/de\/wp-json\/wp\/v2\/media?parent=20927"}],"curies":[{"name":"wp","href":"https:\/\/api.w.org\/{rel}","templated":true}]}}