{"id":20950,"date":"2018-11-30T13:27:21","date_gmt":"2018-11-30T13:27:21","guid":{"rendered":"https:\/\/www2.rampanel.com\/products\/rametrics\/"},"modified":"2019-05-08T11:14:49","modified_gmt":"2019-05-08T11:14:49","slug":"rametrics","status":"publish","type":"page","link":"https:\/\/www2.rampanel.com\/de\/products\/rametrics\/","title":{"rendered":"RAMetrics"},"content":{"rendered":"<h2>RAMetrics<\/h2>\n<p><span style=\"font-weight: 400\">RAMetrics ist ein men\u00fcgef\u00fchrtes hochmodernes analytisches Werkzeug, das es erm\u00f6glicht, alle fr\u00fcheren zusammengefassten Umfragen, die im RAM-System gemacht wurden, zu sehen und zu bearbeiten.<\/span><\/p>\n<p><span style=\"font-weight: 400\">Dieses Werkzeug erm\u00f6glicht es, Durchschnittswerte zu analysieren, Daten grafisch darzustellen oder die Ergebnisse aus verschiedenen Blickrichtungen und mit mehreren analytischen Zielen darzustellen. RAMetrics enth\u00e4lt zehn verschiedene grafische Schnittstellen, jede mit einer einzigartigen Anlage.<\/span><\/p>\n<p><span style=\"color: #111111;line-height: 115%;font-family: 'Helvetica','sans-serif';font-size: 10.5pt\">RAMetrics enth\u00e4lt die vollst\u00e4ndigen Ergebnisse von allen Standardumfragen, die jemals im RAM-System gemacht wurden; alle Zahlen und alle Bilder. Das Tool erm\u00f6glicht es einfach und sinnvoll, die zusammengefassten Ergebnisse zu \u00fcberpr\u00fcfen, mit Benchmarks zu vergleichen und daraus zu lernen. Sie k\u00f6nnen beides, Ergebnisse auflisten und verschiedene Raster analysieren oder auf einzelne Ergebnisse oder Bilder herunter brechen. <\/span><\/p>\n<p><img loading=\"lazy\" decoding=\"async\" class=\"alignnone wp-image-16670 size-full\" src=\"https:\/\/www2.rampanel.com\/wp-content\/uploads\/2019\/02\/rametrics_image_action-2.png\" alt=\"\" width=\"1450\" height=\"548\" srcset=\"https:\/\/www2.rampanel.com\/wp-content\/uploads\/2019\/02\/rametrics_image_action-2.png 1450w, https:\/\/www2.rampanel.com\/wp-content\/uploads\/2019\/02\/rametrics_image_action-2-300x113.png 300w, https:\/\/www2.rampanel.com\/wp-content\/uploads\/2019\/02\/rametrics_image_action-2-768x290.png 768w, https:\/\/www2.rampanel.com\/wp-content\/uploads\/2019\/02\/rametrics_image_action-2-1024x387.png 1024w\" sizes=\"auto, (max-width: 1450px) 100vw, 1450px\" \/><\/p>\n","protected":false},"excerpt":{"rendered":"<p>RAMetrics RAMetrics ist ein men\u00fcgef\u00fchrtes hochmodernes analytisches Werkzeug, das es erm\u00f6glicht, alle fr\u00fcheren zusammengefassten Umfragen, die im RAM-System gemacht wurden, zu sehen und zu bearbeiten. Dieses Werkzeug erm\u00f6glicht es, Durchschnittswerte zu analysieren, Daten grafisch darzustellen oder die Ergebnisse aus verschiedenen Blickrichtungen und mit mehreren analytischen Zielen darzustellen. RAMetrics enth\u00e4lt zehn verschiedene grafische Schnittstellen, jede mit&hellip;<\/p>\n","protected":false},"author":1,"featured_media":0,"parent":20831,"menu_order":0,"comment_status":"closed","ping_status":"closed","template":"","meta":{"footnotes":""},"class_list":["post-20950","page","type-page","status-publish","hentry","description-off"],"_links":{"self":[{"href":"https:\/\/www2.rampanel.com\/de\/wp-json\/wp\/v2\/pages\/20950","targetHints":{"allow":["GET"]}}],"collection":[{"href":"https:\/\/www2.rampanel.com\/de\/wp-json\/wp\/v2\/pages"}],"about":[{"href":"https:\/\/www2.rampanel.com\/de\/wp-json\/wp\/v2\/types\/page"}],"author":[{"embeddable":true,"href":"https:\/\/www2.rampanel.com\/de\/wp-json\/wp\/v2\/users\/1"}],"replies":[{"embeddable":true,"href":"https:\/\/www2.rampanel.com\/de\/wp-json\/wp\/v2\/comments?post=20950"}],"version-history":[{"count":1,"href":"https:\/\/www2.rampanel.com\/de\/wp-json\/wp\/v2\/pages\/20950\/revisions"}],"predecessor-version":[{"id":21518,"href":"https:\/\/www2.rampanel.com\/de\/wp-json\/wp\/v2\/pages\/20950\/revisions\/21518"}],"up":[{"embeddable":true,"href":"https:\/\/www2.rampanel.com\/de\/wp-json\/wp\/v2\/pages\/20831"}],"wp:attachment":[{"href":"https:\/\/www2.rampanel.com\/de\/wp-json\/wp\/v2\/media?parent=20950"}],"curies":[{"name":"wp","href":"https:\/\/api.w.org\/{rel}","templated":true}]}}