{"id":20968,"date":"2018-11-30T13:26:06","date_gmt":"2018-11-30T13:26:06","guid":{"rendered":"https:\/\/www2.rampanel.com\/products\/brand-performance-and-brand-lift-offline-and-online\/"},"modified":"2019-05-09T13:12:46","modified_gmt":"2019-05-09T13:12:46","slug":"brand-performance-and-brand-lift-offline-and-online","status":"publish","type":"page","link":"https:\/\/www2.rampanel.com\/de\/products\/brand-performance-and-brand-lift-offline-and-online\/","title":{"rendered":"Markenbekanntheit und Markenentwicklung"},"content":{"rendered":"<h2><strong>Markenbekanntheit<\/strong><\/h2>\n<p><span style=\"font-weight: 400\">Eine Studie zur Markenbekanntheit gibt sowohl dem Werbekunden wie auch dem Verlag Informationen \u00fcber die Position der Marke des Werbekunden &#8211; allein oder im Vergleich zu einer Auswahl von anderen Wettbewerbern. <\/span><\/p>\n<p><span style=\"font-weight: 400\">Die Studie zur Markenbekanntheit benutzt in der Grafik eine X- und eine Y-Achse, um die Position der Marke in der Bev\u00f6lkerung zu pr\u00e4sentieren (Random L\u00e4nder Sample) oder innerhalb der Online-Nutzer des Verlages oder von Abonnenten der Printausgabe. Aus Sicht des Werbekunden gibt ihm die Position der Marke in der Studie die Information \u00fcber die eigene Position im Vergleich zu den Zielen der Marke.<\/span><\/p>\n<p><span style=\"color: #111111;line-height: 115%;font-family: 'Helvetica','sans-serif';font-size: 10.5pt\">Aufgrund der Studie k\u00f6nnen Verlag und Anzeigenkunde gemeinsam diskutieren wie der Kunde seine Kommunikation gestalten kann, um die Marke von Position A zu Position B zu entwickeln. Das Ergebnis dieser Diskussion ist ein Mediaplan, der sich \u00fcber mehrere Monate darauf konzentriert, wie die Zielgruppe erreicht wird und wie oft und was kommuniziert wird, um die Ziele der Marke zu erreichen.<\/span><\/p>\n<p>Die Studie zur Markenbekanntheit pr\u00e4sentiert alle Informationen in drei Grafiken.\u00a0Diese Grafiken sind eine Kombination der beantworteten Fragen mit den Antworten von diesen Fragen:<\/p>\n<ul>\n<li><strong>Wie gut kennen Sie die folgende(n) Marke\/Marken?<\/strong><\/li>\n<li><strong>Bitte geben Sie die Marke\/Marken an, deren Werbung Sie oft sehen<\/strong><\/li>\n<li><strong>Bitte geben Sie die Marke\/Marken an, die Sie h\u00e4ufig nutzen\/kontaktieren <\/strong><\/li>\n<li><strong>Bitte geben Sie die Marke\/Marken an, von denen Sie eine positive Meinung haben<\/strong><\/li>\n<li><strong>Bitte geben Sie die Marke\/Marken an, die Sie weiterempfehlen k\u00f6nnen<\/strong><\/li>\n<li class=\"aLF-aPX-K0-aPE\"><b><img loading=\"lazy\" decoding=\"async\" class=\"alignnone wp-image-16953\" src=\"https:\/\/www2.rampanel.com\/wp-content\/uploads\/2019\/04\/brand-1.jpg\" alt=\"\" width=\"1000\" height=\"490\" srcset=\"https:\/\/www2.rampanel.com\/wp-content\/uploads\/2019\/04\/brand-1.jpg 1379w, https:\/\/www2.rampanel.com\/wp-content\/uploads\/2019\/04\/brand-1-300x147.jpg 300w, https:\/\/www2.rampanel.com\/wp-content\/uploads\/2019\/04\/brand-1-768x376.jpg 768w, https:\/\/www2.rampanel.com\/wp-content\/uploads\/2019\/04\/brand-1-1024x502.jpg 1024w, https:\/\/www2.rampanel.com\/wp-content\/uploads\/2019\/04\/brand-1-1320x647.jpg 1320w\" sizes=\"auto, (max-width: 1000px) 100vw, 1000px\" \/><\/b><\/li>\n<\/ul>\n<h2><\/h2>\n<h2><b><strong>Markenentwicklung<\/strong><\/b><\/h2>\n<p>Die Studie zur Markenentwicklung zeigt, wie die Anzeige von den Nutzern bewertet wird, die die Kampagne in dem Medienkanal wo die Anzeige geschaltet war, gesehen haben.<\/p>\n<p>Der Zweck der Studie zur Markenentwicklung ist dem Werbekunden den Impact zu zeigen, den die Kampagne bei den Nutzern des Verlages hinterlassen hat, offline, online oder beides.<\/p>\n<p>Die Studie zur Markenentwicklung zeigt drei Grafiken mit X- und Y-Achse. Sie k\u00f6nnen wechseln und eine andere Frage auf der X- und Y-Achse ausw\u00e4hlen, so dass Sie vielf\u00e4ltige Erkenntnisse abh\u00e4ngig von ihren Forschungsfragen bekommen k\u00f6nnen.<\/p>\n<p>&nbsp;<\/p>\n<p><img loading=\"lazy\" decoding=\"async\" class=\"alignnone wp-image-16951\" src=\"https:\/\/www2.rampanel.com\/wp-content\/uploads\/2019\/04\/brand_lift.jpg\" alt=\"\" width=\"1000\" height=\"484\" srcset=\"https:\/\/www2.rampanel.com\/wp-content\/uploads\/2019\/04\/brand_lift.jpg 1286w, https:\/\/www2.rampanel.com\/wp-content\/uploads\/2019\/04\/brand_lift-300x145.jpg 300w, https:\/\/www2.rampanel.com\/wp-content\/uploads\/2019\/04\/brand_lift-768x372.jpg 768w, https:\/\/www2.rampanel.com\/wp-content\/uploads\/2019\/04\/brand_lift-1024x496.jpg 1024w\" sizes=\"auto, (max-width: 1000px) 100vw, 1000px\" \/><\/p>\n","protected":false},"excerpt":{"rendered":"<p>Markenbekanntheit Eine Studie zur Markenbekanntheit gibt sowohl dem Werbekunden wie auch dem Verlag Informationen \u00fcber die Position der Marke des Werbekunden &#8211; allein oder im Vergleich zu einer Auswahl von anderen Wettbewerbern. Die Studie zur Markenbekanntheit benutzt in der Grafik eine X- und eine Y-Achse, um die Position der Marke in der Bev\u00f6lkerung zu pr\u00e4sentieren&hellip;<\/p>\n","protected":false},"author":1,"featured_media":0,"parent":20831,"menu_order":0,"comment_status":"closed","ping_status":"closed","template":"","meta":{"footnotes":""},"class_list":["post-20968","page","type-page","status-publish","hentry","description-off"],"_links":{"self":[{"href":"https:\/\/www2.rampanel.com\/de\/wp-json\/wp\/v2\/pages\/20968","targetHints":{"allow":["GET"]}}],"collection":[{"href":"https:\/\/www2.rampanel.com\/de\/wp-json\/wp\/v2\/pages"}],"about":[{"href":"https:\/\/www2.rampanel.com\/de\/wp-json\/wp\/v2\/types\/page"}],"author":[{"embeddable":true,"href":"https:\/\/www2.rampanel.com\/de\/wp-json\/wp\/v2\/users\/1"}],"replies":[{"embeddable":true,"href":"https:\/\/www2.rampanel.com\/de\/wp-json\/wp\/v2\/comments?post=20968"}],"version-history":[{"count":2,"href":"https:\/\/www2.rampanel.com\/de\/wp-json\/wp\/v2\/pages\/20968\/revisions"}],"predecessor-version":[{"id":21531,"href":"https:\/\/www2.rampanel.com\/de\/wp-json\/wp\/v2\/pages\/20968\/revisions\/21531"}],"up":[{"embeddable":true,"href":"https:\/\/www2.rampanel.com\/de\/wp-json\/wp\/v2\/pages\/20831"}],"wp:attachment":[{"href":"https:\/\/www2.rampanel.com\/de\/wp-json\/wp\/v2\/media?parent=20968"}],"curies":[{"name":"wp","href":"https:\/\/api.w.org\/{rel}","templated":true}]}}