{"id":20981,"date":"2018-11-30T13:23:39","date_gmt":"2018-11-30T13:23:39","guid":{"rendered":"https:\/\/www2.rampanel.com\/products\/editorial-and-content-insights\/"},"modified":"2019-05-11T10:23:35","modified_gmt":"2019-05-11T10:23:35","slug":"editorial-and-content-insights","status":"publish","type":"page","link":"https:\/\/www2.rampanel.com\/de\/products\/editorial-and-content-insights\/","title":{"rendered":"Erkenntnisse zu Redaktion und Inhalten"},"content":{"rendered":"<h2><b>Erkenntnisse zu Redaktion und Inhalten<\/b><\/h2>\n<p><span style=\"font-weight: 400\">Gute und relevante Kommunikation erleichtert das Leben. Dies gilt auch f\u00fcr die Arbeit von Medien und wie sowohl redeaktionelle wie auch werbliche Informationen dem Leser, Nutzer, Zuh\u00f6rer und Zuschauer vermittelt werden. Die meisten von uns m\u00f6gen und sch\u00e4tzen unterhaltsame Shows, gut geschrieben Artikel und gut gemachte Werbung. Wir alle wollen unklare, irrelevante und unwahre Botschaften vermeiden.<\/span><\/p>\n<p>Eine Reihe von Produkten wie zum Beispiel Artikeltest (Qualit\u00e4t und Effekte), Effekte von Content Marketing, Seitenbeachtung, Seitenkontakt und Tests zu der Performance von Inhalten helfen der Medienindustrie ihre Medienprodukte unabh\u00e4ngig von dem Medienkanal zu verstehen und zu verbessern.<\/p>\n<p>Testen Sie ihre Inhalte mobil, online, in der Zeitung oder im Magazin oder wo auch immer Sie die richtige Qualit\u00e4t und Standards sicherstellen wollen. Alle Ergebnisse k\u00f6nnen mit mehr als 40 soziodemografischen Variablen kombiniert werden. Das RAM Analyse-Tool RAMetrics enth\u00e4lt die Ergebnisse von allen fr\u00fcheren Umfragen, die auf verschiedenen Wegen angeschaut, ausgedruckt oder aufgelistet werden k\u00f6nnen. Nutzen Sie die gro\u00dfen Erkenntnis-M\u00f6glichkeiten, die in der riesigen Datenbank von RAMetrics versteckt sind.<\/p>\n<p>&nbsp;<\/p>\n","protected":false},"excerpt":{"rendered":"<p>Erkenntnisse zu Redaktion und Inhalten Gute und relevante Kommunikation erleichtert das Leben. Dies gilt auch f\u00fcr die Arbeit von Medien und wie sowohl redeaktionelle wie auch werbliche Informationen dem Leser, Nutzer, Zuh\u00f6rer und Zuschauer vermittelt werden. Die meisten von uns m\u00f6gen und sch\u00e4tzen unterhaltsame Shows, gut geschrieben Artikel und gut gemachte Werbung. Wir alle wollen&hellip;<\/p>\n","protected":false},"author":1,"featured_media":0,"parent":20831,"menu_order":0,"comment_status":"closed","ping_status":"closed","template":"","meta":{"footnotes":""},"class_list":["post-20981","page","type-page","status-publish","hentry","description-off"],"_links":{"self":[{"href":"https:\/\/www2.rampanel.com\/de\/wp-json\/wp\/v2\/pages\/20981","targetHints":{"allow":["GET"]}}],"collection":[{"href":"https:\/\/www2.rampanel.com\/de\/wp-json\/wp\/v2\/pages"}],"about":[{"href":"https:\/\/www2.rampanel.com\/de\/wp-json\/wp\/v2\/types\/page"}],"author":[{"embeddable":true,"href":"https:\/\/www2.rampanel.com\/de\/wp-json\/wp\/v2\/users\/1"}],"replies":[{"embeddable":true,"href":"https:\/\/www2.rampanel.com\/de\/wp-json\/wp\/v2\/comments?post=20981"}],"version-history":[{"count":2,"href":"https:\/\/www2.rampanel.com\/de\/wp-json\/wp\/v2\/pages\/20981\/revisions"}],"predecessor-version":[{"id":21585,"href":"https:\/\/www2.rampanel.com\/de\/wp-json\/wp\/v2\/pages\/20981\/revisions\/21585"}],"up":[{"embeddable":true,"href":"https:\/\/www2.rampanel.com\/de\/wp-json\/wp\/v2\/pages\/20831"}],"wp:attachment":[{"href":"https:\/\/www2.rampanel.com\/de\/wp-json\/wp\/v2\/media?parent=20981"}],"curies":[{"name":"wp","href":"https:\/\/api.w.org\/{rel}","templated":true}]}}