{"id":20992,"date":"2018-09-12T12:21:24","date_gmt":"2018-09-12T12:21:24","guid":{"rendered":"https:\/\/www2.rampanel.com\/cookie-policy\/"},"modified":"2019-05-11T08:44:14","modified_gmt":"2019-05-11T08:44:14","slug":"cookie-policy","status":"publish","type":"page","link":"https:\/\/www2.rampanel.com\/de\/cookie-policy\/","title":{"rendered":"Die Verwendung von Cookies bei RAM"},"content":{"rendered":"<p>RAM nutzt auf der Website sogenannte Erstanbieter Cookies, um dem Nutzer personalisierte Umfragen zur Verf\u00fcgung stellen zu k\u00f6nnen und um Informationen \u00fcber Besuche von Websiten zu erhalten.<\/p>\n<p>Ein Cookie ist eine kleine Textdatei, die auf dem Computer des Nutzers gespeichert wird. Cookies bestehen aus einem kleinen Datensatz mit Informationen dar\u00fcber, was der Nutzer tut, wenn er eine Website besucht. Durch Cookies gesammelte Informationen k\u00f6nnen enthalten, welche Seiten besucht wurden und wie viel Zeit auf der Website verbracht wurde.<\/p>\n<p><span style=\"color: #000000;font-family: Calibri;font-size: medium\">Es gibt zwei Arten von Cookies. Eine Art speichert eine Datei f\u00fcr lange Zeit auf dem Computer des Nutzers und kann zum Beispiel dazu verwendet werden, dem Nutzer mitzuteilen, was seit dem letzten Besuch des Nutzers auf der Website neu ist. Sobald das Ablaufdatum erreicht wurde, wird der Cookie automatisch gel\u00f6scht, wenn der Nutzer auf die Website zur\u00fcckkehrt, auf der er erstellt wurde. Die zweite Art von Cookies wird als Sitzungs-Cookie bezeichnet und f\u00fcr befristete Zeit im Speicher des Computers abgelegt, beispielsweise um zu erfassen, welche Sprache der Nutzer ausgew\u00e4hlt hat. Sitzungs-Cookies werden gel\u00f6scht, wenn der Browser geschlossen wird.<\/span><\/p>\n<p>Es wird zwischen Cookies von Erstanbietern und Cookies von Drittanbietern unterschieden. Cookies von Erstanbietern werden von dem Eigent\u00fcmer einer Website verwendet und Cookies von Drittanbietern werden von einer externen Website verwendet, einem Dritten.<\/p>\n<p><span style=\"color: #000000;font-family: Calibri;font-size: medium\">RAM nutzt Cookies gem\u00e4\u00df der f\u00fcr elektronische Kommunikation geltenden Gesetzgebung. Es ist deshalb notwendig, dass der Nutzer der Website Informationen \u00fcber die Zwecke erh\u00e4lt, f\u00fcr die Cookies verwendet werden, und dass der Nutzer dieser Verwendung zustimmt. Sind die Informationen ordentlich adressiert und erlaubt der Browser oder die sonstige Ausr\u00fcstung des Nutzers Cookies, gilt dies als Zustimmung.<\/span><\/p>\n<p><span style=\"color: #000000;font-family: Calibri;font-size: medium\">Cookies sind normale Textdateien und k\u00f6nnen keine Viren enthalten. Die Dateien sind klein und es kann nur eine gewisse Anzahl an Cookies auf einem Computer gespeichert werden. Daher besteht nicht die Gefahr, dass der Speicher voll wird, weil der Nutzer Cookies gestattet. <\/span><\/p>\n<p><span style=\"color: #000000;font-family: Calibri;font-size: medium\">Der Nutzer kann auf Wunsch Informationen zu Cookies erhalten, Cookies blockieren und gespeicherte Cookies entfernen. Der Nutzer kann durch die Sicherheitseinstellungen des Browsers Cookies deaktivieren. In diesem Fall kann die Funktion der Website eingeschr\u00e4nkt sein.<\/span><\/p>\n<p>&nbsp;<\/p>\n","protected":false},"excerpt":{"rendered":"<p>RAM nutzt auf der Website sogenannte Erstanbieter Cookies, um dem Nutzer personalisierte Umfragen zur Verf\u00fcgung stellen zu k\u00f6nnen und um Informationen \u00fcber Besuche von Websiten zu erhalten. Ein Cookie ist eine kleine Textdatei, die auf dem Computer des Nutzers gespeichert wird. Cookies bestehen aus einem kleinen Datensatz mit Informationen dar\u00fcber, was der Nutzer tut, wenn&hellip;<\/p>\n","protected":false},"author":1,"featured_media":0,"parent":0,"menu_order":0,"comment_status":"closed","ping_status":"closed","template":"","meta":{"footnotes":""},"class_list":["post-20992","page","type-page","status-publish","hentry","description-off"],"_links":{"self":[{"href":"https:\/\/www2.rampanel.com\/de\/wp-json\/wp\/v2\/pages\/20992","targetHints":{"allow":["GET"]}}],"collection":[{"href":"https:\/\/www2.rampanel.com\/de\/wp-json\/wp\/v2\/pages"}],"about":[{"href":"https:\/\/www2.rampanel.com\/de\/wp-json\/wp\/v2\/types\/page"}],"author":[{"embeddable":true,"href":"https:\/\/www2.rampanel.com\/de\/wp-json\/wp\/v2\/users\/1"}],"replies":[{"embeddable":true,"href":"https:\/\/www2.rampanel.com\/de\/wp-json\/wp\/v2\/comments?post=20992"}],"version-history":[{"count":3,"href":"https:\/\/www2.rampanel.com\/de\/wp-json\/wp\/v2\/pages\/20992\/revisions"}],"predecessor-version":[{"id":21562,"href":"https:\/\/www2.rampanel.com\/de\/wp-json\/wp\/v2\/pages\/20992\/revisions\/21562"}],"wp:attachment":[{"href":"https:\/\/www2.rampanel.com\/de\/wp-json\/wp\/v2\/media?parent=20992"}],"curies":[{"name":"wp","href":"https:\/\/api.w.org\/{rel}","templated":true}]}}