{"id":21003,"date":"2018-08-24T07:53:56","date_gmt":"2018-08-24T07:53:56","guid":{"rendered":"https:\/\/www2.rampanel.com\/privacy-policy\/"},"modified":"2023-04-28T06:40:27","modified_gmt":"2023-04-28T06:40:27","slug":"privacy-policy","status":"publish","type":"page","link":"https:\/\/www2.rampanel.com\/de\/privacy-policy\/","title":{"rendered":"Datenschutz bei RAM"},"content":{"rendered":"<p><strong>Bedingungen f\u00fcr die Registrierung als Panelteilnehmer<\/strong><\/p>\n<p>Durch seine Zustimmung zu diesen Bedingungen erkl\u00e4rt sich der Panelteilnehmer mit der Speicherung und Verarbeitung der in den folgenden Bedingungen genannten pers\u00f6nlichen Daten einverstanden.<\/p>\n<p style=\"font-weight: 400;\"><strong>\u00a0<\/strong><\/p>\n<p><strong>Allgemeine Informationen \u00fcber RAM und den Panelteilnehmer<\/strong><\/p>\n<p>Diese Bedingungen gelten f\u00fcr Panelteilnehmer (der\/die \u201ePanelteilnehmer\u201c), die sich auf der Website Rampanel.com (\u201eRampanel\u201c) registrieren. Rampanel wird betrieben und verwaltet von Research and Analysis of Media in Sweden AB (\u201eRAM\u201c).<\/p>\n<p>RAM ist ein internationales Meinungsforschungsunternehmen, das Medien dabei unterst\u00fctzt, mit ihren Zielgruppen zu interagieren und ihnen die M\u00f6glichkeit bietet, ihre Meinung auszudr\u00fccken. RAM stellt den Medien Statistiken dar\u00fcber zur Verf\u00fcgung, wie Werbung, Artikel und andere Medienkommunikation konsumiert werden und welchen Effekt sie haben. RAM arbeitet mit Online-Umfragen, um Werbung und redaktionelle Inhalte f\u00fcr Medienunternehmen, Medienberater und Werbekunden zu analysieren. Dies wird durch die Befragung der Panelteilnehmer erreicht.<\/p>\n<p>Registrierten Panelteilnehmern wird die Beantwortung von Online-Umfragen angeboten. Die Umfragen beziehen sich auf das spezifische Medienpanel, das der Panelteilnehmer ausgew\u00e4hlt hat, und k\u00f6nnen Fragen \u00fcber einen bestimmten Artikel oder eine Anzeige enthalten, die in einem spezifischen Medienkanal ver\u00f6ffentlicht wurden. Die Ergebnisse der Umfragen werden den Kunden von RAM in aggregierter Form pr\u00e4sentiert. Es werden keine Daten weitergegeben, die einzelnen Personen zugeschrieben werden k\u00f6nnen. Die Teilnahme an einer Umfrage ist freiwillig und in Anbetracht des Engagements kann der Panelteilnehmer Pr\u00e4mien erhalten. Eine Bedingung f\u00fcr die Teilnahme an einem Panel ist, dass der Panelteilnehmer zusagt, die Fragen wahrheitsgem\u00e4\u00df zu beantworten.<\/p>\n<p>Ein Panelteilnehmer kann sich nur einmal in einem Panel registrieren und darf nicht an mehr als bei f\u00fcnf Panels gleichzeitig teilnehmen. Der Panelteilnehmer kann jederzeit entscheiden, nicht l\u00e4nger bei Rampanel teilzunehmen. Der Panelteilnehmer muss mindestens 16 Jahre alt sein. RAM kann nach seinem Ermessen die Teilnahme eines Panelteilnehmers beenden, wenn der Panelteilnehmer gegen diese Bedingungen oder den Zweck der Bedingungen verst\u00f6\u00dft. RAM ist in diesem Fall nicht f\u00fcr die Erf\u00fcllung seiner Verpflichtungen gegen\u00fcber dem Panelteilnehmer haftbar.<\/p>\n<p>Rampanel befolgt die Richtlinien f\u00fcr Marktforschung von ESOMAR.<\/p>\n<p><strong>Pr\u00e4miensystem<\/strong><\/p>\n<p style=\"font-weight: 400;\">Alle Kunden von RAM (Zeitungen, Zeitschriften oder Websites) sind aufgrund einer Vereinbarung zwischen RAM und dem Kunden f\u00fcr ihr Pr\u00e4mien-System selbst verantwortlich. Der Panelteilnehmer erh\u00e4lt Punkte oder die M\u00f6glichkeit, f\u00fcr jede beantwortete Umfrage Pr\u00e4mien zu bekommen.\u00a0 Die Kunden von RAM legen auf Grundlage der Punktzahl oder der Anzahl der Umfragen Pr\u00e4mien fest.\u00a0 Der Kunde beh\u00e4lt sich das Recht vor, die Pr\u00e4mienpunkte oder die Pr\u00e4mien selbst zu \u00e4ndern.\u00a0 Der Kunde ist auch zur Nutzung von Gutschriftsystemen berechtigt, um den Panelteilnehmern die Teilnahme an einer Verlosung zu gestatten. Die Kunden von RAM sind verantwortlich f\u00fcr die Durchf\u00fchrung von Verlosungen gem\u00e4\u00df den aktuellen Vorschriften f\u00fcr Verlosungen. Der Kunde ist stets verantwortlich f\u00fcr die Anspr\u00fcche des Panelteilnehmers auf Pr\u00e4mien. Fragen zu Pr\u00e4mien k\u00f6nnen an die weiter unten angegebene E-Mail-Adresse gerichtet werden.<\/p>\n<p>Informationen dar\u00fcber, wie viele Umfragen der Panelteilnehmer beantwortet hat und\/oder wie viele Punkte der Panelteilnehmer gesammelt hat, erscheinen in einer Zusammenfassung auf der eigenen Seite des Panelteilnehmers. Um die angebotenen Pr\u00e4mien zu erhalten, wenn der Kunde das Punkte-System als Form der Belohnung nutzt, hat der Panelteilnehmer diese einzufordern.\u00a0 Der Kunde ist verantwortlich f\u00fcr die Pr\u00e4mien des Panelteilnehmers und f\u00fcr die mit der Zahlung zusammenh\u00e4ngenden steuerlichen Folgen.<\/p>\n<p><strong>RAM als Datenverantwortlicher und die Verarbeitung von personenbezogenen Daten<\/strong><\/p>\n<p>RAM ist der <strong>Datenverantwortliche<\/strong> f\u00fcr die Informationen, die von den Panelteilnehmern gesammelt werden und ist als solcher an alle geltenden Datenschutzgesetze gebunden, einschlie\u00dflich des k\u00fcnftigen EU-Gesetzes, der sogenannten DSGVO (Datenschutzgrundverordnung, (EU) 2016\/679), die am 25. Mai 2018 in Kraft tritt.<\/p>\n<p>RAM sammelt, speichert und verarbeitet personenbezogene Daten gem\u00e4\u00df diesen Bedingungen. Personenbezogene Daten sind alle Informationen, die sich auf eine identifizierte oder identifizierbare nat\u00fcrliche Person (betroffene Person) beziehen; eine nat\u00fcrliche Person ist identifizierbar, wenn sie direkt oder indirekt identifiziert werden kann. RAM verarbeitet die personenbezogenen Daten der Panelteilnehmer gem\u00e4\u00df den bestehenden und k\u00fcnftigen Datenschutzgesetzen. Das bedeutet, dass die rechtlichen Gr\u00fcnde f\u00fcr die Verarbeitung der personenbezogenen Daten auf der ausdr\u00fccklichen Einwilligung oder darauf beruhen, dass die Daten ben\u00f6tigt werden, um sicherzustellen, dass RAM seinen vertraglichen Pflichten nachkommt oder eine gesetzliche Vorschrift einh\u00e4lt.<\/p>\n<p>W\u00e4hrend der Registrierung auf Rampanel gibt der Panelteilnehmer bestimmte pers\u00f6nliche Daten auf der Website an. Neben personenbezogenen Daten wie z.\u00a0B. Name, Adresse, Telefonnummer, E-Mail-Adresse, Geburtsdatum, Geschlecht und Personenstand sammelt RAM rund 40 weitere demografische Variablen. Beim Aufrufen des Panels erteilt der Panelteilnehmer RAM die Genehmigung, ein sogenanntes Cookie im Web Reader des Panelteilnehmers zu setzen. S\u00e4mtliche Informationen werden genutzt, um Kunden die Ergebnisse von Umfragen dazu, wie Artikel und Werbung wahrgenommen werden und wie auf Basis unterschiedlicher Interessen und anderer gespeicherter Variablen auf sie reagiert wird, in aggregierter, nicht identifizierbarer Form zu pr\u00e4sentieren. Einige der Informationen werden auch genutzt, um dem Panelteilnehmer Pr\u00e4mien zukommen zu lassen. Ferner werden die personenbezogenen Daten auch von einer Kundendienststelle zur Beantwortung von Fragen und zur Abwicklung von Verwaltungsprozessen genutzt, um dem Panelteilnehmer zu helfen.<\/p>\n<p>RAM verkauft, vermietet und legt keine Informationen offen, die den Panelteilnehmer gegen\u00fcber einem externen Dritten identifizieren k\u00f6nnen, ausgenommen f\u00fcr Dienstleister, die RAM beispielsweise bei der Datenspeicherung unterst\u00fctzen. Tochtergesellschaften von RAM sind in dem Begriff \u201eexterner Dritter\u201c nicht eingeschlossen. Werden pers\u00f6nliche Daten an Kunden von RAM \u00fcbertragen, erfolgt dies stets in anonymer, aggregierter Form. Die pers\u00f6nliche Identit\u00e4t wird aus allen Umfrageergebnissen entfernt und es ist nicht m\u00f6glich, Daten zu einem bestimmten Panelteilnehmer zur\u00fcckzuverfolgen.<\/p>\n<p>RAM verwendet niemals pers\u00f6nliche Daten zur Versendung von nicht durch den Panelteilnehmer angeforderten werblichen Angeboten. RAM nutzt die zur Kontaktierung von Panelteilnehmern bereitgestellten Daten f\u00fcr bestimmte Zwecke, zum Beispiel f\u00fcr Ank\u00fcndigungen zur Website, den Status von RAM, das spezifische Portal des Panelteilnehmers oder Wettbewerbe oder Pr\u00e4mien im Zusammenhang mit dem Panel.<\/p>\n<p>Der Panelteilnehmer stimmt ebenfalls zu, Angebote zur Beteiligung an gr\u00f6\u00dferen, nationalen Umfragepanels zu erhalten, die RAM zu unterschiedlichen Fragen erstellt. Diese Teilnahme erfolgt auf freiwilliger Basis und erfordert eine aktive Entscheidung des Panelteilnehmers.<\/p>\n<p>RAM \u00fcbermittelt pers\u00f6nliche Informationen nur, wenn dies gesetzlich vorgeschrieben ist oder RAM nach Treu und Glauben Grund zu der Annahme hat, dass diese Ma\u00dfnahme notwendig ist, um (a) rechtliche Verpflichtungen oder Anforderungen f\u00fcr Rechtsverfahren oder gerichtliche Anordnungen zu befolgen, (b) die Rechte von RAM zu sch\u00fctzen und zu verteidigen oder (c) Rechte, Eigentum oder sonstige Interessen der Nutzer von RAM oder anderer Personen zu sch\u00fctzen, wenn diese Interessen das Interesse des Panelteilnehmers zum Schutz gegen Missbrauch pers\u00f6nlicher Daten \u00fcberwiegen.<\/p>\n<p style=\"font-weight: 400;\"><strong>Auftragsdatenverarbeitung<\/strong><\/p>\n<p style=\"font-weight: 400;\">RAM hat Vereinbarungen zur Auftragsdatenvereinbarung mit Subunternehmen geschlossen, die im Auftrag von RAM pers\u00f6nliche Daten f\u00fcr bestimmte Zwecke in \u00dcbereinstimmung mit der Gesetzgebung und diesen Bedingungen bearbeiten..<\/p>\n<p style=\"font-weight: 400;\"><strong>Links<\/strong><\/p>\n<p>Die Website kann Links zu anderen Websites enthalten. RAM haftet nicht f\u00fcr den Inhalt oder die Datenschutzma\u00dfnahmen dieser Websites. RAM ruft die Panelteilnehmer zur Vorsicht beim Verlassen der Website von Rampanel und zum Lesen der Datenschutzhinweise und Bedingungen aller Websites auf, die pers\u00f6nliche Daten erheben.<\/p>\n<p style=\"font-weight: 400;\"><strong>Sicherheit<\/strong><\/p>\n<p>RAM verwendet wirtschaftlich zumutbare Ma\u00dfnahmen zum Schutz der Daten des Panelteilnehmers. Beispielsweise verschl\u00fcsselt RAM die pers\u00f6nlichen Daten, die der Panelteilnehmer auf der Website eingibt, mit 128-bit-Verschl\u00fcsselung, dem Branchenstandard zur sicheren Verschl\u00fcsselung. Aufgrund der Charakteristika des Internets und der Tatsache, dass Sicherheitsma\u00dfnahmen von Netzwerken nicht unfehlbar sind, gew\u00e4hrleistet RAM nicht den vollst\u00e4ndigen Schutz der Daten.<\/p>\n<p>Zus\u00e4tzlich zu der von RAM zum Schutz sensibler Daten online verwendeten Verschl\u00fcsselung arbeitet RAM auch am Schutz der Daten des Panelteilnehmers offline. Alle pers\u00f6nlichen Daten in den B\u00fcros von RAM unterliegen der Geheimhaltung. Nur Mitarbeiter, die die Daten zur Ausf\u00fchrung spezifischer Aufgaben ben\u00f6tigen, erhalten Zugriff auf die Daten. Alle Mitarbeiter erhalten fortw\u00e4hrend Informationen zu den Sicherheits- und Datenschutzroutinen von RAM. Die Server, auf denen pers\u00f6nliche Daten gespeichert werden, befinden sich in einer gesch\u00fctzten Umgebung in Schweden.<\/p>\n<p>Wenn sich der Panelteilnehmer auf Rampanel registriert, wird er um die Wahl eines Benutzernamens und eines Passworts gebeten. RAM empfiehlt dem Panelteilnehmer, das gew\u00e4hlte Passwort an niemanden weiterzugeben. RAM fragt den Panelteilnehmer in Telefongespr\u00e4chen oder E-Mails niemals nach dem Passwort, es sei denn, der Panelteilnehmer hat es direkt angefordert. Dem Panelteilnehmer wird ebenfalls empfohlen, sich von der Website abzumelden und das Browserfenster zu schlie\u00dfen, wenn der Panelteilnehmer seine Arbeit beendet hat. Dies erleichtert den Schutz der pers\u00f6nlichen Daten und Korrespondenz vor unerlaubtem Zugriff.<\/p>\n<p style=\"font-weight: 400;\"><strong>Passwort Management<\/strong><\/p>\n<p style=\"font-weight: 400;\">Wenn ein Panelteilnehmer ein Panel ausgew\u00e4hlt hat wird er aufgefordert, einen Benutzernamen und ein Passwort auszuw\u00e4hlen. RAM empfiehlt, dass der Panelteilnehmer das Passwort niemanden zeigt. RAM wird den Panelteilnehmer niemals auffordern, das Passwort in E-Mails oder am Telefon zu nennen. Dem Panelteilnehmer wird ebenso empfohlen, sich auf der Website auszuloggen und das Browserfenster zu schlie\u00dfen, sobald der Panelteilnehmer seine Arbeit oder Aufgabe beendet hat, um so seine pers\u00f6nlichen Daten zu sch\u00fctzen.<\/p>\n<p><strong>Die Verwendung von Cookies<\/strong><\/p>\n<p>RAM verwendet auf der Website sogenannte Cookies, um dem Nutzer personalisierte Umfragen zur Verf\u00fcgung stellen zu k\u00f6nnen und um Informationen \u00fcber Besuche von Websites zu erlangen.<\/p>\n<p>Ein Cookie ist eine kleine Textdatei, die auf dem Computer des Nutzers gespeichert wird. Cookies bestehen aus einem kleinen Datensatz mit Informationen dar\u00fcber, was der Nutzer tut, wenn er eine Website besucht. Durch Cookies gesammelte Informationen k\u00f6nnen enthalten, welche Seiten besucht wurden und wie viel Zeit auf der Website verbracht wurde.<\/p>\n<p>Es gibt zwei Arten von Cookies. Eine Art speichert eine Datei f\u00fcr lange Zeit auf dem Computer des Nutzers und kann zum Beispiel dazu verwendet werden, dem Nutzer mitzuteilen, was seit dem letzten Besuch des Nutzers auf der Site neu ist. Sobald das Ablaufdatum erreicht wurde, wird der Cookie automatisch gel\u00f6scht, wenn der Nutzer auf die Website zur\u00fcckkehrt, auf der er erstellt wurde. Die zweite Art von Cookies wird als Sitzungs-Cookie bezeichnet und f\u00fcr befristete Zeit im Speicher des Computers abgelegt, beispielsweise um zu erfassen, welche Sprache der Nutzer ausgew\u00e4hlt hat. Sitzungs-Cookies werden gel\u00f6scht, wenn der Browser geschlossen wird.<\/p>\n<p>Es wird zwischen Cookies von Erstanbietern und Cookies von Drittanbietern unterschieden. Cookies von Erstanbietern werden von dem Eigent\u00fcmer einer Website verwendet und Cookies von Drittanbietern werden von einer externen Website verwendet, einem Dritten. RAM verwendet Cookies von Erstanbietern, wenn sich ein Panelteilnehmer anmeldet.<\/p>\n<p>RAM verwendet Cookies gem\u00e4\u00df der f\u00fcr elektronische Kommunikation geltenden Gesetzgebung. Daher ist es n\u00f6tig, dass der Nutzer der Website Informationen \u00fcber die Zwecke erh\u00e4lt, f\u00fcr die Cookies verwendet werden, und dass der Nutzer dieser Verwendung zustimmt. Sind die Informationen ordentlich adressiert und erlaubt der Browser oder die sonstige Ausr\u00fcstung des Nutzers Cookies, gilt dies als Zustimmung.<\/p>\n<p>Cookies sind normale Textdateien und k\u00f6nnen keine Viren enthalten. Die Dateien sind klein und es kann nur eine gewisse Anzahl an Cookies auf einem Computer gespeichert werden. Daher besteht nicht die Gefahr, dass der Speicher voll wird, weil der Nutzer Cookies gestattet.<\/p>\n<p>Der Nutzer kann auf Wunsch Informationen zu Cookies erhalten, Cookies blockieren und gespeicherte Cookies entfernen. Der Nutzer kann durch die Sicherheitseinstellungen des Browsers Cookies deaktivieren. In diesem Fall kann die Funktion der Website eingeschr\u00e4nkt sein.<\/p>\n<p><strong>Korrektur, Aktualisierung, L\u00f6schen und Deaktivierung von Daten<\/strong><\/p>\n<p>\u00c4ndern sich die pers\u00f6nlichen Daten des Panelteilnehmers, sollte der Panelteilnehmer diese nach Einloggen auf der Website korrigieren oder aktualisieren.<\/p>\n<p>W\u00fcnscht der Panelteilnehmer das L\u00f6schen oder die Deaktivierung von Daten aus den Aufzeichnungen von RAM oder m\u00f6chte sich der Panelteilnehmer nicht l\u00e4nger an Rampanel beteiligen, reicht das Senden einer E-Mail mit diesem Hinweis an RAM aus (siehe Kontaktinformationen weiter unten). M\u00f6chte der Panelteilnehmer die Mitgliedschaft bei Rampanel beenden, oder l\u00f6scht RAM den Panelteilnehmer aufgrund von Inaktivit\u00e4t, werden alle Daten des laufenden Accounts gel\u00f6scht. Das bedeutet, dass lediglich demografische Daten f\u00fcr zuk\u00fcnftige Referenzsuchen und Vergleiche zur\u00fcckbleiben.<\/p>\n<p style=\"font-weight: 400;\"><strong>\u00c4nderungen<\/strong><\/p>\n<p>RAM ist zur \u00c4nderung dieser Bedingungen berechtigt. Beschlie\u00dft RAM, diese Bedingungen vollst\u00e4ndig zu ersetzen, wird eine eindeutige Nachricht mit dieser Information auf der Website ver\u00f6ffentlicht. \u00c4ndern sich die Bedingungen wesentlich, so dass es RAM m\u00f6glich ist, Informationen zu nutzen, die den Panelteilnehmer auf eine Weise identifizieren k\u00f6nnten, die von den Angaben zum Zeitpunkt der Erhebung der Daten abweicht, wird der Panelteilnehmer per E-Mail benachrichtigt und erh\u00e4lt die M\u00f6glichkeit, dieser Nutzung der Daten nicht zuzustimmen. Hat der Panelteilnehmer sein Konto gel\u00f6scht\/deaktiviert, wird der Panelteilnehmer nicht kontaktiert und seine Daten werden nicht auf diese Weise verwendet. Nimmt RAM wesentliche \u00c4nderungen an Datenschutzmethoden vor, die bereits in der Datenbank von RAM gespeicherte Informationen betreffen, verpflichtet sich RAM zur Ver\u00f6ffentlichung einer eindeutigen Mitteilung auf der Website und zur Hervorhebung dieser Information, damit sie f\u00fcr den Panelteilnehmer sichtbar ist.<\/p>\n<p><strong>Kontaktinformationen<\/strong><\/p>\n<p>Hat der Panelteilnehmer Fragen zu diesen Bedingungen oder m\u00f6chte er seine Mitgliedschaft beenden, kann die nachfolgende E-Mail-Adresse neben dem jeweiligen Land des Wohnsitzes des Panelteilnehmers verwendet werden.<\/p>\n<p style=\"font-weight: 400;\"><strong>Europa:<\/strong><\/p>\n<p>Schweden: info_swe@rampanel.com<\/p>\n<p>Finnland: info_fin@rampanel.com<\/p>\n<p>Norwegen: info_nor@rampanel.com<\/p>\n<p>Island: info_isl@rampanel.com<\/p>\n<p>D\u00e4nemark: info_swe@rampanel.com<\/p>\n<p>Estland: info_fin@rampanel.com<\/p>\n<p>VK &amp; Irland: info_uk@rampanel.com<\/p>\n<p>Deutschland: info_deu@rampanel.com<\/p>\n<p>Schweiz: info_deu@rampanel.com<\/p>\n<p>\u00d6sterreich: info_deu@rampanel.com<\/p>\n<p>Polen: info_swe@rampanel.com<\/p>\n<p>Sonstige L\u00e4nder in Europa: info_swe@rampanel.com<\/p>\n<p><strong>Nord- und S\u00fcdamerika:<\/strong><\/p>\n<p>info@rammarketresearch.com<\/p>\n","protected":false},"excerpt":{"rendered":"<p>Bedingungen f\u00fcr die Registrierung als Panelteilnehmer Durch seine Zustimmung zu diesen Bedingungen erkl\u00e4rt sich der Panelteilnehmer mit der Speicherung und Verarbeitung der in den folgenden Bedingungen genannten pers\u00f6nlichen Daten einverstanden. \u00a0 Allgemeine Informationen \u00fcber RAM und den Panelteilnehmer Diese Bedingungen gelten f\u00fcr Panelteilnehmer (der\/die \u201ePanelteilnehmer\u201c), die sich auf der Website Rampanel.com (\u201eRampanel\u201c) registrieren. Rampanel wird&hellip;<\/p>\n","protected":false},"author":1,"featured_media":0,"parent":0,"menu_order":0,"comment_status":"closed","ping_status":"closed","template":"","meta":{"footnotes":""},"class_list":["post-21003","page","type-page","status-publish","hentry","description-off"],"_links":{"self":[{"href":"https:\/\/www2.rampanel.com\/de\/wp-json\/wp\/v2\/pages\/21003","targetHints":{"allow":["GET"]}}],"collection":[{"href":"https:\/\/www2.rampanel.com\/de\/wp-json\/wp\/v2\/pages"}],"about":[{"href":"https:\/\/www2.rampanel.com\/de\/wp-json\/wp\/v2\/types\/page"}],"author":[{"embeddable":true,"href":"https:\/\/www2.rampanel.com\/de\/wp-json\/wp\/v2\/users\/1"}],"replies":[{"embeddable":true,"href":"https:\/\/www2.rampanel.com\/de\/wp-json\/wp\/v2\/comments?post=21003"}],"version-history":[{"count":4,"href":"https:\/\/www2.rampanel.com\/de\/wp-json\/wp\/v2\/pages\/21003\/revisions"}],"predecessor-version":[{"id":24726,"href":"https:\/\/www2.rampanel.com\/de\/wp-json\/wp\/v2\/pages\/21003\/revisions\/24726"}],"wp:attachment":[{"href":"https:\/\/www2.rampanel.com\/de\/wp-json\/wp\/v2\/media?parent=21003"}],"curies":[{"name":"wp","href":"https:\/\/api.w.org\/{rel}","templated":true}]}}