{"id":20829,"date":"2018-12-10T13:44:15","date_gmt":"2018-12-10T13:44:15","guid":{"rendered":"https:\/\/www2.rampanel.com\/products\/"},"modified":"2019-07-22T08:42:51","modified_gmt":"2019-07-22T08:42:51","slug":"products","status":"publish","type":"page","link":"https:\/\/www2.rampanel.com\/fi\/products\/","title":{"rendered":"Valikoimamme"},"content":{"rendered":"<div class=\"wpb-content-wrapper\"><p>[vc_row bg_type=&#8221;bg_color&#8221; bg_override=&#8221;ex-full&#8221; type=&#8221;vc_default&#8221; margin_top=&#8221;-50&#8243; anchor=&#8221;about&#8221; css=&#8221;.vc_custom_1543821597147{padding-top: 50px !important;padding-bottom: 50px !important;}&#8221; el_id=&#8221;products&#8221; bg_color_value=&#8221;#f8f8f9&#8243;][vc_column]<div id=\"ultimate-heading-784869d64b11b2a8d\" class=\"uvc-heading ult-adjust-bottom-margin ultimate-heading-784869d64b11b2a8d uvc-7777 \" data-hspacer=\"no_spacer\"  data-halign=\"center\" style=\"text-align:center\"><div class=\"uvc-heading-spacer no_spacer\" style=\"top\"><\/div><div class=\"uvc-main-heading ult-responsive\"  data-ultimate-target='.uvc-heading.ultimate-heading-784869d64b11b2a8d h2'  data-responsive-json-new='{\"font-size\":\"desktop:56px;mobile_landscape:40px;\",\"line-height\":\"desktop:66px;mobile_landscape:50px;\"}' ><h2 style=\"--font-weight:theme;margin-bottom:5px;\">Tuotteemme ja palvelumme<\/h2><\/div><div class=\"uvc-sub-heading ult-responsive\"  data-ultimate-target='.uvc-heading.ultimate-heading-784869d64b11b2a8d .uvc-sub-heading '  data-responsive-json-new='{\"font-size\":\"desktop:26px;mobile_landscape:20px;\",\"line-height\":\"desktop:36px;mobile_landscape:30px;\"}'  style=\"font-weight:normal;color:#adb0b6;margin-bottom:5px;\"><span style=\"font-weight: 400;\">Meill\u00e4 on kaikki ty\u00f6kalut liiketoimintasi kehitt\u00e4miseen\u00a0<\/span><\/div><\/div>[\/vc_column][\/vc_row][vc_row bg_type=&#8221;bg_color&#8221; seperator_enable=&#8221;seperator_enable_value&#8221; seperator_type=&#8221;triangle_svg_seperator&#8221; seperator_svg_height=&#8221;30&#8243; seperator_shape_background=&#8221;#f8f8f9&#8243; type=&#8221;vc_default&#8221; margin_top=&#8221;-50&#8243; anchor=&#8221;about&#8221; css=&#8221;.vc_custom_1543822001973{padding-top: 50px !important;padding-bottom: 0px !important;}&#8221; bg_color_value=&#8221;#ffffff&#8221;][vc_column width=&#8221;1\/3&#8243; css=&#8221;.vc_custom_1543585134761{padding-top: 0px !important;padding-right: 0px !important;padding-bottom: 0px !important;padding-left: 0px !important;background-image: url(https:\/\/www2.rampanel.com\/wp-content\/uploads\/2018\/10\/news.jpg?id=15791) !important;}&#8221;]<div class=\"flip-box-wrap\" style=\"margin:0px;padding:0px;\"><div class=\"flip-box ifb-custom-height accent-icon-color horizontal_flip_right flip-box-custom-height flip-ifb-custom-height\" data-animation=\"\" data-animation-delay=\"03\" style=\"\"  data-min-height='320px'><div class=\"ifb-flip-box\" id=\"flip-box-wrap-9743\"><div class=\"ifb-face ifb-front \" style=\"color:#ffffff;background:rgba(0,0,0,0.6);  border-color:#A4A4A4; \">\n\t\t\t\t\t\t\t<div class=\"ifb-flip-box-section ifb-flip-box-section-vertical-middle\">\n\t\t\t\t\t\t\t<div class=\"flip-box-icon\"><div class=\"ult-just-icon-wrapper  \"><div class=\"align-icon\" style=\"text-align:center;\">\n<div class=\"aio-icon none \"  style=\"color:#ffffff;font-size:64px;display:inline-block;\">\n\t<i class=\"none\"><\/i>\n<\/div><\/div><\/div><\/div><h3 class=\"ult-responsive flipbox_heading\"  data-ultimate-target='#flip-box-wrap-9743 .ult-responsive.flipbox_heading'  data-responsive-json-new='{\"font-size\":\"desktop:28px;\",\"line-height\":\"desktop:36px;\"}'  style=\"color:#ffffff; \">Toimituksellisen sis\u00e4ll\u00f6n tutkiminen<\/h3><div class=\"ifb-flip-box-section-content ult-responsive\"  data-ultimate-target='#flip-box-wrap-9743 .ifb-flip-box-section-content.ult-responsive'  data-responsive-json-new='{\"font-size\":\"desktop:14px;\",\"line-height\":\"desktop:24px;\"}'  style=\"color:#ffffff;\"><p>Lue lis\u00e4\u00e4<\/p><\/div><\/div><\/div><!-- END .front -->\n\t\t\t\t\t\t<div class=\"ifb-face ifb-back\" style=\"color:#ffffff;background:#23262d;  border-color:#A4A4A4; \">\n\t\t\t\t\t\t\t<div class=\"ifb-flip-box-section ifb-flip-box-section-vertical-middle\"><div class=\"ifb-desc-back\"><div class=\"ifb-flip-box-section-content ult-responsive\"  data-ultimate-target='#flip-box-wrap-9743 .ifb-flip-box-section-content.ult-responsive'  data-responsive-json-new='{\"font-size\":\"desktop:14px;\",\"line-height\":\"desktop:24px;\"}'  style=\"color:#ffffff;\"><p>Useat tuotteemme, kuten juttu- ja sis\u00e4lt\u00f6markkinointitutkimus,,sivuhuomioarvo, erilaiset sivutestit ja sitouttavuustutkimukset auttavat sinua tekem\u00e4\u00e4n sis\u00e4ll\u00f6st\u00e4si entist\u00e4 laadukkaampaa kanavasta riippumatta.  Mittaa sis\u00e4lt\u00f6\u00e4 mobiilissa, onlinessa, sanomalehdess\u00e4, aikakauslehdess\u00e4 tai miss\u00e4 tahansa haluat varmistaaksesi sis\u00e4ll\u00f6n laadun.  Kaikkea tutkimustietoa voi tarkastella 40 demografisen taustatekij\u00e4n avulla. <\/p><\/div><\/div><div class=\"flip_link\"><a href=\"\/editorial-and-content-insights\/\"  style=\"background:#333333; color:#ffffff;\">Lue lis\u00e4\u00e4 tuotteet-sivultamme<\/a><\/div><\/div><\/div><!-- END .back --><\/div> <!-- ifb-flip-box --><\/div> <!-- flip-box --><\/div><!-- End icon block -->[\/vc_column][vc_column width=&#8221;1\/3&#8243; css=&#8221;.vc_custom_1548338660921{padding-top: 0px !important;padding-right: 0px !important;padding-bottom: 0px !important;padding-left: 0px !important;background-image: url(https:\/\/www2.rampanel.com\/wp-content\/uploads\/2019\/01\/branding500-1.jpg?id=16581) !important;background-position: center !important;background-repeat: no-repeat !important;background-size: cover !important;}&#8221;]<div class=\"flip-box-wrap\" style=\"margin:0px;padding:0px;\"><div class=\"flip-box ifb-custom-height accent-icon-color horizontal_flip_right flip-box-custom-height flip-ifb-custom-height\" data-animation=\"\" data-animation-delay=\"03\" style=\"\"  data-min-height='320px'><div class=\"ifb-flip-box\" id=\"flip-box-wrap-1671\"><div class=\"ifb-face ifb-front \" style=\"color:#ffffff;background:rgba(0,0,0,0.6);  border-color:#A4A4A4; \">\n\t\t\t\t\t\t\t<div class=\"ifb-flip-box-section ifb-flip-box-section-vertical-middle\">\n\t\t\t\t\t\t\t<div class=\"flip-box-icon\"><div class=\"ult-just-icon-wrapper  \"><div class=\"align-icon\" style=\"text-align:center;\">\n<div class=\"aio-icon none \"  style=\"color:#ffffff;font-size:64px;display:inline-block;\">\n\t<i class=\"none\"><\/i>\n<\/div><\/div><\/div><\/div><h3 class=\"ult-responsive flipbox_heading\"  data-ultimate-target='#flip-box-wrap-1671 .ult-responsive.flipbox_heading'  data-responsive-json-new='{\"font-size\":\"desktop:28px;\",\"line-height\":\"desktop:36px;\"}'  style=\"color:#ffffff; \">Br\u00e4nditutkimukset onlinessa ja offlinessa<\/h3><div class=\"ifb-flip-box-section-content ult-responsive\"  data-ultimate-target='#flip-box-wrap-1671 .ifb-flip-box-section-content.ult-responsive'  data-responsive-json-new='{\"font-size\":\"desktop:14px;\",\"line-height\":\"desktop:24px;\"}'  style=\"color:#ffffff;\"><p>Lue lis\u00e4\u00e4<\/p><\/div><\/div><\/div><!-- END .front -->\n\t\t\t\t\t\t<div class=\"ifb-face ifb-back\" style=\"color:#ffffff;background:#23262d;  border-color:#A4A4A4; \">\n\t\t\t\t\t\t\t<div class=\"ifb-flip-box-section ifb-flip-box-section-vertical-middle\"><div class=\"ifb-desc-back\"><div class=\"ifb-flip-box-section-content ult-responsive\"  data-ultimate-target='#flip-box-wrap-1671 .ifb-flip-box-section-content.ult-responsive'  data-responsive-json-new='{\"font-size\":\"desktop:14px;\",\"line-height\":\"desktop:24px;\"}'  style=\"color:#ffffff;\"><p>Brand Map ja Brand Lift ovat toimialatutkimuksia, joilla analysoidaan tietty\u00e4 toimialaa kilpailuaseman kartoittamiseksi ennen mainoskampanjaa ja sen j\u00e4lkeen. <\/p><\/div><\/div><div class=\"flip_link\"><a href=\"https:\/\/www2.rampanel.com\/brand-performance-and-brand-lift-offline-and-online\/\"  style=\"background:#333333; color:#ffffff;\">Lue lis\u00e4\u00e4 tuotteet-sivultamme<\/a><\/div><\/div><\/div><!-- END .back --><\/div> <!-- ifb-flip-box --><\/div> <!-- flip-box --><\/div><!-- End icon block -->[\/vc_column][vc_column width=&#8221;1\/3&#8243; css=&#8221;.vc_custom_1543585178005{padding-top: 0px !important;padding-right: 0px !important;padding-bottom: 0px !important;padding-left: 0px !important;background-image: url(https:\/\/www2.rampanel.com\/wp-content\/uploads\/revslider\/classicslider\/touchit.jpg?id=16403) !important;background-position: center !important;background-repeat: no-repeat !important;background-size: cover !important;}&#8221;]<div class=\"flip-box-wrap\" style=\"margin:0px;padding:0px;\"><div class=\"flip-box ifb-custom-height accent-icon-color horizontal_flip_right flip-box-custom-height flip-ifb-custom-height\" data-animation=\"\" data-animation-delay=\"03\" style=\"\"  data-min-height='320px'><div class=\"ifb-flip-box\" id=\"flip-box-wrap-7684\"><div class=\"ifb-face ifb-front \" style=\"color:#ffffff;background:rgba(0,0,0,0.6);  border-color:#A4A4A4; \">\n\t\t\t\t\t\t\t<div class=\"ifb-flip-box-section ifb-flip-box-section-vertical-middle\">\n\t\t\t\t\t\t\t<div class=\"flip-box-icon\"><div class=\"ult-just-icon-wrapper  \"><div class=\"align-icon\" style=\"text-align:center;\">\n<div class=\"aio-icon none \"  style=\"color:#ffffff;font-size:64px;display:inline-block;\">\n\t<i class=\"none\"><\/i>\n<\/div><\/div><\/div><\/div><h3 class=\"ult-responsive flipbox_heading\"  data-ultimate-target='#flip-box-wrap-7684 .ult-responsive.flipbox_heading'  data-responsive-json-new='{\"font-size\":\"desktop:28px;\",\"line-height\":\"desktop:36px;\"}'  style=\"color:#ffffff; \">Vinkkej\u00e4 onnistuneeseen mainontaan<\/h3><div class=\"ifb-flip-box-section-content ult-responsive\"  data-ultimate-target='#flip-box-wrap-7684 .ifb-flip-box-section-content.ult-responsive'  data-responsive-json-new='{\"font-size\":\"desktop:14px;\",\"line-height\":\"desktop:24px;\"}'  style=\"color:#ffffff;\"><p>Lue lis\u00e4\u00e4<\/p><\/div><\/div><\/div><!-- END .front -->\n\t\t\t\t\t\t<div class=\"ifb-face ifb-back\" style=\"color:#ffffff;background:#23262d;  border-color:#A4A4A4; \">\n\t\t\t\t\t\t\t<div class=\"ifb-flip-box-section ifb-flip-box-section-vertical-middle\"><div class=\"ifb-desc-back\"><div class=\"ifb-flip-box-section-content ult-responsive\"  data-ultimate-target='#flip-box-wrap-7684 .ifb-flip-box-section-content.ult-responsive'  data-responsive-json-new='{\"font-size\":\"desktop:14px;\",\"line-height\":\"desktop:24px;\"}'  style=\"color:#ffffff;\"><p>RAMin avulla saat selville mainostesi todellisen tehon ja laadun. Kuinka moni ja millaiset kohderyhm\u00e4t ovat n\u00e4hneet ja muistavat mainontaasi?  Tunnetaanko br\u00e4ndi tarpeeksi hyvin?  Ymm\u00e4rsik\u00f6 ja pitik\u00f6 kohryhm\u00e4 viestinn\u00e4st\u00e4si? Yhten\u00e4 t\u00e4rkeimmist\u00e4 tekij\u00f6ist\u00e4, saat selville, aktivoiko mainonta kuluttajia. Valitse tutkimustiedosta oleellisin, anna myyntitiimisi esitell\u00e4 se mainostajille ja tee mainosnnasta entist\u00e4 tehokkaampaa tulevaisuudessa. <\/p><\/div><\/div><div class=\"flip_link\"><a href=\"https:\/\/www2.rampanel.com\/products\/advertising-insights-and-receipts\/\"  style=\"background:#333333; color:#ffffff;\">Lue lis\u00e4\u00e4 tuotteet-sivultamme<\/a><\/div><\/div><\/div><!-- END .back --><\/div> <!-- ifb-flip-box --><\/div> <!-- flip-box --><\/div><!-- End icon block -->[\/vc_column][\/vc_row][vc_row type=&#8221;vc_default&#8221; margin_top=&#8221;-50&#8243; anchor=&#8221;about&#8221; css=&#8221;.vc_custom_1543585291195{padding-bottom: 100px !important;}&#8221;][vc_column width=&#8221;1\/3&#8243; css=&#8221;.vc_custom_1548411613733{padding-top: 0px !important;padding-right: 0px !important;padding-bottom: 0px !important;padding-left: 0px !important;background-image: url(https:\/\/www2.rampanel.com\/wp-content\/uploads\/2018\/12\/apple_monitorwrametrics.jpg?id=16562) !important;background-position: center !important;background-repeat: no-repeat !important;background-size: cover !important;}&#8221;]<div class=\"flip-box-wrap\" style=\"margin:0px;padding:0px;\"><div class=\"flip-box ifb-custom-height accent-icon-color horizontal_flip_right flip-box-custom-height flip-ifb-custom-height\" data-animation=\"\" data-animation-delay=\"03\" style=\"\"  data-min-height='320px'><div class=\"ifb-flip-box\" id=\"flip-box-wrap-1051\"><div class=\"ifb-face ifb-front \" style=\"color:#ffffff;background:rgba(0,0,0,0.6);  border-color:#A4A4A4; \">\n\t\t\t\t\t\t\t<div class=\"ifb-flip-box-section ifb-flip-box-section-vertical-middle\">\n\t\t\t\t\t\t\t<div class=\"flip-box-icon\"><div class=\"ult-just-icon-wrapper  \"><div class=\"align-icon\" style=\"text-align:center;\">\n<div class=\"aio-icon none \"  style=\"color:#ffffff;font-size:64px;display:inline-block;\">\n\t<i class=\"none\"><\/i>\n<\/div><\/div><\/div><\/div><h3 class=\"ult-responsive flipbox_heading\"  data-ultimate-target='#flip-box-wrap-1051 .ult-responsive.flipbox_heading'  data-responsive-json-new='{\"font-size\":\"desktop:28px;\",\"line-height\":\"desktop:36px;\"}'  style=\"color:#ffffff; \">Rametrics<\/h3><div class=\"ifb-flip-box-section-content ult-responsive\"  data-ultimate-target='#flip-box-wrap-1051 .ifb-flip-box-section-content.ult-responsive'  data-responsive-json-new='{\"font-size\":\"desktop:14px;\",\"line-height\":\"desktop:24px;\"}'  style=\"color:#ffffff;\"><p>Lue lis\u00e4\u00e4<\/p><\/div><\/div><\/div><!-- END .front -->\n\t\t\t\t\t\t<div class=\"ifb-face ifb-back\" style=\"color:#ffffff;background:#23262d;  border-color:#A4A4A4; \">\n\t\t\t\t\t\t\t<div class=\"ifb-flip-box-section ifb-flip-box-section-vertical-middle\"><div class=\"ifb-desc-back\"><div class=\"ifb-flip-box-section-content ult-responsive\"  data-ultimate-target='#flip-box-wrap-1051 .ifb-flip-box-section-content.ult-responsive'  data-responsive-json-new='{\"font-size\":\"desktop:14px;\",\"line-height\":\"desktop:24px;\"}'  style=\"color:#ffffff;\"><p>Rametricsin kautta saat lis\u00e4tietoa mainonnan trendeist\u00e4 ja siit\u00e4 kuinka mediasis\u00e4lt\u00f6si toimii.  Voit tarkastella yksitt\u00e4isen br\u00e4ndin tai br\u00e4ndiyhdistelm\u00e4n ainutlaatuisista ominaisuuksista ja siit\u00e4 millainen sis\u00e4lt\u00f6 niiden osalta toimii parhaiten.  Rametrocs kokoaa kaikki RAMin tutkimukset yhteen.<\/p><\/div><\/div><div class=\"flip_link\"><a href=\"https:\/\/www2.rampanel.com\/rametrics\/\"  style=\"background:#333333; color:#ffffff;\">Lue lis\u00e4\u00e4 tuotteet-sivultamme<\/a><\/div><\/div><\/div><!-- END .back --><\/div> <!-- ifb-flip-box --><\/div> <!-- flip-box --><\/div><!-- End icon block -->[\/vc_column][vc_column width=&#8221;1\/3&#8243; css=&#8221;.vc_custom_1543585279900{padding-top: 0px !important;padding-right: 0px !important;padding-bottom: 0px !important;padding-left: 0px !important;background-image: url(https:\/\/www2.rampanel.com\/wp-content\/uploads\/2018\/11\/sliderimage1.jpg?id=16307) !important;background-position: center !important;background-repeat: no-repeat !important;background-size: cover !important;}&#8221;]<div class=\"flip-box-wrap\" style=\"margin:0px;padding:0px;\"><div class=\"flip-box ifb-custom-height accent-icon-color horizontal_flip_right flip-box-custom-height flip-ifb-custom-height\" data-animation=\"\" data-animation-delay=\"03\" style=\"\"  data-min-height='320px'><div class=\"ifb-flip-box\" id=\"flip-box-wrap-6155\"><div class=\"ifb-face ifb-front \" style=\"color:#ffffff;background:rgba(0,0,0,0.6);  border-color:#A4A4A4; \">\n\t\t\t\t\t\t\t<div class=\"ifb-flip-box-section ifb-flip-box-section-vertical-middle\">\n\t\t\t\t\t\t\t<div class=\"flip-box-icon\"><div class=\"ult-just-icon-wrapper  \"><div class=\"align-icon\" style=\"text-align:center;\">\n<div class=\"aio-icon none \"  style=\"color:#ffffff;font-size:64px;display:inline-block;\">\n\t<i class=\"none\"><\/i>\n<\/div><\/div><\/div><\/div><h3 class=\"ult-responsive flipbox_heading\"  data-ultimate-target='#flip-box-wrap-6155 .ult-responsive.flipbox_heading'  data-responsive-json-new='{\"font-size\":\"desktop:28px;\",\"line-height\":\"desktop:36px;\"}'  style=\"color:#ffffff; \">Online-seuranta, sis\u00e4ll\u00f6n vaikutus ja konversiot<\/h3><div class=\"ifb-flip-box-section-content ult-responsive\"  data-ultimate-target='#flip-box-wrap-6155 .ifb-flip-box-section-content.ult-responsive'  data-responsive-json-new='{\"font-size\":\"desktop:14px;\",\"line-height\":\"desktop:24px;\"}'  style=\"color:#ffffff;\"><p>Lue lis\u00e4\u00e4<\/p><\/div><\/div><\/div><!-- END .front -->\n\t\t\t\t\t\t<div class=\"ifb-face ifb-back\" style=\"color:#ffffff;background:#23262d;  border-color:#A4A4A4; \">\n\t\t\t\t\t\t\t<div class=\"ifb-flip-box-section ifb-flip-box-section-vertical-middle\"><div class=\"ifb-desc-back\"><div class=\"ifb-flip-box-section-content ult-responsive\"  data-ultimate-target='#flip-box-wrap-6155 .ifb-flip-box-section-content.ult-responsive'  data-responsive-json-new='{\"font-size\":\"desktop:14px;\",\"line-height\":\"desktop:24px;\"}'  style=\"color:#ffffff;\"><p>RAMin online-seuranta on t\u00e4ll\u00e4 hetkell\u00e4 saatavilla viidess\u00e4 maassa, mutta seurantoja voi tehd\u00e4 yli 80 markkina-alueella. RAMin online-yleis\u00f6seurantannalla selvit\u00e4t sis\u00e4ll\u00f6n tavoittavuuden, frekvenssit ja demografiat niille. jotka vierailivat tietyll\u00e4 online-sivustolla, sivun tietyss\u00e4 osiossa tai sivulla ja kuinka monta kertaa.<\/p><\/div><\/div><div class=\"flip_link\"><a href=\"https:\/\/www2.rampanel.com\/digital-tracking-effect-and-conversions\/\"  style=\"background:#333333; color:#ffffff;\">Lue lis\u00e4\u00e4 tuotteet-sivultamme<\/a><\/div><\/div><\/div><!-- END .back --><\/div> <!-- ifb-flip-box --><\/div> <!-- flip-box --><\/div><!-- End icon block -->[\/vc_column][vc_column width=&#8221;1\/3&#8243; css=&#8221;.vc_custom_1548337883484{padding-top: 0px !important;padding-right: 0px !important;padding-bottom: 0px !important;padding-left: 0px !important;background-image: url(https:\/\/www2.rampanel.com\/wp-content\/uploads\/2019\/01\/key500.jpg?id=16577) !important;background-position: center !important;background-repeat: no-repeat !important;background-size: cover !important;}&#8221;]<div class=\"flip-box-wrap\" style=\"margin:0px;padding:0px;\"><div class=\"flip-box ifb-custom-height accent-icon-color horizontal_flip_right flip-box-custom-height flip-ifb-custom-height\" data-animation=\"\" data-animation-delay=\"03\" style=\"\"  data-min-height='320px'><div class=\"ifb-flip-box\" id=\"flip-box-wrap-4340\"><div class=\"ifb-face ifb-front \" style=\"color:#ffffff;background:rgba(0,0,0,0.6);  border-color:#A4A4A4; \">\n\t\t\t\t\t\t\t<div class=\"ifb-flip-box-section ifb-flip-box-section-vertical-middle\">\n\t\t\t\t\t\t\t<div class=\"flip-box-icon\"><div class=\"ult-just-icon-wrapper  \"><div class=\"align-icon\" style=\"text-align:center;\">\n<div class=\"aio-icon none \"  style=\"color:#ffffff;font-size:64px;display:inline-block;\">\n\t<i class=\"none\"><\/i>\n<\/div><\/div><\/div><\/div><h3 class=\"ult-responsive flipbox_heading\"  data-ultimate-target='#flip-box-wrap-4340 .ult-responsive.flipbox_heading'  data-responsive-json-new='{\"font-size\":\"desktop:28px;\",\"line-height\":\"desktop:36px;\"}'  style=\"color:#ffffff; \">Koulutus-, valmennus- ja konsultointipalvelut<\/h3><div class=\"ifb-flip-box-section-content ult-responsive\"  data-ultimate-target='#flip-box-wrap-4340 .ifb-flip-box-section-content.ult-responsive'  data-responsive-json-new='{\"font-size\":\"desktop:14px;\",\"line-height\":\"desktop:24px;\"}'  style=\"color:#ffffff;\"><p>Lue lis\u00e4\u00e4<\/p><\/div><\/div><\/div><!-- END .front -->\n\t\t\t\t\t\t<div class=\"ifb-face ifb-back\" style=\"color:#ffffff;background:#23262d;  border-color:#A4A4A4; \">\n\t\t\t\t\t\t\t<div class=\"ifb-flip-box-section ifb-flip-box-section-vertical-middle\"><div class=\"ifb-desc-back\"><div class=\"ifb-flip-box-section-content ult-responsive\"  data-ultimate-target='#flip-box-wrap-4340 .ifb-flip-box-section-content.ult-responsive'  data-responsive-json-new='{\"font-size\":\"desktop:14px;\",\"line-height\":\"desktop:24px;\"}'  style=\"color:#ffffff;\"><p>RAM j\u00e4rjest\u00e4\u00e4 erilaisia koulutuksia yritysten johdolle. Tarjoamme sek\u00e4 laajoja ett\u00e4 rajattuja konsultointiprojekteja   RAM hy\u00f6dynt\u00e4\u00e4 konsultointiprojekteissa laajaa osaamistaan viestinn\u00e4n vaikuttavuuden tutkimisesta, analyysity\u00f6kalu Rametricsi\u00e4 ja tutkimustietopankkiaan, jossa on yli 230 000 casea eri toimialoilta. <\/p><\/div><\/div><div class=\"flip_link\"><a href=\"https:\/\/www2.rampanel.com\/training-and-consultancy\/\"  style=\"background:#333333; color:#ffffff;\">Lue lis\u00e4\u00e4 tuotteet-sivultamme<\/a><\/div><\/div><\/div><!-- END .back --><\/div> <!-- ifb-flip-box --><\/div> <!-- flip-box --><\/div><!-- End icon block -->[\/vc_column][\/vc_row][vc_row type=&#8221;vc_default&#8221; margin_top=&#8221;-50&#8243; anchor=&#8221;about&#8221; css=&#8221;.vc_custom_1543585566486{padding-top: 0px !important;padding-bottom: 100px !important;}&#8221;][vc_column][vc_btn title=&#8221;OTA YHTEYTT\u00c4&#8221; color=&#8221;danger&#8221; align=&#8221;center&#8221; i_icon_fontawesome=&#8221;fa fa-envelope-o&#8221; css_animation=&#8221;bounceInLeft&#8221; add_icon=&#8221;true&#8221; smooth_scroll=&#8221;true&#8221; link=&#8221;url:https%3A%2F%2Fwww2.rampanel.com%2Ffi%2Fcontact%2F|&#8221; css=&#8221;.vc_custom_1553845606167{padding-top: 50px !important;}&#8221;][\/vc_column][\/vc_row]<\/p>\n<\/div>","protected":false},"excerpt":{"rendered":"<p>[vc_row bg_type=&#8221;bg_color&#8221; bg_override=&#8221;ex-full&#8221; type=&#8221;vc_default&#8221; margin_top=&#8221;-50&#8243; anchor=&#8221;about&#8221; css=&#8221;.vc_custom_1543821597147{padding-top: 50px !important;padding-bottom: 50px !important;}&#8221; el_id=&#8221;products&#8221; bg_color_value=&#8221;#f8f8f9&#8243;][vc_column][\/vc_column][\/vc_row][vc_row bg_type=&#8221;bg_color&#8221; seperator_enable=&#8221;seperator_enable_value&#8221; seperator_type=&#8221;triangle_svg_seperator&#8221; seperator_svg_height=&#8221;30&#8243; seperator_shape_background=&#8221;#f8f8f9&#8243; type=&#8221;vc_default&#8221; margin_top=&#8221;-50&#8243; anchor=&#8221;about&#8221; css=&#8221;.vc_custom_1543822001973{padding-top: 50px !important;padding-bottom: 0px !important;}&#8221; bg_color_value=&#8221;#ffffff&#8221;][vc_column width=&#8221;1\/3&#8243; css=&#8221;.vc_custom_1543585134761{padding-top: 0px !important;padding-right: 0px !important;padding-bottom: 0px !important;padding-left: 0px !important;background-image: url(https:\/\/www2.rampanel.com\/wp-content\/uploads\/2018\/10\/news.jpg?id=15791) !important;}&#8221;][\/vc_column][vc_column width=&#8221;1\/3&#8243; css=&#8221;.vc_custom_1548338660921{padding-top: 0px !important;padding-right: 0px !important;padding-bottom: 0px !important;padding-left: 0px !important;background-image: url(https:\/\/www2.rampanel.com\/wp-content\/uploads\/2019\/01\/branding500-1.jpg?id=16581) !important;background-position: center !important;background-repeat: no-repeat !important;background-size:&hellip;<\/p>\n","protected":false},"author":1,"featured_media":0,"parent":0,"menu_order":1,"comment_status":"closed","ping_status":"closed","template":"","meta":{"footnotes":""},"class_list":["post-20829","page","type-page","status-publish","hentry","description-off"],"_links":{"self":[{"href":"https:\/\/www2.rampanel.com\/fi\/wp-json\/wp\/v2\/pages\/20829","targetHints":{"allow":["GET"]}}],"collection":[{"href":"https:\/\/www2.rampanel.com\/fi\/wp-json\/wp\/v2\/pages"}],"about":[{"href":"https:\/\/www2.rampanel.com\/fi\/wp-json\/wp\/v2\/types\/page"}],"author":[{"embeddable":true,"href":"https:\/\/www2.rampanel.com\/fi\/wp-json\/wp\/v2\/users\/1"}],"replies":[{"embeddable":true,"href":"https:\/\/www2.rampanel.com\/fi\/wp-json\/wp\/v2\/comments?post=20829"}],"version-history":[{"count":26,"href":"https:\/\/www2.rampanel.com\/fi\/wp-json\/wp\/v2\/pages\/20829\/revisions"}],"predecessor-version":[{"id":22365,"href":"https:\/\/www2.rampanel.com\/fi\/wp-json\/wp\/v2\/pages\/20829\/revisions\/22365"}],"wp:attachment":[{"href":"https:\/\/www2.rampanel.com\/fi\/wp-json\/wp\/v2\/media?parent=20829"}],"curies":[{"name":"wp","href":"https:\/\/api.w.org\/{rel}","templated":true}]}}