{"id":20925,"date":"2018-12-10T13:50:36","date_gmt":"2018-12-10T13:50:36","guid":{"rendered":"https:\/\/www2.rampanel.com\/products\/advertising-insights-and-receipts\/"},"modified":"2019-05-20T12:37:05","modified_gmt":"2019-05-20T12:37:05","slug":"advertising-insights-and-receipts","status":"publish","type":"page","link":"https:\/\/www2.rampanel.com\/fi\/products\/advertising-insights-and-receipts\/","title":{"rendered":"Vinkkej\u00e4 onnistuneeseen mainontaan"},"content":{"rendered":"<h2><b>Vinkkej\u00e4 onnistuneeseen mainontaan<\/b><\/h2>\n<p><span style=\"font-weight: 400\">RAMin avulla saat selville mainostesi todellisen tehon ja laadun. Kuinka moni ja millaiset kohderyhm\u00e4t ovat n\u00e4hneet ja muistavat mainontaasi?\u00a0 Tunnetaanko br\u00e4ndi tarpeeksi hyvin?\u00a0 Ymm\u00e4rsik\u00f6 ja pitik\u00f6 kohderyhm\u00e4 viestinn\u00e4st\u00e4si? Yhten\u00e4 t\u00e4rkeimmist\u00e4 tekij\u00f6ist\u00e4 saat selville, aktivoiko mainonta kuluttajia. Valitse tutkimustiedosta oleellisin, anna myyntitiimisi esitell\u00e4 se mainostajille ja tee mainonnasta entist\u00e4 tehokkaampaa tulevaisuudessa.\u00a0\u00a0<\/span><\/p>\n<p><span style=\"font-weight: 400\">Ymm\u00e4rrys kaupallisen sis\u00e4ll\u00f6n vastaanottamisesta ja toimivuudesta on arvokasta sek\u00e4 uusien ett\u00e4 olemassa olevien asiakkuuksien osalta. Laadukkaiden myyntitapaamisten sopiminen on my\u00f6s helpompaa. Tieto, ymm\u00e4rrys ja tiedon sis\u00e4ist\u00e4minen ovat avainasemassa kilpaillulla media-alalla.\u00a0<\/span><\/p>\n<p><span style=\"font-weight: 400\">RAMin analyysity\u00f6kalu RAMetrics ker\u00e4\u00e4 kaikki RAMin tutkimukset yhteen. Voit listata tutkimuksia, asettaa niit\u00e4 j\u00e4rjestyksiin ja tarkastella erilaisissa matriisin\u00e4kymiss\u00e4.\u00a0 K\u00e4yt\u00e4, opi ja saa vinkkej\u00e4 onnistuneeseen mainontaan RAMetricsin valtavan tietokannan avulla.\u00a0<\/span><\/p>\n","protected":false},"excerpt":{"rendered":"<p>Vinkkej\u00e4 onnistuneeseen mainontaan RAMin avulla saat selville mainostesi todellisen tehon ja laadun. Kuinka moni ja millaiset kohderyhm\u00e4t ovat n\u00e4hneet ja muistavat mainontaasi?\u00a0 Tunnetaanko br\u00e4ndi tarpeeksi hyvin?\u00a0 Ymm\u00e4rsik\u00f6 ja pitik\u00f6 kohderyhm\u00e4 viestinn\u00e4st\u00e4si? Yhten\u00e4 t\u00e4rkeimmist\u00e4 tekij\u00f6ist\u00e4 saat selville, aktivoiko mainonta kuluttajia. Valitse tutkimustiedosta oleellisin, anna myyntitiimisi esitell\u00e4 se mainostajille ja tee mainonnasta entist\u00e4 tehokkaampaa tulevaisuudessa.\u00a0\u00a0 Ymm\u00e4rrys kaupallisen&hellip;<\/p>\n","protected":false},"author":1,"featured_media":0,"parent":20829,"menu_order":0,"comment_status":"closed","ping_status":"closed","template":"","meta":{"footnotes":""},"class_list":["post-20925","page","type-page","status-publish","hentry","description-off"],"_links":{"self":[{"href":"https:\/\/www2.rampanel.com\/fi\/wp-json\/wp\/v2\/pages\/20925","targetHints":{"allow":["GET"]}}],"collection":[{"href":"https:\/\/www2.rampanel.com\/fi\/wp-json\/wp\/v2\/pages"}],"about":[{"href":"https:\/\/www2.rampanel.com\/fi\/wp-json\/wp\/v2\/types\/page"}],"author":[{"embeddable":true,"href":"https:\/\/www2.rampanel.com\/fi\/wp-json\/wp\/v2\/users\/1"}],"replies":[{"embeddable":true,"href":"https:\/\/www2.rampanel.com\/fi\/wp-json\/wp\/v2\/comments?post=20925"}],"version-history":[{"count":9,"href":"https:\/\/www2.rampanel.com\/fi\/wp-json\/wp\/v2\/pages\/20925\/revisions"}],"predecessor-version":[{"id":22144,"href":"https:\/\/www2.rampanel.com\/fi\/wp-json\/wp\/v2\/pages\/20925\/revisions\/22144"}],"up":[{"embeddable":true,"href":"https:\/\/www2.rampanel.com\/fi\/wp-json\/wp\/v2\/pages\/20829"}],"wp:attachment":[{"href":"https:\/\/www2.rampanel.com\/fi\/wp-json\/wp\/v2\/media?parent=20925"}],"curies":[{"name":"wp","href":"https:\/\/api.w.org\/{rel}","templated":true}]}}