{"id":20948,"date":"2018-11-30T13:27:21","date_gmt":"2018-11-30T13:27:21","guid":{"rendered":"https:\/\/www2.rampanel.com\/products\/rametrics\/"},"modified":"2019-05-20T12:38:33","modified_gmt":"2019-05-20T12:38:33","slug":"rametrics","status":"publish","type":"page","link":"https:\/\/www2.rampanel.com\/fi\/products\/rametrics\/","title":{"rendered":"RAMetrics-analyysity\u00f6kalu"},"content":{"rendered":"<h2>RAMetrics<\/h2>\n<p><span style=\"font-weight: 400\">RAMetrics koostuu useasta analyysity\u00f6kalusta, joiden avulla voi tarkastella ja analysoida\u00a0 tutkimuksia, jotka on aiemmin tehty RAM-j\u00e4rjestelm\u00e4ss\u00e4.<\/span><\/p>\n<p><span style=\"font-weight: 400\">RAMetricsin avulla voidaan selvitt\u00e4\u00e4 ja esitt\u00e4\u00e4 helposti tutkimustulosten keskiarvoja, luoda ryhmittelyj\u00e4 tai j\u00e4rjestell\u00e4 dataa eri tekij\u00f6iden perusteella ja eri tavoitteista riippuen. RAMetrics sis\u00e4lt\u00e4\u00e4 kymmenen erilaista analyysimallia, joilla kullakin on oma visuaalinen ilmeens\u00e4.<\/span><\/p>\n<p><span style=\"font-weight: 400\">RAMetrics sis\u00e4lt\u00e4\u00e4 kaikki vakiotutkimukset, joita on ikin\u00e4 tehty RAM-j\u00e4rjestelm\u00e4ss\u00e4, niin tutkimustulosten kuin kuvamateriaalien osalta. Ty\u00f6kalun avulla on helppoa seurata kokonaistuloksia, verrata keskiarvoja ja ennen kaikkea oppia niist\u00e4. .Tutkimustuloksia voi listata eri tekij\u00f6iden perusteella, analysoida niit\u00e4 matriisin avulla tai tarkastella tuloksia tutkimuskohtaisesti.\u00a0\u00a0<\/span><\/p>\n<p><img loading=\"lazy\" decoding=\"async\" class=\"alignnone wp-image-16670 size-full\" src=\"https:\/\/www2.rampanel.com\/wp-content\/uploads\/2019\/02\/rametrics_image_action-2.png\" alt=\"\" width=\"1450\" height=\"548\" srcset=\"https:\/\/www2.rampanel.com\/wp-content\/uploads\/2019\/02\/rametrics_image_action-2.png 1450w, https:\/\/www2.rampanel.com\/wp-content\/uploads\/2019\/02\/rametrics_image_action-2-300x113.png 300w, https:\/\/www2.rampanel.com\/wp-content\/uploads\/2019\/02\/rametrics_image_action-2-768x290.png 768w, https:\/\/www2.rampanel.com\/wp-content\/uploads\/2019\/02\/rametrics_image_action-2-1024x387.png 1024w\" sizes=\"auto, (max-width: 1450px) 100vw, 1450px\" \/><\/p>\n","protected":false},"excerpt":{"rendered":"<p>RAMetrics RAMetrics koostuu useasta analyysity\u00f6kalusta, joiden avulla voi tarkastella ja analysoida\u00a0 tutkimuksia, jotka on aiemmin tehty RAM-j\u00e4rjestelm\u00e4ss\u00e4. RAMetricsin avulla voidaan selvitt\u00e4\u00e4 ja esitt\u00e4\u00e4 helposti tutkimustulosten keskiarvoja, luoda ryhmittelyj\u00e4 tai j\u00e4rjestell\u00e4 dataa eri tekij\u00f6iden perusteella ja eri tavoitteista riippuen. RAMetrics sis\u00e4lt\u00e4\u00e4 kymmenen erilaista analyysimallia, joilla kullakin on oma visuaalinen ilmeens\u00e4. RAMetrics sis\u00e4lt\u00e4\u00e4 kaikki vakiotutkimukset, joita on&hellip;<\/p>\n","protected":false},"author":1,"featured_media":0,"parent":20829,"menu_order":0,"comment_status":"closed","ping_status":"closed","template":"","meta":{"footnotes":""},"class_list":["post-20948","page","type-page","status-publish","hentry","description-off"],"_links":{"self":[{"href":"https:\/\/www2.rampanel.com\/fi\/wp-json\/wp\/v2\/pages\/20948","targetHints":{"allow":["GET"]}}],"collection":[{"href":"https:\/\/www2.rampanel.com\/fi\/wp-json\/wp\/v2\/pages"}],"about":[{"href":"https:\/\/www2.rampanel.com\/fi\/wp-json\/wp\/v2\/types\/page"}],"author":[{"embeddable":true,"href":"https:\/\/www2.rampanel.com\/fi\/wp-json\/wp\/v2\/users\/1"}],"replies":[{"embeddable":true,"href":"https:\/\/www2.rampanel.com\/fi\/wp-json\/wp\/v2\/comments?post=20948"}],"version-history":[{"count":5,"href":"https:\/\/www2.rampanel.com\/fi\/wp-json\/wp\/v2\/pages\/20948\/revisions"}],"predecessor-version":[{"id":22146,"href":"https:\/\/www2.rampanel.com\/fi\/wp-json\/wp\/v2\/pages\/20948\/revisions\/22146"}],"up":[{"embeddable":true,"href":"https:\/\/www2.rampanel.com\/fi\/wp-json\/wp\/v2\/pages\/20829"}],"wp:attachment":[{"href":"https:\/\/www2.rampanel.com\/fi\/wp-json\/wp\/v2\/media?parent=20948"}],"curies":[{"name":"wp","href":"https:\/\/api.w.org\/{rel}","templated":true}]}}