{"id":20972,"date":"2018-11-30T13:26:06","date_gmt":"2018-11-30T13:26:06","guid":{"rendered":"https:\/\/www2.rampanel.com\/products\/brand-performance-and-brand-lift-offline-and-online\/"},"modified":"2019-05-20T12:34:29","modified_gmt":"2019-05-20T12:34:29","slug":"brand-performance-and-brand-lift-offline-and-online","status":"publish","type":"page","link":"https:\/\/www2.rampanel.com\/fi\/products\/brand-performance-and-brand-lift-offline-and-online\/","title":{"rendered":"Br\u00e4ndi- ja imagotutkimukset"},"content":{"rendered":"<h2><strong>Brand Map- toimialakartoitus<\/strong><\/h2>\n<p><span style=\"font-weight: 400\">Brand Map- tutkimuksen avulla mainostaja ja media saavat tietoa br\u00e4ndins\u00e4 asemasta yksin tai suhteessa kilpailijoihin.\u00a0<\/span><\/p>\n<p><span style=\"font-weight: 400\">Tutkimuksessa k\u00e4ytet\u00e4\u00e4n X- ja Y-akseleita kuvaamaan br\u00e4ndin asemaa satunnaisessa vastaajajoukossa, online-yleis\u00f6ss\u00e4 tai lehden tilaajien keskuudessa. Mainostajan n\u00e4k\u00f6kulmasta tutkimus antaa lis\u00e4tietoa br\u00e4ndin asemasta suhteessa br\u00e4ndin tavoitteisiin.\u00a0<\/span><\/p>\n<p><span style=\"font-weight: 400\">Mainostaja ja media voivat tutkimuksen pohjalta keskustella kuinka mainostajan viestint\u00e4\u00e4 voidaan kehitt\u00e4\u00e4 niin, ett\u00e4 br\u00e4ndin sijainti muuttuu entist\u00e4 paremmaksi. T\u00e4t\u00e4 varten tehd\u00e4\u00e4n usemman kuukauden mittainen mediasuunnitelma keskittyen siihen, kuinka kohderyhm\u00e4 tavoitetaan ja mit\u00e4 viestit\u00e4\u00e4n ja kuinka usein, jotta tavoitteet saavutettaisiin.\u00a0<\/span><\/p>\n<p><span style=\"font-weight: 400\">Brand Mapin tulokset esitet\u00e4\u00e4n kolmessa graafissa. Graafeissa yhdistet\u00e4\u00e4\u00e4n seuraavia kysymyksi\u00e4:<\/span><\/p>\n<ul>\n<li class=\"aLF-aPX-K0-aPE\"><strong>Kuinka hyvin tunnet seuraavat tuotemerkit\/ seuraavan tuotemerkin?<\/strong><\/li>\n<li class=\"aLF-aPX-K0-aPE\"><strong>Merkitse tuotemerkit joiden mainontaa olet n\u00e4hnyt usein<\/strong><\/li>\n<li class=\"aLF-aPX-K0-aPE\"><strong>Merkitse tuotemerkit, joita k\u00e4yt\u00e4t usein\/jotka omistat<\/strong><\/li>\n<li class=\"aLF-aPX-K0-aPE\"><strong>Merkitse tuotemerkit, joista sinulla on positiivinen mielikuva<\/strong><\/li>\n<li class=\"aLF-aPX-K0-aPE\"><strong>Merkitse tuotemerkit, joita voisit suositella<\/strong><\/li>\n<\/ul>\n<h2><b><img loading=\"lazy\" decoding=\"async\" class=\"alignnone wp-image-16953\" src=\"https:\/\/www2.rampanel.com\/wp-content\/uploads\/2019\/04\/brand-1.jpg\" alt=\"\" width=\"1000\" height=\"490\" srcset=\"https:\/\/www2.rampanel.com\/wp-content\/uploads\/2019\/04\/brand-1.jpg 1379w, https:\/\/www2.rampanel.com\/wp-content\/uploads\/2019\/04\/brand-1-300x147.jpg 300w, https:\/\/www2.rampanel.com\/wp-content\/uploads\/2019\/04\/brand-1-768x376.jpg 768w, https:\/\/www2.rampanel.com\/wp-content\/uploads\/2019\/04\/brand-1-1024x502.jpg 1024w, https:\/\/www2.rampanel.com\/wp-content\/uploads\/2019\/04\/brand-1-1320x647.jpg 1320w\" sizes=\"auto, (max-width: 1000px) 100vw, 1000px\" \/><\/b><\/h2>\n<h2><\/h2>\n<h2><b>Brand Lift<\/b><\/h2>\n<p><span style=\"font-weight: 400\">Brand Liftilla saadaan selville kuinka tietty mainos toimii niiden joukossa, jotka ovat altistuneet mainonnalle ja he muistavat n\u00e4hneens\u00e4 kyseisen mainoksen.\u00a0<\/span><\/p>\n<p><span style=\"font-weight: 400\">Tutkimuksen tarkoituksena on osoittaa mainostajalle, millainen vaikutus mainoskampanjalla on sen yleis\u00f6ihin joko offlinessa, onlinessa tai molemmissa.\u00a0<\/span><\/p>\n<p><span style=\"font-weight: 400\">Brand Liftin tulokset esitet\u00e4\u00e4n kolmessa graafissa X- ja Y-akseleilla. Graafien kysymyksi\u00e4 voi muuttaa omien tavoitteiden mukaan ja n\u00e4in saada kattavan kuvan kampanjan tehoista.<\/span><\/p>\n<p>&nbsp;<\/p>\n<p><img loading=\"lazy\" decoding=\"async\" class=\"alignnone wp-image-16951\" src=\"https:\/\/www2.rampanel.com\/wp-content\/uploads\/2019\/04\/brand_lift.jpg\" alt=\"\" width=\"1000\" height=\"484\" srcset=\"https:\/\/www2.rampanel.com\/wp-content\/uploads\/2019\/04\/brand_lift.jpg 1286w, https:\/\/www2.rampanel.com\/wp-content\/uploads\/2019\/04\/brand_lift-300x145.jpg 300w, https:\/\/www2.rampanel.com\/wp-content\/uploads\/2019\/04\/brand_lift-768x372.jpg 768w, https:\/\/www2.rampanel.com\/wp-content\/uploads\/2019\/04\/brand_lift-1024x496.jpg 1024w\" sizes=\"auto, (max-width: 1000px) 100vw, 1000px\" \/><\/p>\n","protected":false},"excerpt":{"rendered":"<p>Brand Map- toimialakartoitus Brand Map- tutkimuksen avulla mainostaja ja media saavat tietoa br\u00e4ndins\u00e4 asemasta yksin tai suhteessa kilpailijoihin.\u00a0 Tutkimuksessa k\u00e4ytet\u00e4\u00e4n X- ja Y-akseleita kuvaamaan br\u00e4ndin asemaa satunnaisessa vastaajajoukossa, online-yleis\u00f6ss\u00e4 tai lehden tilaajien keskuudessa. Mainostajan n\u00e4k\u00f6kulmasta tutkimus antaa lis\u00e4tietoa br\u00e4ndin asemasta suhteessa br\u00e4ndin tavoitteisiin.\u00a0 Mainostaja ja media voivat tutkimuksen pohjalta keskustella kuinka mainostajan viestint\u00e4\u00e4 voidaan kehitt\u00e4\u00e4&hellip;<\/p>\n","protected":false},"author":1,"featured_media":0,"parent":20829,"menu_order":0,"comment_status":"closed","ping_status":"closed","template":"","meta":{"footnotes":""},"class_list":["post-20972","page","type-page","status-publish","hentry","description-off"],"_links":{"self":[{"href":"https:\/\/www2.rampanel.com\/fi\/wp-json\/wp\/v2\/pages\/20972","targetHints":{"allow":["GET"]}}],"collection":[{"href":"https:\/\/www2.rampanel.com\/fi\/wp-json\/wp\/v2\/pages"}],"about":[{"href":"https:\/\/www2.rampanel.com\/fi\/wp-json\/wp\/v2\/types\/page"}],"author":[{"embeddable":true,"href":"https:\/\/www2.rampanel.com\/fi\/wp-json\/wp\/v2\/users\/1"}],"replies":[{"embeddable":true,"href":"https:\/\/www2.rampanel.com\/fi\/wp-json\/wp\/v2\/comments?post=20972"}],"version-history":[{"count":5,"href":"https:\/\/www2.rampanel.com\/fi\/wp-json\/wp\/v2\/pages\/20972\/revisions"}],"predecessor-version":[{"id":22143,"href":"https:\/\/www2.rampanel.com\/fi\/wp-json\/wp\/v2\/pages\/20972\/revisions\/22143"}],"up":[{"embeddable":true,"href":"https:\/\/www2.rampanel.com\/fi\/wp-json\/wp\/v2\/pages\/20829"}],"wp:attachment":[{"href":"https:\/\/www2.rampanel.com\/fi\/wp-json\/wp\/v2\/media?parent=20972"}],"curies":[{"name":"wp","href":"https:\/\/api.w.org\/{rel}","templated":true}]}}