{"id":20979,"date":"2018-11-30T13:23:39","date_gmt":"2018-11-30T13:23:39","guid":{"rendered":"https:\/\/www2.rampanel.com\/products\/editorial-and-content-insights\/"},"modified":"2019-05-20T12:25:46","modified_gmt":"2019-05-20T12:25:46","slug":"editorial-and-content-insights","status":"publish","type":"page","link":"https:\/\/www2.rampanel.com\/fi\/products\/editorial-and-content-insights\/","title":{"rendered":"Toimituksellisen sis\u00e4ll\u00f6n tutkiminen"},"content":{"rendered":"<h2>Toimituksellisen sis\u00e4ll\u00f6n tutkiminen<\/h2>\n<p><span style=\"font-weight: 400\">Hyv\u00e4 ja laadukas sis\u00e4lt\u00f6 tekee el\u00e4m\u00e4st\u00e4 parempaa. T\u00e4m\u00e4 vaikuttaa my\u00f6s median toimimiseen ja siihen, kuinka sek\u00e4 toimituksellisella ett\u00e4 kaupallisella sis\u00e4ll\u00f6ll\u00e4 vakuutetaan lukijat, kuuntelijat ja katsojat. Useimmat meist\u00e4 pit\u00e4v\u00e4t viihdytt\u00e4v\u00e4st\u00e4 sis\u00e4ll\u00f6st\u00e4, hyvin kirjoitetuista artikkeleista ja laadukkaasta mainonnasta. Haluamme v\u00e4ltt\u00e4\u00e4 turhia ja ep\u00e4selvi\u00e4 viestej\u00e4.<\/span><\/p>\n<p>Useat tuotteemme, kuten juttu- ja sis\u00e4lt\u00f6markkinointitutkimus, sivuhuomioarvo, erilaiset sivutestit ja sitouttavuustutkimukset auttavat sinua tekem\u00e4\u00e4n sis\u00e4ll\u00f6st\u00e4si entist\u00e4 laadukkaampaa kanavasta riippumatta.<\/p>\n<p>Mittaa sis\u00e4lt\u00f6\u00e4 mobiilissa, onlinessa, sanomalehdess\u00e4, aikakauslehdess\u00e4 tai miss\u00e4 tahansa haluat varmistaaksesi sis\u00e4ll\u00f6n laadun. Kaikkea tutkimustietoa voi tarkastella 40 demografisen taustatekij\u00e4n avulla. <span style=\"font-weight: 400\">RAMin analyysity\u00f6kalu RAMetrics ker\u00e4\u00e4 kaikki RAMin tutkimukset yhteen. Voit listata tutkimuksia, asettaa niit\u00e4 erilaisiin j\u00e4rjestyksiin ja tarkastella matriisin\u00e4kymiss\u00e4.\u00a0 K\u00e4yt\u00e4, opi ja saa vinkkej\u00e4 onnistuneeseen mainontaan RAMetricsin valtavan tietokannan avulla.\u00a0<\/span><\/p>\n<p>&nbsp;<\/p>\n","protected":false},"excerpt":{"rendered":"<p>Toimituksellisen sis\u00e4ll\u00f6n tutkiminen Hyv\u00e4 ja laadukas sis\u00e4lt\u00f6 tekee el\u00e4m\u00e4st\u00e4 parempaa. T\u00e4m\u00e4 vaikuttaa my\u00f6s median toimimiseen ja siihen, kuinka sek\u00e4 toimituksellisella ett\u00e4 kaupallisella sis\u00e4ll\u00f6ll\u00e4 vakuutetaan lukijat, kuuntelijat ja katsojat. Useimmat meist\u00e4 pit\u00e4v\u00e4t viihdytt\u00e4v\u00e4st\u00e4 sis\u00e4ll\u00f6st\u00e4, hyvin kirjoitetuista artikkeleista ja laadukkaasta mainonnasta. Haluamme v\u00e4ltt\u00e4\u00e4 turhia ja ep\u00e4selvi\u00e4 viestej\u00e4. Useat tuotteemme, kuten juttu- ja sis\u00e4lt\u00f6markkinointitutkimus, sivuhuomioarvo, erilaiset sivutestit ja&hellip;<\/p>\n","protected":false},"author":1,"featured_media":0,"parent":20829,"menu_order":0,"comment_status":"closed","ping_status":"closed","template":"","meta":{"footnotes":""},"class_list":["post-20979","page","type-page","status-publish","hentry","description-off"],"_links":{"self":[{"href":"https:\/\/www2.rampanel.com\/fi\/wp-json\/wp\/v2\/pages\/20979","targetHints":{"allow":["GET"]}}],"collection":[{"href":"https:\/\/www2.rampanel.com\/fi\/wp-json\/wp\/v2\/pages"}],"about":[{"href":"https:\/\/www2.rampanel.com\/fi\/wp-json\/wp\/v2\/types\/page"}],"author":[{"embeddable":true,"href":"https:\/\/www2.rampanel.com\/fi\/wp-json\/wp\/v2\/users\/1"}],"replies":[{"embeddable":true,"href":"https:\/\/www2.rampanel.com\/fi\/wp-json\/wp\/v2\/comments?post=20979"}],"version-history":[{"count":15,"href":"https:\/\/www2.rampanel.com\/fi\/wp-json\/wp\/v2\/pages\/20979\/revisions"}],"predecessor-version":[{"id":22142,"href":"https:\/\/www2.rampanel.com\/fi\/wp-json\/wp\/v2\/pages\/20979\/revisions\/22142"}],"up":[{"embeddable":true,"href":"https:\/\/www2.rampanel.com\/fi\/wp-json\/wp\/v2\/pages\/20829"}],"wp:attachment":[{"href":"https:\/\/www2.rampanel.com\/fi\/wp-json\/wp\/v2\/media?parent=20979"}],"curies":[{"name":"wp","href":"https:\/\/api.w.org\/{rel}","templated":true}]}}