{"id":20990,"date":"2018-09-12T12:21:24","date_gmt":"2018-09-12T12:21:24","guid":{"rendered":"https:\/\/www2.rampanel.com\/cookie-policy\/"},"modified":"2019-05-17T10:11:12","modified_gmt":"2019-05-17T10:11:12","slug":"cookie-policy","status":"publish","type":"page","link":"https:\/\/www2.rampanel.com\/fi\/cookie-policy\/","title":{"rendered":"Tietoja Ev\u00e4steist\u00e4"},"content":{"rendered":"<p>RAM k\u00e4ytt\u00e4\u00e4 sivustollaan niin kutsuttuja istuntokohtaisia ev\u00e4steit\u00e4 (first-partycookies), jotka mahdollistavat k\u00e4ytt\u00e4j\u00e4n mukaan sopeutettujen tutkimusten tarjoamisen k\u00e4ytt\u00e4j\u00e4lle sek\u00e4 verkkosivuvierailuun liittyvien tietojen ker\u00e4\u00e4misen.<\/p>\n<p>Ev\u00e4ste on pieni tietoa sis\u00e4lt\u00e4v\u00e4 tekstitiedosto, joka tallentuu k\u00e4ytt\u00e4j\u00e4n tietokoneelle. Ev\u00e4ste koostuu pienest\u00e4 m\u00e4\u00e4r\u00e4st\u00e4 dataa, joka sis\u00e4lt\u00e4\u00e4 tietoa siit\u00e4, mit\u00e4 k\u00e4ytt\u00e4j\u00e4 tekee vieraillessaan verkkosivulla. Ev\u00e4steiden kautta voidaan ker\u00e4t\u00e4 tietoa siit\u00e4, mill\u00e4 sivuilla on k\u00e4yty sek\u00e4 miten kauan sivustolla on viivytty.<\/p>\n<p>Ev\u00e4steit\u00e4 on kahdenlaisia. Ensimm\u00e4inen tyyppi tallentaa tiedoston pitk\u00e4ksi aikaa k\u00e4ytt\u00e4j\u00e4n tietokoneelle, ja sit\u00e4 k\u00e4ytet\u00e4\u00e4n mm. kertomaan k\u00e4ytt\u00e4j\u00e4lle, mit\u00e4 uutta sivulla on tapahtunut h\u00e4nen viime k\u00e4yntins\u00e4 j\u00e4lkeen. Kun ev\u00e4steen viimeinen voimassaolop\u00e4iv\u00e4 on mennyt, ev\u00e4ste poistetaan automaattisesti k\u00e4ytt\u00e4j\u00e4n vieraillessa ev\u00e4steen luoneella sivulla. Toinen ev\u00e4stetyyppi ovat istuntokohtaiset ev\u00e4steet, jotka tallentuvat v\u00e4liaikaisesti k\u00e4ytt\u00e4j\u00e4n tietokoneen muistiin esimerkiksi sen seuraamiseksi, mink\u00e4 kielen k\u00e4ytt\u00e4j\u00e4 on valinnut. Istuntokohtaiset ev\u00e4steet poistetaan, kun selain suljetaan.<\/p>\n<p>Istuntokohtaisten ev\u00e4steiden (first-party cookies) ja kolmannen osapuolen ev\u00e4steiden (third-party cookies) v\u00e4linen ero on se, ett\u00e4 ensin mainittu on verkkosivun omistajan lis\u00e4\u00e4m\u00e4, kun taas j\u00e4lkimm\u00e4inen on toisen verkkosivun, kolmannen osapuolen, lis\u00e4\u00e4m\u00e4.<\/p>\n<p>RAM k\u00e4ytt\u00e4\u00e4 ev\u00e4steit\u00e4 s\u00e4hk\u00f6iseen viestint\u00e4\u00e4n liittyv\u00e4n lains\u00e4\u00e4d\u00e4nn\u00f6n mukaisesti. Siksi verkkosivuston k\u00e4ytt\u00e4j\u00e4n on v\u00e4ltt\u00e4m\u00e4t\u00f6nt\u00e4 saada tietoa ev\u00e4steiden k\u00e4ytt\u00f6tarkoituksesta ja siit\u00e4, ett\u00e4 k\u00e4ytt\u00e4j\u00e4 suostuu t\u00e4h\u00e4n k\u00e4ytt\u00f6\u00f6n. Jos tiedon osoite on oikea ja k\u00e4ytt\u00e4j\u00e4n selain tai muu vastaava laitteisto on asetettu sallimaan ev\u00e4steiden vastaanoton, t\u00e4m\u00e4 katsotaan suostumukseksi.<\/p>\n<p>Ev\u00e4steet ovat tavallisia tekstitiedostoja eiv\u00e4tk\u00e4 voi sis\u00e4lt\u00e4\u00e4 viruksia. Tiedostot ovat pieni\u00e4, ja vain tietty m\u00e4\u00e4r\u00e4 ev\u00e4steit\u00e4 voidaan tallentaa tietokoneen muistiin. Ei siis ole riski\u00e4 muistin t\u00e4yttymisest\u00e4 siksi, ett\u00e4 k\u00e4ytt\u00e4j\u00e4 sallii ev\u00e4steiden vastaanoton.<\/p>\n<p>K\u00e4ytt\u00e4j\u00e4 voi saada tietoja ev\u00e4steist\u00e4, est\u00e4\u00e4 ev\u00e4steiden tallentumisen ja halutessaan poistaa tallennettuja ev\u00e4steit\u00e4. K\u00e4ytt\u00e4j\u00e4 voi passivoida ev\u00e4steit\u00e4 selaimen turva-asetusten avulla. Mik\u00e4li n\u00e4in tehd\u00e4\u00e4n, verkkosivuston toiminta saattaa rajoittua.<\/p>\n","protected":false},"excerpt":{"rendered":"<p>RAM k\u00e4ytt\u00e4\u00e4 sivustollaan niin kutsuttuja istuntokohtaisia ev\u00e4steit\u00e4 (first-partycookies), jotka mahdollistavat k\u00e4ytt\u00e4j\u00e4n mukaan sopeutettujen tutkimusten tarjoamisen k\u00e4ytt\u00e4j\u00e4lle sek\u00e4 verkkosivuvierailuun liittyvien tietojen ker\u00e4\u00e4misen. Ev\u00e4ste on pieni tietoa sis\u00e4lt\u00e4v\u00e4 tekstitiedosto, joka tallentuu k\u00e4ytt\u00e4j\u00e4n tietokoneelle. Ev\u00e4ste koostuu pienest\u00e4 m\u00e4\u00e4r\u00e4st\u00e4 dataa, joka sis\u00e4lt\u00e4\u00e4 tietoa siit\u00e4, mit\u00e4 k\u00e4ytt\u00e4j\u00e4 tekee vieraillessaan verkkosivulla. Ev\u00e4steiden kautta voidaan ker\u00e4t\u00e4 tietoa siit\u00e4, mill\u00e4 sivuilla on k\u00e4yty&hellip;<\/p>\n","protected":false},"author":1,"featured_media":0,"parent":0,"menu_order":0,"comment_status":"closed","ping_status":"closed","template":"","meta":{"footnotes":""},"class_list":["post-20990","page","type-page","status-publish","hentry","description-off"],"_links":{"self":[{"href":"https:\/\/www2.rampanel.com\/fi\/wp-json\/wp\/v2\/pages\/20990","targetHints":{"allow":["GET"]}}],"collection":[{"href":"https:\/\/www2.rampanel.com\/fi\/wp-json\/wp\/v2\/pages"}],"about":[{"href":"https:\/\/www2.rampanel.com\/fi\/wp-json\/wp\/v2\/types\/page"}],"author":[{"embeddable":true,"href":"https:\/\/www2.rampanel.com\/fi\/wp-json\/wp\/v2\/users\/1"}],"replies":[{"embeddable":true,"href":"https:\/\/www2.rampanel.com\/fi\/wp-json\/wp\/v2\/comments?post=20990"}],"version-history":[{"count":2,"href":"https:\/\/www2.rampanel.com\/fi\/wp-json\/wp\/v2\/pages\/20990\/revisions"}],"predecessor-version":[{"id":21764,"href":"https:\/\/www2.rampanel.com\/fi\/wp-json\/wp\/v2\/pages\/20990\/revisions\/21764"}],"wp:attachment":[{"href":"https:\/\/www2.rampanel.com\/fi\/wp-json\/wp\/v2\/media?parent=20990"}],"curies":[{"name":"wp","href":"https:\/\/api.w.org\/{rel}","templated":true}]}}