{"id":20830,"date":"2018-12-10T13:44:15","date_gmt":"2018-12-10T13:44:15","guid":{"rendered":"https:\/\/www2.rampanel.com\/products\/"},"modified":"2019-10-28T11:25:10","modified_gmt":"2019-10-28T11:25:10","slug":"products","status":"publish","type":"page","link":"https:\/\/www2.rampanel.com\/fr\/products\/","title":{"rendered":"Produits"},"content":{"rendered":"<div class=\"wpb-content-wrapper\"><p>[vc_row bg_type=\u00a0\u00bbbg_color\u00a0\u00bb bg_override=\u00a0\u00bbex-full\u00a0\u00bb type=\u00a0\u00bbvc_default\u00a0\u00bb margin_top=\u00a0\u00bb-50&Prime; anchor=\u00a0\u00bbabout\u00a0\u00bb css=\u00a0\u00bb.vc_custom_1543821597147{padding-top: 50px !important;padding-bottom: 50px !important;}\u00a0\u00bb el_id=\u00a0\u00bbproducts\u00a0\u00bb bg_color_value=\u00a0\u00bb#f8f8f9&Prime;][vc_column]<div id=\"ultimate-heading-416369d373395c09f\" class=\"uvc-heading ult-adjust-bottom-margin ultimate-heading-416369d373395c09f uvc-2989 \" data-hspacer=\"no_spacer\"  data-halign=\"center\" style=\"text-align:center\"><div class=\"uvc-heading-spacer no_spacer\" style=\"top\"><\/div><div class=\"uvc-main-heading ult-responsive\"  data-ultimate-target='.uvc-heading.ultimate-heading-416369d373395c09f h2'  data-responsive-json-new='{\"font-size\":\"desktop:56px;mobile_landscape:40px;\",\"line-height\":\"desktop:66px;mobile_landscape:50px;\"}' ><h2 style=\"--font-weight:theme;margin-bottom:5px;\">PRODUITS &amp;amp; SERVICES<\/h2><\/div><div class=\"uvc-sub-heading ult-responsive\"  data-ultimate-target='.uvc-heading.ultimate-heading-416369d373395c09f .uvc-sub-heading '  data-responsive-json-new='{\"font-size\":\"desktop:26px;mobile_landscape:20px;\",\"line-height\":\"desktop:36px;mobile_landscape:30px;\"}'  style=\"font-weight:normal;color:#adb0b6;margin-bottom:5px;\"><span style=\"font-weight: 400;\">Nous avons les outils qu&rsquo;il vous faut pour comprendre et investir dans votre activit\u00e9<\/span><\/div><\/div>[\/vc_column][\/vc_row][vc_row bg_type=\u00a0\u00bbbg_color\u00a0\u00bb seperator_enable=\u00a0\u00bbseperator_enable_value\u00a0\u00bb seperator_type=\u00a0\u00bbtriangle_svg_seperator\u00a0\u00bb seperator_svg_height=\u00a0\u00bb30&Prime; seperator_shape_background=\u00a0\u00bb#f8f8f9&Prime; type=\u00a0\u00bbvc_default\u00a0\u00bb margin_top=\u00a0\u00bb-50&Prime; anchor=\u00a0\u00bbabout\u00a0\u00bb css=\u00a0\u00bb.vc_custom_1543822001973{padding-top: 50px !important;padding-bottom: 0px !important;}\u00a0\u00bb bg_color_value=\u00a0\u00bb#ffffff\u00a0\u00bb][vc_column width=\u00a0\u00bb1\/3&Prime; css=\u00a0\u00bb.vc_custom_1543585134761{padding-top: 0px !important;padding-right: 0px !important;padding-bottom: 0px !important;padding-left: 0px !important;background-image: url(https:\/\/www2.rampanel.com\/wp-content\/uploads\/2018\/10\/news.jpg?id=15791) !important;}\u00a0\u00bb]<div class=\"flip-box-wrap\" style=\"margin:0px;padding:0px;\"><div class=\"flip-box ifb-custom-height accent-icon-color horizontal_flip_right flip-box-custom-height flip-ifb-custom-height\" data-animation=\"\" data-animation-delay=\"03\" style=\"\"  data-min-height='320px'><div class=\"ifb-flip-box\" id=\"flip-box-wrap-4566\"><div class=\"ifb-face ifb-front \" style=\"color:#ffffff;background:rgba(0,0,0,0.6);  border-color:#A4A4A4; \">\n\t\t\t\t\t\t\t<div class=\"ifb-flip-box-section ifb-flip-box-section-vertical-middle\">\n\t\t\t\t\t\t\t<div class=\"flip-box-icon\"><div class=\"ult-just-icon-wrapper  \"><div class=\"align-icon\" style=\"text-align:center;\">\n<div class=\"aio-icon none \"  style=\"color:#ffffff;font-size:64px;display:inline-block;\">\n\t<i class=\"none\"><\/i>\n<\/div><\/div><\/div><\/div><h3 class=\"ult-responsive flipbox_heading\"  data-ultimate-target='#flip-box-wrap-4566 .ult-responsive.flipbox_heading'  data-responsive-json-new='{\"font-size\":\"desktop:28px;\",\"line-height\":\"desktop:36px;\"}'  style=\"color:#ffffff; \">Perspectives \u00e9ditoriales et de contenu<\/h3><div class=\"ifb-flip-box-section-content ult-responsive\"  data-ultimate-target='#flip-box-wrap-4566 .ifb-flip-box-section-content.ult-responsive'  data-responsive-json-new='{\"font-size\":\"desktop:14px;\",\"line-height\":\"desktop:24px;\"}'  style=\"color:#ffffff;\"><p>Lire<\/p><\/div><\/div><\/div><!-- END .front -->\n\t\t\t\t\t\t<div class=\"ifb-face ifb-back\" style=\"color:#ffffff;background:#23262d;  border-color:#A4A4A4; \">\n\t\t\t\t\t\t\t<div class=\"ifb-flip-box-section ifb-flip-box-section-vertical-middle\"><div class=\"ifb-desc-back\"><div class=\"ifb-flip-box-section-content ult-responsive\"  data-ultimate-target='#flip-box-wrap-4566 .ifb-flip-box-section-content.ult-responsive'  data-responsive-json-new='{\"font-size\":\"desktop:14px;\",\"line-height\":\"desktop:24px;\"}'  style=\"color:#ffffff;\"><p>Certains \u00e9l\u00e9ments, comme la qualit\u00e9 et l\u2019effet de l\u2019article, l\u2019effet du marketing par contenu, le trafic de page, les tests de page et les tests d\u2019engagement vous aident \u00e0 comprendre et \u00e0 am\u00e9liorer vos produits quel que soit le canal. Testez le contenu envers les mobiles, en ligne, sur papier ou magazine, ou partout o\u00f9 vous voulez assurer une bonne qualit\u00e9 et des normes. Tous les param\u00e8tres peuvent \u00eatre combin\u00e9s avec plus de 40 variables sociod\u00e9mographiques.<\/p><\/div><\/div><div class=\"flip_link\"><a href=\"\/editorial-and-content-insights\/\"  style=\"background:#333333; color:#ffffff;\">Lire la suite sur la page du produit<\/a><\/div><\/div><\/div><!-- END .back --><\/div> <!-- ifb-flip-box --><\/div> <!-- flip-box --><\/div><!-- End icon block -->[\/vc_column][vc_column width=\u00a0\u00bb1\/3&Prime; css=\u00a0\u00bb.vc_custom_1548338660921{padding-top: 0px !important;padding-right: 0px !important;padding-bottom: 0px !important;padding-left: 0px !important;background-image: url(https:\/\/www2.rampanel.com\/wp-content\/uploads\/2019\/01\/branding500-1.jpg?id=16581) !important;background-position: center !important;background-repeat: no-repeat !important;background-size: cover !important;}\u00a0\u00bb]<div class=\"flip-box-wrap\" style=\"margin:0px;padding:0px;\"><div class=\"flip-box ifb-custom-height accent-icon-color horizontal_flip_right flip-box-custom-height flip-ifb-custom-height\" data-animation=\"\" data-animation-delay=\"03\" style=\"\"  data-min-height='320px'><div class=\"ifb-flip-box\" id=\"flip-box-wrap-5391\"><div class=\"ifb-face ifb-front \" style=\"color:#ffffff;background:rgba(0,0,0,0.6);  border-color:#A4A4A4; \">\n\t\t\t\t\t\t\t<div class=\"ifb-flip-box-section ifb-flip-box-section-vertical-middle\">\n\t\t\t\t\t\t\t<div class=\"flip-box-icon\"><div class=\"ult-just-icon-wrapper  \"><div class=\"align-icon\" style=\"text-align:center;\">\n<div class=\"aio-icon none \"  style=\"color:#ffffff;font-size:64px;display:inline-block;\">\n\t<i class=\"none\"><\/i>\n<\/div><\/div><\/div><\/div><h3 class=\"ult-responsive flipbox_heading\"  data-ultimate-target='#flip-box-wrap-5391 .ult-responsive.flipbox_heading'  data-responsive-json-new='{\"font-size\":\"desktop:28px;\",\"line-height\":\"desktop:36px;\"}'  style=\"color:#ffffff; \">Performance et notori\u00e9t\u00e9 de la marque \u2013 Hors ligne et en ligne<\/h3><div class=\"ifb-flip-box-section-content ult-responsive\"  data-ultimate-target='#flip-box-wrap-5391 .ifb-flip-box-section-content.ult-responsive'  data-responsive-json-new='{\"font-size\":\"desktop:14px;\",\"line-height\":\"desktop:24px;\"}'  style=\"color:#ffffff;\"><p>Lire<\/p><\/div><\/div><\/div><!-- END .front -->\n\t\t\t\t\t\t<div class=\"ifb-face ifb-back\" style=\"color:#ffffff;background:#23262d;  border-color:#A4A4A4; \">\n\t\t\t\t\t\t\t<div class=\"ifb-flip-box-section ifb-flip-box-section-vertical-middle\"><div class=\"ifb-desc-back\"><div class=\"ifb-flip-box-section-content ult-responsive\"  data-ultimate-target='#flip-box-wrap-5391 .ifb-flip-box-section-content.ult-responsive'  data-responsive-json-new='{\"font-size\":\"desktop:14px;\",\"line-height\":\"desktop:24px;\"}'  style=\"color:#ffffff;\"><p>La performance et la notori\u00e9t\u00e9 de la marque (Brand Performance et Brand Lift) sont une \u00e9tude combin\u00e9e pour analyser un secteur d'activit\u00e9 particulier afin de d\u00e9terminer la position sur le march\u00e9, les connaissances et la perception des consommateurs, avant et apr\u00e8s une campagne publicitaire.<\/p><\/div><\/div><div class=\"flip_link\"><a href=\"https:\/\/www2.rampanel.com\/brand-performance-and-brand-lift-offline-and-online\/\"  style=\"background:#333333; color:#ffffff;\">Lire la suite sur la page du produit<\/a><\/div><\/div><\/div><!-- END .back --><\/div> <!-- ifb-flip-box --><\/div> <!-- flip-box --><\/div><!-- End icon block -->[\/vc_column][vc_column width=\u00a0\u00bb1\/3&Prime; css=\u00a0\u00bb.vc_custom_1543585178005{padding-top: 0px !important;padding-right: 0px !important;padding-bottom: 0px !important;padding-left: 0px !important;background-image: url(https:\/\/www2.rampanel.com\/wp-content\/uploads\/revslider\/classicslider\/touchit.jpg?id=16403) !important;background-position: center !important;background-repeat: no-repeat !important;background-size: cover !important;}\u00a0\u00bb]<div class=\"flip-box-wrap\" style=\"margin:0px;padding:0px;\"><div class=\"flip-box ifb-custom-height accent-icon-color horizontal_flip_right flip-box-custom-height flip-ifb-custom-height\" data-animation=\"\" data-animation-delay=\"03\" style=\"\"  data-min-height='320px'><div class=\"ifb-flip-box\" id=\"flip-box-wrap-5264\"><div class=\"ifb-face ifb-front \" style=\"color:#ffffff;background:rgba(0,0,0,0.6);  border-color:#A4A4A4; \">\n\t\t\t\t\t\t\t<div class=\"ifb-flip-box-section ifb-flip-box-section-vertical-middle\">\n\t\t\t\t\t\t\t<div class=\"flip-box-icon\"><div class=\"ult-just-icon-wrapper  \"><div class=\"align-icon\" style=\"text-align:center;\">\n<div class=\"aio-icon none \"  style=\"color:#ffffff;font-size:64px;display:inline-block;\">\n\t<i class=\"none\"><\/i>\n<\/div><\/div><\/div><\/div><h3 class=\"ult-responsive flipbox_heading\"  data-ultimate-target='#flip-box-wrap-5264 .ult-responsive.flipbox_heading'  data-responsive-json-new='{\"font-size\":\"desktop:28px;\",\"line-height\":\"desktop:36px;\"}'  style=\"color:#ffffff; \">Perspectives et recettes publicitaires<\/h3><div class=\"ifb-flip-box-section-content ult-responsive\"  data-ultimate-target='#flip-box-wrap-5264 .ifb-flip-box-section-content.ult-responsive'  data-responsive-json-new='{\"font-size\":\"desktop:14px;\",\"line-height\":\"desktop:24px;\"}'  style=\"color:#ffffff;\"><p>Lire<\/p><\/div><\/div><\/div><!-- END .front -->\n\t\t\t\t\t\t<div class=\"ifb-face ifb-back\" style=\"color:#ffffff;background:#23262d;  border-color:#A4A4A4; \">\n\t\t\t\t\t\t\t<div class=\"ifb-flip-box-section ifb-flip-box-section-vertical-middle\"><div class=\"ifb-desc-back\"><div class=\"ifb-flip-box-section-content ult-responsive\"  data-ultimate-target='#flip-box-wrap-5264 .ifb-flip-box-section-content.ult-responsive'  data-responsive-json-new='{\"font-size\":\"desktop:14px;\",\"line-height\":\"desktop:24px;\"}'  style=\"color:#ffffff;\"><p>Apprenez \u00e0 conna\u00eetre la qualit\u00e9 et les effets r\u00e9els de vos annonces. Combien et quels groupes cibles ont r\u00e9ellement vu votre message ? La marque est-elle aussi connue qu'elle devrait l'\u00eatre ? Le groupe cible a-t-il compris et appr\u00e9ci\u00e9 votre communication ? Et le plus important, sont-ils pass\u00e9s \u00e0 l'action ? Choisissez les articles pour que les \u00e9quipes de vente puissent mieux interagir avec les annonceurs afin d'obtenir plus d'activit\u00e9 commerciale.<\/p><\/div><\/div><div class=\"flip_link\"><a href=\"https:\/\/www2.rampanel.com\/products\/advertising-insights-and-receipts\/\"  style=\"background:#333333; color:#ffffff;\">Lire la suite sur la page du produit<\/a><\/div><\/div><\/div><!-- END .back --><\/div> <!-- ifb-flip-box --><\/div> <!-- flip-box --><\/div><!-- End icon block -->[\/vc_column][\/vc_row][vc_row type=\u00a0\u00bbvc_default\u00a0\u00bb margin_top=\u00a0\u00bb-50&Prime; anchor=\u00a0\u00bbabout\u00a0\u00bb css=\u00a0\u00bb.vc_custom_1543585291195{padding-bottom: 100px !important;}\u00a0\u00bb][vc_column width=\u00a0\u00bb1\/3&Prime; css=\u00a0\u00bb.vc_custom_1548411613733{padding-top: 0px !important;padding-right: 0px !important;padding-bottom: 0px !important;padding-left: 0px !important;background-image: url(https:\/\/www2.rampanel.com\/wp-content\/uploads\/2018\/12\/apple_monitorwrametrics.jpg?id=16562) !important;background-position: center !important;background-repeat: no-repeat !important;background-size: cover !important;}\u00a0\u00bb]<div class=\"flip-box-wrap\" style=\"margin:0px;padding:0px;\"><div class=\"flip-box ifb-custom-height accent-icon-color horizontal_flip_right flip-box-custom-height flip-ifb-custom-height\" data-animation=\"\" data-animation-delay=\"03\" style=\"\"  data-min-height='320px'><div class=\"ifb-flip-box\" id=\"flip-box-wrap-8524\"><div class=\"ifb-face ifb-front \" style=\"color:#ffffff;background:rgba(0,0,0,0.6);  border-color:#A4A4A4; \">\n\t\t\t\t\t\t\t<div class=\"ifb-flip-box-section ifb-flip-box-section-vertical-middle\">\n\t\t\t\t\t\t\t<div class=\"flip-box-icon\"><div class=\"ult-just-icon-wrapper  \"><div class=\"align-icon\" style=\"text-align:center;\">\n<div class=\"aio-icon none \"  style=\"color:#ffffff;font-size:64px;display:inline-block;\">\n\t<i class=\"none\"><\/i>\n<\/div><\/div><\/div><\/div><h3 class=\"ult-responsive flipbox_heading\"  data-ultimate-target='#flip-box-wrap-8524 .ult-responsive.flipbox_heading'  data-responsive-json-new='{\"font-size\":\"desktop:28px;\",\"line-height\":\"desktop:36px;\"}'  style=\"color:#ffffff; \">Rametrics<\/h3><div class=\"ifb-flip-box-section-content ult-responsive\"  data-ultimate-target='#flip-box-wrap-8524 .ifb-flip-box-section-content.ult-responsive'  data-responsive-json-new='{\"font-size\":\"desktop:14px;\",\"line-height\":\"desktop:24px;\"}'  style=\"color:#ffffff;\"><p>Lire<\/p><\/div><\/div><\/div><!-- END .front -->\n\t\t\t\t\t\t<div class=\"ifb-face ifb-back\" style=\"color:#ffffff;background:#23262d;  border-color:#A4A4A4; \">\n\t\t\t\t\t\t\t<div class=\"ifb-flip-box-section ifb-flip-box-section-vertical-middle\"><div class=\"ifb-desc-back\"><div class=\"ifb-flip-box-section-content ult-responsive\"  data-ultimate-target='#flip-box-wrap-8524 .ifb-flip-box-section-content.ult-responsive'  data-responsive-json-new='{\"font-size\":\"desktop:14px;\",\"line-height\":\"desktop:24px;\"}'  style=\"color:#ffffff;\"><p>Rametrics est votre outil d'analyse de march\u00e9 et montre comment fonctionne votre communication. Si vous travaillez pour un \u00e9diteur, vous trouverez vos arguments de vente uniques sur le fonctionnement de la communication au sein de votre marque ou d'une association de marques. Toutes les perspectivess sont collect\u00e9es \u00e0 partir de chaque mesure d'enqu\u00eate que vous avez effectu\u00e9e dans le syst\u00e8me RAM.<\/p><\/div><\/div><div class=\"flip_link\"><a href=\"https:\/\/www2.rampanel.com\/rametrics\/\"  style=\"background:#333333; color:#ffffff;\">Lire la suite sur la page du produit<\/a><\/div><\/div><\/div><!-- END .back --><\/div> <!-- ifb-flip-box --><\/div> <!-- flip-box --><\/div><!-- End icon block -->[\/vc_column][vc_column width=\u00a0\u00bb1\/3&Prime; css=\u00a0\u00bb.vc_custom_1543585279900{padding-top: 0px !important;padding-right: 0px !important;padding-bottom: 0px !important;padding-left: 0px !important;background-image: url(https:\/\/www2.rampanel.com\/wp-content\/uploads\/2018\/11\/sliderimage1.jpg?id=16307) !important;background-position: center !important;background-repeat: no-repeat !important;background-size: cover !important;}\u00a0\u00bb]<div class=\"flip-box-wrap\" style=\"margin:0px;padding:0px;\"><div class=\"flip-box ifb-custom-height accent-icon-color horizontal_flip_right flip-box-custom-height flip-ifb-custom-height\" data-animation=\"\" data-animation-delay=\"03\" style=\"\"  data-min-height='320px'><div class=\"ifb-flip-box\" id=\"flip-box-wrap-5568\"><div class=\"ifb-face ifb-front \" style=\"color:#ffffff;background:rgba(0,0,0,0.6);  border-color:#A4A4A4; \">\n\t\t\t\t\t\t\t<div class=\"ifb-flip-box-section ifb-flip-box-section-vertical-middle\">\n\t\t\t\t\t\t\t<div class=\"flip-box-icon\"><div class=\"ult-just-icon-wrapper  \"><div class=\"align-icon\" style=\"text-align:center;\">\n<div class=\"aio-icon none \"  style=\"color:#ffffff;font-size:64px;display:inline-block;\">\n\t<i class=\"none\"><\/i>\n<\/div><\/div><\/div><\/div><h3 class=\"ult-responsive flipbox_heading\"  data-ultimate-target='#flip-box-wrap-5568 .ult-responsive.flipbox_heading'  data-responsive-json-new='{\"font-size\":\"desktop:28px;\",\"line-height\":\"desktop:36px;\"}'  style=\"color:#ffffff; \">Suivi num\u00e9rique, effets et conversion<\/h3><div class=\"ifb-flip-box-section-content ult-responsive\"  data-ultimate-target='#flip-box-wrap-5568 .ifb-flip-box-section-content.ult-responsive'  data-responsive-json-new='{\"font-size\":\"desktop:14px;\",\"line-height\":\"desktop:24px;\"}'  style=\"color:#ffffff;\"><p>Lire<\/p><\/div><\/div><\/div><!-- END .front -->\n\t\t\t\t\t\t<div class=\"ifb-face ifb-back\" style=\"color:#ffffff;background:#23262d;  border-color:#A4A4A4; \">\n\t\t\t\t\t\t\t<div class=\"ifb-flip-box-section ifb-flip-box-section-vertical-middle\"><div class=\"ifb-desc-back\"><div class=\"ifb-flip-box-section-content ult-responsive\"  data-ultimate-target='#flip-box-wrap-5568 .ifb-flip-box-section-content.ult-responsive'  data-responsive-json-new='{\"font-size\":\"desktop:14px;\",\"line-height\":\"desktop:24px;\"}'  style=\"color:#ffffff;\"><p>La solution de suivi num\u00e9rique RAM est actuellement disponible dans 5 march\u00e9s, mais RAM a acc\u00e8s \u00e0 des panels de participants dans plus de 80 march\u00e9s pour effectuer des mesures d'audience en ligne, des sondages et des analyses de m\u00e9dias num\u00e9riques.Avec les mesures d'audience de RAM, vous comprendrez la port\u00e9e, la fr\u00e9quence et les caract\u00e9ristiques d\u00e9mographiques des personnes qui visitent les domaines, les sections et les pages de votre marque, ainsi que le nombre de fois o\u00f9 elles ont \u00e9t\u00e9 visit\u00e9es.<\/p><\/div><\/div><div class=\"flip_link\"><a href=\"https:\/\/www2.rampanel.com\/digital-tracking-effect-and-conversions\/\"  style=\"background:#333333; color:#ffffff;\">Lire la suite sur la page du produit<\/a><\/div><\/div><\/div><!-- END .back --><\/div> <!-- ifb-flip-box --><\/div> <!-- flip-box --><\/div><!-- End icon block -->[\/vc_column][vc_column width=\u00a0\u00bb1\/3&Prime; css=\u00a0\u00bb.vc_custom_1548337883484{padding-top: 0px !important;padding-right: 0px !important;padding-bottom: 0px !important;padding-left: 0px !important;background-image: url(https:\/\/www2.rampanel.com\/wp-content\/uploads\/2019\/01\/key500.jpg?id=16577) !important;background-position: center !important;background-repeat: no-repeat !important;background-size: cover !important;}\u00a0\u00bb]<div class=\"flip-box-wrap\" style=\"margin:0px;padding:0px;\"><div class=\"flip-box ifb-custom-height accent-icon-color horizontal_flip_right flip-box-custom-height flip-ifb-custom-height\" data-animation=\"\" data-animation-delay=\"03\" style=\"\"  data-min-height='320px'><div class=\"ifb-flip-box\" id=\"flip-box-wrap-8902\"><div class=\"ifb-face ifb-front \" style=\"color:#ffffff;background:rgba(0,0,0,0.6);  border-color:#A4A4A4; \">\n\t\t\t\t\t\t\t<div class=\"ifb-flip-box-section ifb-flip-box-section-vertical-middle\">\n\t\t\t\t\t\t\t<div class=\"flip-box-icon\"><div class=\"ult-just-icon-wrapper  \"><div class=\"align-icon\" style=\"text-align:center;\">\n<div class=\"aio-icon none \"  style=\"color:#ffffff;font-size:64px;display:inline-block;\">\n\t<i class=\"none\"><\/i>\n<\/div><\/div><\/div><\/div><h3 class=\"ult-responsive flipbox_heading\"  data-ultimate-target='#flip-box-wrap-8902 .ult-responsive.flipbox_heading'  data-responsive-json-new='{\"font-size\":\"desktop:28px;\",\"line-height\":\"desktop:36px;\"}'  style=\"color:#ffffff; \">Formation, enseignement et conseil<\/h3><div class=\"ifb-flip-box-section-content ult-responsive\"  data-ultimate-target='#flip-box-wrap-8902 .ifb-flip-box-section-content.ult-responsive'  data-responsive-json-new='{\"font-size\":\"desktop:14px;\",\"line-height\":\"desktop:24px;\"}'  style=\"color:#ffffff;\"><p>Lire<\/p><\/div><\/div><\/div><!-- END .front -->\n\t\t\t\t\t\t<div class=\"ifb-face ifb-back\" style=\"color:#ffffff;background:#23262d;  border-color:#A4A4A4; \">\n\t\t\t\t\t\t\t<div class=\"ifb-flip-box-section ifb-flip-box-section-vertical-middle\"><div class=\"ifb-desc-back\"><div class=\"ifb-flip-box-section-content ult-responsive\"  data-ultimate-target='#flip-box-wrap-8902 .ifb-flip-box-section-content.ult-responsive'  data-responsive-json-new='{\"font-size\":\"desktop:14px;\",\"line-height\":\"desktop:24px;\"}'  style=\"color:#ffffff;\"><p>De mani\u00e8re continue, RAM organise des cours et des formations \u00e0 l'intention de divers cadres sup\u00e9rieurs.RAM m\u00e8ne des projets d'assistance conseil de petite et de grande envergure.RAM pilote toutes les missions de conseil qui entrent dans le cadre de notre expertise et rentre \u00e9galement dans le cadre des vastes connaissances que nous avons r\u00e9unies dans RAMterics, la base de donn\u00e9es agr\u00e9g\u00e9e de RAM avec plus de 230.000 mesures.<\/p><\/div><\/div><div class=\"flip_link\"><a href=\"https:\/\/www2.rampanel.com\/training-and-consultancy\/\"  style=\"background:#333333; color:#ffffff;\">Lire la suite sur la page du produit<\/a><\/div><\/div><\/div><!-- END .back --><\/div> <!-- ifb-flip-box --><\/div> <!-- flip-box --><\/div><!-- End icon block -->[\/vc_column][\/vc_row][vc_row type=\u00a0\u00bbvc_default\u00a0\u00bb margin_top=\u00a0\u00bb-50&Prime; anchor=\u00a0\u00bbabout\u00a0\u00bb css=\u00a0\u00bb.vc_custom_1543585566486{padding-top: 0px !important;padding-bottom: 100px !important;}\u00a0\u00bb][vc_column][vc_btn title=\u00a0\u00bbCONTACTEZ-NOUS\u00a0\u00bb color=\u00a0\u00bbdanger\u00a0\u00bb align=\u00a0\u00bbcenter\u00a0\u00bb i_icon_fontawesome=\u00a0\u00bbfa fa-envelope-o\u00a0\u00bb css_animation=\u00a0\u00bbbounceInLeft\u00a0\u00bb add_icon=\u00a0\u00bbtrue\u00a0\u00bb smooth_scroll=\u00a0\u00bbtrue\u00a0\u00bb link=\u00a0\u00bburl:https%3A%2F%2Fwww2.rampanel.com%2Ffr%2Fcontact%2F|\u00a0\u00bb css=\u00a0\u00bb.vc_custom_1553845606167{padding-top: 50px !important;}\u00a0\u00bb][\/vc_column][\/vc_row]<\/p>\n<\/div>","protected":false},"excerpt":{"rendered":"<p>[vc_row bg_type=\u00a0\u00bbbg_color\u00a0\u00bb bg_override=\u00a0\u00bbex-full\u00a0\u00bb type=\u00a0\u00bbvc_default\u00a0\u00bb margin_top=\u00a0\u00bb-50&Prime; anchor=\u00a0\u00bbabout\u00a0\u00bb css=\u00a0\u00bb.vc_custom_1543821597147{padding-top: 50px !important;padding-bottom: 50px !important;}\u00a0\u00bb el_id=\u00a0\u00bbproducts\u00a0\u00bb bg_color_value=\u00a0\u00bb#f8f8f9&Prime;][vc_column][\/vc_column][\/vc_row][vc_row bg_type=\u00a0\u00bbbg_color\u00a0\u00bb seperator_enable=\u00a0\u00bbseperator_enable_value\u00a0\u00bb seperator_type=\u00a0\u00bbtriangle_svg_seperator\u00a0\u00bb seperator_svg_height=\u00a0\u00bb30&Prime; seperator_shape_background=\u00a0\u00bb#f8f8f9&Prime; type=\u00a0\u00bbvc_default\u00a0\u00bb margin_top=\u00a0\u00bb-50&Prime; anchor=\u00a0\u00bbabout\u00a0\u00bb css=\u00a0\u00bb.vc_custom_1543822001973{padding-top: 50px !important;padding-bottom: 0px !important;}\u00a0\u00bb bg_color_value=\u00a0\u00bb#ffffff\u00a0\u00bb][vc_column width=\u00a0\u00bb1\/3&Prime; css=\u00a0\u00bb.vc_custom_1543585134761{padding-top: 0px !important;padding-right: 0px !important;padding-bottom: 0px !important;padding-left: 0px !important;background-image: url(https:\/\/www2.rampanel.com\/wp-content\/uploads\/2018\/10\/news.jpg?id=15791) !important;}\u00a0\u00bb][\/vc_column][vc_column width=\u00a0\u00bb1\/3&Prime; css=\u00a0\u00bb.vc_custom_1548338660921{padding-top: 0px !important;padding-right: 0px !important;padding-bottom: 0px !important;padding-left: 0px !important;background-image: url(https:\/\/www2.rampanel.com\/wp-content\/uploads\/2019\/01\/branding500-1.jpg?id=16581) !important;background-position: center !important;background-repeat: no-repeat !important;background-size:&hellip;<\/p>\n","protected":false},"author":1,"featured_media":0,"parent":0,"menu_order":1,"comment_status":"closed","ping_status":"closed","template":"","meta":{"footnotes":""},"class_list":["post-20830","page","type-page","status-publish","hentry","description-off"],"_links":{"self":[{"href":"https:\/\/www2.rampanel.com\/fr\/wp-json\/wp\/v2\/pages\/20830","targetHints":{"allow":["GET"]}}],"collection":[{"href":"https:\/\/www2.rampanel.com\/fr\/wp-json\/wp\/v2\/pages"}],"about":[{"href":"https:\/\/www2.rampanel.com\/fr\/wp-json\/wp\/v2\/types\/page"}],"author":[{"embeddable":true,"href":"https:\/\/www2.rampanel.com\/fr\/wp-json\/wp\/v2\/users\/1"}],"replies":[{"embeddable":true,"href":"https:\/\/www2.rampanel.com\/fr\/wp-json\/wp\/v2\/comments?post=20830"}],"version-history":[{"count":8,"href":"https:\/\/www2.rampanel.com\/fr\/wp-json\/wp\/v2\/pages\/20830\/revisions"}],"predecessor-version":[{"id":22571,"href":"https:\/\/www2.rampanel.com\/fr\/wp-json\/wp\/v2\/pages\/20830\/revisions\/22571"}],"wp:attachment":[{"href":"https:\/\/www2.rampanel.com\/fr\/wp-json\/wp\/v2\/media?parent=20830"}],"curies":[{"name":"wp","href":"https:\/\/api.w.org\/{rel}","templated":true}]}}