{"id":20881,"date":"2019-02-01T08:44:10","date_gmt":"2019-02-01T08:44:10","guid":{"rendered":"https:\/\/www2.rampanel.com\/products\/training-and-consultancy\/"},"modified":"2022-03-17T18:30:25","modified_gmt":"2022-03-17T18:30:25","slug":"training-and-consultancy","status":"publish","type":"page","link":"https:\/\/www2.rampanel.com\/fr\/products\/training-and-consultancy\/","title":{"rendered":"Formation, enseignement et conseil"},"content":{"rendered":"<div class=\"wpb-content-wrapper\"><p>[vc_row][vc_column][vc_column_text]<\/p>\n<h2>Formation, enseignement et conseil<\/h2>\n<p><span style=\"font-weight: 400;\">RAM offre de mani\u00e8re continue diff\u00e9rents cours et une formation \u00e0 l&rsquo;intention des cadres sup\u00e9rieurs. Pour les nouveaux clients, nous fournissons toujours une pr\u00e9sentation du syst\u00e8me RAM et des instructions de base, principalement destin\u00e9es aux personnes qui le g\u00e8reront en interne. Les analystes et les chercheurs ont un r\u00f4le diff\u00e9rent \u00e0 remplir et ont d&rsquo;autres exigences envers RAM. Nous informons et \u00e9duquons continuellement ce groupe sur les cas, les nouveaux outils de mesure et les lancements.<\/span><\/p>\n<p><span style=\"font-weight: 400;\">RAM est souvent engag\u00e9 pour enseigner ou informer les \u00e9quipes de vente m\u00e9dias, les directeurs commerciaux et les agences m\u00e9dias et publicitaires. Nous pouvons, par exemple, traiter des sp\u00e9cificit\u00e9s concernant les diff\u00e9rents canaux m\u00e9diatiques, des exemples de communication efficace et fiable ou des effets des campagnes \u00e0 travers plusieurs m\u00e9dias, l&rsquo;\u00e9ventail des sessions de formation\/information est presque illimit\u00e9.<\/span><\/p>\n<p><span style=\"font-weight: 400;\">RAM r\u00e9alise des projets d&rsquo;assistance conseil de petite et de grande envergure. Il est possible de se concentrer sur de nombreux domaines tels que les effets des journaux gratuits, la valeur de la cr\u00e9ativit\u00e9, les diff\u00e9rences entre les publicit\u00e9s classiques et le marketing par contenu ou les effets du Cross Media.<\/span><\/p>\n<p><span style=\"font-weight: 400;\">RAM pilote l&rsquo;ensemble des missions de conseil qui entrent dans le cadre de notre expertise int\u00e9grant les larges connaissances acquises avec RAMterics, la base de donn\u00e9es agr\u00e9g\u00e9e de RAM avec plus de 230.000 mesures.<\/span>[\/vc_column_text][\/vc_column][\/vc_row]<\/p>\n<\/div>","protected":false},"excerpt":{"rendered":"<p>[vc_row][vc_column][vc_column_text] Formation, enseignement et conseil RAM offre de mani\u00e8re continue diff\u00e9rents cours et une formation \u00e0 l&rsquo;intention des cadres sup\u00e9rieurs. Pour les nouveaux clients, nous fournissons toujours une pr\u00e9sentation du syst\u00e8me RAM et des instructions de base, principalement destin\u00e9es aux personnes qui le g\u00e8reront en interne. Les analystes et les chercheurs ont un r\u00f4le diff\u00e9rent&hellip;<\/p>\n","protected":false},"author":1,"featured_media":0,"parent":20830,"menu_order":0,"comment_status":"closed","ping_status":"closed","template":"","meta":{"footnotes":""},"class_list":["post-20881","page","type-page","status-publish","hentry","description-off"],"_links":{"self":[{"href":"https:\/\/www2.rampanel.com\/fr\/wp-json\/wp\/v2\/pages\/20881","targetHints":{"allow":["GET"]}}],"collection":[{"href":"https:\/\/www2.rampanel.com\/fr\/wp-json\/wp\/v2\/pages"}],"about":[{"href":"https:\/\/www2.rampanel.com\/fr\/wp-json\/wp\/v2\/types\/page"}],"author":[{"embeddable":true,"href":"https:\/\/www2.rampanel.com\/fr\/wp-json\/wp\/v2\/users\/1"}],"replies":[{"embeddable":true,"href":"https:\/\/www2.rampanel.com\/fr\/wp-json\/wp\/v2\/comments?post=20881"}],"version-history":[{"count":8,"href":"https:\/\/www2.rampanel.com\/fr\/wp-json\/wp\/v2\/pages\/20881\/revisions"}],"predecessor-version":[{"id":23715,"href":"https:\/\/www2.rampanel.com\/fr\/wp-json\/wp\/v2\/pages\/20881\/revisions\/23715"}],"up":[{"embeddable":true,"href":"https:\/\/www2.rampanel.com\/fr\/wp-json\/wp\/v2\/pages\/20830"}],"wp:attachment":[{"href":"https:\/\/www2.rampanel.com\/fr\/wp-json\/wp\/v2\/media?parent=20881"}],"curies":[{"name":"wp","href":"https:\/\/api.w.org\/{rel}","templated":true}]}}