{"id":20926,"date":"2018-12-10T13:50:36","date_gmt":"2018-12-10T13:50:36","guid":{"rendered":"https:\/\/www2.rampanel.com\/products\/advertising-insights-and-receipts\/"},"modified":"2019-05-14T12:16:39","modified_gmt":"2019-05-14T12:16:39","slug":"advertising-insights-and-receipts","status":"publish","type":"page","link":"https:\/\/www2.rampanel.com\/fr\/products\/advertising-insights-and-receipts\/","title":{"rendered":"Perspectives et recettes publicitaires"},"content":{"rendered":"<h2><b>Perspectives et recettes publicitaires<\/b><\/h2>\n<p><span style=\"font-weight: 400;\">Apprenez \u00e0 conna\u00eetre la qualit\u00e9 et l&rsquo;efficacit\u00e9 r\u00e9elles de vos annonces. Combien de groupes cibles et lesquels ont-ils r\u00e9ellement vu et se souviennent-ils de votre message ? La marque est-elle aussi connue qu&rsquo;elle devrait l&rsquo;\u00eatre ? Le groupe cible a-t-il compris et appr\u00e9ci\u00e9 votre communication ? Et ce qui importe le plus, cela s&rsquo;est-il traduit en actions ? Extraire les meilleurs r\u00e9cits pour permettre aux \u00e9quipes de vente de pr\u00e9senter des informations aux annonceurs et offrir des conseils qui les aideront \u00e0 s\u00e9curiser leurs activit\u00e9s futures.<\/span><\/p>\n<p><span style=\"font-weight: 400;\">Une connaissance sup\u00e9rieure de la perception de la communication commerciale et de la fa\u00e7on dont elle fonctionne est inestimable pour obtenir de nouveaux clients et des clients r\u00e9guliers, c&rsquo;est \u00e9galement un moyen utile d&rsquo;obtenir de vraies rencontres. Les informations li\u00e9es, la connaissance et la valeur d&rsquo;une bonne narration sont des devises fortes dans un monde m\u00e9diatique comp\u00e9titif.<\/span><\/p>\n<p>&nbsp;<\/p>\n<p><span style=\"font-weight: 400;\">L&rsquo;outil d&rsquo;analyse RAM, RAMetrics, contient un r\u00e9sultat collectif de toutes les mesures pr\u00e9c\u00e9dentes. Vous pouvez les lister, les visualiser ou les classer de diff\u00e9rentes fa\u00e7ons et avec diff\u00e9rents graphiques. Utilisez-la et apprenez de l&rsquo;\u00e9norme base de donn\u00e9es de RAMetrics et de ses possibilit\u00e9s d&rsquo;analyse.<\/span><\/p>\n","protected":false},"excerpt":{"rendered":"<p>Perspectives et recettes publicitaires Apprenez \u00e0 conna\u00eetre la qualit\u00e9 et l&rsquo;efficacit\u00e9 r\u00e9elles de vos annonces. Combien de groupes cibles et lesquels ont-ils r\u00e9ellement vu et se souviennent-ils de votre message ? La marque est-elle aussi connue qu&rsquo;elle devrait l&rsquo;\u00eatre ? Le groupe cible a-t-il compris et appr\u00e9ci\u00e9 votre communication ? Et ce qui importe le&hellip;<\/p>\n","protected":false},"author":1,"featured_media":0,"parent":20830,"menu_order":0,"comment_status":"closed","ping_status":"closed","template":"","meta":{"footnotes":""},"class_list":["post-20926","page","type-page","status-publish","hentry","description-off"],"_links":{"self":[{"href":"https:\/\/www2.rampanel.com\/fr\/wp-json\/wp\/v2\/pages\/20926","targetHints":{"allow":["GET"]}}],"collection":[{"href":"https:\/\/www2.rampanel.com\/fr\/wp-json\/wp\/v2\/pages"}],"about":[{"href":"https:\/\/www2.rampanel.com\/fr\/wp-json\/wp\/v2\/types\/page"}],"author":[{"embeddable":true,"href":"https:\/\/www2.rampanel.com\/fr\/wp-json\/wp\/v2\/users\/1"}],"replies":[{"embeddable":true,"href":"https:\/\/www2.rampanel.com\/fr\/wp-json\/wp\/v2\/comments?post=20926"}],"version-history":[{"count":3,"href":"https:\/\/www2.rampanel.com\/fr\/wp-json\/wp\/v2\/pages\/20926\/revisions"}],"predecessor-version":[{"id":21618,"href":"https:\/\/www2.rampanel.com\/fr\/wp-json\/wp\/v2\/pages\/20926\/revisions\/21618"}],"up":[{"embeddable":true,"href":"https:\/\/www2.rampanel.com\/fr\/wp-json\/wp\/v2\/pages\/20830"}],"wp:attachment":[{"href":"https:\/\/www2.rampanel.com\/fr\/wp-json\/wp\/v2\/media?parent=20926"}],"curies":[{"name":"wp","href":"https:\/\/api.w.org\/{rel}","templated":true}]}}