{"id":20949,"date":"2018-11-30T13:27:21","date_gmt":"2018-11-30T13:27:21","guid":{"rendered":"https:\/\/www2.rampanel.com\/products\/rametrics\/"},"modified":"2019-05-14T12:16:37","modified_gmt":"2019-05-14T12:16:37","slug":"rametrics","status":"publish","type":"page","link":"https:\/\/www2.rampanel.com\/fr\/products\/rametrics\/","title":{"rendered":"RAMetrics"},"content":{"rendered":"<h2>RAMetrics<\/h2>\n<p><span style=\"font-weight: 400;\">RAMetrics est un outil d&rsquo;analyse de pointe bas\u00e9 sur un menu qui permet de visualiser et d&rsquo;examiner toutes les mesures agr\u00e9g\u00e9es des investigations pr\u00e9c\u00e9dentes effectu\u00e9es dans le syst\u00e8me RAM.<\/span><\/p>\n<p><span style=\"font-weight: 400;\">Cet outil permet d&rsquo;analyser des r\u00e9sultats moyens, des donn\u00e9es par points ou des mesures de classement sous diff\u00e9rents angles et avec diff\u00e9rents objectifs analytiques. RAMetrics contient 10 interfaces graphiques diff\u00e9rentes, chacune avec une pr\u00e9disposition unique.<\/span><\/p>\n<p><span style=\"font-weight: 400;\">RAMetrics contient les r\u00e9sultats complets de toutes les mesures d&rsquo;investigation standard jamais effectu\u00e9es dans le syst\u00e8me; tous les r\u00e9sultats num\u00e9riques et graphiques. L&rsquo;outil permet de suivre facilement et utilement les r\u00e9sultats collectifs, de comparer les rep\u00e8res et d&rsquo;en tirer des enseignements. Vous pouvez classer les r\u00e9sultats, analyser diff\u00e9rentes matrices ou effectuer une analyse fine pour visualiser des r\u00e9sultats ou des images uniques.<\/span><\/p>\n<p><img loading=\"lazy\" decoding=\"async\" class=\"alignnone wp-image-16670 size-full\" src=\"https:\/\/www2.rampanel.com\/wp-content\/uploads\/2019\/02\/rametrics_image_action-2.png\" alt=\"\" width=\"1450\" height=\"548\" srcset=\"https:\/\/www2.rampanel.com\/wp-content\/uploads\/2019\/02\/rametrics_image_action-2.png 1450w, https:\/\/www2.rampanel.com\/wp-content\/uploads\/2019\/02\/rametrics_image_action-2-300x113.png 300w, https:\/\/www2.rampanel.com\/wp-content\/uploads\/2019\/02\/rametrics_image_action-2-768x290.png 768w, https:\/\/www2.rampanel.com\/wp-content\/uploads\/2019\/02\/rametrics_image_action-2-1024x387.png 1024w\" sizes=\"auto, (max-width: 1450px) 100vw, 1450px\" \/><\/p>\n","protected":false},"excerpt":{"rendered":"<p>RAMetrics RAMetrics est un outil d&rsquo;analyse de pointe bas\u00e9 sur un menu qui permet de visualiser et d&rsquo;examiner toutes les mesures agr\u00e9g\u00e9es des investigations pr\u00e9c\u00e9dentes effectu\u00e9es dans le syst\u00e8me RAM. Cet outil permet d&rsquo;analyser des r\u00e9sultats moyens, des donn\u00e9es par points ou des mesures de classement sous diff\u00e9rents angles et avec diff\u00e9rents objectifs analytiques. RAMetrics&hellip;<\/p>\n","protected":false},"author":1,"featured_media":0,"parent":20830,"menu_order":0,"comment_status":"closed","ping_status":"closed","template":"","meta":{"footnotes":""},"class_list":["post-20949","page","type-page","status-publish","hentry","description-off"],"_links":{"self":[{"href":"https:\/\/www2.rampanel.com\/fr\/wp-json\/wp\/v2\/pages\/20949","targetHints":{"allow":["GET"]}}],"collection":[{"href":"https:\/\/www2.rampanel.com\/fr\/wp-json\/wp\/v2\/pages"}],"about":[{"href":"https:\/\/www2.rampanel.com\/fr\/wp-json\/wp\/v2\/types\/page"}],"author":[{"embeddable":true,"href":"https:\/\/www2.rampanel.com\/fr\/wp-json\/wp\/v2\/users\/1"}],"replies":[{"embeddable":true,"href":"https:\/\/www2.rampanel.com\/fr\/wp-json\/wp\/v2\/comments?post=20949"}],"version-history":[{"count":3,"href":"https:\/\/www2.rampanel.com\/fr\/wp-json\/wp\/v2\/pages\/20949\/revisions"}],"predecessor-version":[{"id":21604,"href":"https:\/\/www2.rampanel.com\/fr\/wp-json\/wp\/v2\/pages\/20949\/revisions\/21604"}],"up":[{"embeddable":true,"href":"https:\/\/www2.rampanel.com\/fr\/wp-json\/wp\/v2\/pages\/20830"}],"wp:attachment":[{"href":"https:\/\/www2.rampanel.com\/fr\/wp-json\/wp\/v2\/media?parent=20949"}],"curies":[{"name":"wp","href":"https:\/\/api.w.org\/{rel}","templated":true}]}}