{"id":20961,"date":"2018-11-30T13:27:00","date_gmt":"2018-11-30T13:27:00","guid":{"rendered":"https:\/\/www2.rampanel.com\/products\/digital-tracking-effect-and-conversions\/"},"modified":"2023-07-10T12:39:06","modified_gmt":"2023-07-10T12:39:06","slug":"digital-tracking-effect-and-conversions","status":"publish","type":"page","link":"https:\/\/www2.rampanel.com\/fr\/products\/digital-tracking-effect-and-conversions\/","title":{"rendered":"Suivi num\u00e9rique, effet et conversions"},"content":{"rendered":"<div class=\"wpb-content-wrapper\"><p>[vc_row][vc_column][vc_column_text]<\/p>\n<h2><b>Suivi num\u00e9rique RAM, effet et conversions<\/b><\/h2>\n<p><span style=\"font-weight: 400;\">Nous pensons que les mesures en ligne doivent \u00eatre :<\/span><\/p>\n<ul>\n<li style=\"font-weight: 400;\"><span style=\"font-weight: 400;\">Une solution hybride et en temps r\u00e9el, car l&rsquo;activit\u00e9 en ligne se produit maintenant<\/span><\/li>\n<li style=\"font-weight: 400;\"><span style=\"font-weight: 400;\">Nous les stimulons et investissons dans la m\u00e9thodologie et la technologie<\/span><\/li>\n<li style=\"font-weight: 400;\"><span style=\"font-weight: 400;\">Nous concevons nos tableaux de bord de mani\u00e8re standardis\u00e9e mais adaptable en termes d&rsquo;informations<\/span><\/li>\n<li style=\"font-weight: 400;\"><span style=\"font-weight: 400;\">Nous \u00e9largissons les connaissances de nos clients avec des rapports horaires, quotidiens et jusqu&rsquo;\u00e0 6 semaines ET des r\u00e9sultats d&rsquo;enqu\u00eates.<\/span><\/li>\n<\/ul>\n<p>&nbsp;<\/p>\n<p><span style=\"font-weight: 400;\">La solution de suivi num\u00e9rique de RAM est disponible sur plus de 80 march\u00e9s pour les mesures<\/span> <span style=\"font-weight: 400;\">d&rsquo;audience en ligne, les enqu\u00eates et l&rsquo;analyse des m\u00e9dias num\u00e9riques.<\/span><\/p>\n<h2><\/h2>\n<h2><b>L&rsquo;\u00e9co-syst\u00e8me RAM en pratique pour la vente d&rsquo;annonces et les rapports<\/b><\/h2>\n<p><img loading=\"lazy\" decoding=\"async\" class=\"alignnone wp-image-16883 size-full\" src=\"https:\/\/www2.rampanel.com\/wp-content\/uploads\/2019\/03\/theramecosystem.jpg\" alt=\"\" width=\"645\" height=\"777\" srcset=\"https:\/\/www2.rampanel.com\/wp-content\/uploads\/2019\/03\/theramecosystem.jpg 645w, https:\/\/www2.rampanel.com\/wp-content\/uploads\/2019\/03\/theramecosystem-249x300.jpg 249w\" sizes=\"auto, (max-width: 645px) 100vw, 645px\" \/><\/p>\n<p>&nbsp;<\/p>\n<h2><b>Mesures de domaine<\/b><\/h2>\n<p><span style=\"font-weight: 400;\">Avec les Mesures d&rsquo;audience RAM, vous comprendrez la port\u00e9e, la fr\u00e9quence et<\/span> <span style=\"font-weight: 400;\">la d\u00e9mographie des <\/span><b>personnes<\/b> <span style=\"font-weight: 400;\">qui visitent les domaines, sections et pages de votre marque et<\/span> <span style=\"font-weight: 400;\">le nombre de leurs visites.<\/span><\/p>\n<p><span style=\"font-weight: 400;\">Les mesures de domaine de RAM desservent 4 zones de l&rsquo;espace m\u00e9dia<\/span><\/p>\n<p><img loading=\"lazy\" decoding=\"async\" class=\"alignnone wp-image-16885 \" src=\"https:\/\/www2.rampanel.com\/wp-content\/uploads\/2019\/03\/domainmeasurements.jpg\" alt=\"\" width=\"522\" height=\"520\" \/><\/p>\n<p>&nbsp;<\/p>\n<p>&nbsp;<\/p>\n<h2><b>Statistiques officielles<\/b><\/h2>\n<p><span style=\"font-weight: 400;\">L&rsquo;utilisation de RAM comme partenaire de mesure signifie que vous pouvez vous servir de n&rsquo;importe quelle information d&rsquo;audience de RAM pour accr\u00e9diter vos offres aupr\u00e8s des agences et des annonceurs et publier officiellement la port\u00e9e de votre public. RAM est une entreprise tierce ind\u00e9pendante.<\/span><\/p>\n<p>&nbsp;<\/p>\n<p><span style=\"font-weight: 400;\"><img loading=\"lazy\" decoding=\"async\" class=\"alignnone wp-image-16897 size-full\" src=\"https:\/\/www2.rampanel.com\/wp-content\/uploads\/2019\/03\/publicstats.jpg\" alt=\"\" width=\"572\" height=\"378\" srcset=\"https:\/\/www2.rampanel.com\/wp-content\/uploads\/2019\/03\/publicstats.jpg 572w, https:\/\/www2.rampanel.com\/wp-content\/uploads\/2019\/03\/publicstats-300x198.jpg 300w\" sizes=\"auto, (max-width: 572px) 100vw, 572px\" \/><\/span><\/p>\n<ul>\n<li style=\"font-weight: 400;\"><span style=\"font-weight: 400;\">Port\u00e9e : p<\/span><span style=\"font-weight: 400;\">ar jour, semaine, mois<\/span><\/li>\n<li style=\"font-weight: 400;\"><span style=\"font-weight: 400;\">Affichages<\/span><\/li>\n<li style=\"font-weight: 400;\"><span style=\"font-weight: 400;\">Sessions<\/span><\/li>\n<li style=\"font-weight: 400;\"><span style=\"font-weight: 400;\">Donn\u00e9es d\u00e9mographiques et int\u00e9r\u00eats<\/span><\/li>\n<li style=\"font-weight: 400;\"><span style=\"font-weight: 400;\">Par plateforme<\/span><\/li>\n<li style=\"font-weight: 400;\"><span style=\"font-weight: 400;\">Par section d&rsquo;annonces<\/span><\/li>\n<li style=\"font-weight: 400;\"><span style=\"font-weight: 400;\">Forfaits publicitaires<\/span><\/li>\n<\/ul>\n<p>&nbsp;<\/p>\n<h2><b>Ventes de publicit\u00e9 et forfaits publicitaires &#8211; D\u00e9terminez votre offre !<\/b><\/h2>\n<p><span style=\"font-weight: 400;\">La mesure RAM du domaine est mise \u00e0 jour quotidiennement. Toutes les donn\u00e9es collect\u00e9es sur votre domaine et vos canaux peuvent \u00eatre consult\u00e9es par jour, semaine, mois et jusqu&rsquo;\u00e0 6 semaines d&rsquo;informations agr\u00e9g\u00e9es. Les r\u00e9glages de la date sont flexibles et peuvent \u00e9galement \u00eatre utilis\u00e9s sur diff\u00e9rents mois ou en combinaison de deux ou trois semaines &#8211; du mercredi au mercredi, les 30 derniers jours ouvrables par exemple.<\/span><\/p>\n<p><span style=\"font-weight: 400;\">Avec cette souplesse, vos \u00e9quipes de vente de publicit\u00e9 sauront comment votre public interagit avec tous les types de contenu publi\u00e9 sur votre site Web, les articles, Web-TV, le marketing de contenu, la diffusion en direct de la t\u00e9l\u00e9vision en ligne et plus encore.<\/span><\/p>\n<p><span style=\"font-weight: 400;\">Gr\u00e2ce \u00e0 ces informations, vos \u00e9quipes commerciales pourront qualifier vos offres publicitaires et personnaliser la part de voix dont l&rsquo;annonceur a besoin pour atteindre l&rsquo;objectif m\u00e9dia de la campagne. La campagne appara\u00eetra-t-elle sur un canal sp\u00e9cifique, ou dans une combinaison de canaux ou affich\u00e9e sur le site ?<\/span><\/p>\n<ul>\n<li style=\"font-weight: 400;\"><span style=\"font-weight: 400;\">Qualifiez votre audience par :<\/span>\n<ul>\n<li style=\"font-weight: 400;\"><span style=\"font-weight: 400;\">Port\u00e9e d&rsquo;audience<\/span><\/li>\n<li style=\"font-weight: 400;\"><span style=\"font-weight: 400;\">Fid\u00e9lit\u00e9 \/ Fr\u00e9quence<\/span><\/li>\n<li style=\"font-weight: 400;\"><span style=\"font-weight: 400;\">Donn\u00e9es d\u00e9mographiques et int\u00e9r\u00eats<\/span><\/li>\n<li style=\"font-weight: 400;\"><span style=\"font-weight: 400;\">Par jour, semaine, mois<\/span><\/li>\n<\/ul>\n<\/li>\n<li style=\"font-weight: 400;\"><span style=\"font-weight: 400;\">Ex\u00e9cution par site<\/span><\/li>\n<li style=\"font-weight: 400;\"><span style=\"font-weight: 400;\">Par section<\/span><\/li>\n<li style=\"font-weight: 400;\"><span style=\"font-weight: 400;\">Forfaits publicit\u00e9 verticale<\/span><\/li>\n<li style=\"font-weight: 400;\"><span style=\"font-weight: 400;\">Forfaits publicitaires personnalis\u00e9s<\/span><\/li>\n<li style=\"font-weight: 400;\"><span style=\"font-weight: 400;\">\u00c9tudes d&rsquo;efficacit\u00e9 publicitaire<\/span><\/li>\n<\/ul>\n<h2><b><img loading=\"lazy\" decoding=\"async\" class=\"alignnone wp-image-16886 size-full\" src=\"https:\/\/www2.rampanel.com\/wp-content\/uploads\/2019\/03\/runofsite.jpg\" alt=\"\" width=\"985\" height=\"487\" srcset=\"https:\/\/www2.rampanel.com\/wp-content\/uploads\/2019\/03\/runofsite.jpg 985w, https:\/\/www2.rampanel.com\/wp-content\/uploads\/2019\/03\/runofsite-300x148.jpg 300w, https:\/\/www2.rampanel.com\/wp-content\/uploads\/2019\/03\/runofsite-768x380.jpg 768w\" sizes=\"auto, (max-width: 985px) 100vw, 985px\" \/><\/b><\/h2>\n<h2><b>Pour le bureau de la r\u00e9daction &#8211; Qui lit et interagit avec votre contenu publi\u00e9<\/b><\/h2>\n<p><span style=\"font-weight: 400;\">Pour bien comprendre de qui se compose votre public ainsi que la port\u00e9e et les profils de celui-ci, vous utilisez la mesure du domaine RAM Inviso pour effectuer des recherches sur votre audience. Gr\u00e2ce \u00e0 cette recherche, le bureau de la r\u00e9daction peut comprendre en d\u00e9tail les types de contenu qu&rsquo;il est pertinent de pr\u00e9senter \u00e0 votre audience et qui d\u00e9terminent les mesures de fid\u00e9lit\u00e9 en termes de sessions et d&rsquo;affichages de pages. En tant que fournisseur de contenu, la cl\u00e9 sera toujours d&rsquo;amener le public \u00e0 visionner davantage de contenu qu&rsquo;un ou deux articles et de trouver la pertinence qui motive une fid\u00e9lit\u00e9 \u00e9lev\u00e9e et des facteurs de retour. C&rsquo;est la seule mani\u00e8re de faire grossir continuellement la base de votre audience.<\/span><\/p>\n<p><span style=\"font-weight: 400;\">Avec les mesures de domaine RAM Inviso, vous pouvez, de mani\u00e8re plus d\u00e9taill\u00e9e :<\/span><\/p>\n<ul>\n<li><span style=\"font-weight: 400;\">Comprendre votre audience par :<\/span>\n<ul>\n<li style=\"font-weight: 400; text-align: left;\"><span style=\"font-weight: 400;\">Genre<\/span><\/li>\n<li style=\"font-weight: 400;\"><span style=\"font-weight: 400;\">\u00c2ge<\/span><\/li>\n<li style=\"font-weight: 400;\"><span style=\"font-weight: 400;\">Int\u00e9r\u00eats<\/span><\/li>\n<li style=\"font-weight: 400;\"><span style=\"font-weight: 400;\">Fid\u00e9lit\u00e9<\/span><\/li>\n<li style=\"font-weight: 400;\"><span style=\"font-weight: 400;\">Par jour, semaine, mois<\/span><\/li>\n<\/ul>\n<\/li>\n<li style=\"font-weight: 400;\"><span style=\"font-weight: 400;\">Par section \/ Genre principal<\/span><\/li>\n<li style=\"font-weight: 400;\"><span style=\"font-weight: 400;\">Par sous-section \/ Genre<\/span><\/li>\n<li style=\"font-weight: 400;\"><span style=\"font-weight: 400;\">Par programme de Web-TV &amp; Type d&rsquo;article<\/span>\n<ul>\n<li><span style=\"font-weight: 400;\">Contenu combin\u00e9<\/span><\/li>\n<\/ul>\n<\/li>\n<li style=\"font-weight: 400;\"><span style=\"font-weight: 400;\">Enqu\u00eates de contenu<\/span><\/li>\n<\/ul>\n<h2><b>Pour votre \u00e9quipe de direction<\/b><\/h2>\n<p><span style=\"font-weight: 400;\">La pr\u00e9sence num\u00e9rique et en ligne est ou sera votre plus grande vitrine pour que votre marque touche votre audience et elle deviendra, si ce n&rsquo;est d\u00e9j\u00e0 le cas, votre plus grande source de revenus. Pour bien comprendre l&rsquo;utilisation et le d\u00e9veloppement de votre domaine au fil du temps, les mesures de domaine RAM Inviso vous permettront de d\u00e9couvrir comment votre contenu augmente la fid\u00e9lit\u00e9, attire de nouvelles audiences et diminue le taux de perte. Votre public fid\u00e8le sera toujours parmi ceux qui afficheront plus de trois pages pendant la p\u00e9riode choisie.<\/span><\/p>\n<p>&nbsp;<\/p>\n<p><img loading=\"lazy\" decoding=\"async\" class=\"alignnone wp-image-16887 size-full\" src=\"https:\/\/www2.rampanel.com\/wp-content\/uploads\/2019\/03\/foryourmanteam.jpg\" alt=\"\" width=\"1714\" height=\"598\" srcset=\"https:\/\/www2.rampanel.com\/wp-content\/uploads\/2019\/03\/foryourmanteam.jpg 1714w, https:\/\/www2.rampanel.com\/wp-content\/uploads\/2019\/03\/foryourmanteam-300x105.jpg 300w, https:\/\/www2.rampanel.com\/wp-content\/uploads\/2019\/03\/foryourmanteam-768x268.jpg 768w, https:\/\/www2.rampanel.com\/wp-content\/uploads\/2019\/03\/foryourmanteam-1024x357.jpg 1024w, https:\/\/www2.rampanel.com\/wp-content\/uploads\/2019\/03\/foryourmanteam-1320x461.jpg 1320w\" sizes=\"auto, (max-width: 1714px) 100vw, 1714px\" \/><\/p>\n<p><span style=\"font-weight: 400;\">Les captures d&rsquo;\u00e9cran ci-dessus peuvent \u00eatre filtr\u00e9es par plateforme.<\/span><\/p>\n<p><span style=\"font-weight: 400;\">En servant votre audience avec les capacit\u00e9s d&rsquo;enqu\u00eate de RAM, vous comprendrez en permanence comment d\u00e9velopper votre domaine et quel type de contenu est pertinent pour votre public.<\/span><\/p>\n<p><span style=\"font-weight: 400;\">L&rsquo;\u00e9quipe de direction et les investisseurs doivent comprendre :<\/span><\/p>\n<ul>\n<li style=\"font-weight: 400;\"><span style=\"font-weight: 400;\">L&rsquo;\u00e9volution de l&rsquo;audience au total et par plateforme<\/span><\/li>\n<li style=\"font-weight: 400;\"><span style=\"font-weight: 400;\">Les tendances de fid\u00e9lit\u00e9<\/span><\/li>\n<li style=\"font-weight: 400;\"><span style=\"font-weight: 400;\">L&rsquo;\u00e9volution des pages par personne<\/span><\/li>\n<li style=\"font-weight: 400;\"><span style=\"font-weight: 400;\">Aiguilleurs de contenu<\/span><\/li>\n<li style=\"font-weight: 400;\"><span style=\"font-weight: 400;\">Perte d&rsquo;audience<\/span><\/li>\n<li style=\"font-weight: 400;\"><span style=\"font-weight: 400;\">Nouvelles \u00e9volutions<\/span><\/li>\n<li style=\"font-weight: 400;\"><span style=\"font-weight: 400;\">Par marque et comme r\u00e9seau<\/span><\/li>\n<\/ul>\n<h2><b>Mesure RAM d&rsquo;audience de campagnes et \u00e9tudes d&rsquo;efficacit\u00e9 publicitaire<\/b><\/h2>\n<h3><b>Mesures des campagnes &#8211; Pr\u00e9senter la port\u00e9e de la campagne et planifier la prochaine<\/b><\/h3>\n<p><span style=\"font-weight: 400;\">RAM mesure les campagnes num\u00e9riques en utilisant le m\u00eame groupe et la m\u00eame m\u00e9thodologie que pour la mesure d&rsquo;audience de domaine et fournit un tableau de bord avec des informations sur les individus qui ont \u00e9t\u00e9 d\u00e9voil\u00e9es \u00e0 la fois par la campagne globale et par l&rsquo;\u00e9l\u00e9ment cr\u00e9\u00e9 utilis\u00e9. <\/span>Gr\u00e2ce \u00e0 la mesure des campagnes, vous pouvez pr\u00e9senter le rendement du plan m\u00e9dia par rapport \u00e0 l&rsquo;objectif de la campagne pr\u00e9sent\u00e9 par l&rsquo;annonceur comme un re\u00e7u de l&rsquo;investissement de la campagne.<\/p>\n<p><span style=\"font-weight: 400;\"><img loading=\"lazy\" decoding=\"async\" class=\"alignnone wp-image-16888 size-full\" src=\"https:\/\/www2.rampanel.com\/wp-content\/uploads\/2019\/03\/campaignreach.jpg\" alt=\"\" width=\"533\" height=\"505\" srcset=\"https:\/\/www2.rampanel.com\/wp-content\/uploads\/2019\/03\/campaignreach.jpg 533w, https:\/\/www2.rampanel.com\/wp-content\/uploads\/2019\/03\/campaignreach-300x284.jpg 300w\" sizes=\"auto, (max-width: 533px) 100vw, 533px\" \/><\/span><\/p>\n<p><span style=\"font-weight: 400;\">De l\u00e0, votre \u00e9quipe a une histoire \u00e0 raconter \u00e0 l&rsquo;annonceur &#8211; qui ils ont atteint et \u00e0 quelle fr\u00e9quence avec les donn\u00e9es d\u00e9mographiques et la r\u00e9partition par \u00e2ge dans les groupes cibles. C&rsquo;est le point de d\u00e9part pour discuter de la prochaine phase des objectifs m\u00e9diatiques annuels, commencer la planification m\u00e9diatique et trouver le prochain forfait publicitaire pour passer \u00e0 la phase suivante.<\/span><\/p>\n<p>&nbsp;<\/p>\n<h3><b>Enqu\u00eate d&rsquo;efficacit\u00e9 publicitaire &#8211; Comment r\u00e9agit le public expos\u00e9<\/b><span style=\"font-weight: 400;\"><br \/>\n<\/span><span style=\"font-weight: 400;\">Le suivi de la campagne permet \u00e0 RAM d&rsquo;inviter les personnes expos\u00e9es \u00e0 une enqu\u00eate de campagne publicitaire et les personnes invit\u00e9es r\u00e9pondront ensuite \u00e0 une s\u00e9rie de questions sur le rappel de la publicit\u00e9, la notori\u00e9t\u00e9 de la marque, l&rsquo;engagement et les actions, comme l&rsquo;intention d&rsquo;achat, la visite d&rsquo;un magasin ou la visite d&rsquo;une page d&rsquo;accueil.<\/span><\/h3>\n<p><span style=\"font-weight: 400;\">Se fondant sur les objectifs m\u00e9dia pr\u00e9d\u00e9finis par l&rsquo;annonceur, RAM donne les r\u00e9sultats de la campagne pour que vous puissiez les comparer. L&rsquo;annonceur obtiendra la r\u00e9ponse quant \u00e0 savoir si la campagne a \u00e9t\u00e9 \u00e0 la hauteur des r\u00e9sultats escompt\u00e9s et si la conception publicitaire s&rsquo;est d\u00e9marqu\u00e9e et a atteint le public cible.<\/span><\/p>\n<p><img loading=\"lazy\" decoding=\"async\" class=\"alignnone wp-image-16889 size-large\" src=\"https:\/\/www2.rampanel.com\/wp-content\/uploads\/2019\/03\/adeffectiveness-1024x542.jpg\" alt=\"\" width=\"1024\" height=\"542\" srcset=\"https:\/\/www2.rampanel.com\/wp-content\/uploads\/2019\/03\/adeffectiveness-1024x542.jpg 1024w, https:\/\/www2.rampanel.com\/wp-content\/uploads\/2019\/03\/adeffectiveness-300x159.jpg 300w, https:\/\/www2.rampanel.com\/wp-content\/uploads\/2019\/03\/adeffectiveness-768x407.jpg 768w, https:\/\/www2.rampanel.com\/wp-content\/uploads\/2019\/03\/adeffectiveness.jpg 1129w\" sizes=\"auto, (max-width: 1024px) 100vw, 1024px\" \/>[\/vc_column_text][\/vc_column][\/vc_row][vc_row][vc_column][\/vc_column][\/vc_row]<\/p>\n<\/div>","protected":false},"excerpt":{"rendered":"<p>[vc_row][vc_column][vc_column_text] Suivi num\u00e9rique RAM, effet et conversions Nous pensons que les mesures en ligne doivent \u00eatre : Une solution hybride et en temps r\u00e9el, car l&rsquo;activit\u00e9 en ligne se produit maintenant Nous les stimulons et investissons dans la m\u00e9thodologie et la technologie Nous concevons nos tableaux de bord de mani\u00e8re standardis\u00e9e mais adaptable en termes&hellip;<\/p>\n","protected":false},"author":1,"featured_media":0,"parent":20830,"menu_order":0,"comment_status":"closed","ping_status":"closed","template":"","meta":{"footnotes":""},"class_list":["post-20961","page","type-page","status-publish","hentry","description-off"],"_links":{"self":[{"href":"https:\/\/www2.rampanel.com\/fr\/wp-json\/wp\/v2\/pages\/20961","targetHints":{"allow":["GET"]}}],"collection":[{"href":"https:\/\/www2.rampanel.com\/fr\/wp-json\/wp\/v2\/pages"}],"about":[{"href":"https:\/\/www2.rampanel.com\/fr\/wp-json\/wp\/v2\/types\/page"}],"author":[{"embeddable":true,"href":"https:\/\/www2.rampanel.com\/fr\/wp-json\/wp\/v2\/users\/1"}],"replies":[{"embeddable":true,"href":"https:\/\/www2.rampanel.com\/fr\/wp-json\/wp\/v2\/comments?post=20961"}],"version-history":[{"count":4,"href":"https:\/\/www2.rampanel.com\/fr\/wp-json\/wp\/v2\/pages\/20961\/revisions"}],"predecessor-version":[{"id":24894,"href":"https:\/\/www2.rampanel.com\/fr\/wp-json\/wp\/v2\/pages\/20961\/revisions\/24894"}],"up":[{"embeddable":true,"href":"https:\/\/www2.rampanel.com\/fr\/wp-json\/wp\/v2\/pages\/20830"}],"wp:attachment":[{"href":"https:\/\/www2.rampanel.com\/fr\/wp-json\/wp\/v2\/media?parent=20961"}],"curies":[{"name":"wp","href":"https:\/\/api.w.org\/{rel}","templated":true}]}}