{"id":20980,"date":"2018-11-30T13:23:39","date_gmt":"2018-11-30T13:23:39","guid":{"rendered":"https:\/\/www2.rampanel.com\/products\/editorial-and-content-insights\/"},"modified":"2019-05-14T12:16:39","modified_gmt":"2019-05-14T12:16:39","slug":"editorial-and-content-insights","status":"publish","type":"page","link":"https:\/\/www2.rampanel.com\/fr\/products\/editorial-and-content-insights\/","title":{"rendered":"Perspectives \u00e9ditoriales et de contenu"},"content":{"rendered":"<h2><b>Perspectives \u00e9ditoriales et de contenu<\/b><\/h2>\n<p><span style=\"font-weight: 400;\">Une information pertinente et de qualit\u00e9 rend tout plus facile. Cela s&rsquo;applique donc \u00e9galement au fonctionnement des m\u00e9dias et \u00e0 la fa\u00e7on dont l&rsquo;information \u00e9ditoriale et commerciale est transmise aux lecteurs, aux utilisateurs, aux auditeurs, au public spectateur. La plupart d&rsquo;entre nous aimons et appr\u00e9cions les spectacles divertissants, les articles bien \u00e9crits et la publicit\u00e9 de bonne qualit\u00e9. Nous souhaitons tous \u00e9viter les messages peu clairs, non pertinents et faux.<\/span><\/p>\n<p><span style=\"font-weight: 400;\">Un certains nombre de r\u00e9sultats, comme la qualit\u00e9 et l\u2019effet de l\u2019article, l\u2019effet du marketing par contenu, le trafic de page, les tests de page et les tests d\u2019engagement vous aident \u00e0 comprendre et \u00e0 am\u00e9liorer vos produits quel que soit le canal.<\/span><\/p>\n<p><span style=\"font-weight: 400;\">Testez le contenu sur les mobiles, en ligne, sur papier ou magazine, ou partout o\u00f9 vous voulez assurer une bonne qualit\u00e9 et des normes. Tous les param\u00e8tres peuvent \u00eatre combin\u00e9s avec plus de 40 variables sociod\u00e9mographiques. L&rsquo;outil d&rsquo;analyse RAMetrics de RAM contient les r\u00e9sultats de toutes les mesures ant\u00e9rieures, qui peuvent \u00eatre visualis\u00e9es, marqu\u00e9es ou class\u00e9es de diff\u00e9rentes mani\u00e8res. Profitez des grandes possibilit\u00e9s en termes de perspectives qui se cachent dans l&rsquo;\u00e9norme base de donn\u00e9es RAMetrics.<\/span><\/p>\n<p>&nbsp;<\/p>\n","protected":false},"excerpt":{"rendered":"<p>Perspectives \u00e9ditoriales et de contenu Une information pertinente et de qualit\u00e9 rend tout plus facile. Cela s&rsquo;applique donc \u00e9galement au fonctionnement des m\u00e9dias et \u00e0 la fa\u00e7on dont l&rsquo;information \u00e9ditoriale et commerciale est transmise aux lecteurs, aux utilisateurs, aux auditeurs, au public spectateur. La plupart d&rsquo;entre nous aimons et appr\u00e9cions les spectacles divertissants, les articles&hellip;<\/p>\n","protected":false},"author":1,"featured_media":0,"parent":20830,"menu_order":0,"comment_status":"closed","ping_status":"closed","template":"","meta":{"footnotes":""},"class_list":["post-20980","page","type-page","status-publish","hentry","description-off"],"_links":{"self":[{"href":"https:\/\/www2.rampanel.com\/fr\/wp-json\/wp\/v2\/pages\/20980","targetHints":{"allow":["GET"]}}],"collection":[{"href":"https:\/\/www2.rampanel.com\/fr\/wp-json\/wp\/v2\/pages"}],"about":[{"href":"https:\/\/www2.rampanel.com\/fr\/wp-json\/wp\/v2\/types\/page"}],"author":[{"embeddable":true,"href":"https:\/\/www2.rampanel.com\/fr\/wp-json\/wp\/v2\/users\/1"}],"replies":[{"embeddable":true,"href":"https:\/\/www2.rampanel.com\/fr\/wp-json\/wp\/v2\/comments?post=20980"}],"version-history":[{"count":3,"href":"https:\/\/www2.rampanel.com\/fr\/wp-json\/wp\/v2\/pages\/20980\/revisions"}],"predecessor-version":[{"id":21602,"href":"https:\/\/www2.rampanel.com\/fr\/wp-json\/wp\/v2\/pages\/20980\/revisions\/21602"}],"up":[{"embeddable":true,"href":"https:\/\/www2.rampanel.com\/fr\/wp-json\/wp\/v2\/pages\/20830"}],"wp:attachment":[{"href":"https:\/\/www2.rampanel.com\/fr\/wp-json\/wp\/v2\/media?parent=20980"}],"curies":[{"name":"wp","href":"https:\/\/api.w.org\/{rel}","templated":true}]}}