{"id":20991,"date":"2018-09-12T12:21:24","date_gmt":"2018-09-12T12:21:24","guid":{"rendered":"https:\/\/www2.rampanel.com\/cookie-policy\/"},"modified":"2019-05-14T12:16:36","modified_gmt":"2019-05-14T12:16:36","slug":"cookie-policy","status":"publish","type":"page","link":"https:\/\/www2.rampanel.com\/fr\/cookie-policy\/","title":{"rendered":"Politique de RAM pour les cookies"},"content":{"rendered":"<p>RAM utilise des cookies sur son site Web afin de fournir \u00e0 l&rsquo;utilisateur des enqu\u00eates personnalis\u00e9es et d&rsquo;obtenir des informations sur les visites de sites Web.<\/p>\n<p>Un cookie est un petit fichier texte stock\u00e9 sur l&rsquo;ordinateur utilis\u00e9. Les cookies consistent en un petit ensemble de donn\u00e9es contenant des informations sur ce que l&rsquo;utilisateur fait lorsqu&rsquo;il visite un site Web. Les informations recueillies par le biais des cookies peuvent inclure les pages consult\u00e9es et le temps pass\u00e9 sur le site Web..<\/p>\n<p>Il existe deux types de cookies. Un type enregistre un fichier pendant une longue p\u00e9riode sur l&rsquo;ordinateur de l&rsquo;utilisateur et peut, par exemple, \u00eatre utilis\u00e9 pour lui dire ce qu&rsquo;il y a de nouveau sur le site Web depuis sa derni\u00e8re visite. Une fois la date d&rsquo;expiration d\u00e9pass\u00e9e, le cookie est automatiquement supprim\u00e9 lorsque l&rsquo;utilisateur retourne sur le site Web o\u00f9 il a \u00e9t\u00e9 cr\u00e9\u00e9. L&rsquo;autre type de cookie est appel\u00e9 cookie de session et est temporairement stock\u00e9 dans la m\u00e9moire de l&rsquo;ordinateur, par exemple, pour se souvenir de la langue s\u00e9lectionn\u00e9e par l&rsquo;utilisateur. Les cookies de session sont supprim\u00e9s lorsque le navigateur est ferm\u00e9.<\/p>\n<p>Une distinction est faite entre les cookies d&rsquo;origine (first-party) et les cookies de tiers. Les cookies d&rsquo;origine sont mis en place par le possesseur d&rsquo;un site Web et les cookies de tiers sont mis en place par un site externe qui est le tiers.<\/p>\n<p>RAM utilise des cookies conform\u00e9ment \u00e0 la l\u00e9gislation relative aux communications \u00e9lectroniques. Il est donc n\u00e9cessaire que l&rsquo;utilisateur du site Web re\u00e7oive des informations sur le but pour lequel les cookies sont utilis\u00e9s, et que l&rsquo;utilisateur consente \u00e0 cette utilisation. Si les informations sont correctement remplies et que le navigateur de l&rsquo;utilisateur ou tout autre \u00e9quipement similaire est r\u00e9gl\u00e9 pour permettre les cookies, ceci est consid\u00e9r\u00e9 comme un consentement.<\/p>\n<p>Les cookies sont des fichiers texte normaux et ne peuvent pas contenir de virus. Les fichiers sont petits et seul un certain nombre de cookies peuvent \u00eatre stock\u00e9s dans la m\u00e9moire d&rsquo;un ordinateur. Il n&rsquo;y a donc aucun risque que la m\u00e9moire se remplisse trop parce que l&rsquo;utilisateur autorise les cookies.<\/p>\n<p>L&rsquo;utilisateur peut obtenir des informations sur les cookies stock\u00e9s, les bloquer et les supprimer s&rsquo;il le souhaite. L&rsquo;utilisateur peut d\u00e9sactiver les cookies dans les param\u00e8tres de s\u00e9curit\u00e9 de son navigateur. Si cela est fait, la fonction du site Web pourrait \u00eatre limit\u00e9e.<\/p>\n","protected":false},"excerpt":{"rendered":"<p>RAM utilise des cookies sur son site Web afin de fournir \u00e0 l&rsquo;utilisateur des enqu\u00eates personnalis\u00e9es et d&rsquo;obtenir des informations sur les visites de sites Web. Un cookie est un petit fichier texte stock\u00e9 sur l&rsquo;ordinateur utilis\u00e9. Les cookies consistent en un petit ensemble de donn\u00e9es contenant des informations sur ce que l&rsquo;utilisateur fait lorsqu&rsquo;il&hellip;<\/p>\n","protected":false},"author":1,"featured_media":0,"parent":0,"menu_order":0,"comment_status":"closed","ping_status":"closed","template":"","meta":{"footnotes":""},"class_list":["post-20991","page","type-page","status-publish","hentry","description-off"],"_links":{"self":[{"href":"https:\/\/www2.rampanel.com\/fr\/wp-json\/wp\/v2\/pages\/20991","targetHints":{"allow":["GET"]}}],"collection":[{"href":"https:\/\/www2.rampanel.com\/fr\/wp-json\/wp\/v2\/pages"}],"about":[{"href":"https:\/\/www2.rampanel.com\/fr\/wp-json\/wp\/v2\/types\/page"}],"author":[{"embeddable":true,"href":"https:\/\/www2.rampanel.com\/fr\/wp-json\/wp\/v2\/users\/1"}],"replies":[{"embeddable":true,"href":"https:\/\/www2.rampanel.com\/fr\/wp-json\/wp\/v2\/comments?post=20991"}],"version-history":[{"count":2,"href":"https:\/\/www2.rampanel.com\/fr\/wp-json\/wp\/v2\/pages\/20991\/revisions"}],"predecessor-version":[{"id":21695,"href":"https:\/\/www2.rampanel.com\/fr\/wp-json\/wp\/v2\/pages\/20991\/revisions\/21695"}],"wp:attachment":[{"href":"https:\/\/www2.rampanel.com\/fr\/wp-json\/wp\/v2\/media?parent=20991"}],"curies":[{"name":"wp","href":"https:\/\/api.w.org\/{rel}","templated":true}]}}