{"id":20832,"date":"2018-12-10T13:44:15","date_gmt":"2018-12-10T13:44:15","guid":{"rendered":"https:\/\/www2.rampanel.com\/products\/"},"modified":"2019-10-28T11:28:16","modified_gmt":"2019-10-28T11:28:16","slug":"products","status":"publish","type":"page","link":"https:\/\/www2.rampanel.com\/no\/products\/","title":{"rendered":"Produkter"},"content":{"rendered":"<div class=\"wpb-content-wrapper\"><p>[vc_row bg_type=&raquo;bg_color&raquo; bg_override=&raquo;ex-full&raquo; type=&raquo;vc_default&raquo; margin_top=&raquo;-50&#8243; anchor=&raquo;about&raquo; css=&raquo;.vc_custom_1543821597147{padding-top: 50px !important;padding-bottom: 50px !important;}&raquo; el_id=&raquo;products&raquo; bg_color_value=&raquo;#f8f8f9&#8243;][vc_column]<div id=\"ultimate-heading-82586a03a53b404c6\" class=\"uvc-heading ult-adjust-bottom-margin ultimate-heading-82586a03a53b404c6 uvc-3038 \" data-hspacer=\"no_spacer\"  data-halign=\"center\" style=\"text-align:center\"><div class=\"uvc-heading-spacer no_spacer\" style=\"top\"><\/div><div class=\"uvc-main-heading ult-responsive\"  data-ultimate-target='.uvc-heading.ultimate-heading-82586a03a53b404c6 h2'  data-responsive-json-new='{\"font-size\":\"desktop:56px;mobile_landscape:40px;\",\"line-height\":\"desktop:66px;mobile_landscape:50px;\"}' ><h2 style=\"--font-weight:theme;margin-bottom:5px;\">PRODUKTER &amp;amp; TJENESTER<\/h2><\/div><div class=\"uvc-sub-heading ult-responsive\"  data-ultimate-target='.uvc-heading.ultimate-heading-82586a03a53b404c6 .uvc-sub-heading '  data-responsive-json-new='{\"font-size\":\"desktop:26px;mobile_landscape:20px;\",\"line-height\":\"desktop:36px;mobile_landscape:30px;\"}'  style=\"font-weight:normal;color:#adb0b6;margin-bottom:5px;\"><span style=\"font-weight: 400;\">Vi har alle de verkt\u00f8y du trenger for \u00e5 forst\u00e5 og f\u00e5 best mulig fortjeneste p\u00e5 virksomheten din.<\/span><\/div><\/div>[\/vc_column][\/vc_row][vc_row bg_type=&raquo;bg_color&raquo; seperator_enable=&raquo;seperator_enable_value&raquo; seperator_type=&raquo;triangle_svg_seperator&raquo; seperator_svg_height=&raquo;30&#8243; seperator_shape_background=&raquo;#f8f8f9&#8243; type=&raquo;vc_default&raquo; margin_top=&raquo;-50&#8243; anchor=&raquo;about&raquo; css=&raquo;.vc_custom_1543822001973{padding-top: 50px !important;padding-bottom: 0px !important;}&raquo; bg_color_value=&raquo;#ffffff&raquo;][vc_column width=&raquo;1\/3&#8243; css=&raquo;.vc_custom_1543585134761{padding-top: 0px !important;padding-right: 0px !important;padding-bottom: 0px !important;padding-left: 0px !important;background-image: url(https:\/\/www2.rampanel.com\/wp-content\/uploads\/2018\/10\/news.jpg?id=15791) !important;}&raquo;]<div class=\"flip-box-wrap\" style=\"margin:0px;padding:0px;\"><div class=\"flip-box ifb-custom-height accent-icon-color horizontal_flip_right flip-box-custom-height flip-ifb-custom-height\" data-animation=\"\" data-animation-delay=\"03\" style=\"\"  data-min-height='320px'><div class=\"ifb-flip-box\" id=\"flip-box-wrap-3285\"><div class=\"ifb-face ifb-front \" style=\"color:#ffffff;background:rgba(0,0,0,0.6);  border-color:#A4A4A4; \">\n\t\t\t\t\t\t\t<div class=\"ifb-flip-box-section ifb-flip-box-section-vertical-middle\">\n\t\t\t\t\t\t\t<div class=\"flip-box-icon\"><div class=\"ult-just-icon-wrapper  \"><div class=\"align-icon\" style=\"text-align:center;\">\n<div class=\"aio-icon none \"  style=\"color:#ffffff;font-size:64px;display:inline-block;\">\n\t<i class=\"none\"><\/i>\n<\/div><\/div><\/div><\/div><h3 class=\"ult-responsive flipbox_heading\"  data-ultimate-target='#flip-box-wrap-3285 .ult-responsive.flipbox_heading'  data-responsive-json-new='{\"font-size\":\"desktop:28px;\",\"line-height\":\"desktop:36px;\"}'  style=\"color:#ffffff; \">Redaksjonell og Innholdsforst\u00e5else<\/h3><div class=\"ifb-flip-box-section-content ult-responsive\"  data-ultimate-target='#flip-box-wrap-3285 .ifb-flip-box-section-content.ult-responsive'  data-responsive-json-new='{\"font-size\":\"desktop:14px;\",\"line-height\":\"desktop:24px;\"}'  style=\"color:#ffffff;\"><p>Les mer<\/p><\/div><\/div><\/div><!-- END .front -->\n\t\t\t\t\t\t<div class=\"ifb-face ifb-back\" style=\"color:#ffffff;background:#23262d;  border-color:#A4A4A4; \">\n\t\t\t\t\t\t\t<div class=\"ifb-flip-box-section ifb-flip-box-section-vertical-middle\"><div class=\"ifb-desc-back\"><div class=\"ifb-flip-box-section-content ult-responsive\"  data-ultimate-target='#flip-box-wrap-3285 .ifb-flip-box-section-content.ult-responsive'  data-responsive-json-new='{\"font-size\":\"desktop:14px;\",\"line-height\":\"desktop:24px;\"}'  style=\"color:#ffffff;\"><p>Flere produkter, inkludert artikkelkvalitet og effekt, innholdsmarkedsf\u00f8ringseffekt, nettsidetrafikk, nettsidetester og engasjementtesting hjelper deg til \u00e5 forst\u00e5 og forbedre markedsf\u00f8ringen av produktene dine uansett hvilken markedsf\u00f8ringskanal du velger. Test innhold p\u00e5 mobil, p\u00e5 nett, i aviser og ukeblader eller andre steder du \u00f8nsker \u00e5 sikre rett kvalitet og standard. Alle metrics kan kombineres med mer enn 40 sosialdemografiske variabler.<\/p><\/div><\/div><div class=\"flip_link\"><a href=\"\/editorial-and-content-insights\/\"  style=\"background:#333333; color:#ffffff;\">Les mer p\u00e5 produktsiden<\/a><\/div><\/div><\/div><!-- END .back --><\/div> <!-- ifb-flip-box --><\/div> <!-- flip-box --><\/div><!-- End icon block -->[\/vc_column][vc_column width=&raquo;1\/3&#8243; css=&raquo;.vc_custom_1548338660921{padding-top: 0px !important;padding-right: 0px !important;padding-bottom: 0px !important;padding-left: 0px !important;background-image: url(https:\/\/www2.rampanel.com\/wp-content\/uploads\/2019\/01\/branding500-1.jpg?id=16581) !important;background-position: center !important;background-repeat: no-repeat !important;background-size: cover !important;}&raquo;]<div class=\"flip-box-wrap\" style=\"margin:0px;padding:0px;\"><div class=\"flip-box ifb-custom-height accent-icon-color horizontal_flip_right flip-box-custom-height flip-ifb-custom-height\" data-animation=\"\" data-animation-delay=\"03\" style=\"\"  data-min-height='320px'><div class=\"ifb-flip-box\" id=\"flip-box-wrap-9905\"><div class=\"ifb-face ifb-front \" style=\"color:#ffffff;background:rgba(0,0,0,0.6);  border-color:#A4A4A4; \">\n\t\t\t\t\t\t\t<div class=\"ifb-flip-box-section ifb-flip-box-section-vertical-middle\">\n\t\t\t\t\t\t\t<div class=\"flip-box-icon\"><div class=\"ult-just-icon-wrapper  \"><div class=\"align-icon\" style=\"text-align:center;\">\n<div class=\"aio-icon none \"  style=\"color:#ffffff;font-size:64px;display:inline-block;\">\n\t<i class=\"none\"><\/i>\n<\/div><\/div><\/div><\/div><h3 class=\"ult-responsive flipbox_heading\"  data-ultimate-target='#flip-box-wrap-9905 .ult-responsive.flipbox_heading'  data-responsive-json-new='{\"font-size\":\"desktop:28px;\",\"line-height\":\"desktop:36px;\"}'  style=\"color:#ffffff; \">Brand Performance og Brand Lift \u2013 Offline og Online<\/h3><div class=\"ifb-flip-box-section-content ult-responsive\"  data-ultimate-target='#flip-box-wrap-9905 .ifb-flip-box-section-content.ult-responsive'  data-responsive-json-new='{\"font-size\":\"desktop:14px;\",\"line-height\":\"desktop:24px;\"}'  style=\"color:#ffffff;\"><p>Les mer<\/p><\/div><\/div><\/div><!-- END .front -->\n\t\t\t\t\t\t<div class=\"ifb-face ifb-back\" style=\"color:#ffffff;background:#23262d;  border-color:#A4A4A4; \">\n\t\t\t\t\t\t\t<div class=\"ifb-flip-box-section ifb-flip-box-section-vertical-middle\"><div class=\"ifb-desc-back\"><div class=\"ifb-flip-box-section-content ult-responsive\"  data-ultimate-target='#flip-box-wrap-9905 .ifb-flip-box-section-content.ult-responsive'  data-responsive-json-new='{\"font-size\":\"desktop:14px;\",\"line-height\":\"desktop:24px;\"}'  style=\"color:#ffffff;\"><p>Brand Performance og Brand Lift er en kombinert studie som analyserer en spesifikk business-sektor for \u00e5 avgj\u00f8re markedsposisjon, kunnskap og forbrukeroppfattelse, f\u00f8r og etter en reklamekampanje.<\/p><\/div><\/div><div class=\"flip_link\"><a href=\"https:\/\/www2.rampanel.com\/brand-performance-and-brand-lift-offline-and-online\/\"  style=\"background:#333333; color:#ffffff;\">Les mer p\u00e5 produktsiden<\/a><\/div><\/div><\/div><!-- END .back --><\/div> <!-- ifb-flip-box --><\/div> <!-- flip-box --><\/div><!-- End icon block -->[\/vc_column][vc_column width=&raquo;1\/3&#8243; css=&raquo;.vc_custom_1543585178005{padding-top: 0px !important;padding-right: 0px !important;padding-bottom: 0px !important;padding-left: 0px !important;background-image: url(https:\/\/www2.rampanel.com\/wp-content\/uploads\/revslider\/classicslider\/touchit.jpg?id=16403) !important;background-position: center !important;background-repeat: no-repeat !important;background-size: cover !important;}&raquo;]<div class=\"flip-box-wrap\" style=\"margin:0px;padding:0px;\"><div class=\"flip-box ifb-custom-height accent-icon-color horizontal_flip_right flip-box-custom-height flip-ifb-custom-height\" data-animation=\"\" data-animation-delay=\"03\" style=\"\"  data-min-height='320px'><div class=\"ifb-flip-box\" id=\"flip-box-wrap-4044\"><div class=\"ifb-face ifb-front \" style=\"color:#ffffff;background:rgba(0,0,0,0.6);  border-color:#A4A4A4; \">\n\t\t\t\t\t\t\t<div class=\"ifb-flip-box-section ifb-flip-box-section-vertical-middle\">\n\t\t\t\t\t\t\t<div class=\"flip-box-icon\"><div class=\"ult-just-icon-wrapper  \"><div class=\"align-icon\" style=\"text-align:center;\">\n<div class=\"aio-icon none \"  style=\"color:#ffffff;font-size:64px;display:inline-block;\">\n\t<i class=\"none\"><\/i>\n<\/div><\/div><\/div><\/div><h3 class=\"ult-responsive flipbox_heading\"  data-ultimate-target='#flip-box-wrap-4044 .ult-responsive.flipbox_heading'  data-responsive-json-new='{\"font-size\":\"desktop:28px;\",\"line-height\":\"desktop:36px;\"}'  style=\"color:#ffffff; \">Markedsf\u00f8ringsinnsikt og anvendelse<\/h3><div class=\"ifb-flip-box-section-content ult-responsive\"  data-ultimate-target='#flip-box-wrap-4044 .ifb-flip-box-section-content.ult-responsive'  data-responsive-json-new='{\"font-size\":\"desktop:14px;\",\"line-height\":\"desktop:24px;\"}'  style=\"color:#ffffff;\"><p>Les mer<\/p><\/div><\/div><\/div><!-- END .front -->\n\t\t\t\t\t\t<div class=\"ifb-face ifb-back\" style=\"color:#ffffff;background:#23262d;  border-color:#A4A4A4; \">\n\t\t\t\t\t\t\t<div class=\"ifb-flip-box-section ifb-flip-box-section-vertical-middle\"><div class=\"ifb-desc-back\"><div class=\"ifb-flip-box-section-content ult-responsive\"  data-ultimate-target='#flip-box-wrap-4044 .ifb-flip-box-section-content.ult-responsive'  data-responsive-json-new='{\"font-size\":\"desktop:14px;\",\"line-height\":\"desktop:24px;\"}'  style=\"color:#ffffff;\"><p>L\u00e6r den sanne kvaliteten og effekten av markedsf\u00f8ringen din. Hvor mange, og hvilken m\u00e5lgruppe har virkelig sett meldigen din? Er varemerket s\u00e5 kjent som det burde v\u00e6re? Satt m\u00e5lgruppen pris p\u00e5, og forsto den din kommunikasjon med dem? Og viktigst at alt, gjorde de noe, tok de action? Finn historier for salgsteamet slik at de bedre kan kommunisere med annons\u00f8rer, som dermed forbedrer fortjenesten sin.<\/p><\/div><\/div><div class=\"flip_link\"><a href=\"https:\/\/www2.rampanel.com\/products\/advertising-insights-and-receipts\/\"  style=\"background:#333333; color:#ffffff;\">Les mer p\u00e5 produktsiden<\/a><\/div><\/div><\/div><!-- END .back --><\/div> <!-- ifb-flip-box --><\/div> <!-- flip-box --><\/div><!-- End icon block -->[\/vc_column][\/vc_row][vc_row type=&raquo;vc_default&raquo; margin_top=&raquo;-50&#8243; anchor=&raquo;about&raquo; css=&raquo;.vc_custom_1543585291195{padding-bottom: 100px !important;}&raquo;][vc_column width=&raquo;1\/3&#8243; css=&raquo;.vc_custom_1548411613733{padding-top: 0px !important;padding-right: 0px !important;padding-bottom: 0px !important;padding-left: 0px !important;background-image: url(https:\/\/www2.rampanel.com\/wp-content\/uploads\/2018\/12\/apple_monitorwrametrics.jpg?id=16562) !important;background-position: center !important;background-repeat: no-repeat !important;background-size: cover !important;}&raquo;]<div class=\"flip-box-wrap\" style=\"margin:0px;padding:0px;\"><div class=\"flip-box ifb-custom-height accent-icon-color horizontal_flip_right flip-box-custom-height flip-ifb-custom-height\" data-animation=\"\" data-animation-delay=\"03\" style=\"\"  data-min-height='320px'><div class=\"ifb-flip-box\" id=\"flip-box-wrap-8217\"><div class=\"ifb-face ifb-front \" style=\"color:#ffffff;background:rgba(0,0,0,0.6);  border-color:#A4A4A4; \">\n\t\t\t\t\t\t\t<div class=\"ifb-flip-box-section ifb-flip-box-section-vertical-middle\">\n\t\t\t\t\t\t\t<div class=\"flip-box-icon\"><div class=\"ult-just-icon-wrapper  \"><div class=\"align-icon\" style=\"text-align:center;\">\n<div class=\"aio-icon none \"  style=\"color:#ffffff;font-size:64px;display:inline-block;\">\n\t<i class=\"none\"><\/i>\n<\/div><\/div><\/div><\/div><h3 class=\"ult-responsive flipbox_heading\"  data-ultimate-target='#flip-box-wrap-8217 .ult-responsive.flipbox_heading'  data-responsive-json-new='{\"font-size\":\"desktop:28px;\",\"line-height\":\"desktop:36px;\"}'  style=\"color:#ffffff; \">RAMetrics<\/h3><div class=\"ifb-flip-box-section-content ult-responsive\"  data-ultimate-target='#flip-box-wrap-8217 .ifb-flip-box-section-content.ult-responsive'  data-responsive-json-new='{\"font-size\":\"desktop:14px;\",\"line-height\":\"desktop:24px;\"}'  style=\"color:#ffffff;\"><p>Les mer<\/p><\/div><\/div><\/div><!-- END .front -->\n\t\t\t\t\t\t<div class=\"ifb-face ifb-back\" style=\"color:#ffffff;background:#23262d;  border-color:#A4A4A4; \">\n\t\t\t\t\t\t\t<div class=\"ifb-flip-box-section ifb-flip-box-section-vertical-middle\"><div class=\"ifb-desc-back\"><div class=\"ifb-flip-box-section-content ult-responsive\"  data-ultimate-target='#flip-box-wrap-8217 .ifb-flip-box-section-content.ult-responsive'  data-responsive-json-new='{\"font-size\":\"desktop:14px;\",\"line-height\":\"desktop:24px;\"}'  style=\"color:#ffffff;\"><p>RAMetrics er ditt verkt\u00f8y for Markedsanalyseinnsikt, og viser deg hvordan kommunikasjonen din virker. Dersom du arbeider for en utgiver vil du finne gjennom ditt &quot;Unique Selling Points&quot; hvordan kommunikasjon virker innen en side av varemerket ditt, eller i en kombinasjon av varemerker. All innsikt er samlet fra hver eneste sp\u00f8rreunders\u00f8kelse-oppm\u00e5ling du har f\u00e5tt utf\u00f8rt i RAM-systemet.<\/p><\/div><\/div><div class=\"flip_link\"><a href=\"https:\/\/www2.rampanel.com\/rametrics\/\"  style=\"background:#333333; color:#ffffff;\">Les mer p\u00e5 produktsiden<\/a><\/div><\/div><\/div><!-- END .back --><\/div> <!-- ifb-flip-box --><\/div> <!-- flip-box --><\/div><!-- End icon block -->[\/vc_column][vc_column width=&raquo;1\/3&#8243; css=&raquo;.vc_custom_1543585279900{padding-top: 0px !important;padding-right: 0px !important;padding-bottom: 0px !important;padding-left: 0px !important;background-image: url(https:\/\/www2.rampanel.com\/wp-content\/uploads\/2018\/11\/sliderimage1.jpg?id=16307) !important;background-position: center !important;background-repeat: no-repeat !important;background-size: cover !important;}&raquo;]<div class=\"flip-box-wrap\" style=\"margin:0px;padding:0px;\"><div class=\"flip-box ifb-custom-height accent-icon-color horizontal_flip_right flip-box-custom-height flip-ifb-custom-height\" data-animation=\"\" data-animation-delay=\"03\" style=\"\"  data-min-height='320px'><div class=\"ifb-flip-box\" id=\"flip-box-wrap-7286\"><div class=\"ifb-face ifb-front \" style=\"color:#ffffff;background:rgba(0,0,0,0.6);  border-color:#A4A4A4; \">\n\t\t\t\t\t\t\t<div class=\"ifb-flip-box-section ifb-flip-box-section-vertical-middle\">\n\t\t\t\t\t\t\t<div class=\"flip-box-icon\"><div class=\"ult-just-icon-wrapper  \"><div class=\"align-icon\" style=\"text-align:center;\">\n<div class=\"aio-icon none \"  style=\"color:#ffffff;font-size:64px;display:inline-block;\">\n\t<i class=\"none\"><\/i>\n<\/div><\/div><\/div><\/div><h3 class=\"ult-responsive flipbox_heading\"  data-ultimate-target='#flip-box-wrap-7286 .ult-responsive.flipbox_heading'  data-responsive-json-new='{\"font-size\":\"desktop:28px;\",\"line-height\":\"desktop:36px;\"}'  style=\"color:#ffffff; \">Digital tracking, effekter og konvertering<\/h3><div class=\"ifb-flip-box-section-content ult-responsive\"  data-ultimate-target='#flip-box-wrap-7286 .ifb-flip-box-section-content.ult-responsive'  data-responsive-json-new='{\"font-size\":\"desktop:14px;\",\"line-height\":\"desktop:24px;\"}'  style=\"color:#ffffff;\"><p>Les mer<\/p><\/div><\/div><\/div><!-- END .front -->\n\t\t\t\t\t\t<div class=\"ifb-face ifb-back\" style=\"color:#ffffff;background:#23262d;  border-color:#A4A4A4; \">\n\t\t\t\t\t\t\t<div class=\"ifb-flip-box-section ifb-flip-box-section-vertical-middle\"><div class=\"ifb-desc-back\"><div class=\"ifb-flip-box-section-content ult-responsive\"  data-ultimate-target='#flip-box-wrap-7286 .ifb-flip-box-section-content.ult-responsive'  data-responsive-json-new='{\"font-size\":\"desktop:14px;\",\"line-height\":\"desktop:24px;\"}'  style=\"color:#ffffff;\"><p>RAM Digital tracking-l\u00f8sning er for \u00f8yeblikket tilgjengelig i 5 markeder, men RAM har tilgang til paneldetagere i 80+ markeder. Disse vil utf\u00f8re Publikum-oppm\u00e5ling, sp\u00f8rreunders\u00f8kelser og digital media-analyser.Med RAM Publikum oppm\u00e5ling (Audience Measurements) vil du forst\u00e5 rekkevidde, frekvens og demografi av de individene som bes\u00f8ker ditt varemerkes hjemmeside, seksjoner og sider, - og du vil ogs\u00e5 f\u00e5 informasjon om hvor mange ganger de har bes\u00f8kt sidene dine.<\/p><\/div><\/div><div class=\"flip_link\"><a href=\"https:\/\/www2.rampanel.com\/digital-tracking-effect-and-conversions\/\"  style=\"background:#333333; color:#ffffff;\">Les mer p\u00e5 produktsiden<\/a><\/div><\/div><\/div><!-- END .back --><\/div> <!-- ifb-flip-box --><\/div> <!-- flip-box --><\/div><!-- End icon block -->[\/vc_column][vc_column width=&raquo;1\/3&#8243; css=&raquo;.vc_custom_1548337883484{padding-top: 0px !important;padding-right: 0px !important;padding-bottom: 0px !important;padding-left: 0px !important;background-image: url(https:\/\/www2.rampanel.com\/wp-content\/uploads\/2019\/01\/key500.jpg?id=16577) !important;background-position: center !important;background-repeat: no-repeat !important;background-size: cover !important;}&raquo;]<div class=\"flip-box-wrap\" style=\"margin:0px;padding:0px;\"><div class=\"flip-box ifb-custom-height accent-icon-color horizontal_flip_right flip-box-custom-height flip-ifb-custom-height\" data-animation=\"\" data-animation-delay=\"03\" style=\"\"  data-min-height='320px'><div class=\"ifb-flip-box\" id=\"flip-box-wrap-8686\"><div class=\"ifb-face ifb-front \" style=\"color:#ffffff;background:rgba(0,0,0,0.6);  border-color:#A4A4A4; \">\n\t\t\t\t\t\t\t<div class=\"ifb-flip-box-section ifb-flip-box-section-vertical-middle\">\n\t\t\t\t\t\t\t<div class=\"flip-box-icon\"><div class=\"ult-just-icon-wrapper  \"><div class=\"align-icon\" style=\"text-align:center;\">\n<div class=\"aio-icon none \"  style=\"color:#ffffff;font-size:64px;display:inline-block;\">\n\t<i class=\"none\"><\/i>\n<\/div><\/div><\/div><\/div><h3 class=\"ult-responsive flipbox_heading\"  data-ultimate-target='#flip-box-wrap-8686 .ult-responsive.flipbox_heading'  data-responsive-json-new='{\"font-size\":\"desktop:28px;\",\"line-height\":\"desktop:36px;\"}'  style=\"color:#ffffff; \">Trening, utdanning og konsultering<\/h3><div class=\"ifb-flip-box-section-content ult-responsive\"  data-ultimate-target='#flip-box-wrap-8686 .ifb-flip-box-section-content.ult-responsive'  data-responsive-json-new='{\"font-size\":\"desktop:14px;\",\"line-height\":\"desktop:24px;\"}'  style=\"color:#ffffff;\"><p>Les mer<\/p><\/div><\/div><\/div><!-- END .front -->\n\t\t\t\t\t\t<div class=\"ifb-face ifb-back\" style=\"color:#ffffff;background:#23262d;  border-color:#A4A4A4; \">\n\t\t\t\t\t\t\t<div class=\"ifb-flip-box-section ifb-flip-box-section-vertical-middle\"><div class=\"ifb-desc-back\"><div class=\"ifb-flip-box-section-content ult-responsive\"  data-ultimate-target='#flip-box-wrap-8686 .ifb-flip-box-section-content.ult-responsive'  data-responsive-json-new='{\"font-size\":\"desktop:14px;\",\"line-height\":\"desktop:24px;\"}'  style=\"color:#ffffff;\"><p>RAM kj\u00f8rer flere forskjellige kurs, og trener ledere p\u00e5 en kontinuerlig basis.RAM gjennomf\u00f8rer b\u00e5de sm\u00e5 og store konsultasjonsprosjekt.RAM kj\u00f8rer alle konsultasjonsoppgaver som faller inn under v\u00e5rt ekspertomr\u00e5de, og som ogs\u00e5 er innenfor rammeverket av v\u00e5rt brede kunnskapsomr\u00e5de innenfor RAMetrics, RAMs kollektive database med mer 230.000 oppm\u00e5linger.<\/p><\/div><\/div><div class=\"flip_link\"><a href=\"https:\/\/www2.rampanel.com\/training-and-consultancy\/\"  style=\"background:#333333; color:#ffffff;\">Les mer p\u00e5 produktsiden<\/a><\/div><\/div><\/div><!-- END .back --><\/div> <!-- ifb-flip-box --><\/div> <!-- flip-box --><\/div><!-- End icon block -->[\/vc_column][\/vc_row][vc_row type=&raquo;vc_default&raquo; margin_top=&raquo;-50&#8243; anchor=&raquo;about&raquo; css=&raquo;.vc_custom_1543585566486{padding-top: 0px !important;padding-bottom: 100px !important;}&raquo;][vc_column][vc_btn title=&raquo;KONTAKT OSS&raquo; color=&raquo;danger&raquo; align=&raquo;center&raquo; i_icon_fontawesome=&raquo;fa fa-envelope-o&raquo; css_animation=&raquo;bounceInLeft&raquo; add_icon=&raquo;true&raquo; smooth_scroll=&raquo;true&raquo; link=&raquo;url:https%3A%2F%2Fwww2.rampanel.com%2Fno%2Fcontact%2F|&raquo; css=&raquo;.vc_custom_1553845606167{padding-top: 50px !important;}&raquo;][\/vc_column][\/vc_row]<\/p>\n<\/div>","protected":false},"excerpt":{"rendered":"<p>[vc_row bg_type=&raquo;bg_color&raquo; bg_override=&raquo;ex-full&raquo; type=&raquo;vc_default&raquo; margin_top=&raquo;-50&#8243; anchor=&raquo;about&raquo; css=&raquo;.vc_custom_1543821597147{padding-top: 50px !important;padding-bottom: 50px !important;}&raquo; el_id=&raquo;products&raquo; bg_color_value=&raquo;#f8f8f9&#8243;][vc_column][\/vc_column][\/vc_row][vc_row bg_type=&raquo;bg_color&raquo; seperator_enable=&raquo;seperator_enable_value&raquo; seperator_type=&raquo;triangle_svg_seperator&raquo; seperator_svg_height=&raquo;30&#8243; seperator_shape_background=&raquo;#f8f8f9&#8243; type=&raquo;vc_default&raquo; margin_top=&raquo;-50&#8243; anchor=&raquo;about&raquo; css=&raquo;.vc_custom_1543822001973{padding-top: 50px !important;padding-bottom: 0px !important;}&raquo; bg_color_value=&raquo;#ffffff&raquo;][vc_column width=&raquo;1\/3&#8243; css=&raquo;.vc_custom_1543585134761{padding-top: 0px !important;padding-right: 0px !important;padding-bottom: 0px !important;padding-left: 0px !important;background-image: url(https:\/\/www2.rampanel.com\/wp-content\/uploads\/2018\/10\/news.jpg?id=15791) !important;}&raquo;][\/vc_column][vc_column width=&raquo;1\/3&#8243; css=&raquo;.vc_custom_1548338660921{padding-top: 0px !important;padding-right: 0px !important;padding-bottom: 0px !important;padding-left: 0px !important;background-image: url(https:\/\/www2.rampanel.com\/wp-content\/uploads\/2019\/01\/branding500-1.jpg?id=16581) !important;background-position: center !important;background-repeat: no-repeat !important;background-size:&hellip;<\/p>\n","protected":false},"author":1,"featured_media":0,"parent":0,"menu_order":1,"comment_status":"closed","ping_status":"closed","template":"","meta":{"footnotes":""},"class_list":["post-20832","page","type-page","status-publish","hentry","description-off"],"_links":{"self":[{"href":"https:\/\/www2.rampanel.com\/no\/wp-json\/wp\/v2\/pages\/20832","targetHints":{"allow":["GET"]}}],"collection":[{"href":"https:\/\/www2.rampanel.com\/no\/wp-json\/wp\/v2\/pages"}],"about":[{"href":"https:\/\/www2.rampanel.com\/no\/wp-json\/wp\/v2\/types\/page"}],"author":[{"embeddable":true,"href":"https:\/\/www2.rampanel.com\/no\/wp-json\/wp\/v2\/users\/1"}],"replies":[{"embeddable":true,"href":"https:\/\/www2.rampanel.com\/no\/wp-json\/wp\/v2\/comments?post=20832"}],"version-history":[{"count":10,"href":"https:\/\/www2.rampanel.com\/no\/wp-json\/wp\/v2\/pages\/20832\/revisions"}],"predecessor-version":[{"id":22574,"href":"https:\/\/www2.rampanel.com\/no\/wp-json\/wp\/v2\/pages\/20832\/revisions\/22574"}],"wp:attachment":[{"href":"https:\/\/www2.rampanel.com\/no\/wp-json\/wp\/v2\/media?parent=20832"}],"curies":[{"name":"wp","href":"https:\/\/api.w.org\/{rel}","templated":true}]}}