{"id":20888,"date":"2019-02-01T08:44:10","date_gmt":"2019-02-01T08:44:10","guid":{"rendered":"https:\/\/www2.rampanel.com\/products\/training-and-consultancy\/"},"modified":"2022-03-17T18:30:25","modified_gmt":"2022-03-17T18:30:25","slug":"training-and-consultancy","status":"publish","type":"page","link":"https:\/\/www2.rampanel.com\/no\/products\/training-and-consultancy\/","title":{"rendered":"Trening, utdannelse og r\u00e5dgivning"},"content":{"rendered":"<div class=\"wpb-content-wrapper\"><p>[vc_row][vc_column][vc_column_text]<\/p>\n<h2>Trening, utdannelse og r\u00e5dgivning<\/h2>\n<p><span style=\"font-weight: 400;\">RAM kj\u00f8rer kontinuerlig flere forskjellig kurs og ledertrening. Vi leverer alltid basis gjennomgang og instruksjon p\u00e5 RAM systemet for nye v\u00e5re nye klienter. Dette er prim\u00e6rt for de som vil h\u00e5ndtere RAM internt. Analytikere og granskere har forskjellige roller \u00e5 fylle, &#8211; og vil derfor ha andre forskjellige tilleggskrav til RAM. Vi kontinuerlig informerer og utdanner denne gruppen om subjekter, nye m\u00e5leinstrument og lanseringer.<\/span><\/p>\n<p><span style=\"font-weight: 400;\">RAM blir ofte innleid for \u00e5 informere og utdanne media salgsteam, salgsledere og media- og reklamebyr\u00e5er. Det kan for eksempel v\u00e6re n\u00e5r man har behov for \u00e5 h\u00e5ndtere spesifikke anliggende innen mediakanaler, eksempler p\u00e5 god og p\u00e5litelig kommunikasjon, eller det kan v\u00e6re \u00e5 unders\u00f8ke effekten av crossmedia-kampanjer. Omfanget av trening\/informasjon er nesten endel\u00f8s.<\/span><\/p>\n<p><span style=\"font-weight: 400;\">RAM utf\u00f8rer b\u00e5de store og sm\u00e5 r\u00e5dgivningsprosjekter. Systemet kan fokusere p\u00e5 flere omr\u00e5der, som for eksempel effekten av gratisaviser, verdi p\u00e5 kreativitet, forskjellen p\u00e5 klassisk reklame og innholdsmarkedsf\u00f8ring, eller effekten av Cross-media.<\/span><\/p>\n<p><span style=\"font-weight: 400;\">RAM driver alle r\u00e5dgivningsoppgaver som faller inn v\u00e5rt ekspertomr\u00e5de innen strukturen av den brede kunnskapen samlet i RAMterics, RAMs samlede database med mer enn 230.000 m\u00e5linger.<\/span>[\/vc_column_text][\/vc_column][\/vc_row]<\/p>\n<\/div>","protected":false},"excerpt":{"rendered":"<p>[vc_row][vc_column][vc_column_text] Trening, utdannelse og r\u00e5dgivning RAM kj\u00f8rer kontinuerlig flere forskjellig kurs og ledertrening. Vi leverer alltid basis gjennomgang og instruksjon p\u00e5 RAM systemet for nye v\u00e5re nye klienter. Dette er prim\u00e6rt for de som vil h\u00e5ndtere RAM internt. Analytikere og granskere har forskjellige roller \u00e5 fylle, &#8211; og vil derfor ha andre forskjellige tilleggskrav til&hellip;<\/p>\n","protected":false},"author":1,"featured_media":0,"parent":20832,"menu_order":0,"comment_status":"closed","ping_status":"closed","template":"","meta":{"footnotes":""},"class_list":["post-20888","page","type-page","status-publish","hentry","description-off"],"_links":{"self":[{"href":"https:\/\/www2.rampanel.com\/no\/wp-json\/wp\/v2\/pages\/20888","targetHints":{"allow":["GET"]}}],"collection":[{"href":"https:\/\/www2.rampanel.com\/no\/wp-json\/wp\/v2\/pages"}],"about":[{"href":"https:\/\/www2.rampanel.com\/no\/wp-json\/wp\/v2\/types\/page"}],"author":[{"embeddable":true,"href":"https:\/\/www2.rampanel.com\/no\/wp-json\/wp\/v2\/users\/1"}],"replies":[{"embeddable":true,"href":"https:\/\/www2.rampanel.com\/no\/wp-json\/wp\/v2\/comments?post=20888"}],"version-history":[{"count":7,"href":"https:\/\/www2.rampanel.com\/no\/wp-json\/wp\/v2\/pages\/20888\/revisions"}],"predecessor-version":[{"id":23716,"href":"https:\/\/www2.rampanel.com\/no\/wp-json\/wp\/v2\/pages\/20888\/revisions\/23716"}],"up":[{"embeddable":true,"href":"https:\/\/www2.rampanel.com\/no\/wp-json\/wp\/v2\/pages\/20832"}],"wp:attachment":[{"href":"https:\/\/www2.rampanel.com\/no\/wp-json\/wp\/v2\/media?parent=20888"}],"curies":[{"name":"wp","href":"https:\/\/api.w.org\/{rel}","templated":true}]}}