{"id":20928,"date":"2018-12-10T13:50:36","date_gmt":"2018-12-10T13:50:36","guid":{"rendered":"https:\/\/www2.rampanel.com\/products\/advertising-insights-and-receipts\/"},"modified":"2019-05-14T12:16:41","modified_gmt":"2019-05-14T12:16:41","slug":"advertising-insights-and-receipts","status":"publish","type":"page","link":"https:\/\/www2.rampanel.com\/no\/products\/advertising-insights-and-receipts\/","title":{"rendered":"Markedsf\u00f8ringinnsikt og avkastning"},"content":{"rendered":"<h2><b>Markedsf\u00f8ringinnsikt og avkastning<\/b><\/h2>\n<p><span style=\"font-weight: 400;\">F\u00e5 kunnskap om den sanne kvaliteten og effektiviteten av annonsene dine. Hvor mange, og hvilke m\u00e5lgrupper er det som virkelig har sett, og husker, annonsen din? Er varemerket s\u00e5 kjent som du burde v\u00e6re? Forsto og verdsatte m\u00e5lgruppen hvordan du kommuniserer? Og viktigst av alt, hva gjorde de? Tok de initiativ? Finn de beste historiene slik at salgsteam kan presentere informasjonen til annons\u00f8rer og tilby r\u00e5d og veiledning som sikrer videre virksomhet.<\/span><\/p>\n<p><span style=\"font-weight: 400;\">Evnen til historiefortelling og kunnskap om persepsjon av markedsf\u00f8rings-kommunikasjon, og hvordan kommunikasjon er uvurderlig n\u00e5r det gjelder \u00e5 sikre b\u00e5de ny og fortsatt business, &#8211; i tillegg er det en virkelig bra m\u00e5te \u00e5 f\u00e5 m\u00f8ter utf\u00f8rt p\u00e5. Informasjon, kunnskap og verdi av god historiefortelling er verdifull valuta i en konkurranset\u00f8ff verden.<\/span><\/p>\n<p>&nbsp;<\/p>\n<p><span style=\"font-weight: 400;\">RAM analytiske verkt\u00f8y RAMetrics inneholder et kollektivt resultat av alle tidligere m\u00e5linger. Du kan liste dem, studere dem, eller rangere dem p\u00e5 forskjellige m\u00e5ter og vise dem grafer. Bruk, l\u00e6r og f\u00e5 innsikt fra den enorme kunnskapsbasen RAMetric representerer.<\/span><\/p>\n","protected":false},"excerpt":{"rendered":"<p>Markedsf\u00f8ringinnsikt og avkastning F\u00e5 kunnskap om den sanne kvaliteten og effektiviteten av annonsene dine. Hvor mange, og hvilke m\u00e5lgrupper er det som virkelig har sett, og husker, annonsen din? Er varemerket s\u00e5 kjent som du burde v\u00e6re? Forsto og verdsatte m\u00e5lgruppen hvordan du kommuniserer? Og viktigst av alt, hva gjorde de? Tok de initiativ? Finn&hellip;<\/p>\n","protected":false},"author":1,"featured_media":0,"parent":20832,"menu_order":0,"comment_status":"closed","ping_status":"closed","template":"","meta":{"footnotes":""},"class_list":["post-20928","page","type-page","status-publish","hentry","description-off"],"_links":{"self":[{"href":"https:\/\/www2.rampanel.com\/no\/wp-json\/wp\/v2\/pages\/20928","targetHints":{"allow":["GET"]}}],"collection":[{"href":"https:\/\/www2.rampanel.com\/no\/wp-json\/wp\/v2\/pages"}],"about":[{"href":"https:\/\/www2.rampanel.com\/no\/wp-json\/wp\/v2\/types\/page"}],"author":[{"embeddable":true,"href":"https:\/\/www2.rampanel.com\/no\/wp-json\/wp\/v2\/users\/1"}],"replies":[{"embeddable":true,"href":"https:\/\/www2.rampanel.com\/no\/wp-json\/wp\/v2\/comments?post=20928"}],"version-history":[{"count":3,"href":"https:\/\/www2.rampanel.com\/no\/wp-json\/wp\/v2\/pages\/20928\/revisions"}],"predecessor-version":[{"id":21603,"href":"https:\/\/www2.rampanel.com\/no\/wp-json\/wp\/v2\/pages\/20928\/revisions\/21603"}],"up":[{"embeddable":true,"href":"https:\/\/www2.rampanel.com\/no\/wp-json\/wp\/v2\/pages\/20832"}],"wp:attachment":[{"href":"https:\/\/www2.rampanel.com\/no\/wp-json\/wp\/v2\/media?parent=20928"}],"curies":[{"name":"wp","href":"https:\/\/api.w.org\/{rel}","templated":true}]}}