{"id":20952,"date":"2018-11-30T13:27:21","date_gmt":"2018-11-30T13:27:21","guid":{"rendered":"https:\/\/www2.rampanel.com\/products\/rametrics\/"},"modified":"2019-05-14T12:16:39","modified_gmt":"2019-05-14T12:16:39","slug":"rametrics","status":"publish","type":"page","link":"https:\/\/www2.rampanel.com\/no\/products\/rametrics\/","title":{"rendered":"RAMetrics"},"content":{"rendered":"<h2>RAMetrics<\/h2>\n<p><span style=\"font-weight: 400;\">RAMetrics er et menybasert, &laquo;state of the art&raquo; analytisk verkt\u00f8y som gj\u00f8r det mulig \u00e5 vise og \u00e5 gjennomg\u00e5 all innsamlet informasjon i tidligere gjennomf\u00f8rte sp\u00f8rreunders\u00f8kelser utf\u00f8rt i RAM-systemet.<\/span><\/p>\n<p><span style=\"font-weight: 400;\">Dette verkt\u00f8yet gj\u00f8r det mulig \u00e5 analysere gjennomsnittlige resultat, plotte data og rangere m\u00e5linger fra forskjellige vinkler, og med forskjellige analytiske objektiv. RAMetrics inneholder 10 forskjellige grafiske grensesnitt, hver med et unikt fokus.<\/span><\/p>\n<p><span style=\"font-weight: 400;\">RAMetrics inneholder fullstendig resultat fra alle standard sp\u00f8rreunders\u00f8kelses-m\u00e5linger som noensinne er foretatt i systemet; alle numerisk og billedlig. Verkt\u00f8yet gj\u00f8r den enkelt og nyttig \u00e5 overv\u00e5ke samlet resultat, sammenligne benchmarks og l\u00e6re fra dem. Du kan b\u00e5de rangere resultat, analysere forskjellige matriser og ogs\u00e5 studere hvert enkelt resultat og bilder.<\/span><\/p>\n<p><img loading=\"lazy\" decoding=\"async\" class=\"alignnone wp-image-16670 size-full\" src=\"https:\/\/www2.rampanel.com\/wp-content\/uploads\/2019\/02\/rametrics_image_action-2.png\" alt=\"\" width=\"1450\" height=\"548\" srcset=\"https:\/\/www2.rampanel.com\/wp-content\/uploads\/2019\/02\/rametrics_image_action-2.png 1450w, https:\/\/www2.rampanel.com\/wp-content\/uploads\/2019\/02\/rametrics_image_action-2-300x113.png 300w, https:\/\/www2.rampanel.com\/wp-content\/uploads\/2019\/02\/rametrics_image_action-2-768x290.png 768w, https:\/\/www2.rampanel.com\/wp-content\/uploads\/2019\/02\/rametrics_image_action-2-1024x387.png 1024w\" sizes=\"auto, (max-width: 1450px) 100vw, 1450px\" \/><\/p>\n","protected":false},"excerpt":{"rendered":"<p>RAMetrics RAMetrics er et menybasert, &laquo;state of the art&raquo; analytisk verkt\u00f8y som gj\u00f8r det mulig \u00e5 vise og \u00e5 gjennomg\u00e5 all innsamlet informasjon i tidligere gjennomf\u00f8rte sp\u00f8rreunders\u00f8kelser utf\u00f8rt i RAM-systemet. Dette verkt\u00f8yet gj\u00f8r det mulig \u00e5 analysere gjennomsnittlige resultat, plotte data og rangere m\u00e5linger fra forskjellige vinkler, og med forskjellige analytiske objektiv. RAMetrics inneholder 10&hellip;<\/p>\n","protected":false},"author":1,"featured_media":0,"parent":20832,"menu_order":0,"comment_status":"closed","ping_status":"closed","template":"","meta":{"footnotes":""},"class_list":["post-20952","page","type-page","status-publish","hentry","description-off"],"_links":{"self":[{"href":"https:\/\/www2.rampanel.com\/no\/wp-json\/wp\/v2\/pages\/20952","targetHints":{"allow":["GET"]}}],"collection":[{"href":"https:\/\/www2.rampanel.com\/no\/wp-json\/wp\/v2\/pages"}],"about":[{"href":"https:\/\/www2.rampanel.com\/no\/wp-json\/wp\/v2\/types\/page"}],"author":[{"embeddable":true,"href":"https:\/\/www2.rampanel.com\/no\/wp-json\/wp\/v2\/users\/1"}],"replies":[{"embeddable":true,"href":"https:\/\/www2.rampanel.com\/no\/wp-json\/wp\/v2\/comments?post=20952"}],"version-history":[{"count":1,"href":"https:\/\/www2.rampanel.com\/no\/wp-json\/wp\/v2\/pages\/20952\/revisions"}],"predecessor-version":[{"id":21375,"href":"https:\/\/www2.rampanel.com\/no\/wp-json\/wp\/v2\/pages\/20952\/revisions\/21375"}],"up":[{"embeddable":true,"href":"https:\/\/www2.rampanel.com\/no\/wp-json\/wp\/v2\/pages\/20832"}],"wp:attachment":[{"href":"https:\/\/www2.rampanel.com\/no\/wp-json\/wp\/v2\/media?parent=20952"}],"curies":[{"name":"wp","href":"https:\/\/api.w.org\/{rel}","templated":true}]}}