{"id":20957,"date":"2018-11-30T13:27:00","date_gmt":"2018-11-30T13:27:00","guid":{"rendered":"https:\/\/www2.rampanel.com\/products\/digital-tracking-effect-and-conversions\/"},"modified":"2023-07-10T12:40:04","modified_gmt":"2023-07-10T12:40:04","slug":"digital-tracking-effect-and-conversions","status":"publish","type":"page","link":"https:\/\/www2.rampanel.com\/no\/products\/digital-tracking-effect-and-conversions\/","title":{"rendered":"Digital tracking, effekt og konverteringer"},"content":{"rendered":"<div class=\"wpb-content-wrapper\"><p>[vc_row][vc_column][vc_column_text]<\/p>\n<h2><b>RAM Digital tracking, effekt og konverteringer<\/b><\/h2>\n<p><span style=\"font-weight: 400;\">Vi mener at nettbaserte m\u00e5linger m\u00e5 v\u00e6re:<\/span><\/p>\n<ul>\n<li style=\"font-weight: 400;\"><span style=\"font-weight: 400;\">En hybridl\u00f8sning og i sanntid fordi nettbasert aktivitet skjer akkurat n\u00e5<\/span><\/li>\n<li style=\"font-weight: 400;\"><span style=\"font-weight: 400;\">Vi utfordrer og investerer i metodologi og teknologi<\/span><\/li>\n<li style=\"font-weight: 400;\"><span style=\"font-weight: 400;\">Vi designer v\u00e5re dashboards til \u00e5 v\u00e6re standardisert, men med fleksibel innsikt<\/span><\/li>\n<li style=\"font-weight: 400;\"><span style=\"font-weight: 400;\">Vi utvider v\u00e5re klienters innsikt med rapportering pr. time, daglig, opp til 6 uker OG Survey Insight<\/span><\/li>\n<\/ul>\n<p>&nbsp;<\/p>\n<p><span style=\"font-weight: 400;\">RAMs Digital tracking-l\u00f8sninger er tilgjengelig i 80+ markeder for nettbasert publikum <\/span><span style=\"font-weight: 400;\">M\u00e5linger, meningsm\u00e5linger og digitale mediaanalyser<\/span><\/p>\n<h2><\/h2>\n<h2><b>RAM Eco-System i Praksis for Reklamesalg og Rapportering<\/b><\/h2>\n<p><img loading=\"lazy\" decoding=\"async\" class=\"alignnone wp-image-16883 size-full\" src=\"https:\/\/www2.rampanel.com\/wp-content\/uploads\/2019\/03\/theramecosystem.jpg\" alt=\"\" width=\"645\" height=\"777\" srcset=\"https:\/\/www2.rampanel.com\/wp-content\/uploads\/2019\/03\/theramecosystem.jpg 645w, https:\/\/www2.rampanel.com\/wp-content\/uploads\/2019\/03\/theramecosystem-249x300.jpg 249w\" sizes=\"auto, (max-width: 645px) 100vw, 645px\" \/><\/p>\n<p>&nbsp;<\/p>\n<h2><b>Domenem\u00e5linger<\/b><\/h2>\n<p><span style=\"font-weight: 400;\">Med RAM Publikumm\u00e5linger vil du forst\u00e5 rekkevidden, frekvens og <\/span> <span style=\"font-weight: 400;\">demografi av de <\/span><b>individene <\/b><span style=\"font-weight: 400;\">som bes\u00f8kte dine domener, seksjoner, sider og<\/span> <span style=\"font-weight: 400;\"> antall ganger de har v\u00e6rt p\u00e5 bes\u00f8k. <\/span><\/p>\n<p><span style=\"font-weight: 400;\">RAMs Domenem\u00e5linger betjener 4 omr\u00e5der innen Mediafeltet<\/span><\/p>\n<p><img loading=\"lazy\" decoding=\"async\" class=\"alignnone wp-image-16885 \" src=\"https:\/\/www2.rampanel.com\/wp-content\/uploads\/2019\/03\/domainmeasurements.jpg\" alt=\"\" width=\"522\" height=\"520\" \/><\/p>\n<p>&nbsp;<\/p>\n<p>&nbsp;<\/p>\n<h2><b>Offisiell statistikk<\/b><\/h2>\n<p><span style=\"font-weight: 400;\">\u00c5 bruke RAM som en m\u00e5lingspartner betyr at du kan bruke alt av RAMs Publikumsinformasjon til \u00e5 akkreditere dine tilbud til Byr\u00e5er og Annons\u00f8rer, og offisielt offentliggj\u00f8re din Publikumsrekkevidde. RAM er et uavhengig tredjepartselskap.<\/span><\/p>\n<p>&nbsp;<\/p>\n<p><span style=\"font-weight: 400;\"><img loading=\"lazy\" decoding=\"async\" class=\"alignnone wp-image-16897 size-full\" src=\"https:\/\/www2.rampanel.com\/wp-content\/uploads\/2019\/03\/publicstats.jpg\" alt=\"\" width=\"572\" height=\"378\" srcset=\"https:\/\/www2.rampanel.com\/wp-content\/uploads\/2019\/03\/publicstats.jpg 572w, https:\/\/www2.rampanel.com\/wp-content\/uploads\/2019\/03\/publicstats-300x198.jpg 300w\" sizes=\"auto, (max-width: 572px) 100vw, 572px\" \/><\/span><\/p>\n<ul>\n<li style=\"font-weight: 400;\"><span style=\"font-weight: 400;\">Rekkevidde: p<\/span> <span style=\"font-weight: 400;\">r. dag, uke, m\u00e5ned<\/span><\/li>\n<li style=\"font-weight: 400;\"><span style=\"font-weight: 400;\">Inntrykk<\/span><\/li>\n<li style=\"font-weight: 400;\"><span style=\"font-weight: 400;\">Sesjoner<\/span><\/li>\n<li style=\"font-weight: 400;\"><span style=\"font-weight: 400;\">Demografier &amp; Interesser<\/span><\/li>\n<li style=\"font-weight: 400;\"><span style=\"font-weight: 400;\">Pr. Plattform<\/span><\/li>\n<li style=\"font-weight: 400;\"><span style=\"font-weight: 400;\">Pr. Reklameseksjon<\/span><\/li>\n<li style=\"font-weight: 400;\"><span style=\"font-weight: 400;\">Reklamepakker<\/span><\/li>\n<\/ul>\n<p>&nbsp;<\/p>\n<h2><b>Reklamesalg og Reklamepakker &#8211; Kvalifiser tilbudet ditt!<\/b><\/h2>\n<p><span style=\"font-weight: 400;\">RAM Domenem\u00e5linger blir oppdatert daglig. All samlet data om ditt domene og kanaler kan vises pr. dag, uke, m\u00e5ned og opp til 6 uker av aggregert informasjon. Datoinnstillinger er fleksible og kan ogs\u00e5 brukes gjennom forskjellige m\u00e5neder, eller for eksempel i kombinasjon av to eller tre uker &#8211; Onsdag til onsdag, de 30 siste rullerende dager.<\/span><\/p>\n<p><span style=\"font-weight: 400;\">Med denne fleksibiliteten kan ditt salgsteam for reklame inneha kunnskap og innsikt om hvordan ditt publikum reagerer p\u00e5 alle typer innhold som er publisert p\u00e5 nettsiden, artikler, nett-TV, innholdsmarkedsf\u00f8ring, direktesendt nett-TV og mer.<\/span><\/p>\n<p><span style=\"font-weight: 400;\">Med denne informasjonen vil salgsteamet ditt v\u00e6re i bedre stand til \u00e5 kvalifisere reklametilbud og spesialtilpasse innhold annons\u00f8r trenger for \u00e5 n\u00e5 sin kampanjes mediaobjektiv. Vil kampanjen vises p\u00e5 en spesifikk kanal, eller i en kombinasjon av kanaler eller Run of Site?<\/span><\/p>\n<ul>\n<li style=\"font-weight: 400;\"><span style=\"font-weight: 400;\">Kvalifiser ditt publikum med:<\/span>\n<ul>\n<li style=\"font-weight: 400;\"><span style=\"font-weight: 400;\">Publikumsrekkevidde<\/span><\/li>\n<li style=\"font-weight: 400;\"><span style=\"font-weight: 400;\">Lojalitet\/Frekvens<\/span><\/li>\n<li style=\"font-weight: 400;\"><span style=\"font-weight: 400;\">Demografi &amp; Interesser<\/span><\/li>\n<li style=\"font-weight: 400;\"><span style=\"font-weight: 400;\">Pr. dag, uke, m\u00e5ned<\/span><\/li>\n<\/ul>\n<\/li>\n<li style=\"font-weight: 400;\"><span style=\"font-weight: 400;\">Run by site<\/span><\/li>\n<li style=\"font-weight: 400;\"><span style=\"font-weight: 400;\">Pr. Seksjon<\/span><\/li>\n<li style=\"font-weight: 400;\"><span style=\"font-weight: 400;\">Vertikale Reklamepakker<\/span><\/li>\n<li style=\"font-weight: 400;\"><span style=\"font-weight: 400;\">Spesialtilpassede Reklamepakker<\/span><\/li>\n<li style=\"font-weight: 400;\"><span style=\"font-weight: 400;\">Studie av Reklameeffektivitet<\/span><\/li>\n<\/ul>\n<h2><b><img loading=\"lazy\" decoding=\"async\" class=\"alignnone wp-image-16886 size-full\" src=\"https:\/\/www2.rampanel.com\/wp-content\/uploads\/2019\/03\/runofsite.jpg\" alt=\"\" width=\"985\" height=\"487\" srcset=\"https:\/\/www2.rampanel.com\/wp-content\/uploads\/2019\/03\/runofsite.jpg 985w, https:\/\/www2.rampanel.com\/wp-content\/uploads\/2019\/03\/runofsite-300x148.jpg 300w, https:\/\/www2.rampanel.com\/wp-content\/uploads\/2019\/03\/runofsite-768x380.jpg 768w\" sizes=\"auto, (max-width: 985px) 100vw, 985px\" \/><\/b><\/h2>\n<h2><b>For Nyhetsredaksjon &#8211; Hvem leser og reagerer p\u00e5 utgitt innhold<\/b><\/h2>\n<p><span style=\"font-weight: 400;\">For \u00e5 fullt ut fors\u00e5 hvem publikum er, rekkevidden og profil av disse, kan du bruke RAM Inviso domenem\u00e5ling for \u00e5 granske dette. Med denne unders\u00f8kelsen kan redaksjonen i detalj forst\u00e5 hvilken innholdstype som er relevant for sitt publikum, og hva som driver lojalitetmetrikk innen sesjon og sideinntrykk. Som innholdsleverand\u00f8r vil n\u00f8kkelen alltid v\u00e6re \u00e5 f\u00e5 publikum til \u00e5 se mer innhold enn kun en eller to artikler, og \u00e5 finne relevansen som driver frem sterk lojalitet og gjenbes\u00f8kfaktorer. Dette er den eneste m\u00e5ten \u00e5 kontinuerlig \u00f8ke din publikumsbase.<\/span><\/p>\n<p><span style=\"font-weight: 400;\">Med RAM Inviso domenem\u00e5linger kan i mer detalj:<\/span><\/p>\n<ul>\n<li><span style=\"font-weight: 400;\">Forst\u00e5 ditt publikum etter:<\/span>\n<ul>\n<li style=\"font-weight: 400; text-align: left;\"><span style=\"font-weight: 400;\">Kj\u00f8nn<\/span><\/li>\n<li style=\"font-weight: 400;\"><span style=\"font-weight: 400;\">Alder<\/span><\/li>\n<li style=\"font-weight: 400;\"><span style=\"font-weight: 400;\">Interesser<\/span><\/li>\n<li style=\"font-weight: 400;\"><span style=\"font-weight: 400;\">Lojalitet<\/span><\/li>\n<li style=\"font-weight: 400;\"><span style=\"font-weight: 400;\">Pr. dag, uke, m\u00e5ned<\/span><\/li>\n<\/ul>\n<\/li>\n<li style=\"font-weight: 400;\"><span style=\"font-weight: 400;\">Pr. seksjon\/ Hovedsjanger<\/span><\/li>\n<li style=\"font-weight: 400;\"><span style=\"font-weight: 400;\">Pr. sub-seksjon \/ Hovedsjanger<\/span><\/li>\n<li style=\"font-weight: 400;\"><span style=\"font-weight: 400;\">Pr. nett-TV program &amp; Artikkeltype<\/span>\n<ul>\n<li><span style=\"font-weight: 400;\">Kombiner innhold<\/span><\/li>\n<\/ul>\n<\/li>\n<li style=\"font-weight: 400;\"><span style=\"font-weight: 400;\">Innholdsunders\u00f8kelser<\/span><\/li>\n<\/ul>\n<h2><b>For ditt lederteam<\/b><\/h2>\n<p><span style=\"font-weight: 400;\">Online og Digital er, eller vil v\u00e6re, ditt st\u00f8rste vindu for \u00e5 n\u00e5 ditt publikum, og vil v\u00e6re, &#8211; om det ikke allerede er, -din st\u00f8rste inntektskilde. For \u00e5 fullt ut forst\u00e5 ditt domenes bruk og utvikling over tid, vil RAM Inviso Domenem\u00e5linger gj\u00f8re deg i stand til \u00e5 finne ut hvordan innholdet ditt \u00f8ker lojalitet, gir nytt publikum, og reduserer publikumtap. Ditt lojale publikum vil alltid v\u00e6re de som foretar mer en tresiders bes\u00f8k i tidsperioden.<\/span><\/p>\n<p>&nbsp;<\/p>\n<p><img loading=\"lazy\" decoding=\"async\" class=\"alignnone wp-image-16887 size-full\" src=\"https:\/\/www2.rampanel.com\/wp-content\/uploads\/2019\/03\/foryourmanteam.jpg\" alt=\"\" width=\"1714\" height=\"598\" srcset=\"https:\/\/www2.rampanel.com\/wp-content\/uploads\/2019\/03\/foryourmanteam.jpg 1714w, https:\/\/www2.rampanel.com\/wp-content\/uploads\/2019\/03\/foryourmanteam-300x105.jpg 300w, https:\/\/www2.rampanel.com\/wp-content\/uploads\/2019\/03\/foryourmanteam-768x268.jpg 768w, https:\/\/www2.rampanel.com\/wp-content\/uploads\/2019\/03\/foryourmanteam-1024x357.jpg 1024w, https:\/\/www2.rampanel.com\/wp-content\/uploads\/2019\/03\/foryourmanteam-1320x461.jpg 1320w\" sizes=\"auto, (max-width: 1714px) 100vw, 1714px\" \/><\/p>\n<p><span style=\"font-weight: 400;\">Ovenst\u00e5ende skjermbilde kan filtreres av plattformen.<\/span><\/p>\n<p><span style=\"font-weight: 400;\">Ved \u00e5 gjennomg\u00e5 ditt publikum med RAMs unders\u00f8kelsesevne vil du kontinuerlig ha en forst\u00e5else av hvordan du skal utvikle ditt domene, og hvilke type innhold som er relevant for ditt publikum.<\/span><\/p>\n<p><span style=\"font-weight: 400;\">Lederteam og Investorer m\u00e5 ha en forst\u00e5else for:<\/span><\/p>\n<ul>\n<li style=\"font-weight: 400;\"><span style=\"font-weight: 400;\">Total publikumsutvikling pr. plattform<\/span><\/li>\n<li style=\"font-weight: 400;\"><span style=\"font-weight: 400;\">Lojalitetstrender<\/span><\/li>\n<li style=\"font-weight: 400;\"><span style=\"font-weight: 400;\">Sider pr. person utvikling<\/span><\/li>\n<li style=\"font-weight: 400;\"><span style=\"font-weight: 400;\">Innholdsdrivere<\/span><\/li>\n<li style=\"font-weight: 400;\"><span style=\"font-weight: 400;\">Publikumstap<\/span><\/li>\n<li style=\"font-weight: 400;\"><span style=\"font-weight: 400;\">Ny utvikling<\/span><\/li>\n<li style=\"font-weight: 400;\"><span style=\"font-weight: 400;\">Pr. varemerke og som nettverk<\/span><\/li>\n<\/ul>\n<h2><b>RAM Publikumsm\u00e5linger for kampanjer, og studie av Annonseeffektivitet<\/b><\/h2>\n<h3><b>Kampanjem\u00e5linger &#8211; Presentere kampanjem\u00e5l og planlegge neste kampanje<\/b><\/h3>\n<p><span style=\"font-weight: 400;\">RAM m\u00e5ler digitale kampansjer ved \u00e5 bruke samme panel og metodologi som ved m\u00e5linger av domenepublikum, og gir et dashboard med informasjon om de individene som b\u00e5de er innrammet av hele kampanjen og pr. tema som blir brukt. <\/span>Med kampanjem\u00e5linger kan du presentere hvordan mediaplanen prestert sammenlignet med kampanjens objektiv slik den er presentert av annons\u00f8r som mottaker av kampanjeinvestering.<\/p>\n<p><span style=\"font-weight: 400;\"><img loading=\"lazy\" decoding=\"async\" class=\"alignnone wp-image-16888 size-full\" src=\"https:\/\/www2.rampanel.com\/wp-content\/uploads\/2019\/03\/campaignreach.jpg\" alt=\"\" width=\"533\" height=\"505\" srcset=\"https:\/\/www2.rampanel.com\/wp-content\/uploads\/2019\/03\/campaignreach.jpg 533w, https:\/\/www2.rampanel.com\/wp-content\/uploads\/2019\/03\/campaignreach-300x284.jpg 300w\" sizes=\"auto, (max-width: 533px) 100vw, 533px\" \/><\/span><\/p>\n<p><span style=\"font-weight: 400;\">Teamet ditt har ut fra dette noe \u00e5 fortelle annons\u00f8r &#8211; hvem de har n\u00e5dd, og hvor ofte, &#8211; dette med demografi- og aldersdifferensiering i m\u00e5lgrupper. Dette er startpunktet for \u00e5 diskutere neste fase av \u00e5rlige mediaobjektiv, begynne mediaplanlegging og finne neste reklamepakke for \u00e5 n\u00e5 neste fase.<\/span><\/p>\n<p>&nbsp;<\/p>\n<h3><b>Effektivitetsunders\u00f8kelse av annonse &#8211; Publikumsreaksjon<\/b><span style=\"font-weight: 400;\"><br \/>\n<\/span><span style=\"font-weight: 400;\">Kampanjetracking gir RAM muligheten til \u00e5 invitere de som har sett reklamen til \u00e5 delta i en kampanjeunders\u00f8kelse. Disse vil svare p\u00e5 en serie sp\u00f8rsm\u00e5l om Annonse-erindring, varemerkebevissthet, engasjement og handlinger &#8211; som f.eks. kj\u00f8psintensjon, bes\u00f8ke forretning, eller bes\u00f8k p\u00e5 hjemmeside.<\/span><\/h3>\n<p><span style=\"font-weight: 400;\">Basert p\u00e5 annons\u00f8rs forh\u00e5ndsdefinerte mediaobjektiv gir RAM deg kampanjeresultatene til benchmarking. Annons\u00f8r vil f\u00e5 svar dersom kampanjen gir det resultatet de planla, og dersom reklamedesign stod frem og n\u00e5dde \u00f8nsket m\u00e5lgruppe.<\/span><\/p>\n<p><img loading=\"lazy\" decoding=\"async\" class=\"alignnone wp-image-16889 size-large\" src=\"https:\/\/www2.rampanel.com\/wp-content\/uploads\/2019\/03\/adeffectiveness-1024x542.jpg\" alt=\"\" width=\"1024\" height=\"542\" srcset=\"https:\/\/www2.rampanel.com\/wp-content\/uploads\/2019\/03\/adeffectiveness-1024x542.jpg 1024w, https:\/\/www2.rampanel.com\/wp-content\/uploads\/2019\/03\/adeffectiveness-300x159.jpg 300w, https:\/\/www2.rampanel.com\/wp-content\/uploads\/2019\/03\/adeffectiveness-768x407.jpg 768w, https:\/\/www2.rampanel.com\/wp-content\/uploads\/2019\/03\/adeffectiveness.jpg 1129w\" sizes=\"auto, (max-width: 1024px) 100vw, 1024px\" \/>[\/vc_column_text][\/vc_column][\/vc_row][vc_row][vc_column][\/vc_column][\/vc_row]<\/p>\n<\/div>","protected":false},"excerpt":{"rendered":"<p>[vc_row][vc_column][vc_column_text] RAM Digital tracking, effekt og konverteringer Vi mener at nettbaserte m\u00e5linger m\u00e5 v\u00e6re: En hybridl\u00f8sning og i sanntid fordi nettbasert aktivitet skjer akkurat n\u00e5 Vi utfordrer og investerer i metodologi og teknologi Vi designer v\u00e5re dashboards til \u00e5 v\u00e6re standardisert, men med fleksibel innsikt Vi utvider v\u00e5re klienters innsikt med rapportering pr. time, daglig,&hellip;<\/p>\n","protected":false},"author":1,"featured_media":0,"parent":20832,"menu_order":0,"comment_status":"closed","ping_status":"closed","template":"","meta":{"footnotes":""},"class_list":["post-20957","page","type-page","status-publish","hentry","description-off"],"_links":{"self":[{"href":"https:\/\/www2.rampanel.com\/no\/wp-json\/wp\/v2\/pages\/20957","targetHints":{"allow":["GET"]}}],"collection":[{"href":"https:\/\/www2.rampanel.com\/no\/wp-json\/wp\/v2\/pages"}],"about":[{"href":"https:\/\/www2.rampanel.com\/no\/wp-json\/wp\/v2\/types\/page"}],"author":[{"embeddable":true,"href":"https:\/\/www2.rampanel.com\/no\/wp-json\/wp\/v2\/users\/1"}],"replies":[{"embeddable":true,"href":"https:\/\/www2.rampanel.com\/no\/wp-json\/wp\/v2\/comments?post=20957"}],"version-history":[{"count":4,"href":"https:\/\/www2.rampanel.com\/no\/wp-json\/wp\/v2\/pages\/20957\/revisions"}],"predecessor-version":[{"id":24895,"href":"https:\/\/www2.rampanel.com\/no\/wp-json\/wp\/v2\/pages\/20957\/revisions\/24895"}],"up":[{"embeddable":true,"href":"https:\/\/www2.rampanel.com\/no\/wp-json\/wp\/v2\/pages\/20832"}],"wp:attachment":[{"href":"https:\/\/www2.rampanel.com\/no\/wp-json\/wp\/v2\/media?parent=20957"}],"curies":[{"name":"wp","href":"https:\/\/api.w.org\/{rel}","templated":true}]}}