{"id":20969,"date":"2018-11-30T13:26:06","date_gmt":"2018-11-30T13:26:06","guid":{"rendered":"https:\/\/www2.rampanel.com\/products\/brand-performance-and-brand-lift-offline-and-online\/"},"modified":"2019-05-14T12:16:36","modified_gmt":"2019-05-14T12:16:36","slug":"brand-performance-and-brand-lift-offline-and-online","status":"publish","type":"page","link":"https:\/\/www2.rampanel.com\/no\/products\/brand-performance-and-brand-lift-offline-and-online\/","title":{"rendered":"Brand Performance og Brand Lift"},"content":{"rendered":"<h2><strong>Brand Performance<\/strong><\/h2>\n<p><span style=\"font-weight: 400;\">Brand Performance studien vil gi b\u00e5de reklamepersonell og utgivere informasjon om posisjonen varemerket har alene, eller hvor de st\u00e5r sammenlignet med andre sammenlignbare industrikonkurrenter.<\/span><\/p>\n<p><span style=\"font-weight: 400;\">The Brand Performance studien vil bruke en X og Y aksel i grafen til \u00e5 presentere varemerkets posisjon blandt innbyggere (tilfeldig valgt land i eksemplet), eller posisjon blandt utgivers nettbaserte publikum, eller abonnenter som abonnerer p\u00e5 skriftlig materiale. Fra en annons\u00f8rs perspektiv vil varemerkets posisjon i studien gi dem informasjon om hvordan deres posisjon er sammenlignet med deres varemerke-objektiv.<\/span><\/p>\n<p><span style=\"font-weight: 400;\">Basert p\u00e5 studien vil utgiver og annons\u00f8r diskutere hvordan reklamekommunikasjonen kan f\u00f8re til at varemerket forflytter seg fra posisjon A til posisjon B. Utfallet av denne diskusjonen er en mediaplan som vil strekke seg over flere m\u00e5neder, hvor fokuset vil v\u00e6re \u00e5 konsentere seg om hvordan man skal n\u00e5 en m\u00e5lgruppe, hvor ofte og hvordan kommunisere for \u00e5 n\u00e5 varemerkeobjektivene.<\/span><\/p>\n<p><span style=\"font-weight: 400;\">The Brand Performance studien presenterer all informasjon i 3 grafer. <\/span><span style=\"font-weight: 400;\">Grafene vil v\u00e6re en kombinasjon av svarene p\u00e5 disse sp\u00f8rsm\u00e5lene:<\/span><\/p>\n<ul>\n<li class=\"aLF-aPX-K0-aPE\"><strong>Hvor godt kjenner du f\u00f8lgende varemerke\/varemerker?<\/strong><\/li>\n<li class=\"aLF-aPX-K0-aPE\"><strong>Vennligst indiker varemerke\/varemerker annonse\/reklame du har sett ofte<\/strong><\/li>\n<li class=\"aLF-aPX-K0-aPE\"><strong>Vennligst indiker varemerke\/varemerker du ofte bruker\/kommer i kontakt med<\/strong><\/li>\n<li class=\"aLF-aPX-K0-aPE\"><b>Vennligst indiker varemerke\/varemerker du har en fordelaktig mening om<\/b><\/li>\n<li class=\"aLF-aPX-K0-aPE\"><strong>Vennligst indiker varemerke\/varemerker du kan anbefale<\/strong><\/li>\n<\/ul>\n<h2><b><img loading=\"lazy\" decoding=\"async\" class=\"alignnone wp-image-16953\" src=\"https:\/\/www2.rampanel.com\/wp-content\/uploads\/2019\/04\/brand-1.jpg\" alt=\"\" width=\"1000\" height=\"490\" srcset=\"https:\/\/www2.rampanel.com\/wp-content\/uploads\/2019\/04\/brand-1.jpg 1379w, https:\/\/www2.rampanel.com\/wp-content\/uploads\/2019\/04\/brand-1-300x147.jpg 300w, https:\/\/www2.rampanel.com\/wp-content\/uploads\/2019\/04\/brand-1-768x376.jpg 768w, https:\/\/www2.rampanel.com\/wp-content\/uploads\/2019\/04\/brand-1-1024x502.jpg 1024w, https:\/\/www2.rampanel.com\/wp-content\/uploads\/2019\/04\/brand-1-1320x647.jpg 1320w\" sizes=\"auto, (max-width: 1000px) 100vw, 1000px\" \/><\/b><\/h2>\n<h2><\/h2>\n<h2><b>Brand Lift<\/b><\/h2>\n<p><span style=\"font-weight: 400;\">The Brand Lift studien vil vise hvordan en annonse presterer blandt et publikum som husker kampanjen innen den mediakanalen annonsen er blitt vist.<\/span><\/p>\n<p><span style=\"font-weight: 400;\">Hensikten med Brand Lift studien er \u00e5 vise annons\u00f8r hvilken innvirkning kampanjen har p\u00e5 utgivers publikum, offline, online eller begge.<\/span><\/p>\n<p><span style=\"font-weight: 400;\">The Brand Lift studien vil vise 3 grafer med X og Y akser. Du kan endre, eller velge et annet sp\u00f8rsm\u00e5l p\u00e5 X og Y aksen slik at du f\u00e5r flere innspill avhengig av unders\u00f8kelsen din.<\/span><\/p>\n<p>&nbsp;<\/p>\n<p><img loading=\"lazy\" decoding=\"async\" class=\"alignnone wp-image-16951\" src=\"https:\/\/www2.rampanel.com\/wp-content\/uploads\/2019\/04\/brand_lift.jpg\" alt=\"\" width=\"1000\" height=\"484\" srcset=\"https:\/\/www2.rampanel.com\/wp-content\/uploads\/2019\/04\/brand_lift.jpg 1286w, https:\/\/www2.rampanel.com\/wp-content\/uploads\/2019\/04\/brand_lift-300x145.jpg 300w, https:\/\/www2.rampanel.com\/wp-content\/uploads\/2019\/04\/brand_lift-768x372.jpg 768w, https:\/\/www2.rampanel.com\/wp-content\/uploads\/2019\/04\/brand_lift-1024x496.jpg 1024w\" sizes=\"auto, (max-width: 1000px) 100vw, 1000px\" \/><\/p>\n","protected":false},"excerpt":{"rendered":"<p>Brand Performance Brand Performance studien vil gi b\u00e5de reklamepersonell og utgivere informasjon om posisjonen varemerket har alene, eller hvor de st\u00e5r sammenlignet med andre sammenlignbare industrikonkurrenter. The Brand Performance studien vil bruke en X og Y aksel i grafen til \u00e5 presentere varemerkets posisjon blandt innbyggere (tilfeldig valgt land i eksemplet), eller posisjon blandt utgivers&hellip;<\/p>\n","protected":false},"author":1,"featured_media":0,"parent":20832,"menu_order":0,"comment_status":"closed","ping_status":"closed","template":"","meta":{"footnotes":""},"class_list":["post-20969","page","type-page","status-publish","hentry","description-off"],"_links":{"self":[{"href":"https:\/\/www2.rampanel.com\/no\/wp-json\/wp\/v2\/pages\/20969","targetHints":{"allow":["GET"]}}],"collection":[{"href":"https:\/\/www2.rampanel.com\/no\/wp-json\/wp\/v2\/pages"}],"about":[{"href":"https:\/\/www2.rampanel.com\/no\/wp-json\/wp\/v2\/types\/page"}],"author":[{"embeddable":true,"href":"https:\/\/www2.rampanel.com\/no\/wp-json\/wp\/v2\/users\/1"}],"replies":[{"embeddable":true,"href":"https:\/\/www2.rampanel.com\/no\/wp-json\/wp\/v2\/comments?post=20969"}],"version-history":[{"count":2,"href":"https:\/\/www2.rampanel.com\/no\/wp-json\/wp\/v2\/pages\/20969\/revisions"}],"predecessor-version":[{"id":21372,"href":"https:\/\/www2.rampanel.com\/no\/wp-json\/wp\/v2\/pages\/20969\/revisions\/21372"}],"up":[{"embeddable":true,"href":"https:\/\/www2.rampanel.com\/no\/wp-json\/wp\/v2\/pages\/20832"}],"wp:attachment":[{"href":"https:\/\/www2.rampanel.com\/no\/wp-json\/wp\/v2\/media?parent=20969"}],"curies":[{"name":"wp","href":"https:\/\/api.w.org\/{rel}","templated":true}]}}