{"id":20982,"date":"2018-11-30T13:23:39","date_gmt":"2018-11-30T13:23:39","guid":{"rendered":"https:\/\/www2.rampanel.com\/products\/editorial-and-content-insights\/"},"modified":"2019-05-14T12:16:40","modified_gmt":"2019-05-14T12:16:40","slug":"editorial-and-content-insights","status":"publish","type":"page","link":"https:\/\/www2.rampanel.com\/no\/products\/editorial-and-content-insights\/","title":{"rendered":"Redaksjonell- og innholdsinnsikt"},"content":{"rendered":"<h2><b>Redaksjonell- og innholdsinnsikt<\/b><\/h2>\n<p><span style=\"font-weight: 400;\">God og relevant kommunikasjon gj\u00f8r livet bedre. Dette gjelder ogs\u00e5 for hvordan media fungerer, og hvordan b\u00e5de redaksjonell- og reklameinformasjon blir presentert for lesere, brukere, lyttere og betraktere. De fleste av oss liker, og setter pris p\u00e5, underholdningsshow, bra skrevne artikler og reklame av god kvalitet. Vi \u00f8nsker alle \u00e5 unng\u00e5 uklar, ikke relevant og usanne beskjeder.<\/span><\/p>\n<p><span style=\"font-weight: 400;\">Flere produkter, inkludert artikkelkvalitet og effekt, effekt av innholdsmarkedf\u00f8ring, sidetrafikk, sidetester og testing av innholdsprestasjon, hjelper mediaindustrien til \u00e5 forst\u00e5 og forbedre mediaprodukter, uavhengig av mediakanal.<\/span><\/p>\n<p><span style=\"font-weight: 400;\">Test innhold p\u00e5 mobil, p\u00e5 nett, i avis og ukeblad, eller andre steder du \u00f8nsker \u00e5 sikre rett kvalitet og standarder. All informasjon kan kombinere med mer enn 40 sosialdemografiske variabler. RAMs analytiske verkt\u00f8y RAMetrics, innehar alle tidligere foretatt m\u00e5linger. Disse kan fremvises, plottet og rangert p\u00e5 forskjellige m\u00e5ter. Dra nytte av all innsiktmuligheten som ligger skjult, men tilgjengelig, i RAMetrics enorme database.<\/span><\/p>\n<p>&nbsp;<\/p>\n","protected":false},"excerpt":{"rendered":"<p>Redaksjonell- og innholdsinnsikt God og relevant kommunikasjon gj\u00f8r livet bedre. Dette gjelder ogs\u00e5 for hvordan media fungerer, og hvordan b\u00e5de redaksjonell- og reklameinformasjon blir presentert for lesere, brukere, lyttere og betraktere. De fleste av oss liker, og setter pris p\u00e5, underholdningsshow, bra skrevne artikler og reklame av god kvalitet. Vi \u00f8nsker alle \u00e5 unng\u00e5 uklar,&hellip;<\/p>\n","protected":false},"author":1,"featured_media":0,"parent":20832,"menu_order":0,"comment_status":"closed","ping_status":"closed","template":"","meta":{"footnotes":""},"class_list":["post-20982","page","type-page","status-publish","hentry","description-off"],"_links":{"self":[{"href":"https:\/\/www2.rampanel.com\/no\/wp-json\/wp\/v2\/pages\/20982","targetHints":{"allow":["GET"]}}],"collection":[{"href":"https:\/\/www2.rampanel.com\/no\/wp-json\/wp\/v2\/pages"}],"about":[{"href":"https:\/\/www2.rampanel.com\/no\/wp-json\/wp\/v2\/types\/page"}],"author":[{"embeddable":true,"href":"https:\/\/www2.rampanel.com\/no\/wp-json\/wp\/v2\/users\/1"}],"replies":[{"embeddable":true,"href":"https:\/\/www2.rampanel.com\/no\/wp-json\/wp\/v2\/comments?post=20982"}],"version-history":[{"count":2,"href":"https:\/\/www2.rampanel.com\/no\/wp-json\/wp\/v2\/pages\/20982\/revisions"}],"predecessor-version":[{"id":21374,"href":"https:\/\/www2.rampanel.com\/no\/wp-json\/wp\/v2\/pages\/20982\/revisions\/21374"}],"up":[{"embeddable":true,"href":"https:\/\/www2.rampanel.com\/no\/wp-json\/wp\/v2\/pages\/20832"}],"wp:attachment":[{"href":"https:\/\/www2.rampanel.com\/no\/wp-json\/wp\/v2\/media?parent=20982"}],"curies":[{"name":"wp","href":"https:\/\/api.w.org\/{rel}","templated":true}]}}