{"id":20993,"date":"2018-09-12T12:21:24","date_gmt":"2018-09-12T12:21:24","guid":{"rendered":"https:\/\/www2.rampanel.com\/cookie-policy\/"},"modified":"2019-05-14T12:16:37","modified_gmt":"2019-05-14T12:16:37","slug":"cookie-policy","status":"publish","type":"page","link":"https:\/\/www2.rampanel.com\/no\/cookie-policy\/","title":{"rendered":"RAM retningslinjer for informasjonskapsler"},"content":{"rendered":"<p>RAM bruker s\u00e5kalt f\u00f8rstepart informasjonskapsler p\u00e5 nettsiden for \u00e5 kunne gi bruker persondefinerte sp\u00f8rreunders\u00f8kelser, og for informasjon om nettstedbes\u00f8k.<\/p>\n<p>En informasjonskapsel er en liten tekstfil som lagres p\u00e5 brukers pc. Informasjonskapsler best\u00e5r av ett lite sett data med informasjon om hva brukeren gj\u00f8r n\u00e5 brukeren bes\u00f8ker nettsider. Informasjon samlet inn via informasjonskapsler kan inkludere hvilke nettsider som er brukt, og mengde tid brukt p\u00e5 nettsiden.<\/p>\n<p>Det er to typer informasjonskapsler. En type lagrer en fil over lang tid p\u00e5 brukers pc og kan f.eks. bli brukt til \u00e5 fortelle bruker hva som er nytt p\u00e5 nettsiden siden brukers siste bes\u00f8k. N\u00e5r utg\u00e5elsesdato er passert vil informasjonskapselen automatisk bli slettet n\u00e5r bruker returnerer til nettsiden hvor informasjonskapselen ble opprettet. Den andre type informasjonskapsler blir kalt session cookie, og blir midlertidig lagret i pcens minne, f.eks. for \u00e5 holde rede p\u00e5 hvilket spr\u00e5k brukeren har valgt. Session cookies blir slettet n\u00e5r nettleseren lukkes.<\/p>\n<p>Det er en distinksjon mellom f\u00f8rstepart-cookies og tredjepart-cookies. F\u00f8rstepart-cookies blir bestemt av nettsideeier, og tredjepart-cookies blir bestemt av en ekstern nettside, tredjepart.<\/p>\n<p>RAM bruker informasjonskapsler i henhold til lovgivning relatert til elektronisk kommunikasjon. Det er derfor n\u00f8dvendig at brukeren av nettsiden mottar informasjon om form\u00e5l cookies brukes til, og at bruker gir tillatelse til denne bruken. Dersom informasjonen er skikkelig levert, og brukers nettleser, og annet lignende utstyr er programmert til \u00e5 godta informasjonskapsler, og det anses dermed som s\u00e5dann tillatelse.<\/p>\n<p>Informasjonskapsler er vanlige tekstfiler og kan ikke inneholde virus. Filene er sm\u00e5 og kun et bestemt antall informasjonskapsler kan lagres i minnet p\u00e5 en pc. Det er derfor ingen risiko for at minnet vil bli fullt p.g.a. at bruker tillater informasjonskapsler.<\/p>\n<p>Bruker kan f\u00e5 informasjon om, blokkere og fjerne lagrede informasjonskapsler n\u00e5r dette er \u00f8nsket. Bruker kan deaktivere informasjonskapsler via sine sikkerhetsinnstillinger for nettleser. Dersom dette gj\u00f8res vil funksjonen av nettsiden kanskje begrenses.<\/p>\n","protected":false},"excerpt":{"rendered":"<p>RAM bruker s\u00e5kalt f\u00f8rstepart informasjonskapsler p\u00e5 nettsiden for \u00e5 kunne gi bruker persondefinerte sp\u00f8rreunders\u00f8kelser, og for informasjon om nettstedbes\u00f8k. En informasjonskapsel er en liten tekstfil som lagres p\u00e5 brukers pc. Informasjonskapsler best\u00e5r av ett lite sett data med informasjon om hva brukeren gj\u00f8r n\u00e5 brukeren bes\u00f8ker nettsider. Informasjon samlet inn via informasjonskapsler kan inkludere hvilke&hellip;<\/p>\n","protected":false},"author":1,"featured_media":0,"parent":0,"menu_order":0,"comment_status":"closed","ping_status":"closed","template":"","meta":{"footnotes":""},"class_list":["post-20993","page","type-page","status-publish","hentry","description-off"],"_links":{"self":[{"href":"https:\/\/www2.rampanel.com\/no\/wp-json\/wp\/v2\/pages\/20993","targetHints":{"allow":["GET"]}}],"collection":[{"href":"https:\/\/www2.rampanel.com\/no\/wp-json\/wp\/v2\/pages"}],"about":[{"href":"https:\/\/www2.rampanel.com\/no\/wp-json\/wp\/v2\/types\/page"}],"author":[{"embeddable":true,"href":"https:\/\/www2.rampanel.com\/no\/wp-json\/wp\/v2\/users\/1"}],"replies":[{"embeddable":true,"href":"https:\/\/www2.rampanel.com\/no\/wp-json\/wp\/v2\/comments?post=20993"}],"version-history":[{"count":1,"href":"https:\/\/www2.rampanel.com\/no\/wp-json\/wp\/v2\/pages\/20993\/revisions"}],"predecessor-version":[{"id":21371,"href":"https:\/\/www2.rampanel.com\/no\/wp-json\/wp\/v2\/pages\/20993\/revisions\/21371"}],"wp:attachment":[{"href":"https:\/\/www2.rampanel.com\/no\/wp-json\/wp\/v2\/media?parent=20993"}],"curies":[{"name":"wp","href":"https:\/\/api.w.org\/{rel}","templated":true}]}}