{"id":20839,"date":"2018-12-10T13:44:15","date_gmt":"2018-12-10T13:44:15","guid":{"rendered":"https:\/\/www2.rampanel.com\/products\/"},"modified":"2019-10-11T12:37:18","modified_gmt":"2019-10-11T12:37:18","slug":"products","status":"publish","type":"page","link":"https:\/\/www2.rampanel.com\/sv\/products\/","title":{"rendered":"Produkter"},"content":{"rendered":"<div class=\"wpb-content-wrapper\"><p>[vc_row bg_type=&#8221;bg_color&#8221; bg_override=&#8221;ex-full&#8221; type=&#8221;vc_default&#8221; margin_top=&#8221;-50&#8243; anchor=&#8221;about&#8221; css=&#8221;.vc_custom_1543821597147{padding-top: 50px !important;padding-bottom: 50px !important;}&#8221; el_id=&#8221;products&#8221; bg_color_value=&#8221;#f8f8f9&#8243;][vc_column]<div id=\"ultimate-heading-309769dcb4cda65b8\" class=\"uvc-heading ult-adjust-bottom-margin ultimate-heading-309769dcb4cda65b8 uvc-6177 \" data-hspacer=\"no_spacer\"  data-halign=\"center\" style=\"text-align:center\"><div class=\"uvc-heading-spacer no_spacer\" style=\"top\"><\/div><div class=\"uvc-main-heading ult-responsive\"  data-ultimate-target='.uvc-heading.ultimate-heading-309769dcb4cda65b8 h2'  data-responsive-json-new='{\"font-size\":\"desktop:56px;mobile_landscape:40px;\",\"line-height\":\"desktop:66px;mobile_landscape:50px;\"}' ><h2 style=\"--font-weight:theme;margin-bottom:5px;\">Produkter &amp; Tj\u00e4nster<\/h2><\/div><div class=\"uvc-sub-heading ult-responsive\"  data-ultimate-target='.uvc-heading.ultimate-heading-309769dcb4cda65b8 .uvc-sub-heading '  data-responsive-json-new='{\"font-size\":\"desktop:26px;mobile_landscape:20px;\",\"line-height\":\"desktop:36px;mobile_landscape:30px;\"}'  style=\"font-weight:normal;color:#adb0b6;margin-bottom:5px;\">RAM har verktygen som f\u00f6rdjupar kunskapen, \u00f6kar f\u00f6rst\u00e5elsen och hj\u00e4lper till att kapitalisera p\u00e5 din aff\u00e4r<\/div><\/div>[\/vc_column][\/vc_row][vc_row bg_type=&#8221;bg_color&#8221; seperator_enable=&#8221;seperator_enable_value&#8221; seperator_type=&#8221;triangle_svg_seperator&#8221; seperator_svg_height=&#8221;30&#8243; seperator_shape_background=&#8221;#f8f8f9&#8243; type=&#8221;vc_default&#8221; margin_top=&#8221;-50&#8243; anchor=&#8221;about&#8221; css=&#8221;.vc_custom_1543822001973{padding-top: 50px !important;padding-bottom: 0px !important;}&#8221; bg_color_value=&#8221;#ffffff&#8221;][vc_column width=&#8221;1\/3&#8243; css=&#8221;.vc_custom_1543585134761{padding-top: 0px !important;padding-right: 0px !important;padding-bottom: 0px !important;padding-left: 0px !important;background-image: url(https:\/\/www2.rampanel.com\/wp-content\/uploads\/2018\/10\/news.jpg?id=15791) !important;}&#8221;]<div class=\"flip-box-wrap\" style=\"margin:0px;padding:0px;\"><div class=\"flip-box ifb-custom-height accent-icon-color horizontal_flip_right flip-box-custom-height flip-ifb-custom-height\" data-animation=\"\" data-animation-delay=\"03\" style=\"\"  data-min-height='320px'><div class=\"ifb-flip-box\" id=\"flip-box-wrap-9077\"><div class=\"ifb-face ifb-front \" style=\"color:#ffffff;background:rgba(0,0,0,0.6);  border-color:#A4A4A4; \">\n\t\t\t\t\t\t\t<div class=\"ifb-flip-box-section ifb-flip-box-section-vertical-middle\">\n\t\t\t\t\t\t\t<div class=\"flip-box-icon\"><div class=\"ult-just-icon-wrapper  \"><div class=\"align-icon\" style=\"text-align:center;\">\n<div class=\"aio-icon none \"  style=\"color:#ffffff;font-size:64px;display:inline-block;\">\n\t<i class=\"none\"><\/i>\n<\/div><\/div><\/div><\/div><h3 class=\"ult-responsive flipbox_heading\"  data-ultimate-target='#flip-box-wrap-9077 .ult-responsive.flipbox_heading'  data-responsive-json-new='{\"font-size\":\"desktop:28px;\",\"line-height\":\"desktop:36px;\"}'  style=\"color:#ffffff; \">Insikter om journalistik och inneh\u00e5ll<\/h3><div class=\"ifb-flip-box-section-content ult-responsive\"  data-ultimate-target='#flip-box-wrap-9077 .ifb-flip-box-section-content.ult-responsive'  data-responsive-json-new='{\"font-size\":\"desktop:14px;\",\"line-height\":\"desktop:24px;\"}'  style=\"color:#ffffff;\"><p>L\u00e4s mer<\/p><\/div><\/div><\/div><!-- END .front -->\n\t\t\t\t\t\t<div class=\"ifb-face ifb-back\" style=\"color:#ffffff;background:#23262d;  border-color:#A4A4A4; \">\n\t\t\t\t\t\t\t<div class=\"ifb-flip-box-section ifb-flip-box-section-vertical-middle\"><div class=\"ifb-desc-back\"><div class=\"ifb-flip-box-section-content ult-responsive\"  data-ultimate-target='#flip-box-wrap-9077 .ifb-flip-box-section-content.ult-responsive'  data-responsive-json-new='{\"font-size\":\"desktop:14px;\",\"line-height\":\"desktop:24px;\"}'  style=\"color:#ffffff;\"><p>Ett antal av v\u00e5ra produkter, t ex artiklars kvalit\u00e9 och effekt, Content Marketing, l\u00e4sm\u00f6nster, sidtester och engagemangstester hj\u00e4lper dig att f\u00f6rst och utveckla dina produkter oavsett kanal. G\u00f6r inneh\u00e5llstester f\u00f6r mobiler, f\u00f6r webben, i tidningen eller magasin eller d\u00e4r du vill s\u00e4kra upp kvalit\u00e9n och n\u00e5 vissa miniminiv\u00e5er. Alla m\u00e4tetal kan kombineras med mer \u00e4n 40 sociodemografiska profiler.<\/p><\/div><\/div><div class=\"flip_link\"><a href=\"\/editorial-and-content-insights\/\"  style=\"background:#333333; color:#ffffff;\">L\u00e4s mer p\u00e5 produktsidan<\/a><\/div><\/div><\/div><!-- END .back --><\/div> <!-- ifb-flip-box --><\/div> <!-- flip-box --><\/div><!-- End icon block -->[\/vc_column][vc_column width=&#8221;1\/3&#8243; css=&#8221;.vc_custom_1548338660921{padding-top: 0px !important;padding-right: 0px !important;padding-bottom: 0px !important;padding-left: 0px !important;background-image: url(https:\/\/www2.rampanel.com\/wp-content\/uploads\/2019\/01\/branding500-1.jpg?id=16581) !important;background-position: center !important;background-repeat: no-repeat !important;background-size: cover !important;}&#8221;]<div class=\"flip-box-wrap\" style=\"margin:0px;padding:0px;\"><div class=\"flip-box ifb-custom-height accent-icon-color horizontal_flip_right flip-box-custom-height flip-ifb-custom-height\" data-animation=\"\" data-animation-delay=\"03\" style=\"\"  data-min-height='320px'><div class=\"ifb-flip-box\" id=\"flip-box-wrap-3074\"><div class=\"ifb-face ifb-front \" style=\"color:#ffffff;background:rgba(0,0,0,0.6);  border-color:#A4A4A4; \">\n\t\t\t\t\t\t\t<div class=\"ifb-flip-box-section ifb-flip-box-section-vertical-middle\">\n\t\t\t\t\t\t\t<div class=\"flip-box-icon\"><div class=\"ult-just-icon-wrapper  \"><div class=\"align-icon\" style=\"text-align:center;\">\n<div class=\"aio-icon none \"  style=\"color:#ffffff;font-size:64px;display:inline-block;\">\n\t<i class=\"none\"><\/i>\n<\/div><\/div><\/div><\/div><h3 class=\"ult-responsive flipbox_heading\"  data-ultimate-target='#flip-box-wrap-3074 .ult-responsive.flipbox_heading'  data-responsive-json-new='{\"font-size\":\"desktop:28px;\",\"line-height\":\"desktop:36px;\"}'  style=\"color:#ffffff; \">Brand Performance och Brand Lift \u2013 Offline and Online<\/h3><div class=\"ifb-flip-box-section-content ult-responsive\"  data-ultimate-target='#flip-box-wrap-3074 .ifb-flip-box-section-content.ult-responsive'  data-responsive-json-new='{\"font-size\":\"desktop:14px;\",\"line-height\":\"desktop:24px;\"}'  style=\"color:#ffffff;\"><p>L\u00e4s mer<\/p><\/div><\/div><\/div><!-- END .front -->\n\t\t\t\t\t\t<div class=\"ifb-face ifb-back\" style=\"color:#ffffff;background:#23262d;  border-color:#A4A4A4; \">\n\t\t\t\t\t\t\t<div class=\"ifb-flip-box-section ifb-flip-box-section-vertical-middle\"><div class=\"ifb-desc-back\"><div class=\"ifb-flip-box-section-content ult-responsive\"  data-ultimate-target='#flip-box-wrap-3074 .ifb-flip-box-section-content.ult-responsive'  data-responsive-json-new='{\"font-size\":\"desktop:14px;\",\"line-height\":\"desktop:24px;\"}'  style=\"color:#ffffff;\"><p>Brand Performance och Brand Lift \u00e4r en kombinerad unders\u00f6kning f\u00f6r att analysera en utvald bransch och f\u00f6r att f\u00f6rst\u00e5 marknadspositionen, kunskaperna och upplevelsen av de varum\u00e4rken som m\u00e4ts f\u00f6re och efter en annonskampanj.<\/p><\/div><\/div><div class=\"flip_link\"><a href=\"https:\/\/www2.rampanel.com\/brand-performance-and-brand-lift-offline-and-online\/\"  style=\"background:#333333; color:#ffffff;\">L\u00e4s mer p\u00e5 produktsidan<\/a><\/div><\/div><\/div><!-- END .back --><\/div> <!-- ifb-flip-box --><\/div> <!-- flip-box --><\/div><!-- End icon block -->[\/vc_column][vc_column width=&#8221;1\/3&#8243; css=&#8221;.vc_custom_1543585178005{padding-top: 0px !important;padding-right: 0px !important;padding-bottom: 0px !important;padding-left: 0px !important;background-image: url(https:\/\/www2.rampanel.com\/wp-content\/uploads\/revslider\/classicslider\/touchit.jpg?id=16403) !important;background-position: center !important;background-repeat: no-repeat !important;background-size: cover !important;}&#8221;]<div class=\"flip-box-wrap\" style=\"margin:0px;padding:0px;\"><div class=\"flip-box ifb-custom-height accent-icon-color horizontal_flip_right flip-box-custom-height flip-ifb-custom-height\" data-animation=\"\" data-animation-delay=\"03\" style=\"\"  data-min-height='320px'><div class=\"ifb-flip-box\" id=\"flip-box-wrap-6504\"><div class=\"ifb-face ifb-front \" style=\"color:#ffffff;background:rgba(0,0,0,0.6);  border-color:#A4A4A4; \">\n\t\t\t\t\t\t\t<div class=\"ifb-flip-box-section ifb-flip-box-section-vertical-middle\">\n\t\t\t\t\t\t\t<div class=\"flip-box-icon\"><div class=\"ult-just-icon-wrapper  \"><div class=\"align-icon\" style=\"text-align:center;\">\n<div class=\"aio-icon none \"  style=\"color:#ffffff;font-size:64px;display:inline-block;\">\n\t<i class=\"none\"><\/i>\n<\/div><\/div><\/div><\/div><h3 class=\"ult-responsive flipbox_heading\"  data-ultimate-target='#flip-box-wrap-6504 .ult-responsive.flipbox_heading'  data-responsive-json-new='{\"font-size\":\"desktop:28px;\",\"line-height\":\"desktop:36px;\"}'  style=\"color:#ffffff; \">Insikter om annonsering och leveranskvitton<\/h3><div class=\"ifb-flip-box-section-content ult-responsive\"  data-ultimate-target='#flip-box-wrap-6504 .ifb-flip-box-section-content.ult-responsive'  data-responsive-json-new='{\"font-size\":\"desktop:14px;\",\"line-height\":\"desktop:24px;\"}'  style=\"color:#ffffff;\"><p>L\u00e4s mer<\/p><\/div><\/div><\/div><!-- END .front -->\n\t\t\t\t\t\t<div class=\"ifb-face ifb-back\" style=\"color:#ffffff;background:#23262d;  border-color:#A4A4A4; \">\n\t\t\t\t\t\t\t<div class=\"ifb-flip-box-section ifb-flip-box-section-vertical-middle\"><div class=\"ifb-desc-back\"><div class=\"ifb-flip-box-section-content ult-responsive\"  data-ultimate-target='#flip-box-wrap-6504 .ifb-flip-box-section-content.ult-responsive'  data-responsive-json-new='{\"font-size\":\"desktop:14px;\",\"line-height\":\"desktop:24px;\"}'  style=\"color:#ffffff;\"><p>F\u00e5 reda p\u00e5 kvalit\u00e9n, den kreative h\u00f6jden och effekten p\u00e5 din annons. Hur m\u00e5nga och vilka m\u00e5lgrupper har sett och kommer ih\u00e5g ditt budskap? \u00c4r varum\u00e4rket s\u00e5 familj\u00e4rt som det borde vara? F\u00f6rstod och uppskattade m\u00e5lgruppen det du kommunicerade? Det viktigaste, agerade de p\u00e5 n\u00e5got s\u00e4tt? F\u00e5nga upp historierna \u00e5t era s\u00e4ljare s\u00e5 de kan interagera med era annons\u00f6rer p\u00e5 ett b\u00e4ttre s\u00e4tt f\u00f6r att f\u00e5 fler aff\u00e4rer.<\/p><\/div><\/div><div class=\"flip_link\"><a href=\"https:\/\/www2.rampanel.com\/products\/advertising-insights-and-receipts\/\"  style=\"background:#333333; color:#ffffff;\">L\u00e4s mer p\u00e5 produktsidan<\/a><\/div><\/div><\/div><!-- END .back --><\/div> <!-- ifb-flip-box --><\/div> <!-- flip-box --><\/div><!-- End icon block -->[\/vc_column][\/vc_row][vc_row type=&#8221;vc_default&#8221; margin_top=&#8221;-50&#8243; anchor=&#8221;about&#8221; css=&#8221;.vc_custom_1543585291195{padding-bottom: 100px !important;}&#8221;][vc_column width=&#8221;1\/3&#8243; css=&#8221;.vc_custom_1548411613733{padding-top: 0px !important;padding-right: 0px !important;padding-bottom: 0px !important;padding-left: 0px !important;background-image: url(https:\/\/www2.rampanel.com\/wp-content\/uploads\/2018\/12\/apple_monitorwrametrics.jpg?id=16562) !important;background-position: center !important;background-repeat: no-repeat !important;background-size: cover !important;}&#8221;]<div class=\"flip-box-wrap\" style=\"margin:0px;padding:0px;\"><div class=\"flip-box ifb-custom-height accent-icon-color horizontal_flip_right flip-box-custom-height flip-ifb-custom-height\" data-animation=\"\" data-animation-delay=\"03\" style=\"\"  data-min-height='320px'><div class=\"ifb-flip-box\" id=\"flip-box-wrap-7043\"><div class=\"ifb-face ifb-front \" style=\"color:#ffffff;background:rgba(0,0,0,0.6);  border-color:#A4A4A4; \">\n\t\t\t\t\t\t\t<div class=\"ifb-flip-box-section ifb-flip-box-section-vertical-middle\">\n\t\t\t\t\t\t\t<div class=\"flip-box-icon\"><div class=\"ult-just-icon-wrapper  \"><div class=\"align-icon\" style=\"text-align:center;\">\n<div class=\"aio-icon none \"  style=\"color:#ffffff;font-size:64px;display:inline-block;\">\n\t<i class=\"none\"><\/i>\n<\/div><\/div><\/div><\/div><h3 class=\"ult-responsive flipbox_heading\"  data-ultimate-target='#flip-box-wrap-7043 .ult-responsive.flipbox_heading'  data-responsive-json-new='{\"font-size\":\"desktop:28px;\",\"line-height\":\"desktop:36px;\"}'  style=\"color:#ffffff; \">Rametrics<\/h3><div class=\"ifb-flip-box-section-content ult-responsive\"  data-ultimate-target='#flip-box-wrap-7043 .ifb-flip-box-section-content.ult-responsive'  data-responsive-json-new='{\"font-size\":\"desktop:14px;\",\"line-height\":\"desktop:24px;\"}'  style=\"color:#ffffff;\"><p>L\u00e4s mer<\/p><\/div><\/div><\/div><!-- END .front -->\n\t\t\t\t\t\t<div class=\"ifb-face ifb-back\" style=\"color:#ffffff;background:#23262d;  border-color:#A4A4A4; \">\n\t\t\t\t\t\t\t<div class=\"ifb-flip-box-section ifb-flip-box-section-vertical-middle\"><div class=\"ifb-desc-back\"><div class=\"ifb-flip-box-section-content ult-responsive\"  data-ultimate-target='#flip-box-wrap-7043 .ifb-flip-box-section-content.ult-responsive'  data-responsive-json-new='{\"font-size\":\"desktop:14px;\",\"line-height\":\"desktop:24px;\"}'  style=\"color:#ffffff;\"><p>RAMetrics \u00e4r ditt verktyg f\u00f6r marknadsanalys och insikter och visar hur din kommunikation fungerar. Om du arbetar som publicist s\u00e5 kommer du att finna dina unika egenskaper hur kommunikation fungerar inom ett eller i en kombination av fler av dina varum\u00e4rken. Alla insikter \u00e4r insamlade fr\u00e5n varje enskild m\u00e4tning som du har genomf\u00f6rt inom RAM systemet<\/p><\/div><\/div><div class=\"flip_link\"><a href=\"https:\/\/www2.rampanel.com\/rametrics\/\"  style=\"background:#333333; color:#ffffff;\">L\u00e4s mer p\u00e5 produktsidan<\/a><\/div><\/div><\/div><!-- END .back --><\/div> <!-- ifb-flip-box --><\/div> <!-- flip-box --><\/div><!-- End icon block -->[\/vc_column][vc_column width=&#8221;1\/3&#8243; css=&#8221;.vc_custom_1543585279900{padding-top: 0px !important;padding-right: 0px !important;padding-bottom: 0px !important;padding-left: 0px !important;background-image: url(https:\/\/www2.rampanel.com\/wp-content\/uploads\/2018\/11\/sliderimage1.jpg?id=16307) !important;background-position: center !important;background-repeat: no-repeat !important;background-size: cover !important;}&#8221;]<div class=\"flip-box-wrap\" style=\"margin:0px;padding:0px;\"><div class=\"flip-box ifb-custom-height accent-icon-color horizontal_flip_right flip-box-custom-height flip-ifb-custom-height\" data-animation=\"\" data-animation-delay=\"03\" style=\"\"  data-min-height='320px'><div class=\"ifb-flip-box\" id=\"flip-box-wrap-9108\"><div class=\"ifb-face ifb-front \" style=\"color:#ffffff;background:rgba(0,0,0,0.6);  border-color:#A4A4A4; \">\n\t\t\t\t\t\t\t<div class=\"ifb-flip-box-section ifb-flip-box-section-vertical-middle\">\n\t\t\t\t\t\t\t<div class=\"flip-box-icon\"><div class=\"ult-just-icon-wrapper  \"><div class=\"align-icon\" style=\"text-align:center;\">\n<div class=\"aio-icon none \"  style=\"color:#ffffff;font-size:64px;display:inline-block;\">\n\t<i class=\"none\"><\/i>\n<\/div><\/div><\/div><\/div><h3 class=\"ult-responsive flipbox_heading\"  data-ultimate-target='#flip-box-wrap-9108 .ult-responsive.flipbox_heading'  data-responsive-json-new='{\"font-size\":\"desktop:28px;\",\"line-height\":\"desktop:36px;\"}'  style=\"color:#ffffff; \">Digital Publikm\u00e4tning, effekt och konvertering<\/h3><div class=\"ifb-flip-box-section-content ult-responsive\"  data-ultimate-target='#flip-box-wrap-9108 .ifb-flip-box-section-content.ult-responsive'  data-responsive-json-new='{\"font-size\":\"desktop:14px;\",\"line-height\":\"desktop:24px;\"}'  style=\"color:#ffffff;\"><p>L\u00e4s mer<\/p><\/div><\/div><\/div><!-- END .front -->\n\t\t\t\t\t\t<div class=\"ifb-face ifb-back\" style=\"color:#ffffff;background:#23262d;  border-color:#A4A4A4; \">\n\t\t\t\t\t\t\t<div class=\"ifb-flip-box-section ifb-flip-box-section-vertical-middle\"><div class=\"ifb-desc-back\"><div class=\"ifb-flip-box-section-content ult-responsive\"  data-ultimate-target='#flip-box-wrap-9108 .ifb-flip-box-section-content.ult-responsive'  data-responsive-json-new='{\"font-size\":\"desktop:14px;\",\"line-height\":\"desktop:24px;\"}'  style=\"color:#ffffff;\"><p>RAMs digitala m\u00e4tningar finns idag tillg\u00e4nglig i 5 l\u00e4nder men RAM har tillg\u00e5ng till panelister I 80+ l\u00e4nder f\u00f6r digitala publikm\u00e4tningar, unders\u00f6kningar och digitala medieanalyser. Med RAM publikm\u00e4tning f\u00e5r du information om r\u00e4ckvidd, frekvens och demografier av de personer som bes\u00f6ker dina varum\u00e4rkens hemsidor, sektioner och sidor samt antalet bes\u00f6k<\/p><\/div><\/div><div class=\"flip_link\"><a href=\"https:\/\/www2.rampanel.com\/digital-tracking-effect-and-conversions\/\"  style=\"background:#333333; color:#ffffff;\">L\u00e4s mer p\u00e5 produktsidan<\/a><\/div><\/div><\/div><!-- END .back --><\/div> <!-- ifb-flip-box --><\/div> <!-- flip-box --><\/div><!-- End icon block -->[\/vc_column][vc_column width=&#8221;1\/3&#8243; css=&#8221;.vc_custom_1548337883484{padding-top: 0px !important;padding-right: 0px !important;padding-bottom: 0px !important;padding-left: 0px !important;background-image: url(https:\/\/www2.rampanel.com\/wp-content\/uploads\/2019\/01\/key500.jpg?id=16577) !important;background-position: center !important;background-repeat: no-repeat !important;background-size: cover !important;}&#8221;]<div class=\"flip-box-wrap\" style=\"margin:0px;padding:0px;\"><div class=\"flip-box ifb-custom-height accent-icon-color horizontal_flip_right flip-box-custom-height flip-ifb-custom-height\" data-animation=\"\" data-animation-delay=\"03\" style=\"\"  data-min-height='320px'><div class=\"ifb-flip-box\" id=\"flip-box-wrap-5414\"><div class=\"ifb-face ifb-front \" style=\"color:#ffffff;background:rgba(0,0,0,0.6);  border-color:#A4A4A4; \">\n\t\t\t\t\t\t\t<div class=\"ifb-flip-box-section ifb-flip-box-section-vertical-middle\">\n\t\t\t\t\t\t\t<div class=\"flip-box-icon\"><div class=\"ult-just-icon-wrapper  \"><div class=\"align-icon\" style=\"text-align:center;\">\n<div class=\"aio-icon none \"  style=\"color:#ffffff;font-size:64px;display:inline-block;\">\n\t<i class=\"none\"><\/i>\n<\/div><\/div><\/div><\/div><h3 class=\"ult-responsive flipbox_heading\"  data-ultimate-target='#flip-box-wrap-5414 .ult-responsive.flipbox_heading'  data-responsive-json-new='{\"font-size\":\"desktop:28px;\",\"line-height\":\"desktop:36px;\"}'  style=\"color:#ffffff; \">Utbildning och r\u00e5dgivning<\/h3><div class=\"ifb-flip-box-section-content ult-responsive\"  data-ultimate-target='#flip-box-wrap-5414 .ifb-flip-box-section-content.ult-responsive'  data-responsive-json-new='{\"font-size\":\"desktop:14px;\",\"line-height\":\"desktop:24px;\"}'  style=\"color:#ffffff;\"><p>L\u00e4s mer<\/p><\/div><\/div><\/div><!-- END .front -->\n\t\t\t\t\t\t<div class=\"ifb-face ifb-back\" style=\"color:#ffffff;background:#23262d;  border-color:#A4A4A4; \">\n\t\t\t\t\t\t\t<div class=\"ifb-flip-box-section ifb-flip-box-section-vertical-middle\"><div class=\"ifb-desc-back\"><div class=\"ifb-flip-box-section-content ult-responsive\"  data-ultimate-target='#flip-box-wrap-5414 .ifb-flip-box-section-content.ult-responsive'  data-responsive-json-new='{\"font-size\":\"desktop:14px;\",\"line-height\":\"desktop:24px;\"}'  style=\"color:#ffffff;\"><p>RAM erbjuder ett antal olika kurser och utbildningar av ett varierat urval. RAM erbjuder och genomf\u00f6r b\u00e5de sm\u00e5 och st\u00f6rre konsultativa projekt. RAM utvecklar all typ av konsultverksamhet inom v\u00e5rt expertomr\u00e5de samt inom ett bredare ramverk och kunskap som vi f\u00e5r fram genom RAMetrics, RAMs aggregerade databas med \u00f6ver 230.000 m\u00e4tningar<\/p><\/div><\/div><div class=\"flip_link\"><a href=\"https:\/\/www2.rampanel.com\/training-and-consultancy\/\"  style=\"background:#333333; color:#ffffff;\">L\u00e4s mer p\u00e5 produktsidan<\/a><\/div><\/div><\/div><!-- END .back --><\/div> <!-- ifb-flip-box --><\/div> <!-- flip-box --><\/div><!-- End icon block -->[\/vc_column][\/vc_row][vc_row type=&#8221;vc_default&#8221; margin_top=&#8221;-50&#8243; anchor=&#8221;about&#8221; css=&#8221;.vc_custom_1543585566486{padding-top: 0px !important;padding-bottom: 100px !important;}&#8221;][vc_column][vc_btn title=&#8221;Kontakta oss&#8221; color=&#8221;danger&#8221; align=&#8221;center&#8221; i_icon_fontawesome=&#8221;fa fa-envelope-o&#8221; css_animation=&#8221;bounceInLeft&#8221; add_icon=&#8221;true&#8221; smooth_scroll=&#8221;true&#8221; link=&#8221;url:https%3A%2F%2Fwww2.rampanel.com%2Fsv%2Fcontact%2F|&#8221; css=&#8221;.vc_custom_1553845606167{padding-top: 50px !important;}&#8221;][\/vc_column][\/vc_row]<\/p>\n<\/div>","protected":false},"excerpt":{"rendered":"<p>[vc_row bg_type=&#8221;bg_color&#8221; bg_override=&#8221;ex-full&#8221; type=&#8221;vc_default&#8221; margin_top=&#8221;-50&#8243; anchor=&#8221;about&#8221; css=&#8221;.vc_custom_1543821597147{padding-top: 50px !important;padding-bottom: 50px !important;}&#8221; el_id=&#8221;products&#8221; bg_color_value=&#8221;#f8f8f9&#8243;][vc_column][\/vc_column][\/vc_row][vc_row bg_type=&#8221;bg_color&#8221; seperator_enable=&#8221;seperator_enable_value&#8221; seperator_type=&#8221;triangle_svg_seperator&#8221; seperator_svg_height=&#8221;30&#8243; seperator_shape_background=&#8221;#f8f8f9&#8243; type=&#8221;vc_default&#8221; margin_top=&#8221;-50&#8243; anchor=&#8221;about&#8221; css=&#8221;.vc_custom_1543822001973{padding-top: 50px !important;padding-bottom: 0px !important;}&#8221; bg_color_value=&#8221;#ffffff&#8221;][vc_column width=&#8221;1\/3&#8243; css=&#8221;.vc_custom_1543585134761{padding-top: 0px !important;padding-right: 0px !important;padding-bottom: 0px !important;padding-left: 0px !important;background-image: url(https:\/\/www2.rampanel.com\/wp-content\/uploads\/2018\/10\/news.jpg?id=15791) !important;}&#8221;][\/vc_column][vc_column width=&#8221;1\/3&#8243; css=&#8221;.vc_custom_1548338660921{padding-top: 0px !important;padding-right: 0px !important;padding-bottom: 0px !important;padding-left: 0px !important;background-image: url(https:\/\/www2.rampanel.com\/wp-content\/uploads\/2019\/01\/branding500-1.jpg?id=16581) !important;background-position: center !important;background-repeat: no-repeat !important;background-size:&hellip;<\/p>\n","protected":false},"author":1,"featured_media":0,"parent":0,"menu_order":1,"comment_status":"closed","ping_status":"closed","template":"","meta":{"footnotes":""},"class_list":["post-20839","page","type-page","status-publish","hentry","description-off"],"_links":{"self":[{"href":"https:\/\/www2.rampanel.com\/sv\/wp-json\/wp\/v2\/pages\/20839","targetHints":{"allow":["GET"]}}],"collection":[{"href":"https:\/\/www2.rampanel.com\/sv\/wp-json\/wp\/v2\/pages"}],"about":[{"href":"https:\/\/www2.rampanel.com\/sv\/wp-json\/wp\/v2\/types\/page"}],"author":[{"embeddable":true,"href":"https:\/\/www2.rampanel.com\/sv\/wp-json\/wp\/v2\/users\/1"}],"replies":[{"embeddable":true,"href":"https:\/\/www2.rampanel.com\/sv\/wp-json\/wp\/v2\/comments?post=20839"}],"version-history":[{"count":12,"href":"https:\/\/www2.rampanel.com\/sv\/wp-json\/wp\/v2\/pages\/20839\/revisions"}],"predecessor-version":[{"id":22536,"href":"https:\/\/www2.rampanel.com\/sv\/wp-json\/wp\/v2\/pages\/20839\/revisions\/22536"}],"wp:attachment":[{"href":"https:\/\/www2.rampanel.com\/sv\/wp-json\/wp\/v2\/media?parent=20839"}],"curies":[{"name":"wp","href":"https:\/\/api.w.org\/{rel}","templated":true}]}}