{"id":20879,"date":"2019-02-01T08:44:10","date_gmt":"2019-02-01T08:44:10","guid":{"rendered":"https:\/\/www2.rampanel.com\/products\/training-and-consultancy\/"},"modified":"2022-03-17T18:30:25","modified_gmt":"2022-03-17T18:30:25","slug":"training-and-consultancy","status":"publish","type":"page","link":"https:\/\/www2.rampanel.com\/sv\/products\/training-and-consultancy\/","title":{"rendered":"Utbildning och r\u00e5dgivning"},"content":{"rendered":"<div class=\"wpb-content-wrapper\"><p>[vc_row][vc_column][vc_column_text]<\/p>\n<h2>Utbildning och r\u00e5dgivning<\/h2>\n<p><span style=\"font-weight: 400;\">RAM bedriver l\u00f6pande en rad olika utbildningar och instruktioner av olika befattningshavare. F\u00f6r nya kunder ger vi alltid en grundl\u00e4ggande genomg\u00e5ng och instruktion av RAM-systemet, fr\u00e4mst t\u00e4nkt f\u00f6r de personer som kommer handl\u00e4gga RAM internt. Analytiker och unders\u00f6kare har en annan roll att fylla och st\u00e4ller andra krav p\u00e5 RAM-kunskaper. L\u00f6pande informerar vi och utbildar denna grupp om cases, nya m\u00e4tverktyg och lanseringar.<\/span><\/p>\n<p>&nbsp;<\/p>\n<p><span style=\"font-weight: 400;\">RAM \u00e4r ofta anlitade f\u00f6r att informera och utbilda medies\u00e4ljare, s\u00e4ljchefer och anst\u00e4llda p\u00e5 medie- och reklambyr\u00e5er. Det kan handla om specifika mediekanaler, exempel p\u00e5 bra kommunikation eller om effekterna av cross mediala kampanjer \u2013 sp\u00e4nnvidden p\u00e5 dessa f\u00f6redrag \u00e4r stor.<\/span><\/p>\n<p>&nbsp;<\/p>\n<p><span style=\"font-weight: 400;\">RAM bedriver b\u00e5de sm\u00e5 och st\u00f6rre konsultprojekt. Det kan t.ex. handla om effekterna av Gratistidningar, v\u00e4rdet av kreativitet, skillnaderna mellan klassiska annonser och content marketing eller om effekterna av Cross Media.<\/span><\/p>\n<p><span style=\"font-weight: 400;\">RAM driver alla de konsultuppdrag som faller innanf\u00f6r ramen f\u00f6r v\u00e5r expertis och dessutom faller innanf\u00f6r ramen f\u00f6r den breda kunskap vi samlat i RAMterics, RAMs aggregerade databas med mer \u00e4r 230 000 m\u00e4tningar.<\/span>[\/vc_column_text][\/vc_column][\/vc_row]<\/p>\n<\/div>","protected":false},"excerpt":{"rendered":"<p>[vc_row][vc_column][vc_column_text] Utbildning och r\u00e5dgivning RAM bedriver l\u00f6pande en rad olika utbildningar och instruktioner av olika befattningshavare. F\u00f6r nya kunder ger vi alltid en grundl\u00e4ggande genomg\u00e5ng och instruktion av RAM-systemet, fr\u00e4mst t\u00e4nkt f\u00f6r de personer som kommer handl\u00e4gga RAM internt. Analytiker och unders\u00f6kare har en annan roll att fylla och st\u00e4ller andra krav p\u00e5 RAM-kunskaper. L\u00f6pande&hellip;<\/p>\n","protected":false},"author":1,"featured_media":0,"parent":20839,"menu_order":0,"comment_status":"closed","ping_status":"closed","template":"","meta":{"footnotes":""},"class_list":["post-20879","page","type-page","status-publish","hentry","description-off"],"_links":{"self":[{"href":"https:\/\/www2.rampanel.com\/sv\/wp-json\/wp\/v2\/pages\/20879","targetHints":{"allow":["GET"]}}],"collection":[{"href":"https:\/\/www2.rampanel.com\/sv\/wp-json\/wp\/v2\/pages"}],"about":[{"href":"https:\/\/www2.rampanel.com\/sv\/wp-json\/wp\/v2\/types\/page"}],"author":[{"embeddable":true,"href":"https:\/\/www2.rampanel.com\/sv\/wp-json\/wp\/v2\/users\/1"}],"replies":[{"embeddable":true,"href":"https:\/\/www2.rampanel.com\/sv\/wp-json\/wp\/v2\/comments?post=20879"}],"version-history":[{"count":6,"href":"https:\/\/www2.rampanel.com\/sv\/wp-json\/wp\/v2\/pages\/20879\/revisions"}],"predecessor-version":[{"id":23717,"href":"https:\/\/www2.rampanel.com\/sv\/wp-json\/wp\/v2\/pages\/20879\/revisions\/23717"}],"up":[{"embeddable":true,"href":"https:\/\/www2.rampanel.com\/sv\/wp-json\/wp\/v2\/pages\/20839"}],"wp:attachment":[{"href":"https:\/\/www2.rampanel.com\/sv\/wp-json\/wp\/v2\/media?parent=20879"}],"curies":[{"name":"wp","href":"https:\/\/api.w.org\/{rel}","templated":true}]}}