{"id":20930,"date":"2018-12-10T13:50:36","date_gmt":"2018-12-10T13:50:36","guid":{"rendered":"https:\/\/www2.rampanel.com\/products\/advertising-insights-and-receipts\/"},"modified":"2019-05-03T08:11:59","modified_gmt":"2019-05-03T08:11:59","slug":"advertising-insights-and-receipts","status":"publish","type":"page","link":"https:\/\/www2.rampanel.com\/sv\/products\/advertising-insights-and-receipts\/","title":{"rendered":"Insikter om annonsering och leveranskvitton"},"content":{"rendered":"<h2>Insikter om annonsering och leveranskvitton<\/h2>\n<p>F\u00e5 reda p\u00e5 kvalit\u00e9n, den kreative h\u00f6jden och effekten p\u00e5 din annons. Hur m\u00e5nga och vilka m\u00e5lgrupper har sett och kommer ih\u00e5g ditt budskap? \u00c4r varum\u00e4rket s\u00e5 familj\u00e4rt som det borde vara? F\u00f6rstod och uppskattade m\u00e5lgruppen det du kommunicerade? Det viktigaste, agerade de p\u00e5 n\u00e5got s\u00e4tt? Ta fram de mest relevanta historierna till era s\u00e4ljare s\u00e5 att de har informationen s\u00e5 de kan diskutera och ge r\u00e5d till annons\u00f6ren om kommunikationen och s\u00e4kra framtida annons aff\u00e4rer.<\/p>\n<p>Korrekt och bra storytelling samt kunskapen om hur uppfattningen \u00e4r om k\u00f6pt kommunikation och hur kommunikation fungerar \u00e4r ov\u00e4rderlig f\u00f6r att s\u00e4kra b\u00e5de nya och \u00e5terkommande aff\u00e4rer samt en hj\u00e4lpande hand till riktigt meningsfulla m\u00f6ten mellan s\u00e4ljare och annons\u00f6rer.<br \/>\nInformation, kunskap och v\u00e4rdet i riktig storytelling \u00e4r h\u00e5rdvaluta i den konkurrensutsatta mediev\u00e4rlden.<\/p>\n<p>RAMs analysverktyg RAMetrics inneh\u00e5ller aggregerad och samlad bild av alla tidigare resultat fr\u00e5n genomf\u00f6rda m\u00e4tningar. Du kan f\u00e5 dem i listor, vrida och v\u00e4nda p\u00e5 informationen p\u00e5 olika s\u00e4tt och i olika grafer. Anv\u00e4nd och bygg kunskap kring kommunikation med djupa insikter i RAMetrics gigantiska databas<\/p>\n","protected":false},"excerpt":{"rendered":"<p>Insikter om annonsering och leveranskvitton F\u00e5 reda p\u00e5 kvalit\u00e9n, den kreative h\u00f6jden och effekten p\u00e5 din annons. Hur m\u00e5nga och vilka m\u00e5lgrupper har sett och kommer ih\u00e5g ditt budskap? \u00c4r varum\u00e4rket s\u00e5 familj\u00e4rt som det borde vara? F\u00f6rstod och uppskattade m\u00e5lgruppen det du kommunicerade? Det viktigaste, agerade de p\u00e5 n\u00e5got s\u00e4tt? Ta fram de mest&hellip;<\/p>\n","protected":false},"author":1,"featured_media":0,"parent":20839,"menu_order":0,"comment_status":"closed","ping_status":"closed","template":"","meta":{"footnotes":""},"class_list":["post-20930","page","type-page","status-publish","hentry","description-off"],"_links":{"self":[{"href":"https:\/\/www2.rampanel.com\/sv\/wp-json\/wp\/v2\/pages\/20930","targetHints":{"allow":["GET"]}}],"collection":[{"href":"https:\/\/www2.rampanel.com\/sv\/wp-json\/wp\/v2\/pages"}],"about":[{"href":"https:\/\/www2.rampanel.com\/sv\/wp-json\/wp\/v2\/types\/page"}],"author":[{"embeddable":true,"href":"https:\/\/www2.rampanel.com\/sv\/wp-json\/wp\/v2\/users\/1"}],"replies":[{"embeddable":true,"href":"https:\/\/www2.rampanel.com\/sv\/wp-json\/wp\/v2\/comments?post=20930"}],"version-history":[{"count":1,"href":"https:\/\/www2.rampanel.com\/sv\/wp-json\/wp\/v2\/pages\/20930\/revisions"}],"predecessor-version":[{"id":21378,"href":"https:\/\/www2.rampanel.com\/sv\/wp-json\/wp\/v2\/pages\/20930\/revisions\/21378"}],"up":[{"embeddable":true,"href":"https:\/\/www2.rampanel.com\/sv\/wp-json\/wp\/v2\/pages\/20839"}],"wp:attachment":[{"href":"https:\/\/www2.rampanel.com\/sv\/wp-json\/wp\/v2\/media?parent=20930"}],"curies":[{"name":"wp","href":"https:\/\/api.w.org\/{rel}","templated":true}]}}