{"id":20971,"date":"2018-11-30T13:26:06","date_gmt":"2018-11-30T13:26:06","guid":{"rendered":"https:\/\/www2.rampanel.com\/products\/brand-performance-and-brand-lift-offline-and-online\/"},"modified":"2019-05-03T10:33:02","modified_gmt":"2019-05-03T10:33:02","slug":"brand-performance-and-brand-lift-offline-and-online","status":"publish","type":"page","link":"https:\/\/www2.rampanel.com\/sv\/products\/brand-performance-and-brand-lift-offline-and-online\/","title":{"rendered":"Brand Performance och Brand Lift"},"content":{"rendered":"<h2><strong>Brand Performance<\/strong><\/h2>\n<p>Brand Performance studier ger b\u00e5de annons\u00f6rer och publicister information om varum\u00e4rkets position, som enskilt varum\u00e4rke eller i kombination av flera konkurrerande varum\u00e4rken i en bransch.<\/p>\n<p>Brand Performance studien anv\u00e4nder en X och Y axel i graferna f\u00f6r att presentera varum\u00e4rkets position bland landets befolkning (ett slumpm\u00e4ssigt lands urval) eller inom en publicists digitala anv\u00e4ndare alternativt hos deras betalande prenumeranter inom t ex print eller magasin. F\u00f6r en annons\u00f6r s\u00e5 visar studien varum\u00e4rkets position och kan j\u00e4mf\u00f6ras med var och hur annons\u00f6rens m\u00e5ls\u00e4ttning med varum\u00e4rke ska uppfattas och positioneras.<\/p>\n<p>Med denna studie som en gemensam grund kan publicisten och annons\u00f6ren f\u00f6ra en diskussion hur annons\u00f6rens kommunikation kan utvecklas och flytta varum\u00e4rkets position fr\u00e5n punkt A till punkt B. Utkomsten av diskussionen \u00e4r en medieplan som str\u00e4cker sig \u00f6ver flera m\u00e5nader med fokus p\u00e5 att n\u00e5 r\u00e4tt m\u00e5lgrupp, hur ofta och vad som ska kommuniceras f\u00f6r att till slut n\u00e5 varum\u00e4rkets m\u00e5ls\u00e4ttning.<\/p>\n<p>Brand Performance studien presenterar all information I 3 grafer. Graferna kombineras av de svar som respondenten ger p\u00e5 dessa fr\u00e5gest\u00e4llningar:<\/p>\n<ul>\n<li class=\"aLF-aPX-K0-aPE\"><strong>Hur v\u00e4l k\u00e4nner du till f\u00f6ljande varum\u00e4rke eller varum\u00e4rken?<\/strong><\/li>\n<li class=\"aLF-aPX-K0-aPE\"><strong>Markera det eller de varum\u00e4rken vars annonsering du ofta ser<\/strong><\/li>\n<li class=\"aLF-aPX-K0-aPE\"><strong>Markera det eller de varum\u00e4rken som du anv\u00e4nder eller ofta kommer i kontakt med<\/strong><\/li>\n<li class=\"aLF-aPX-K0-aPE\"><b><strong>Markera det eller de varum\u00e4rken som du har en positiv \u00e5sikt om<\/strong><\/b><\/li>\n<li class=\"aLF-aPX-K0-aPE\"><strong>Markera det eller de varum\u00e4rken som du kan rekommenderar<\/strong><\/li>\n<\/ul>\n<h2><b><img loading=\"lazy\" decoding=\"async\" class=\"alignnone wp-image-16953\" src=\"https:\/\/www2.rampanel.com\/wp-content\/uploads\/2019\/04\/brand-1.jpg\" alt=\"\" width=\"1000\" height=\"490\" srcset=\"https:\/\/www2.rampanel.com\/wp-content\/uploads\/2019\/04\/brand-1.jpg 1379w, https:\/\/www2.rampanel.com\/wp-content\/uploads\/2019\/04\/brand-1-300x147.jpg 300w, https:\/\/www2.rampanel.com\/wp-content\/uploads\/2019\/04\/brand-1-768x376.jpg 768w, https:\/\/www2.rampanel.com\/wp-content\/uploads\/2019\/04\/brand-1-1024x502.jpg 1024w, https:\/\/www2.rampanel.com\/wp-content\/uploads\/2019\/04\/brand-1-1320x647.jpg 1320w\" sizes=\"auto, (max-width: 1000px) 100vw, 1000px\" \/><\/b><\/h2>\n<h2><\/h2>\n<h2><b>Brand Lift<\/b><\/h2>\n<p>Brand Lift unders\u00f6kningen visar hur annonsen p\u00e5verkar den grupp m\u00e4nniskor som har exponerats av annonsen och som minns kampanjen inom de mediekanaler som annonsen har publicerats.<\/p>\n<p>Syftet med Brand Lift unders\u00f6kningen \u00e4r att visa annons\u00f6ren vilken effekt och f\u00f6rflyttning kampanjen har haft p\u00e5 publicisten l\u00e4sare offline, online eller b\u00e5de och.<\/p>\n<p>Brand Lift unders\u00f6kningen visar 3 grafer med en X och Y axel. Du kan byta ut och v\u00e4lja olika fr\u00e5gor till b\u00e5de X och Y axeln s\u00e5 att du har flertalet val att v\u00e4lja beroende p\u00e5 syftet med unders\u00f6kningen.<\/p>\n<p>&nbsp;<\/p>\n<p><img loading=\"lazy\" decoding=\"async\" class=\"alignnone wp-image-16951\" src=\"https:\/\/www2.rampanel.com\/wp-content\/uploads\/2019\/04\/brand_lift.jpg\" alt=\"\" width=\"1000\" height=\"484\" srcset=\"https:\/\/www2.rampanel.com\/wp-content\/uploads\/2019\/04\/brand_lift.jpg 1286w, https:\/\/www2.rampanel.com\/wp-content\/uploads\/2019\/04\/brand_lift-300x145.jpg 300w, https:\/\/www2.rampanel.com\/wp-content\/uploads\/2019\/04\/brand_lift-768x372.jpg 768w, https:\/\/www2.rampanel.com\/wp-content\/uploads\/2019\/04\/brand_lift-1024x496.jpg 1024w\" sizes=\"auto, (max-width: 1000px) 100vw, 1000px\" \/><\/p>\n","protected":false},"excerpt":{"rendered":"<p>Brand Performance Brand Performance studier ger b\u00e5de annons\u00f6rer och publicister information om varum\u00e4rkets position, som enskilt varum\u00e4rke eller i kombination av flera konkurrerande varum\u00e4rken i en bransch. Brand Performance studien anv\u00e4nder en X och Y axel i graferna f\u00f6r att presentera varum\u00e4rkets position bland landets befolkning (ett slumpm\u00e4ssigt lands urval) eller inom en publicists digitala&hellip;<\/p>\n","protected":false},"author":1,"featured_media":0,"parent":20839,"menu_order":0,"comment_status":"closed","ping_status":"closed","template":"","meta":{"footnotes":""},"class_list":["post-20971","page","type-page","status-publish","hentry","description-off"],"_links":{"self":[{"href":"https:\/\/www2.rampanel.com\/sv\/wp-json\/wp\/v2\/pages\/20971","targetHints":{"allow":["GET"]}}],"collection":[{"href":"https:\/\/www2.rampanel.com\/sv\/wp-json\/wp\/v2\/pages"}],"about":[{"href":"https:\/\/www2.rampanel.com\/sv\/wp-json\/wp\/v2\/types\/page"}],"author":[{"embeddable":true,"href":"https:\/\/www2.rampanel.com\/sv\/wp-json\/wp\/v2\/users\/1"}],"replies":[{"embeddable":true,"href":"https:\/\/www2.rampanel.com\/sv\/wp-json\/wp\/v2\/comments?post=20971"}],"version-history":[{"count":2,"href":"https:\/\/www2.rampanel.com\/sv\/wp-json\/wp\/v2\/pages\/20971\/revisions"}],"predecessor-version":[{"id":21349,"href":"https:\/\/www2.rampanel.com\/sv\/wp-json\/wp\/v2\/pages\/20971\/revisions\/21349"}],"up":[{"embeddable":true,"href":"https:\/\/www2.rampanel.com\/sv\/wp-json\/wp\/v2\/pages\/20839"}],"wp:attachment":[{"href":"https:\/\/www2.rampanel.com\/sv\/wp-json\/wp\/v2\/media?parent=20971"}],"curies":[{"name":"wp","href":"https:\/\/api.w.org\/{rel}","templated":true}]}}