{"id":20984,"date":"2018-11-30T13:23:39","date_gmt":"2018-11-30T13:23:39","guid":{"rendered":"https:\/\/www2.rampanel.com\/products\/editorial-and-content-insights\/"},"modified":"2019-05-28T10:45:29","modified_gmt":"2019-05-28T10:45:29","slug":"editorial-and-content-insights","status":"publish","type":"page","link":"https:\/\/www2.rampanel.com\/sv\/products\/editorial-and-content-insights\/","title":{"rendered":"Artikel- och inneh\u00e5llsanalys"},"content":{"rendered":"<h2><strong>Artikel- och inneh\u00e5llsanalys<\/strong><\/h2>\n<p>Bra och relevant kommunikation g\u00f6r livet b\u00e4ttre. Detta g\u00e4ller \u00e4ven hur media fungerar och hur b\u00e5de redaktionellt- och kommersiell information presenteras f\u00f6r l\u00e4sare, anv\u00e4ndare, lyssnare och tittare. De flesta av oss tycker om och uppskattar underh\u00e5llande shower, v\u00e4lskrivna artiklar och h\u00f6g annonskvalit\u00e9. Vi vill slippa otydlig, irrelevant och felaktig information.<\/p>\n<p>Ett antal produkter, som t ex artikel kvalit\u00e9 och effekt, Content Marketing effekt, omslags- tester, sidl\u00e4sning och inneh\u00e5llseffekt hj\u00e4lper mediehus att f\u00f6rst\u00e5 och f\u00f6rb\u00e4ttra medieprodukter oavsett kanal.<\/p>\n<p>Analysera inneh\u00e5llet i mobilen, online, i papperstidningen, i magasinet eller i det medieslag d\u00e4r du vill f\u00f6rs\u00e4kra dig om att ni publicerar r\u00e4tt inneh\u00e5ll med r\u00e4tt kvalit\u00e9. Alla nyckeltal kan kombineras med ett 40-tal socio-demografiska profiler.<br \/>\nRAMs analysverktyg RAMetrics inneh\u00e5ller alla resultat fr\u00e5n alla genomf\u00f6rda m\u00e4tningar, att listas, i en graf eller rangordnas p\u00e5 m\u00e5nga olika s\u00e4tt f\u00f6r att analyseras p\u00e5 b\u00e4sta s\u00e4tt. Anv\u00e4nd alla analysvarianter inom RAMetrics gigantiska databas f\u00f6r att hitta det som g\u00f6r er unika i j\u00e4mf\u00f6relse med marknaden.<\/p>\n","protected":false},"excerpt":{"rendered":"<p>Artikel- och inneh\u00e5llsanalys Bra och relevant kommunikation g\u00f6r livet b\u00e4ttre. Detta g\u00e4ller \u00e4ven hur media fungerar och hur b\u00e5de redaktionellt- och kommersiell information presenteras f\u00f6r l\u00e4sare, anv\u00e4ndare, lyssnare och tittare. De flesta av oss tycker om och uppskattar underh\u00e5llande shower, v\u00e4lskrivna artiklar och h\u00f6g annonskvalit\u00e9. Vi vill slippa otydlig, irrelevant och felaktig information. Ett antal&hellip;<\/p>\n","protected":false},"author":1,"featured_media":0,"parent":20839,"menu_order":0,"comment_status":"closed","ping_status":"closed","template":"","meta":{"footnotes":""},"class_list":["post-20984","page","type-page","status-publish","hentry","description-off"],"_links":{"self":[{"href":"https:\/\/www2.rampanel.com\/sv\/wp-json\/wp\/v2\/pages\/20984","targetHints":{"allow":["GET"]}}],"collection":[{"href":"https:\/\/www2.rampanel.com\/sv\/wp-json\/wp\/v2\/pages"}],"about":[{"href":"https:\/\/www2.rampanel.com\/sv\/wp-json\/wp\/v2\/types\/page"}],"author":[{"embeddable":true,"href":"https:\/\/www2.rampanel.com\/sv\/wp-json\/wp\/v2\/users\/1"}],"replies":[{"embeddable":true,"href":"https:\/\/www2.rampanel.com\/sv\/wp-json\/wp\/v2\/comments?post=20984"}],"version-history":[{"count":1,"href":"https:\/\/www2.rampanel.com\/sv\/wp-json\/wp\/v2\/pages\/20984\/revisions"}],"predecessor-version":[{"id":22174,"href":"https:\/\/www2.rampanel.com\/sv\/wp-json\/wp\/v2\/pages\/20984\/revisions\/22174"}],"up":[{"embeddable":true,"href":"https:\/\/www2.rampanel.com\/sv\/wp-json\/wp\/v2\/pages\/20839"}],"wp:attachment":[{"href":"https:\/\/www2.rampanel.com\/sv\/wp-json\/wp\/v2\/media?parent=20984"}],"curies":[{"name":"wp","href":"https:\/\/api.w.org\/{rel}","templated":true}]}}