{"id":20989,"date":"2018-09-12T12:21:24","date_gmt":"2018-09-12T12:21:24","guid":{"rendered":"https:\/\/www2.rampanel.com\/cookie-policy\/"},"modified":"2019-04-30T11:32:47","modified_gmt":"2019-04-30T11:32:47","slug":"cookie-policy","status":"publish","type":"page","link":"https:\/\/www2.rampanel.com\/sv\/cookie-policy\/","title":{"rendered":"RAM Cookie Policy"},"content":{"rendered":"<p>RAM anv\u00e4nder s\u00e5 kallade f\u00f6rstaparts cookies p\u00e5 webbplatsen f\u00f6r att kunna f\u00f6rse anv\u00e4ndaren med anv\u00e4ndaranpassade fr\u00e5geformul\u00e4r samt f\u00f6r att f\u00e5 information om bes\u00f6k p\u00e5 webbplatser.<\/p>\n<p>En cookie \u00e4r en liten textfil som lagras p\u00e5 anv\u00e4ndarens dator. Cookien best\u00e5r av en liten datam\u00e4ngd med information om vad anv\u00e4ndaren g\u00f6r n\u00e4r denne bes\u00f6ker en webbplats. Information som samlas in via cookies kan omfatta vilka sidor som visats och hur l\u00e5ng tid som spenderas p\u00e5 webbplatsen.<\/p>\n<p>Det finns tv\u00e5 typer av cookies. Den ena typen sparar en fil under en l\u00e4ngre tid p\u00e5 anv\u00e4ndarens dator och anv\u00e4nds till exempel f\u00f6r att tala om f\u00f6r anv\u00e4ndaren vad som \u00e4r nytt p\u00e5 sidan sedan denne senast bes\u00f6kte den. N\u00e4r utg\u00e5ngsdatumet har passerats raderas cookien automatiskt n\u00e4r anv\u00e4ndaren \u00e5terkommer till den webbplats som skapade den. Den andra typen av cookies kallas sessionscookies och lagras tempor\u00e4rt i datorns minne exempelvis f\u00f6r att h\u00e5lla reda p\u00e5 vilket spr\u00e5k anv\u00e4ndaren har valt. Sessionscookies f\u00f6rsvinner n\u00e4r webbl\u00e4sarens st\u00e4ngs.<\/p>\n<p>Man skiljer p\u00e5 f\u00f6rstapartscookies och tredjepartscookies. F\u00f6rstapartscookies s\u00e4tts av innehavaren p\u00e5 en webbplats och tredjepartscookies s\u00e4tts av en extern webbplats, en tredje part. RAM anv\u00e4nder f\u00f6rstapartscookies vid inloggning<\/p>\n<p>RAMs anv\u00e4ndning av cookies sker i enlighet med 6 kap 18 \u00a7 Lagen (2003:389) om elektronisk kommunikation. Det kr\u00e4vs d\u00e4rmed att anv\u00e4ndaren av webbplatsen f\u00e5r tillg\u00e5ng till information om f\u00f6r vilket \u00e4ndam\u00e5l cookies anv\u00e4nds och att denne samtycker till anv\u00e4ndningen. Om information l\u00e4mnas p\u00e5 tillb\u00f6rligt s\u00e4tt och anv\u00e4ndarens webbl\u00e4sare eller annan motsvarande utrustning \u00e4r inst\u00e4lld att till\u00e5ta cookies, anses anv\u00e4ndaren d\u00e4rigenom ha l\u00e4mnat sitt samtycke till s\u00e5dan anv\u00e4ndning. Genom att anv\u00e4ndaren till\u00e5ter s\u00e4ttandet av cookies i sin webbrowser godk\u00e4nner anv\u00e4ndaren RAMs cookie.<\/p>\n<p>Cookies \u00e4r vanliga textfiler och kan inte inneh\u00e5lla virus. Filerna \u00e4r sm\u00e5 och bara en viss m\u00e4ngd cookies kan sparas i datorminnet. Det \u00e4r s\u00e5ledes ingen risk att minnet blir fullt bara f\u00f6r att anv\u00e4ndaren till\u00e5ter cookies.<\/p>\n<p>Anv\u00e4ndaren kan ta del av, blockera och avl\u00e4gsna lagrade cookies om s\u00e5 \u00f6nskas. Anv\u00e4ndaren kan st\u00e4nga av cookies via s\u00e4kerhetsinst\u00e4llningarna i webbl\u00e4saren. Om s\u00e5 sker kan hemsidans funktionalitet begr\u00e4nsas.<\/p>\n","protected":false},"excerpt":{"rendered":"<p>RAM anv\u00e4nder s\u00e5 kallade f\u00f6rstaparts cookies p\u00e5 webbplatsen f\u00f6r att kunna f\u00f6rse anv\u00e4ndaren med anv\u00e4ndaranpassade fr\u00e5geformul\u00e4r samt f\u00f6r att f\u00e5 information om bes\u00f6k p\u00e5 webbplatser. En cookie \u00e4r en liten textfil som lagras p\u00e5 anv\u00e4ndarens dator. Cookien best\u00e5r av en liten datam\u00e4ngd med information om vad anv\u00e4ndaren g\u00f6r n\u00e4r denne bes\u00f6ker en webbplats. Information som&hellip;<\/p>\n","protected":false},"author":1,"featured_media":0,"parent":0,"menu_order":0,"comment_status":"closed","ping_status":"closed","template":"","meta":{"footnotes":""},"class_list":["post-20989","page","type-page","status-publish","hentry","description-off"],"_links":{"self":[{"href":"https:\/\/www2.rampanel.com\/sv\/wp-json\/wp\/v2\/pages\/20989","targetHints":{"allow":["GET"]}}],"collection":[{"href":"https:\/\/www2.rampanel.com\/sv\/wp-json\/wp\/v2\/pages"}],"about":[{"href":"https:\/\/www2.rampanel.com\/sv\/wp-json\/wp\/v2\/types\/page"}],"author":[{"embeddable":true,"href":"https:\/\/www2.rampanel.com\/sv\/wp-json\/wp\/v2\/users\/1"}],"replies":[{"embeddable":true,"href":"https:\/\/www2.rampanel.com\/sv\/wp-json\/wp\/v2\/comments?post=20989"}],"version-history":[{"count":2,"href":"https:\/\/www2.rampanel.com\/sv\/wp-json\/wp\/v2\/pages\/20989\/revisions"}],"predecessor-version":[{"id":21322,"href":"https:\/\/www2.rampanel.com\/sv\/wp-json\/wp\/v2\/pages\/20989\/revisions\/21322"}],"wp:attachment":[{"href":"https:\/\/www2.rampanel.com\/sv\/wp-json\/wp\/v2\/media?parent=20989"}],"curies":[{"name":"wp","href":"https:\/\/api.w.org\/{rel}","templated":true}]}}