{"id":21000,"date":"2018-08-24T07:53:56","date_gmt":"2018-08-24T07:53:56","guid":{"rendered":"https:\/\/www2.rampanel.com\/privacy-policy\/"},"modified":"2023-04-28T06:39:47","modified_gmt":"2023-04-28T06:39:47","slug":"privacy-policy","status":"publish","type":"page","link":"https:\/\/www2.rampanel.com\/sv\/privacy-policy\/","title":{"rendered":"RAM Privacy Policy"},"content":{"rendered":"<p><strong>Villkor f\u00f6r panelmedlem att godk\u00e4nnas i samband med registrering. <\/strong><\/p>\n<p>Genom att godk\u00e4nna dessa villkor har Panelisten accepterat den lagring och behandling av personuppgifter som nedan beskrivs.<\/p>\n<p>&nbsp;<\/p>\n<p><strong>Generellt om RAM och Panelisten<\/strong><\/p>\n<p>Dessa villkor \u00e4r skapade f\u00f6r panelmedlemmar (\u201dPanelist\u201d) registrerade hos Rampanel.com (\u201dRampanel\u201d). Rampanel innehas och administreras av Research and Analysis of Media in Sweden AB (\u201dRAM\u201d).<\/p>\n<p>RAM \u00e4r ett internationellt unders\u00f6kningsf\u00f6retag som underl\u00e4ttar f\u00f6r medier att interagera med sina l\u00e4sare, lyssnare och tittare och som erbjuder dem m\u00f6jlighet att uttrycka sin \u00e5sikt. RAM f\u00f6rser media med statistik om hur annonser, artiklar och annan mediekommunikation konsumeras och uppfattas samt vilken effekt de har. RAM arbetar med online-unders\u00f6kningar och analys av reklam och redaktionellt inneh\u00e5ll f\u00f6r medief\u00f6retag, mediekonsulter och annons\u00f6rer. Detta g\u00f6rs genom att tillfr\u00e5ga Panelister.<\/p>\n<p>Registrerade Panelister erbjuds att svara p\u00e5 enk\u00e4ter som de f\u00e5r tillg\u00e5ng till online. Unders\u00f6kningarna kommer att relateras till den specifika mediapanel som Panelisten har g\u00e5tt med i och kan innefatta fr\u00e5gor om en s\u00e4rskild artikel eller annons som har publicerats i den specifika mediekanalen. Ibland kan en unders\u00f6kning komma fr\u00e5n en enhet eller ett varum\u00e4rke som \u00e4ger eller \u00e4r en del av samma koncern som den valda specifika mediepanelen. Resultaten presenteras f\u00f6r Rams kunder i ett aggregerat format. Ingen enskild Panelist kan identifieras. Att delta i en unders\u00f6kning \u00e4r frivilligt och mot bakgrund av Panelistens engagemang kan denne erh\u00e5lla bel\u00f6ningar. En f\u00f6ruts\u00e4ttning f\u00f6r deltagande i en panel \u00e4r att Panelisten svarar \u00e4rligt p\u00e5 unders\u00f6kningarna.<\/p>\n<p>En Panelist kan inte registrera sig flera g\u00e5nger i samma panel och f\u00e5r inte delta i fler \u00e4n fem paneler samtidigt. Panelisten kan n\u00e4r som helst v\u00e4lja att inte l\u00e4ngre delta i Rampanel. Panelisten ska vara 16 \u00e5r eller \u00e4ldre. Ram f\u00f6rbeh\u00e5ller sig r\u00e4tten att avsluta en Panelists medverkan om Panelisten bryter mot avtalet eller missbrukar avtalets intentioner. RAM \u00e4r d\u00e5 inte l\u00e4ngre ansvariga att fullf\u00f6lja sitt \u00e5tagande mot Panelisten.<\/p>\n<p>Rampanel f\u00f6ljer ESOMARs riktlinjer f\u00f6r marknadsunders\u00f6kningar.<\/p>\n<p><strong>Bel\u00f6ningsprogram<\/strong><\/p>\n<p>Alla RAMs kunder (tidningar, tidskrifter, webbplatser, TV- och radiostationer) \u00e4r enligt avtal mellan RAM och kunden ansvariga f\u00f6r ett eget bel\u00f6ningsprogram f\u00f6r Panelister som svarar p\u00e5 deras unders\u00f6kningar. Panelister f\u00e5r po\u00e4ng eller en chans att vinna premier f\u00f6r varje besvarad enk\u00e4t. RAMs kunder best\u00e4mmer premierna baserat p\u00e5 antal po\u00e4ng eller antal studier. Kunden f\u00f6rbeh\u00e5ller sig r\u00e4tten att \u00e4ndra bel\u00f6ningspo\u00e4ngen eller bel\u00f6nings-alternativen. Kunden kan ocks\u00e5 anv\u00e4nda po\u00e4ngsystemet f\u00f6r att l\u00e5ta Panelister delta i en prisutlottning. Kunden ansvarar f\u00f6r att s\u00e5dan prisutlottning sker i enlighet med de regler om lotterier som g\u00e4ller f\u00f6r varje aktuell tidpunkt. Kunden har alltid ansvaret f\u00f6r panelens anspr\u00e5k p\u00e5 en premie. Fr\u00e5gor om premier h\u00e4nvisas till nedanst\u00e5ende e-postadress.<\/p>\n<p>Hur m\u00e5nga unders\u00f6kningar Panelisten svarat p\u00e5 och\/eller hur m\u00e5nga po\u00e4ng Panelisten uppn\u00e5tt framg\u00e5r av sammanst\u00e4llningen p\u00e5 Panelistens egen sida. F\u00f6r att erh\u00e5lla erbjuden premie d\u00e5 kunden till RAM anv\u00e4nder po\u00e4ngsystem som bel\u00f6ningsform skall Panelisten sj\u00e4lv avropa densamma. Kunden \u00e5tar sig att ansvara f\u00f6r bel\u00f6ningar till Panelisten och svarar f\u00f6r eventuella skatteeffekter i samband med utbetalning.<\/p>\n<p><strong>RAMs personuppgiftsansvar och behandling av personuppgifter<\/strong><\/p>\n<p>RAM \u00e4r <strong>personuppgiftsansvarig<\/strong> och f\u00f6ljer som s\u00e5dan alla best\u00e4mmelser i Personuppgiftslagen (PUL) och den kommande lagstiftningen fr\u00e5n EU, ben\u00e4mnd GDPR (The General Data Protection Regulation, (EU) 2016\/679) som tr\u00e4der ikraft den 25 maj 2018.<\/p>\n<p>RAM samlar in, lagrar och behandlar personinformation i enlighet med dessa villkor. Personinformation \u00e4r all slags information som kan h\u00e4nf\u00f6ras till en fysisk levande person. RAM behandlar panelistens personuppgifter i enlighet med PUL och artikel 6 i den kommande dataskydds-f\u00f6rordningen, GDPR. Det inneb\u00e4r att vi behandlar och lagrar personuppgifter med st\u00f6d av Panelistens uttryckliga samtycke eller med st\u00f6d av att uppgiften \u00e4r n\u00f6dv\u00e4ndig f\u00f6r att fullg\u00f6ra avtals\u00e5taganden eller andra r\u00e4ttsliga f\u00f6rpliktelser.<\/p>\n<p>RAM samlar f\u00f6rutom personuppgifter i form av namn, adress, e-postadress ocks\u00e5 in f\u00f6delsedatum, konsumtionsm\u00f6nster, k\u00f6n, civilst\u00e5nd samt ytterligare ca 40 demografiska v\u00e4rden som Panelisten sj\u00e4lvmant uppger. Vid anslutning till panelen ger Panelisten ocks\u00e5 RAM samtycke att s\u00e4tta en s.k. cookie i Panelistens webbl\u00e4sare.\u00a0 Informationen anv\u00e4nds f\u00f6r att i aggregerad, icke identifierbar, form presentera ett resultat till RAMs kunder om hur deras annons eller artikel har tagits emot och uppfattats, uppdelat efter intressen och andra v\u00e4rden. Delar av informationen anv\u00e4nds ocks\u00e5 f\u00f6r att administrera bel\u00f6ningar till Panelister f\u00f6r sin medverkan. Dessutom kan information anv\u00e4ndas av en kundtj\u00e4nst f\u00f6r att besvara fr\u00e5gor och handl\u00e4gga administrativa \u00e4renden \u00e5t Panelisten.<\/p>\n<p>RAM s\u00e4ljer inte, hyr inte ut eller avsl\u00f6jar n\u00e5gon information som kan identifiera Panelistens person till kund eller n\u00e5gon annan extern tredje part, med undantag f\u00f6r tj\u00e4nsteleverant\u00f6rer som bist\u00e5r RAM med t.ex. datalagring, kundtj\u00e4nsthantering eller bel\u00f6ningshantering. Dotterbolag till RAM inkluderas inte som \u201dextern tredje part\u201d i det f\u00f6reg\u00e5ende. N\u00e4r personuppgifter vidarebefordras till RAMs kunder \u00e4r det alltid i anonym samlingsform. Individens personliga identitet \u00e4r avl\u00e4gsnad fr\u00e5n samtliga resultat fr\u00e5n enk\u00e4tanalyser och det g\u00e5r inte att sp\u00e5ra uppgifterna till n\u00e5gon enskild Panelist.<\/p>\n<p>RAM anv\u00e4nder aldrig personuppgifter f\u00f6r att skicka kommersiella erbjudanden som Panelisten inte har efterfr\u00e5gat. RAM anv\u00e4nder den information som tillhandah\u00e5lls f\u00f6r att kontakta Panelisten i specifika syften, t.ex. f\u00f6r meddelanden om webbplatsen, RAMs status, den specifika panelen eller avseende t\u00e4vlingar eller g\u00e5vor som har att g\u00f6ra med panelen.<\/p>\n<p>Panelisten ger sitt medgivande till att bli erbjuden en plats som deltagare i st\u00f6rre, rikst\u00e4ckande paneler som RAM inr\u00e4ttar i olika typer av fr\u00e5gor. S\u00e5dant deltagande \u00e4r frivilligt och kr\u00e4ver ett aktivt val fr\u00e5n Panelisten.<\/p>\n<p>RAM \u00f6verl\u00e4mnar endast personuppgifter om det kr\u00e4vs enligt lag eller om RAM i god tro har anledning att anta att s\u00e5dan \u00e5tg\u00e4rd \u00e4r n\u00f6dv\u00e4ndig f\u00f6r att (a) efterleva r\u00e4ttsliga skyldigheter eller kraven f\u00f6r juridiska f\u00f6rfaranden, domstolsbeslut eller st\u00e4mningar, (b) skydda och f\u00f6rsvara RAMs r\u00e4ttigheter eller (c) skydda RAMs anv\u00e4ndares eller andras r\u00e4ttigheter, egendom eller andra intressen om dessa intressen v\u00e4ger tyngre \u00e4n den registrerades intresse av skydd mot kr\u00e4nkning av den personliga integriteten.<\/p>\n<p><strong>Personuppgiftsbitr\u00e4den<\/strong><\/p>\n<p>RAM har ing\u00e5tt personuppgiftsbitr\u00e4desavtal med leverant\u00f6rer som agerar personuppgiftsbitr\u00e4den \u00e5t RAM f\u00f6r att behandla personuppgifter f\u00f6r specifika \u00e4ndam\u00e5l i enlighet med lagstiftning och villkoren i dessa villkor.<\/p>\n<p><strong>L\u00e4nkar<\/strong><\/p>\n<p>Webbplatsen kan inneh\u00e5lla l\u00e4nkar till andra webbplatser. RAM ansvarar inte f\u00f6r inneh\u00e5ll p\u00e5 eller sekretess\u00e5tg\u00e4rder f\u00f6r dessa webbplatser. RAM uppmanar Panelisten att vara uppm\u00e4rksam n\u00e4r Panelisten l\u00e4mnar Rampanels webbplats och att l\u00e4sa sekretessmeddelanden och villkor f\u00f6r alla webbplatser som samlar in personuppgifter.<\/p>\n<p><strong>S\u00e4kerhet<\/strong><\/p>\n<p>RAM anv\u00e4nder kommersiellt sk\u00e4liga \u00e5tg\u00e4rder f\u00f6r att skydda Panelistens information. RAM krypterar t.ex. Panelistens inmatning av personuppgifter via webbplatsen med 128-bitarskryptering, vilket \u00e4r branschstandard f\u00f6r s\u00e4ker kryptering. P\u00e5 grund av egenskaperna hos Internet och det faktum att n\u00e4tverkss\u00e4kerhets\u00e5tg\u00e4rder inte \u00e4r ofelbara kan RAM inte garantera att informationen \u00e4r fullst\u00e4ndigt skyddad.<\/p>\n<p>F\u00f6rutom att RAM anv\u00e4nder kryptering f\u00f6r att skydda k\u00e4nslig information online arbetar RAM ocks\u00e5 f\u00f6r att skydda Panelistens information offline. Alla personuppgifter \u00e4r sekretessbelagda p\u00e5 RAMs kontor. Endast anst\u00e4llda som beh\u00f6ver informationen f\u00f6r att utf\u00f6ra specifika arbetsuppgifter f\u00e5r tillg\u00e5ng till densamma. Alla anst\u00e4llda f\u00e5r kontinuerligt information om RAMs s\u00e4kerhets- och sekretessrutiner. Slutligen \u00e4r de servrar som lagrar personuppgifter placerade i en s\u00e4ker milj\u00f6 i Sverige. RAM ansvarar f\u00f6r att ha vidtagit de organisatoriska och tekniska \u00e5tg\u00e4rder som kr\u00e4vs f\u00f6r att s\u00e4kerst\u00e4lla att RAM f\u00f6ljer g\u00e4llande lagstiftning.<\/p>\n<p><strong>L\u00f6senordshantering<\/strong><\/p>\n<p>N\u00e4r Panelisten anm\u00e4ler sig till Rampanel ombeds denne att v\u00e4lja ett anv\u00e4ndarnamn och ett l\u00f6senord. RAM rekommenderar att Panelisten inte avsl\u00f6jar l\u00f6senordet f\u00f6r n\u00e5gon. RAM kommer aldrig att be dig uppge ditt l\u00f6senord i n\u00e5gra telefonsamtal eller e-postmeddelanden som Panelisten inte har beg\u00e4rt. Panelisten rekommenderas ocks\u00e5 att logga ut fr\u00e5n webbplatsen och st\u00e4nga webbl\u00e4sar-f\u00f6nstret n\u00e4r Panelisten har avslutat sitt arbete. P\u00e5 s\u00e5 s\u00e4tt hj\u00e4lper Panelisten till att skydda sina personuppgifter och korrespondens fr\u00e5n obeh\u00f6riga som anv\u00e4nder samma dator.<\/p>\n<p><strong>Anv\u00e4ndning av cookies<\/strong><\/p>\n<p>RAM anv\u00e4nder s\u00e5 kallade f\u00f6rstaparts cookies p\u00e5 webbplatsen f\u00f6r att kunna f\u00f6rse anv\u00e4ndaren med anv\u00e4ndaranpassade fr\u00e5geformul\u00e4r samt f\u00f6r att f\u00e5 information om bes\u00f6k p\u00e5 webbplatser.<\/p>\n<p>En cookie \u00e4r en liten textfil som lagras p\u00e5 anv\u00e4ndarens dator. Cookien best\u00e5r av en liten datam\u00e4ngd med information om vad anv\u00e4ndaren g\u00f6r n\u00e4r denne bes\u00f6ker en webbplats. Information som samlas in via cookies kan omfatta vilka sidor som visats och hur l\u00e5ng tid som spenderas p\u00e5 webbplatsen.<\/p>\n<p>Det finns tv\u00e5 typer av cookies. Den ena typen sparar en fil under en l\u00e4ngre tid p\u00e5 anv\u00e4ndarens dator och anv\u00e4nds till exempel f\u00f6r att tala om f\u00f6r anv\u00e4ndaren vad som \u00e4r nytt p\u00e5 sidan sedan denne senast bes\u00f6kte den. N\u00e4r utg\u00e5ngsdatumet har passerats raderas cookien automatiskt n\u00e4r anv\u00e4ndaren \u00e5terkommer till den webbplats som skapade den. Den andra typen av cookies kallas sessionscookies och lagras tempor\u00e4rt i datorns minne exempelvis f\u00f6r att h\u00e5lla reda p\u00e5 vilket spr\u00e5k anv\u00e4ndaren har valt. Sessionscookies f\u00f6rsvinner n\u00e4r webbl\u00e4sarens st\u00e4ngs.<\/p>\n<p>Man skiljer p\u00e5 f\u00f6rstapartscookies och tredjepartscookies. F\u00f6rstapartscookies s\u00e4tts av innehavaren p\u00e5 en webbplats och tredjepartscookies s\u00e4tts av en extern webbplats, en tredje part. RAM anv\u00e4nder f\u00f6rstapartscookies vid inloggning. Detta g\u00f6rs bland annat i syfte att m\u00f6jligg\u00f6ra att r\u00e4tt typ av unders\u00f6kningar skickas till r\u00e4tt Panelist samt att notera om kund varit exponerad av viss artikel eller annons.<\/p>\n<p>RAMs anv\u00e4ndning av cookies sker i enlighet med 6 kap 18 \u00a7 Lagen (2003:389) om elektronisk kommunikation. Det kr\u00e4vs d\u00e4rmed att anv\u00e4ndaren av webbplatsen f\u00e5r tillg\u00e5ng till information om f\u00f6r vilket \u00e4ndam\u00e5l cookies anv\u00e4nds och att denne samtycker till anv\u00e4ndningen. Om information l\u00e4mnas p\u00e5 tillb\u00f6rligt s\u00e4tt och anv\u00e4ndarens webbl\u00e4sare eller annan motsvarande utrustning \u00e4r inst\u00e4lld att till\u00e5ta cookies, anses anv\u00e4ndaren d\u00e4rigenom ha l\u00e4mnat sitt samtycke till s\u00e5dan anv\u00e4ndning.<\/p>\n<p>Cookies \u00e4r vanliga textfiler och kan inte inneh\u00e5lla virus. Filerna \u00e4r sm\u00e5 och bara en viss m\u00e4ngd cookies kan sparas i datorminnet. Det \u00e4r s\u00e5ledes ingen risk att minnet blir fullt bara f\u00f6r att anv\u00e4ndaren till\u00e5ter cookies.<\/p>\n<p>Anv\u00e4ndaren kan ta del av, blockera och avl\u00e4gsna lagrade cookies om s\u00e5 \u00f6nskas. Anv\u00e4ndaren kan st\u00e4nga av cookies via s\u00e4kerhetsinst\u00e4llningarna i webbl\u00e4saren. Om s\u00e5 sker kan hemsidans funktionalitet begr\u00e4nsas.<\/p>\n<p><strong>Panelistens r\u00e4ttigheter<\/strong><\/p>\n<p>Personuppgiftsbehandling som \u00e4r n\u00f6dv\u00e4ndig f\u00f6r att RAM skall kunna fullg\u00f6ra avtalet med Panelisten \u00e4r till\u00e5ten utan samtycke. F\u00f6r att kunna samla in och hantera personuppgifter i enlighet med dessa villkor kr\u00e4vs d\u00e4remot att Panelisten samtycker till behandlingen.<\/p>\n<p>Panelisten har alltid r\u00e4tt att, en g\u00e5ng per \u00e5r, kostnadsfritt, beg\u00e4ra ett registerutdrag med information om vilka uppgifter som lagras om Panelisten. Lagst\u00f6det f\u00f6r denna r\u00e4ttighet \u00e5terfinns i 26\u00a7 PUL och efter den 25 maj 2018 i Artikel 12 i GDPR. Beg\u00e4ran m\u00e5ste ske skriftligt och den ans\u00f6kandes identitet m\u00e5ste s\u00e4kerst\u00e4llas innan information kan l\u00e4mnas ut. Namnunderskrift och personnummer \u00e4r obligatoriska uppgifter.<\/p>\n<p>Om Panelistens personuppgifter \u00e4ndras b\u00f6r Panelisten sj\u00e4lv korrigera eller uppdatera dem genom att logga in p\u00e5 webbplatsen. \u00c4ven \u00f6vrig information kan uppdateras via webbplatsen.<\/p>\n<p>Om Panelisten \u00f6nskar att RAM tar bort och avaktiverar uppgivna personuppgifter fr\u00e5n RAMs register eller om Panelisten inte l\u00e4ngre vill delta i Rampanel r\u00e4cker det med att skicka ett e-postmeddelande om detta till RAM, se avsnitt 6 med kontaktuppgifter nedan. Om en Panelist v\u00e4ljer att avsluta sitt medlemskap i panelen, eller om vi tar bort panelmedlemmen p.g.a. t.ex. inaktivitet, tas alla personuppgifter p\u00e5 aktuellt konto bort. Detta inneb\u00e4r att endast demografiska data finns kvar f\u00f6r framtida referenss\u00f6kningar och j\u00e4mf\u00f6relser.<\/p>\n<p><strong>\u00c4ndringar<\/strong><\/p>\n<p>Dessa villkor kan komma att \u00e4ndras av RAM fr\u00e5n tid till annan. Om RAM beslutar att byta ut dessa villkor kommer det l\u00e4ggas ut ett tydligt meddelande om detta p\u00e5 startsidan och andra sidor p\u00e5 webbplatsen f\u00f6r att uppm\u00e4rksamma Panelisten p\u00e5 detta. Om villkoren \u00e4ndras avsev\u00e4rt d\u00e4r RAM \u00f6nskar anv\u00e4nda information som identifierar Panelist som person p\u00e5 annat s\u00e4tt \u00e4n vad som angavs d\u00e5 informationen samlades in kommer Panelist att meddelas via e-post och ges m\u00f6jlighet att neka s\u00e5dan ny anv\u00e4ndning av informationen. Om Panelist har tagit bort\/avaktiverat sitt konto kommer denne dock inte att kontaktas och dennes personuppgifter kommer inte att anv\u00e4ndas p\u00e5 n\u00e5got nytt s\u00e4tt. Om RAM genomf\u00f6r avsev\u00e4rda f\u00f6r\u00e4ndringar i sekretessmetoder som p\u00e5verkar information som redan lagras i RAMs databas kommer RAM att placera ett tydligt meddelande om detta p\u00e5 webbplatsen och uppm\u00e4rksamma Panelist p\u00e5 detta.<\/p>\n<p><strong>Kontaktinformation<\/strong><\/p>\n<p>Om anv\u00e4ndare\/panelist har fr\u00e5gor om dessa villkor eller vill avbryta sitt medlemskap kan den e-postadress nedan anv\u00e4ndas som h\u00f6r till det land anv\u00e4ndaren\/panelisten \u00e4r bosatt i (eller \u00e4r n\u00e4rmast detta bos\u00e4ttningsland):<\/p>\n<p><strong>Europa:<\/strong><\/p>\n<p>Sverige: info_swe@rampanel.com<\/p>\n<p>Finland:\u00a0 info_fin@rampanel.com<\/p>\n<p>Norge: info_nor@rampanel.com<\/p>\n<p>Island: info_isl@rampanel.com<\/p>\n<p>Danmark: info_swe@rampanel.com<\/p>\n<p>Estland:\u00a0 info_fin@rampanel.com<\/p>\n<p>Storbritannien &amp; Irland:\u00a0\u00a0 info_uk@rampanel.com<\/p>\n<p>Tyskland: info_deu@rampanel.com<\/p>\n<p>Schweiz:\u00a0 info_che@rampanel.com<\/p>\n<p>Polen:\u00a0 info_swe@rampanel.com<\/p>\n<p>\u00d6vriga l\u00e4nder i Europa:\u00a0\u00a0 info_swe@rampanel.com<\/p>\n<p><strong>Nord- och Sydamerika:<\/strong><\/p>\n<p>info@rammarketresearch.com<\/p>\n","protected":false},"excerpt":{"rendered":"<p>Villkor f\u00f6r panelmedlem att godk\u00e4nnas i samband med registrering. Genom att godk\u00e4nna dessa villkor har Panelisten accepterat den lagring och behandling av personuppgifter som nedan beskrivs. &nbsp; Generellt om RAM och Panelisten Dessa villkor \u00e4r skapade f\u00f6r panelmedlemmar (\u201dPanelist\u201d) registrerade hos Rampanel.com (\u201dRampanel\u201d). Rampanel innehas och administreras av Research and Analysis of Media in Sweden&hellip;<\/p>\n","protected":false},"author":1,"featured_media":0,"parent":0,"menu_order":0,"comment_status":"closed","ping_status":"closed","template":"","meta":{"footnotes":""},"class_list":["post-21000","page","type-page","status-publish","hentry","description-off"],"_links":{"self":[{"href":"https:\/\/www2.rampanel.com\/sv\/wp-json\/wp\/v2\/pages\/21000","targetHints":{"allow":["GET"]}}],"collection":[{"href":"https:\/\/www2.rampanel.com\/sv\/wp-json\/wp\/v2\/pages"}],"about":[{"href":"https:\/\/www2.rampanel.com\/sv\/wp-json\/wp\/v2\/types\/page"}],"author":[{"embeddable":true,"href":"https:\/\/www2.rampanel.com\/sv\/wp-json\/wp\/v2\/users\/1"}],"replies":[{"embeddable":true,"href":"https:\/\/www2.rampanel.com\/sv\/wp-json\/wp\/v2\/comments?post=21000"}],"version-history":[{"count":3,"href":"https:\/\/www2.rampanel.com\/sv\/wp-json\/wp\/v2\/pages\/21000\/revisions"}],"predecessor-version":[{"id":24724,"href":"https:\/\/www2.rampanel.com\/sv\/wp-json\/wp\/v2\/pages\/21000\/revisions\/24724"}],"wp:attachment":[{"href":"https:\/\/www2.rampanel.com\/sv\/wp-json\/wp\/v2\/media?parent=21000"}],"curies":[{"name":"wp","href":"https:\/\/api.w.org\/{rel}","templated":true}]}}